{"id":8994,"date":"2014-06-30T09:16:12","date_gmt":"2014-06-30T09:16:12","guid":{"rendered":"http:\/\/amigosdelantiguoegipto.com\/?page_id=8994"},"modified":"2014-06-30T09:27:40","modified_gmt":"2014-06-30T09:27:40","slug":"egipto-para-ninos","status":"publish","type":"page","link":"https:\/\/amigosdelantiguoegipto.com\/?page_id=8994","title":{"rendered":"Egipto para ni\u00f1os"},"content":{"rendered":"<table class=\"contentpane\" border=\"0\" width=\"100%\" cellspacing=\"0\" cellpadding=\"0\" align=\"center\">\n<tbody>\n<tr>\n<td class=\"contentdescription\" colspan=\"2\" valign=\"top\"><img decoding=\"async\" src=\"http:\/\/amigosdelantiguoegipto.com\/wp-content\/uploads\/2014\/06\/portada-egipto-ninyos.gif\" alt=\"ninyos.gif\" align=\"right\" hspace=\"6\" \/>\u00bfSab\u00edais que en el Antiguo Egipto exist\u00edan ni\u00f1os? Algunos trabajaban en los campos o en otros oficios ayudando a sus mayores; otros, los m\u00e1s ricos, iban a la escuela y estudiaban duramente desde muy peque\u00f1os para aprender a leer y a escribir. Al igual que la mayor\u00eda de vosotros, estudiaban matem\u00e1ticas, aunque os aseguro que no ten\u00edan el material y los libros con los que ahora cont\u00e1is. Pero tambi\u00e9n ten\u00edan su tiempo para jugar.<\/p>\n<p style=\"text-align: justify;\">\u00a1Por cierto! \u00bfOs hab\u00e9is fijado bien? A nuestra derecha tenemos compa\u00f1\u00eda. Este peque\u00f1o ni\u00f1o-fara\u00f3n que se llama <strong>Tuti<\/strong>, y su mascota el gatito <strong>Miu<\/strong>, nos acompa\u00f1ar\u00e1n en esta secci\u00f3n.<\/p>\n<p style=\"text-align: justify;\">Aqu\u00ed podr\u00e9is conocer la Historia de Egipto, sus faraones m\u00e1s importantes y su pante\u00f3n de dioses. Os facilitaremos una biblioteca para que ve\u00e1is que tambi\u00e9n se escriben libros sobre Egipto dirigidos a todos vosotros. Conocer\u00e9is los cuentos y leyendas egipcios m\u00e1s populares.<br \/>\nPero como en el antiguo Egipto, no todo va a ser aprender. Tambi\u00e9n tendr\u00e9is vuestro lugar de diversi\u00f3n y entretenimientos, donde encontrar\u00e9is juegos, y otras actividades.<\/p>\n<p style=\"text-align: justify;\">Y lo m\u00e1s importante. Gozar\u00e9is de vuestro propio rinc\u00f3n donde demostrar vuestras dotes art\u00edsticas. Un peque\u00f1o museo donde expondremos vuestros trabajos relacionados con Egipto. As\u00ed que, \u00a1\u00e1nimo! Esperamos vuestras obras de arte. Envi\u00e1dmelas a mi correo, y r\u00e1pidamente las ver\u00e9is en vuestra secci\u00f3n.<\/p>\n<p style=\"text-align: justify;\">Y por supuesto, aqu\u00ed me ten\u00e9is para cualquier consulta o ayuda que necesit\u00e9is.<\/p>\n<p style=\"text-align: justify;\">Entrad y disfrutad&#8230; Egipto tambi\u00e9n es vuestro.<\/p>\n<p style=\"text-align: right;\">Cristina Carracedo<\/p>\n<p class=\"centrar\" style=\"text-align: center;\"><strong>Web recomendado por el Portal del Menor<\/strong><\/p>\n<p class=\"centrar\" style=\"text-align: center;\"><a href=\"http:\/\/www.portaldelmenor.es\/detalles.php?id_seccion=22&amp;id_noticia=223&amp;edad=\" target=\"_blank\"><img decoding=\"async\" loading=\"lazy\" class=\"alignnone size-full wp-image-8995\" src=\"http:\/\/amigosdelantiguoegipto.com\/wp-content\/uploads\/2014\/06\/portalmenor.gif\" alt=\"portalmenor\" width=\"140\" height=\"159\" \/><\/a><\/p>\n<\/td>\n<\/tr>\n<\/tbody>\n<\/table>\n<p><a href=\"http:\/\/amigosdelantiguoegipto.com\/?p=8872\" target=\"_blank\">Historia<\/a><\/p>\n<p style=\"text-align: justify;\">Seguramente os gustar\u00eda conocer la importancia que ten\u00eda el r\u00edo Nilo, c\u00f3mo viv\u00edan los egipcios, sus oficios, la escritura, sus dinast\u00edas, y mil cosas m\u00e1s que podremos descubrir juntos. Si necesit\u00e1is saber de alg\u00fan tema en especial no dud\u00e9is en dec\u00edrmelo y nos pondremos manos a la obra.<\/p>\n<p><a href=\"http:\/\/amigosdelantiguoegipto.com\/?p=8954\" target=\"_blank\">Faraones<\/a><\/p>\n<p style=\"text-align: justify;\">\u00bfVerdad que os gustar\u00eda saber algo sobre los faraones egipcios? Ten\u00edan gran poder y fortuna, pero tambi\u00e9n responsabilidades. Se preparaban desde muy ni\u00f1os para gobernar Egipto. Deb\u00edan mantener la ley y el orden, proteger los templos y dirigir el ej\u00e9rcito; defender y proteger al pueblo egipcio. \u00bfA que no sab\u00edais que Tutankham\u00f3n comenz\u00f3 a reinar con tan s\u00f3lo nueve a\u00f1os?<\/p>\n<p><a href=\"http:\/\/amigosdelantiguoegipto.com\/?p=8760\" target=\"_blank\">La religi\u00f3n y los dioses de Egipto<\/a><\/p>\n<p style=\"text-align: justify;\">Egipto contaba con un gran n\u00famero de dioses y diosas, algunos m\u00e1s importantes que otros. Y cada uno de ellos ten\u00eda su propia funci\u00f3n. \u00bfOs gustar\u00eda conocer c\u00f3mo era la religi\u00f3n egipcia? Seguidme y os presentaremos a los dioses m\u00e1s importantes adorados por los antiguos egipcios.<\/p>\n<p style=\"text-align: justify;\"><a href=\"http:\/\/amigosdelantiguoegipto.com\/?p=8702\" target=\"_blank\">Cuentos y leyendas egipcios<\/a><\/p>\n<p style=\"text-align: justify;\">Aqu\u00ed conocer\u00e9is algunas de las historias, cuentos y leyendas, que se contaban en el Antiguo Egipto, procedentes del coraz\u00f3n de su pueblo; tradiciones que pasaban de padres a hijos o que recog\u00edan los escribas y le\u00edan en las escuelas.<\/p>\n<p style=\"text-align: justify;\"><a href=\"http:\/\/amigosdelantiguoegipto.com\/?p=8580\" target=\"_blank\">Trabajos en colegios e instituciones<\/a><\/p>\n<p style=\"text-align: justify;\">Colegios, Institutos, Escuelas infantiles, Bibliotecas\u2026 ya son muchos los que se han animado a trabajar e investigar sobre la antigua civilizaci\u00f3n egipcia obteniendo unos resultados incre\u00edbles: exposiciones, trabajos manuales, dibujos, decoraciones, carnaval, etc. En nuestra Secci\u00f3n pod\u00e9is dar a conocer vuestro Proyecto Egipto, y as\u00ed aportar muchas ideas para otros compa\u00f1eros y profesores que deseen seguir vuestro ejemplo. Poneos c\u00f3modos y disfrutad con el antiguo Egipto.<\/p>\n<p style=\"text-align: justify;\"><a href=\"http:\/\/amigosdelantiguoegipto.com\/?p=8325\" target=\"_blank\">Tus dibujos de 0 a 7 a\u00f1os<\/a><\/p>\n<p style=\"text-align: justify;\">\u00a1Atenci\u00f3n a los m\u00e1s peque\u00f1os de la casa! Si os gusta pintar y quer\u00e9is ense\u00f1arnos vuestros primeros dibujos sobre el antiguo Egipto, esta ser\u00e1 vuestra galer\u00eda de arte donde podr\u00e9is exponerlos para que todo el mundo los vea. Nos encantar\u00e1 disfrutar de vuestra mano de artista.<\/p>\n<p style=\"text-align: justify;\"><a href=\"http:\/\/amigosdelantiguoegipto.com\/?p=8324\" target=\"_blank\">Tus dibujos de 8 a 12 a\u00f1os<\/a><\/p>\n<p style=\"text-align: justify;\">Este es el rinc\u00f3n de los artistas que ya dibuj\u00e1is como unos campeones. Claro que, con vuestra edad, ya hab\u00e9is mejorado vuestra t\u00e9cnica. Si os apetece ense\u00f1arnos vuestras pinturas sobre Egipto, estaremos encantados de exponer todas vuestras obras. \u00a1Puede ser muy divertido!<\/p>\n<p style=\"text-align: justify;\"><a href=\"http:\/\/amigosdelantiguoegipto.com\/?p=8255\" target=\"_blank\">Tus dibujos a partir de 13 a\u00f1os<\/a><\/p>\n<p style=\"text-align: justify;\">Seguro que si os gusta Egipto tanto como a mi, m\u00e1s de una vez habr\u00e9is dibujado una pir\u00e1mide, alg\u00fan paisaje egipcio, alg\u00fan relieve o jerogl\u00edfico. \u00a1Y no hace falta ser un experto! Tampoco hay l\u00edmite de edad, as\u00ed que tanto si eres adolescente, como si tienes el esp\u00edritu de un ni\u00f1o, en esta secci\u00f3n podr\u00e1s exhibir tus cuadros egipcios. \u00a1Vamos, ser\u00e1 apasionante!<\/p>\n<p style=\"text-align: justify;\"><a href=\"http:\/\/amigosdelantiguoegipto.com\/?p=8222\" target=\"_blank\">Tus trabajos escolares<\/a><\/p>\n<p style=\"text-align: justify;\">Ahora os toca a vosotros demostrarnos lo geniales que sois. Queremos ver vuestras dotes de artistas y sentirnos orgullosos de vosotros. \u00bfOs atrev\u00e9is? \u00a1Claro que s\u00ed! Enviadme vuestros dibujos, o bien la foto de vuestros trabajos manuales, esculturas o cualquier obra art\u00edstica que se os ocurra. Ense\u00f1adnos lo que sab\u00e9is de Egipto. Nos encantar\u00e1 tener una enorme sala de exposiciones de todos nuestros peque\u00f1os egipt\u00f3logos. \u00a1\u00c1nimo muchachos!<\/p>\n<p style=\"text-align: justify;\"><a href=\"http:\/\/amigosdelantiguoegipto.com\/?p=8206\" target=\"_blank\">El sarc\u00f3fago de la diversi\u00f3n<\/a><\/p>\n<p style=\"text-align: justify;\">Ven y entra en mi gran sarc\u00f3fago de la diversi\u00f3n donde podr\u00e1s revolver hasta encontrar juegos, p\u00e1ginas para colorear y otras actividades. Todo tipo de entretenimientos relacionados con Egipto para pasarlo muy bien. \u00a1No todo va a ser estudiar!<\/p>\n<p style=\"text-align: justify;\">\n","protected":false},"excerpt":{"rendered":"<p>\u00bfSab\u00edais que en el Antiguo Egipto exist\u00edan ni\u00f1os? Algunos trabajaban en los campos o en otros oficios ayudando a sus mayores; otros, los m\u00e1s ricos, iban a la escuela y estudiaban duramente desde muy peque\u00f1os para aprender a leer y a escribir. Al igual que la mayor\u00eda de vosotros, estudiaban matem\u00e1ticas, aunque os aseguro que no ten\u00edan el material y&#8230;<\/p>\n<p class=\"continue-reading-button\"> <a class=\"continue-reading-link\" href=\"https:\/\/amigosdelantiguoegipto.com\/?page_id=8994\">Seguir leyendo<i class=\"crycon-right-dir\"><\/i><\/a><\/p>\n","protected":false},"author":1,"featured_media":0,"parent":0,"menu_order":0,"comment_status":"closed","ping_status":"closed","template":"","meta":{"ngg_post_thumbnail":0},"_links":{"self":[{"href":"https:\/\/amigosdelantiguoegipto.com\/index.php?rest_route=\/wp\/v2\/pages\/8994"}],"collection":[{"href":"https:\/\/amigosdelantiguoegipto.com\/index.php?rest_route=\/wp\/v2\/pages"}],"about":[{"href":"https:\/\/amigosdelantiguoegipto.com\/index.php?rest_route=\/wp\/v2\/types\/page"}],"author":[{"embeddable":true,"href":"https:\/\/amigosdelantiguoegipto.com\/index.php?rest_route=\/wp\/v2\/users\/1"}],"replies":[{"embeddable":true,"href":"https:\/\/amigosdelantiguoegipto.com\/index.php?rest_route=%2Fwp%2Fv2%2Fcomments&post=8994"}],"version-history":[{"count":0,"href":"https:\/\/amigosdelantiguoegipto.com\/index.php?rest_route=\/wp\/v2\/pages\/8994\/revisions"}],"wp:attachment":[{"href":"https:\/\/amigosdelantiguoegipto.com\/index.php?rest_route=%2Fwp%2Fv2%2Fmedia&parent=8994"}],"curies":[{"name":"wp","href":"https:\/\/api.w.org\/{rel}","templated":true}]}}