{"id":7907,"date":"2014-06-24T06:29:45","date_gmt":"2014-06-24T06:29:45","guid":{"rendered":"http:\/\/amigosdelantiguoegipto.com\/?page_id=7907"},"modified":"2014-06-24T11:22:57","modified_gmt":"2014-06-24T11:22:57","slug":"aviso-legal","status":"publish","type":"page","link":"https:\/\/amigosdelantiguoegipto.com\/?page_id=7907","title":{"rendered":"Aviso legal"},"content":{"rendered":"<p style=\"text-align: justify;\">Todos los art\u00edculos publicados en estas p\u00e1ginas son propiedad de sus autores y est\u00e1n protegidos por los derechos de autor y de reproducci\u00f3n. Queda expresamente prohibida la reproducci\u00f3n total o parcial o cesi\u00f3n sin el consentimiento previo del autor. Los trabajos aqu\u00ed publicados son cedidos por sus autores desinteresadamente, contribuyendo a la divulgaci\u00f3n de la cultura egipcia en un medio gratuito y a disposici\u00f3n de cualquier persona que acceda a esta p\u00e1gina. No uses textos, fotograf\u00edas o cualquier material aqu\u00ed publicado en sitios web, publicaciones o cualquier otro medio si recibes alguna compensaci\u00f3n econ\u00f3mica.<\/p>\n<p style=\"text-align: justify;\">Los art\u00edculos expresan las opiniones personales de sus autores, sin que los administradores de <strong>Amigos del antiguo Egipto<\/strong> las compartan obligatoriamente y por tanto se declina toda responsabilidad que pueda derivarse de los trabajos aqu\u00ed publicados, siendo esta de sus respectivos autores.<\/p>\n<p style=\"text-align: justify;\">Algunos art\u00edculos, en los que no se cita la bibliograf\u00eda, son el resultado de poner en orden notas recopiladas de diferentes fuentes a lo largo de a\u00f1os, con un objetivo claramente encaminado al aprendizaje personal, y que nunca fueron pensadas para ser distribuidas libremente, por lo que resulta imposible, actualmente, encontrar la bibliograf\u00eda original. Si observas que alguno de estos trabajos contiene datos o informaci\u00f3n extra\u00edda de alg\u00fan libro, art\u00edculo o cualquier otro medio, te agradecer\u00edamos que nos informases para incluirlo en la bibliograf\u00eda correspondiente.<\/p>\n<p style=\"text-align: right;\">Administradores de Amigos del antiguo Egipto<br \/>\nJunio de 2014<\/p>\n","protected":false},"excerpt":{"rendered":"<p>Todos los art\u00edculos publicados en estas p\u00e1ginas son propiedad de sus autores y est\u00e1n protegidos por los derechos de autor y de reproducci\u00f3n. Queda expresamente prohibida la reproducci\u00f3n total o parcial o cesi\u00f3n sin el consentimiento previo del autor. Los trabajos aqu\u00ed publicados son cedidos por sus autores desinteresadamente, contribuyendo a la divulgaci\u00f3n de la cultura egipcia en un medio&#8230;<\/p>\n<p class=\"continue-reading-button\"> <a class=\"continue-reading-link\" href=\"https:\/\/amigosdelantiguoegipto.com\/?page_id=7907\">Seguir leyendo<i class=\"crycon-right-dir\"><\/i><\/a><\/p>\n","protected":false},"author":1,"featured_media":0,"parent":0,"menu_order":0,"comment_status":"closed","ping_status":"closed","template":"","meta":{"ngg_post_thumbnail":0},"_links":{"self":[{"href":"https:\/\/amigosdelantiguoegipto.com\/index.php?rest_route=\/wp\/v2\/pages\/7907"}],"collection":[{"href":"https:\/\/amigosdelantiguoegipto.com\/index.php?rest_route=\/wp\/v2\/pages"}],"about":[{"href":"https:\/\/amigosdelantiguoegipto.com\/index.php?rest_route=\/wp\/v2\/types\/page"}],"author":[{"embeddable":true,"href":"https:\/\/amigosdelantiguoegipto.com\/index.php?rest_route=\/wp\/v2\/users\/1"}],"replies":[{"embeddable":true,"href":"https:\/\/amigosdelantiguoegipto.com\/index.php?rest_route=%2Fwp%2Fv2%2Fcomments&post=7907"}],"version-history":[{"count":0,"href":"https:\/\/amigosdelantiguoegipto.com\/index.php?rest_route=\/wp\/v2\/pages\/7907\/revisions"}],"wp:attachment":[{"href":"https:\/\/amigosdelantiguoegipto.com\/index.php?rest_route=%2Fwp%2Fv2%2Fmedia&parent=7907"}],"curies":[{"name":"wp","href":"https:\/\/api.w.org\/{rel}","templated":true}]}}