{"id":21767,"date":"2021-02-06T20:57:40","date_gmt":"2021-02-06T20:57:40","guid":{"rendered":"http:\/\/amigosdelantiguoegipto.com\/?page_id=21767"},"modified":"2021-02-14T19:40:30","modified_gmt":"2021-02-14T19:40:30","slug":"nefertari-y-su-tumba-qv66-en-el-valle-de-las-reinas-1","status":"publish","type":"page","link":"https:\/\/amigosdelantiguoegipto.com\/?page_id=21767","title":{"rendered":"Nefertari y su tumba en el Valle de las Reinas. Nefertari"},"content":{"rendered":"<p style=\"text-align: center;\"><a href=\"http:\/\/amigosdelantiguoegipto.com\/?p=21946\">\u00cdndice. Nefertari y su tumba en al Valle de las Reinas<\/a><\/p>\n<p>A partir de hoy analizaremos las im\u00e1genes de una de las tumbas m\u00e1s hermosas de Egipto, la de Nefertari, Gran Esposa Real de Rams\u00e9s II. En cada post pondremos una o varias im\u00e1genes que ir\u00e1n acompa\u00f1adas de una breve descripci\u00f3n.<\/p>\n<p>S\u00edguenos en este maravilloso viaje por la tumba de la Gran Esposa Real de uno de los faraones m\u00e1s poderosos del antiguo Egipto.<\/p>\n<p>Hoy empezamos con una introducci\u00f3n de qui\u00e9n fue Nefertari<\/p>\n<p><strong>1. Nefertari <\/strong><\/p>\n<div id=\"attachment_21768\" style=\"width: 418px\" class=\"wp-caption aligncenter\"><a href=\"http:\/\/amigosdelantiguoegipto.com\/wp-content\/uploads\/2021\/01\/01-01.png\"><img aria-describedby=\"caption-attachment-21768\" decoding=\"async\" loading=\"lazy\" class=\"wp-image-21768 size-full\" src=\"http:\/\/amigosdelantiguoegipto.com\/wp-content\/uploads\/2021\/01\/01-01.png\" alt=\"Imagen 1. Nefertari representada en su tumba\" width=\"408\" height=\"523\" srcset=\"https:\/\/amigosdelantiguoegipto.com\/wp-content\/uploads\/2021\/01\/01-01.png 408w, https:\/\/amigosdelantiguoegipto.com\/wp-content\/uploads\/2021\/01\/01-01-234x300.png 234w, https:\/\/amigosdelantiguoegipto.com\/wp-content\/uploads\/2021\/01\/01-01-117x150.png 117w\" sizes=\"(max-width: 408px) 100vw, 408px\" \/><\/a><p id=\"caption-attachment-21768\" class=\"wp-caption-text\">Imagen 1. Nefertari representada en su tumba<\/p><\/div>\n<p>Aunque Nefertari Meritenmut (amada de Mut) es una de las mujeres m\u00e1s c\u00e9lebres de la historia de Egipto, no conocemos demasiado de ella y a\u00fan menos de su origen. No existe ning\u00fan documento o inscripci\u00f3n que nos permita averiguar su procedencia. Algunos autores la han relacionado directamente con la realeza de la XVIII o XIX dinast\u00eda, si bien los t\u00edtulos y ep\u00edtetos no nos permiten m\u00e1s que presuponer un posible origen noble, quiz\u00e1s perteneciente a una familia de la regi\u00f3n tebana. En la tumba, descubierta en 1907 por la misi\u00f3n arqueol\u00f3gica italiana, dirigida por el arque\u00f3logo italiano, y director del Museo Egipcio de Tur\u00edn, Ernesto Schiaparelli, se encontr\u00f3 un pomo azul con el cartucho del fara\u00f3n de la XVIII dinast\u00eda, Ay, lo que hizo que en principio se la pudiera relacionar con esta herencia real. Actualmente este fragmento se encuentra en el Museo Egipcio de Tur\u00edn con el n\u00famero de inventario 14472. En cualquier caso, no parece que tuviera un origen real; en ning\u00fan sitio aparece un t\u00edtulo similar a \u201cHija del rey\u201d o \u201cHermana del rey\u201d. El ep\u00edteto Meritenmut la sit\u00faa m\u00e1s bien en la zona tebana, donde la diosa Mut (La madre) ten\u00eda gran importancia, especialmente desde la XVIII dinast\u00eda, formando parte de la triada tebana (Am\u00f3n, Mut y Jonsu).<\/p>\n<div id=\"attachment_21769\" style=\"width: 473px\" class=\"wp-caption aligncenter\"><a href=\"http:\/\/amigosdelantiguoegipto.com\/wp-content\/uploads\/2021\/01\/01-02-Araldo-di-Luca.png\"><img aria-describedby=\"caption-attachment-21769\" decoding=\"async\" loading=\"lazy\" class=\"wp-image-21769 \" src=\"http:\/\/amigosdelantiguoegipto.com\/wp-content\/uploads\/2021\/01\/01-02-Araldo-di-Luca.png\" alt=\"Imagen 2. Detalle de una de las pinturas de la tumba\" width=\"463\" height=\"504\" srcset=\"https:\/\/amigosdelantiguoegipto.com\/wp-content\/uploads\/2021\/01\/01-02-Araldo-di-Luca.png 492w, https:\/\/amigosdelantiguoegipto.com\/wp-content\/uploads\/2021\/01\/01-02-Araldo-di-Luca-275x300.png 275w, https:\/\/amigosdelantiguoegipto.com\/wp-content\/uploads\/2021\/01\/01-02-Araldo-di-Luca-138x150.png 138w\" sizes=\"(max-width: 463px) 100vw, 463px\" \/><\/a><p id=\"caption-attachment-21769\" class=\"wp-caption-text\">Imagen 2. Detalle de una de las pinturas de la tumba<\/p><\/div>\n<p>Es probable que se casara con Rams\u00e9s II cuando contaba unos 15 a\u00f1os, siendo una de sus primeras esposas (en esa \u00e9poca ya estaba casado con Isis-Nefert), y que muriese en torno el a\u00f1o 24 de su reinado. No se sabe a ciencia cierta si se despos\u00f3 con Rams\u00e9s cuando este era el pr\u00edncipe heredero o ya cuando hab\u00eda accedido al trono.<\/p>\n<p>Fue una de las pocas mujeres deificadas en vida y debi\u00f3 ejercer un papel predominante en asuntos religiosos y estatales durante el reinado de Rams\u00e9s, a tenor de los t\u00edtulos que pose\u00eda, algunos de ellos muy poco comunes en las reinas: \u201cSe\u00f1ora de las dos Tierras\u201d, \u201cLa que Satisface a los Dioses\u201d, apelativo normalmente dado al rey como jefe en los rituales religiosos y por el que debemos suponer que la reina desempe\u00f1aba importantes labores en el entorno religioso o \u201cGrande en Favores\u201d, posiblemente en alusi\u00f3n a una cierta relevancia de la reina en asuntos judiciales.<\/p>\n<p>Nefertari le dio al menos seis hijos a Rams\u00e9s II: Amenherjepeshef, Paraherunemef, Merytam\u00f3n, Henuttaui, Meryra, Meryatum y posiblemente Nefertari. El primero de ellos bien pudo ser el primog\u00e9nito del rey, o al menos si \u00e9ste tuvo alg\u00fan hijo anterior, debi\u00f3 morir pronto, o ser de una esposa secundaria, porque todos los que aparecen citados en documentos o inscripciones son hijos posteriores a Amenherjepeshef, que hasta su muerte fue el heredero al trono, suceso que le concedi\u00f3 a Nefertari el derecho a un nuevo t\u00edtulo: \u201cMadre del Rey\u201d. Era, adem\u00e1s, \u201cEsposa del Dios\u201d, \u201cHermosa con las Dos Plumas\u201d, en referencia a la corona de doble pluma con la que aparece representada en su tumba, y \u201cPor la que Brilla el Sol\u201d, t\u00edtulo que aparece en el espeo del templo de Abu Simbel. En cualquier caso, por lo t\u00edtulos que pose\u00eda, debemos presuponer que ejerc\u00eda mucha importancia en el gobierno de las Dos Tierras. Adem\u00e1s, Rams\u00e9s II le otorg\u00f3 otros t\u00edtulos como \u201cDulce de amor\u201d o \u201cHermosa de cara\u201d.<\/p>\n<div id=\"attachment_21770\" style=\"width: 633px\" class=\"wp-caption aligncenter\"><a href=\"http:\/\/amigosdelantiguoegipto.com\/wp-content\/uploads\/2021\/01\/01d-04-Nefertari-entre-dos-colosos-de-Ramses-II-Abu-Simbel.jpg\"><img aria-describedby=\"caption-attachment-21770\" decoding=\"async\" loading=\"lazy\" class=\"wp-image-21770 \" src=\"http:\/\/amigosdelantiguoegipto.com\/wp-content\/uploads\/2021\/01\/01d-04-Nefertari-entre-dos-colosos-de-Ramses-II-Abu-Simbel.jpg\" alt=\"Imagen 4. Coloso de Nefertari en su templo de Abu Simbel\" width=\"623\" height=\"467\" srcset=\"https:\/\/amigosdelantiguoegipto.com\/wp-content\/uploads\/2021\/01\/01d-04-Nefertari-entre-dos-colosos-de-Ramses-II-Abu-Simbel.jpg 720w, https:\/\/amigosdelantiguoegipto.com\/wp-content\/uploads\/2021\/01\/01d-04-Nefertari-entre-dos-colosos-de-Ramses-II-Abu-Simbel-300x225.jpg 300w, https:\/\/amigosdelantiguoegipto.com\/wp-content\/uploads\/2021\/01\/01d-04-Nefertari-entre-dos-colosos-de-Ramses-II-Abu-Simbel-150x113.jpg 150w, https:\/\/amigosdelantiguoegipto.com\/wp-content\/uploads\/2021\/01\/01d-04-Nefertari-entre-dos-colosos-de-Ramses-II-Abu-Simbel-120x90.jpg 120w\" sizes=\"(max-width: 623px) 100vw, 623px\" \/><\/a><p id=\"caption-attachment-21770\" class=\"wp-caption-text\">Imagen 3. Coloso de Nefertari en su templo de Abu Simbel<\/p><\/div>\n<p>Nefertari muri\u00f3 en torno al a\u00f1o 1255 a.C. cuando contaba con alrededor de 40 a\u00f1os, posiblemente antes de que finalizasen las obras del templo de Abu Simbel que Rams\u00e9s II le dedic\u00f3. A su muerte el rey le construy\u00f3 a su amada esposa la magn\u00edfica tumba, Hogar de Eternidad para que reposase por toda la eternidad, y que ahora pueden disfrutar los escasos visitantes que permite la restricci\u00f3n de accesos por motivos de conservaci\u00f3n.<\/p>\n<p>&nbsp;<\/p>\n<table width=\"1058\">\n<tbody>\n<tr>\n<td width=\"189\">&nbsp;<\/td>\n<td width=\"189\">\n<p style=\"text-align: center;\"><a href=\"http:\/\/amigosdelantiguoegipto.com\/?p=21946\">\u00cdndice<\/a><\/p>\n<\/td>\n<td style=\"text-align: right;\" width=\"189\"><a href=\"http:\/\/amigosdelantiguoegipto.com\/?page_id=21772\">2. Estructura de la tumba<\/a><\/td>\n<\/tr>\n<\/tbody>\n<\/table>\n<p>&nbsp;<\/p>\n<p>S\u00edguenos en Facebook <a href=\"https:\/\/www.facebook.com\/amigos.egipto\">https:\/\/www.facebook.com\/amigos.egipto<\/a> para estar al d\u00eda en noticias, evento y art\u00edculos relacionados con el antiguo Egipto.<\/p>\n<p><strong>Origen de las im\u00e1genes<\/strong>:<\/p>\n<p><strong>Im\u00e1genes 1 <\/strong>en QV66 &#8211; McDonald, John K. 1996. <em>House of Eternity: The Tomb of Nefertari<\/em>. Conservation and Cultural Heritage. Los Angeles, CA: Getty Conservation Institute and J. Paul Getty Museum.<\/p>\n<p><strong>Imagen 2<\/strong> en QV66 &#8211; &nbsp;Araldo di Luca<\/p>\n<p><strong>Imagen 3<\/strong> en Peque\u00f1o Templo de Abu Simbel dedicado a Neferati &#8211; Fotograf\u00eda de Sociedad Catalana de Egiptolog\u00eda (SCE).<\/p>\n","protected":false},"excerpt":{"rendered":"<p>\u00cdndice. Nefertari y su tumba en al Valle de las Reinas A partir de hoy analizaremos las im\u00e1genes de una de las tumbas m\u00e1s hermosas de Egipto, la de Nefertari, Gran Esposa Real de Rams\u00e9s II. En cada post pondremos una o varias im\u00e1genes que ir\u00e1n acompa\u00f1adas de una breve descripci\u00f3n. S\u00edguenos en este maravilloso viaje por la tumba de&#8230;<\/p>\n<p class=\"continue-reading-button\"> <a class=\"continue-reading-link\" href=\"https:\/\/amigosdelantiguoegipto.com\/?page_id=21767\">Seguir leyendo<i class=\"crycon-right-dir\"><\/i><\/a><\/p>\n","protected":false},"author":1,"featured_media":0,"parent":0,"menu_order":0,"comment_status":"closed","ping_status":"closed","template":"","meta":{"ngg_post_thumbnail":0},"_links":{"self":[{"href":"https:\/\/amigosdelantiguoegipto.com\/index.php?rest_route=\/wp\/v2\/pages\/21767"}],"collection":[{"href":"https:\/\/amigosdelantiguoegipto.com\/index.php?rest_route=\/wp\/v2\/pages"}],"about":[{"href":"https:\/\/amigosdelantiguoegipto.com\/index.php?rest_route=\/wp\/v2\/types\/page"}],"author":[{"embeddable":true,"href":"https:\/\/amigosdelantiguoegipto.com\/index.php?rest_route=\/wp\/v2\/users\/1"}],"replies":[{"embeddable":true,"href":"https:\/\/amigosdelantiguoegipto.com\/index.php?rest_route=%2Fwp%2Fv2%2Fcomments&post=21767"}],"version-history":[{"count":11,"href":"https:\/\/amigosdelantiguoegipto.com\/index.php?rest_route=\/wp\/v2\/pages\/21767\/revisions"}],"predecessor-version":[{"id":21999,"href":"https:\/\/amigosdelantiguoegipto.com\/index.php?rest_route=\/wp\/v2\/pages\/21767\/revisions\/21999"}],"wp:attachment":[{"href":"https:\/\/amigosdelantiguoegipto.com\/index.php?rest_route=%2Fwp%2Fv2%2Fmedia&parent=21767"}],"curies":[{"name":"wp","href":"https:\/\/api.w.org\/{rel}","templated":true}]}}