{"id":9700,"date":"2014-07-01T06:31:58","date_gmt":"2014-07-01T06:31:58","guid":{"rendered":"http:\/\/amigosdelantiguoegipto.com\/?page_id=9700"},"modified":"2014-07-01T08:16:25","modified_gmt":"2014-07-01T08:16:25","slug":"templo-de-karkak-galeria-de-imagenes","status":"publish","type":"page","link":"http:\/\/amigosdelantiguoegipto.com\/?page_id=9700","title":{"rendered":"Templo de Karnak &#8211; Galer\u00eda de im\u00e1genes"},"content":{"rendered":"<p style=\"text-align: justify;\"><a title=\"Tebas Oriental\" href=\"http:\/\/amigosdelantiguoegipto.com\/?p=9619\">Tebas oriental<\/a><\/p>\n<p style=\"text-align: justify;\">Uaset, la antigua Tebas, ten\u00eda como patr\u00f3n al dios carnero Am\u00f3n. En honor suyo, lo antiguos egipcios edificaron el santuario m\u00e1s grande de todo Egipto para gloria de su nombre. Le pusieron por nombre Ipet-isut, que quiere decir justamente: \u201cEl m\u00e1s privilegiado de los lugares\u201d.<\/p>\n<p style=\"text-align: justify;\">El conjunto de Karnak comprende los santuarios dedicados a los dioses Am\u00f3n, su esposa Mut, su hijo Jonsu, y unos peque\u00f1os templos dedicados a Path y Montu, un dios tebano de la guerra. A este templo le fueron a\u00f1adiendo diversas construcciones a partir del Imperio Medio, cuando los faraones proced\u00edan de Tebas. Como cada fara\u00f3n deb\u00eda construir al inicio de su reinado, pues Am\u00f3n fue declarado dios nacional y supremo de Egipto, el conjunto de Karnak fue ampli\u00e1ndose embelleci\u00e9ndose con el tiempo.<\/p>\n<p style=\"text-align: justify;\">La gran cantidad de arena que cubr\u00eda la mayor parte de los edificios permiti\u00f3 que este conjunto se conservara en muy buenas condiciones. Aun as\u00ed, en la actualidad no pueden verse todas las edificaciones pues algunas fueron desmanteladas para rellenar otras construcciones.<\/p>\n<p style=\"text-align: justify;\">El conjunto se divide en tres recintos: el de Montu, el de Am\u00f3n, con el templo de Jonsu, y el de Mut. Cada uno rodeado por una muralla, que lo delimita. El recinto m\u00e1s grande, el de Am\u00f3n, consta de varios pilonos, alternados con patios abiertos, donde hay estatuas y obeliscos. La gran sala hip\u00f3stila estaba cerrada, aunque el sol entraba por peque\u00f1as aberturas en la parte superior. En el cruce entre los dos ejes del recinto se observan los obeliscos erigidos por los faraones de la dinast\u00eda XVIII.<\/p>\n<p style=\"text-align: justify;\">Frente al gran primer pilono, edificado por Nect\u00e1nebo I, fara\u00f3n de la dinast\u00eda XXX, se construy\u00f3 una avenida de esfinges con cabeza de carnero, animal divino de Am\u00f3n. Entre sus patas hay una figura del fara\u00f3n.<\/p>\n<table border=\"0\" width=\"100%\" cellspacing=\"0\" cellpadding=\"0\" align=\"center\">\n<tbody>\n<tr align=\"center\">\n<td>\n<p><div id=\"attachment_9705\" style=\"width: 230px\" class=\"wp-caption aligncenter\"><a href=\"http:\/\/amigosdelantiguoegipto.com\/?page_id=9709\"><img aria-describedby=\"caption-attachment-9705\" decoding=\"async\" loading=\"lazy\" class=\"wp-image-9705 size-full\" title=\"Im\u00e1genes de 2004\" src=\"http:\/\/amigosdelantiguoegipto.com\/wp-content\/uploads\/2014\/07\/portada-templo-karnak-2004.jpg\" alt=\"Im\u00e1genes de 2004\" width=\"220\" height=\"165\" srcset=\"http:\/\/amigosdelantiguoegipto.com\/wp-content\/uploads\/2014\/07\/portada-templo-karnak-2004.jpg 220w, http:\/\/amigosdelantiguoegipto.com\/wp-content\/uploads\/2014\/07\/portada-templo-karnak-2004-150x112.jpg 150w\" sizes=\"(max-width: 220px) 100vw, 220px\" \/><\/a><p id=\"caption-attachment-9705\" class=\"wp-caption-text\"><a href=\"http:\/\/amigosdelantiguoegipto.com\/?page_id=9709\">Im\u00e1genes de 2004<\/a><\/p><\/div><\/td>\n<td>\n<p><div id=\"attachment_9704\" style=\"width: 230px\" class=\"wp-caption aligncenter\"><a href=\"http:\/\/amigosdelantiguoegipto.com\/?page_id=9710\"><img aria-describedby=\"caption-attachment-9704\" decoding=\"async\" loading=\"lazy\" class=\"wp-image-9704 size-full\" title=\"Im\u00e1genes de 2010\" src=\"http:\/\/amigosdelantiguoegipto.com\/wp-content\/uploads\/2014\/07\/portada-templo-karnak-2010.jpg\" alt=\"Im\u00e1genes de 2010\" width=\"220\" height=\"165\" srcset=\"http:\/\/amigosdelantiguoegipto.com\/wp-content\/uploads\/2014\/07\/portada-templo-karnak-2010.jpg 220w, http:\/\/amigosdelantiguoegipto.com\/wp-content\/uploads\/2014\/07\/portada-templo-karnak-2010-150x112.jpg 150w\" sizes=\"(max-width: 220px) 100vw, 220px\" \/><\/a><p id=\"caption-attachment-9704\" class=\"wp-caption-text\"><a href=\"http:\/\/amigosdelantiguoegipto.com\/?page_id=9710\">Im\u00e1genes de 2010<\/a><\/p><\/div><\/td>\n<\/tr>\n<\/tbody>\n<\/table>\n","protected":false},"excerpt":{"rendered":"<p>Tebas oriental Uaset, la antigua Tebas, ten\u00eda como patr\u00f3n al dios carnero Am\u00f3n. En honor suyo, lo antiguos egipcios edificaron el santuario m\u00e1s grande de todo Egipto para gloria de su nombre. Le pusieron por nombre Ipet-isut, que quiere decir justamente: \u201cEl m\u00e1s privilegiado de los lugares\u201d. El conjunto de Karnak comprende los santuarios dedicados a los dioses Am\u00f3n, su&#8230;<\/p>\n<p class=\"continue-reading-button\"> <a class=\"continue-reading-link\" href=\"http:\/\/amigosdelantiguoegipto.com\/?page_id=9700\">Seguir leyendo<i class=\"crycon-right-dir\"><\/i><\/a><\/p>\n","protected":false},"author":1,"featured_media":0,"parent":0,"menu_order":0,"comment_status":"closed","ping_status":"closed","template":"","meta":{"ngg_post_thumbnail":0},"_links":{"self":[{"href":"http:\/\/amigosdelantiguoegipto.com\/index.php?rest_route=\/wp\/v2\/pages\/9700"}],"collection":[{"href":"http:\/\/amigosdelantiguoegipto.com\/index.php?rest_route=\/wp\/v2\/pages"}],"about":[{"href":"http:\/\/amigosdelantiguoegipto.com\/index.php?rest_route=\/wp\/v2\/types\/page"}],"author":[{"embeddable":true,"href":"http:\/\/amigosdelantiguoegipto.com\/index.php?rest_route=\/wp\/v2\/users\/1"}],"replies":[{"embeddable":true,"href":"http:\/\/amigosdelantiguoegipto.com\/index.php?rest_route=%2Fwp%2Fv2%2Fcomments&post=9700"}],"version-history":[{"count":0,"href":"http:\/\/amigosdelantiguoegipto.com\/index.php?rest_route=\/wp\/v2\/pages\/9700\/revisions"}],"wp:attachment":[{"href":"http:\/\/amigosdelantiguoegipto.com\/index.php?rest_route=%2Fwp%2Fv2%2Fmedia&parent=9700"}],"curies":[{"name":"wp","href":"https:\/\/api.w.org\/{rel}","templated":true}]}}