{"id":94,"date":"2004-01-01T01:57:00","date_gmt":"2004-01-01T01:57:00","guid":{"rendered":"http:\/\/amigosdelantiguoegipto.com\/gran-diccionario-de-mitologia-egipcia-entradas-letra-c\/"},"modified":"2014-07-16T12:36:25","modified_gmt":"2014-07-16T12:36:25","slug":"gran-diccionario-de-mitologia-egipcia-entradas-letra-c","status":"publish","type":"page","link":"http:\/\/amigosdelantiguoegipto.com\/?page_id=94","title":{"rendered":"Gran Diccionario de Mitolog\u00eda Egipcia &#8211; Letra C"},"content":{"rendered":"<p style=\"text-align: center;\">[<a href=\"http:\/\/amigosdelantiguoegipto.com\/?p=12384\">Introducci\u00f3n<\/a>]<br \/>\n[<a title=\"Gran Diccionario de Mitolog\u00eda Egipcia \u2013 Letra A\" href=\"http:\/\/amigosdelantiguoegipto.com\/?page_id=12353\">A<\/a>] [<a title=\"Gran Diccionario de Mitolog\u00eda Egipcia \u2013 Letra B\" href=\"http:\/\/amigosdelantiguoegipto.com\/?page_id=93\">B<\/a>] [C] [<a title=\"Gran Diccionario de Mitolog\u00eda Egipcia \u2013 Letra D\" href=\"http:\/\/amigosdelantiguoegipto.com\/?page_id=100\">D<\/a>] [<a title=\"Gran Diccionario de Mitolog\u00eda Egipcia \u2013 Letra E\" href=\"http:\/\/amigosdelantiguoegipto.com\/?page_id=104\">E<\/a>] [<a title=\"Gran Diccionario de Mitolog\u00eda Egipcia \u2013 Letra F\" href=\"http:\/\/amigosdelantiguoegipto.com\/?page_id=12354\">F<\/a>] [<a title=\"Gran Diccionario de Mitolog\u00eda Egipcia \u2013 Letra G\" href=\"http:\/\/amigosdelantiguoegipto.com\/?page_id=12355\">G<\/a>] [<a title=\"Gran Diccionario de Mitolog\u00eda Egipcia \u2013 Letra H\" href=\"http:\/\/amigosdelantiguoegipto.com\/?page_id=202\">H<\/a>] [<a title=\"Gran Diccionario de Mitolog\u00eda Egipcia \u2013 Letra I\" href=\"http:\/\/amigosdelantiguoegipto.com\/?page_id=231\">I<\/a>] [<a title=\"Gran Diccionario de Mitolog\u00eda Egipcia \u2013 Letra J\" href=\"http:\/\/amigosdelantiguoegipto.com\/?page_id=257\">J<\/a>]<br \/>\n[<a title=\"Gran Diccionario de Mitolog\u00eda Egipcia \u2013 Letra K\" href=\"http:\/\/amigosdelantiguoegipto.com\/?page_id=263\">K<\/a>] [<a title=\"Gran Diccionario de Mitolog\u00eda Egipcia \u2013 Letra M\" href=\"http:\/\/amigosdelantiguoegipto.com\/?page_id=309\">M<\/a>] [<a title=\"Gran Diccionario de Mitolog\u00eda Egipcia \u2013 Letra N\" href=\"http:\/\/amigosdelantiguoegipto.com\/?page_id=350\">N<\/a>] [<a title=\"Gran Diccionario de Mitolog\u00eda Egipcia \u2013 Letra O\" href=\"http:\/\/amigosdelantiguoegipto.com\/?page_id=368\">O<\/a>] [<a title=\"Gran Diccionario de Mitolog\u00eda Egipcia \u2013 Letra P\" href=\"http:\/\/amigosdelantiguoegipto.com\/?page_id=381\">P<\/a>] [<a title=\"Gran Diccionario de Mitolog\u00eda Egipcia \u2013 Letra Q\" href=\"http:\/\/amigosdelantiguoegipto.com\/?page_id=387\">Q<\/a>] [<a title=\"Gran Diccionario de Mitolog\u00eda Egipcia \u2013 Letra R\" href=\"http:\/\/amigosdelantiguoegipto.com\/?page_id=405\">R<\/a>] [<a title=\"Gran Diccionario de Mitolog\u00eda Egipcia \u2013 Letra S\" href=\"http:\/\/amigosdelantiguoegipto.com\/?page_id=460\">S<\/a>] [<a title=\"Gran Diccionario de Mitolog\u00eda Egipcia \u2013 Letra T\" href=\"http:\/\/amigosdelantiguoegipto.com\/?page_id=12350\">T<\/a>] [<a title=\"Gran Diccionario de Mitolog\u00eda Egipcia \u2013 Letra U\" href=\"http:\/\/amigosdelantiguoegipto.com\/?page_id=12351\">U<\/a>]<\/p>\n<p>&nbsp;<\/p>\n<p style=\"text-align: right;\">Elisa Castel Ronda &#8211; Enero de 2004<\/p>\n<h3 style=\"text-align: justify;\">COSMOGON\u00cdA<\/h3>\n<table border=\"0\" align=\"center\">\n<tbody>\n<tr>\n<td><\/td>\n<\/tr>\n<tr>\n<td align=\"center\" width=\"200\">No existi\u00f3 nombre jerogl\u00edfico<br \/>\npara este t\u00e9rmino.<\/td>\n<\/tr>\n<\/tbody>\n<\/table>\n<p style=\"text-align: justify;\"><strong>NOMBRE GRIEGO\/ROMANO:<\/strong> COSMOGON\u00cdA<\/p>\n<p style=\"text-align: justify;\"><strong>SINOPSIS:<\/strong> El t\u00e9rmino Cosmogon\u00eda procede de un vocablo griego que sirve para definir la parte de la mitolog\u00eda que narra el origen del mundo y del cosmos. Constituye una de las primeras ideas aleg\u00f3ricas que conocemos. Gracias a ella, los sacerdotes pudieron describir aquellos hechos que, nacidos en el comienzo del tiempo, explicaban el nacimiento del mundo.<br \/>\nPara los egipcios, el mundo y el cosmos constitu\u00edan la uni\u00f3n de dos fuerzas antag\u00f3nicas en continua lucha, concepto que extrapolaron a la vida y a los misterios de sus dioses.<br \/>\nPor ello, las diversas cosmogon\u00edas que surgen en el Valle del Nilo son variables y contradictorias, dependiendo del \u00e1rea donde se concibieran y del dios local al que se quisiera dar importancia, para ponerse a la cabeza de la creaci\u00f3n. Es preciso se\u00f1alar que en todas ellas se demuestra una cuidadosa y detallada observaci\u00f3n de la naturaleza, ya que eventos diarios y asombrosos para una mente primitiva son los que dan cuerpo a las distintas cosmogon\u00edas. Valga citar: las aguas de Nun (el Nilo y las aguas de la crecida), la colina primigenia (zonas del valle que quedaban al descubierto tras la retirada de las aguas del Nilo) y el Sol como creador de todas las cosas, puesto que es el que favorece, tras la retirada de las aguas, el fluir de la vida en el valle f\u00e9rtil.<br \/>\nEntre las cosmogon\u00edas m\u00e1s importantes y de mayor influencia podr\u00edamos destacar la de Menfis, a cuya cabeza se encontraba Ptah; la de Heli\u00f3polis, que presid\u00eda Ra, la de Herm\u00f3polis, capitaneada por Thot y la de Tebas, liderada por Am\u00f3n.<\/p>\n<hr \/>\n<p style=\"text-align: justify;\"><strong>Este trabajo es cortes\u00eda de la Editorial Aldebar\u00e1n y de su Autora Elisa Castel. Ambos nos han concedido permiso expreso para reproducir gratuitamente en nuestras p\u00e1ginas una s\u00edntesis del libro &#8220;Gran Diccionario de Mitolog\u00eda Egipcia&#8221;.<\/strong><\/p>\n","protected":false},"excerpt":{"rendered":"<p>[Introducci\u00f3n] [A] [B] [C] [D] [E] [F] [G] [H] [I] [J] [K] [M] [N] [O] [P] [Q] [R] [S] [T] [U] &nbsp; Elisa Castel Ronda &#8211; Enero de 2004 COSMOGON\u00cdA No existi\u00f3 nombre jerogl\u00edfico para este t\u00e9rmino. NOMBRE GRIEGO\/ROMANO: COSMOGON\u00cdA SINOPSIS: El t\u00e9rmino Cosmogon\u00eda procede de un vocablo griego que sirve para definir la parte de la mitolog\u00eda que narra&#8230;<\/p>\n<p class=\"continue-reading-button\"> <a class=\"continue-reading-link\" href=\"http:\/\/amigosdelantiguoegipto.com\/?page_id=94\">Seguir leyendo<i class=\"crycon-right-dir\"><\/i><\/a><\/p>\n","protected":false},"author":1,"featured_media":0,"parent":0,"menu_order":4,"comment_status":"closed","ping_status":"closed","template":"","meta":{"ngg_post_thumbnail":0},"_links":{"self":[{"href":"http:\/\/amigosdelantiguoegipto.com\/index.php?rest_route=\/wp\/v2\/pages\/94"}],"collection":[{"href":"http:\/\/amigosdelantiguoegipto.com\/index.php?rest_route=\/wp\/v2\/pages"}],"about":[{"href":"http:\/\/amigosdelantiguoegipto.com\/index.php?rest_route=\/wp\/v2\/types\/page"}],"author":[{"embeddable":true,"href":"http:\/\/amigosdelantiguoegipto.com\/index.php?rest_route=\/wp\/v2\/users\/1"}],"replies":[{"embeddable":true,"href":"http:\/\/amigosdelantiguoegipto.com\/index.php?rest_route=%2Fwp%2Fv2%2Fcomments&post=94"}],"version-history":[{"count":0,"href":"http:\/\/amigosdelantiguoegipto.com\/index.php?rest_route=\/wp\/v2\/pages\/94\/revisions"}],"wp:attachment":[{"href":"http:\/\/amigosdelantiguoegipto.com\/index.php?rest_route=%2Fwp%2Fv2%2Fmedia&parent=94"}],"curies":[{"name":"wp","href":"https:\/\/api.w.org\/{rel}","templated":true}]}}