{"id":9168,"date":"2014-06-30T11:03:43","date_gmt":"2014-06-30T11:03:43","guid":{"rendered":"http:\/\/amigosdelantiguoegipto.com\/?page_id=9168"},"modified":"2014-06-30T11:54:10","modified_gmt":"2014-06-30T11:54:10","slug":"tumba-de-horemheb","status":"publish","type":"page","link":"http:\/\/amigosdelantiguoegipto.com\/?page_id=9168","title":{"rendered":"Tumba de Horemheb"},"content":{"rendered":"<p style=\"text-align: justify;\"><a href=\"http:\/\/amigosdelantiguoegipto.com\/?p=9007\">Saqqara<\/a><\/p>\n<p style=\"text-align: justify;\">Tumba de Horemheb, General, Representante de Su Majestad en Toda la Tierra Entera, Mayordomo en Jefe, etc. \u00e9poca de Tutankham\u00f3n y Ay. Posteriormente fue coronado rey. La tumba es de la \u00e9poca en que todav\u00eda no era fara\u00f3n y fue descubierta por primera vez en el siglo XIX, para desaparecer de nuevo bajo la arena. Fue redescubierta en 1975 por Geoffrey Martin y su equipo que la rescat\u00f3 de la arena durante el transcurso de cuatro campa\u00f1as de excavaci\u00f3n.<\/p>\n<p style=\"text-align: justify;\">Presenta una superestructura con salas de adobe y caliza bien conservada y una subestructura excavada en la roca, con galer\u00edas y c\u00e1maras. El monumento est\u00e1 hoy restaurado. Los muros interiores de los dos patios est\u00e1n decorados con relieves, muchos de los cuales est\u00e1n repartidos en museos de todo el mundo. En las escenas se enfatiza el aspecto militar.<\/p>\n<!-- index.php -->\n<div\n\tclass=\"ngg-galleryoverview\"\n\tid=\"ngg-gallery-58dfa417298229b3dcbb83c98f574641-1\">\n\n    \t<div class=\"slideshowlink\">\n        <a href='http:\/\/amigosdelantiguoegipto.com\/index.php\/nggallery\/slideshow?page_id=9168'>Ver presentaci\u00f3n<\/a>\n\t\t\n\t<\/div>\n\t\t\t<!-- Thumbnails -->\n\t\t\t\t<div id=\"ngg-image-0\" class=\"ngg-gallery-thumbnail-box\" >\n\t\t\t\t        <div class=\"ngg-gallery-thumbnail\">\n            <a href=\"http:\/\/amigosdelantiguoegipto.com\/wp-content\/gallery\/saqqara-tumba-de-horemheb\/tumba_horemheb_001-742.jpg\"\n               title=\"\"\n               data-src=\"http:\/\/amigosdelantiguoegipto.com\/wp-content\/gallery\/saqqara-tumba-de-horemheb\/tumba_horemheb_001-742.jpg\"\n               data-thumbnail=\"http:\/\/amigosdelantiguoegipto.com\/wp-content\/gallery\/saqqara-tumba-de-horemheb\/thumbs\/thumbs_tumba_horemheb_001-742.jpg\"\n               data-image-id=\"4352\"\n               data-title=\"tumba_horemheb_001-742\"\n               data-description=\"\"\n               data-image-slug=\"tumba_horemheb_001-742\"\n               class=\"ngg-fancybox\" rel=\"58dfa417298229b3dcbb83c98f574641\">\n                <img\n                    title=\"tumba_horemheb_001-742\"\n                    alt=\"tumba_horemheb_001-742\"\n                    src=\"http:\/\/amigosdelantiguoegipto.com\/wp-content\/gallery\/saqqara-tumba-de-horemheb\/thumbs\/thumbs_tumba_horemheb_001-742.jpg\"\n                    width=\"120\"\n                    height=\"90\"\n                    style=\"max-width:100%;\"\n                \/>\n            <\/a>\n        <\/div>\n\t\t\t\t\t\t\t<\/div> \n\t\t\t\n        \n\t\t\t\t<div id=\"ngg-image-1\" class=\"ngg-gallery-thumbnail-box\" >\n\t\t\t\t        <div class=\"ngg-gallery-thumbnail\">\n            <a href=\"http:\/\/amigosdelantiguoegipto.com\/wp-content\/gallery\/saqqara-tumba-de-horemheb\/tumba_horemheb_002-746.jpg\"\n               title=\"\"\n               data-src=\"http:\/\/amigosdelantiguoegipto.com\/wp-content\/gallery\/saqqara-tumba-de-horemheb\/tumba_horemheb_002-746.jpg\"\n               data-thumbnail=\"http:\/\/amigosdelantiguoegipto.com\/wp-content\/gallery\/saqqara-tumba-de-horemheb\/thumbs\/thumbs_tumba_horemheb_002-746.jpg\"\n               data-image-id=\"4353\"\n               data-title=\"tumba_horemheb_002-746\"\n               data-description=\"\"\n               data-image-slug=\"tumba_horemheb_002-746\"\n               class=\"ngg-fancybox\" rel=\"58dfa417298229b3dcbb83c98f574641\">\n                <img\n                    title=\"tumba_horemheb_002-746\"\n                    alt=\"tumba_horemheb_002-746\"\n                    src=\"http:\/\/amigosdelantiguoegipto.com\/wp-content\/gallery\/saqqara-tumba-de-horemheb\/thumbs\/thumbs_tumba_horemheb_002-746.jpg\"\n                    width=\"120\"\n                    height=\"90\"\n                    style=\"max-width:100%;\"\n                \/>\n            <\/a>\n        <\/div>\n\t\t\t\t\t\t\t<\/div> \n\t\t\t\n        \n\t\t\t\t<div id=\"ngg-image-2\" class=\"ngg-gallery-thumbnail-box\" >\n\t\t\t\t        <div class=\"ngg-gallery-thumbnail\">\n            <a href=\"http:\/\/amigosdelantiguoegipto.com\/wp-content\/gallery\/saqqara-tumba-de-horemheb\/tumba_horemheb_003-741.jpg\"\n               title=\"\"\n               data-src=\"http:\/\/amigosdelantiguoegipto.com\/wp-content\/gallery\/saqqara-tumba-de-horemheb\/tumba_horemheb_003-741.jpg\"\n               data-thumbnail=\"http:\/\/amigosdelantiguoegipto.com\/wp-content\/gallery\/saqqara-tumba-de-horemheb\/thumbs\/thumbs_tumba_horemheb_003-741.jpg\"\n               data-image-id=\"4354\"\n               data-title=\"tumba_horemheb_003-741\"\n               data-description=\"\"\n               data-image-slug=\"tumba_horemheb_003-741\"\n               class=\"ngg-fancybox\" rel=\"58dfa417298229b3dcbb83c98f574641\">\n                <img\n                    title=\"tumba_horemheb_003-741\"\n                    alt=\"tumba_horemheb_003-741\"\n                    src=\"http:\/\/amigosdelantiguoegipto.com\/wp-content\/gallery\/saqqara-tumba-de-horemheb\/thumbs\/thumbs_tumba_horemheb_003-741.jpg\"\n                    width=\"120\"\n                    height=\"90\"\n                    style=\"max-width:100%;\"\n                \/>\n            <\/a>\n        <\/div>\n\t\t\t\t\t\t\t<\/div> \n\t\t\t\n        \n\t\t\t\t<div id=\"ngg-image-3\" class=\"ngg-gallery-thumbnail-box\" >\n\t\t\t\t        <div class=\"ngg-gallery-thumbnail\">\n            <a href=\"http:\/\/amigosdelantiguoegipto.com\/wp-content\/gallery\/saqqara-tumba-de-horemheb\/tumba_horemheb_004-740.jpg\"\n               title=\"\"\n               data-src=\"http:\/\/amigosdelantiguoegipto.com\/wp-content\/gallery\/saqqara-tumba-de-horemheb\/tumba_horemheb_004-740.jpg\"\n               data-thumbnail=\"http:\/\/amigosdelantiguoegipto.com\/wp-content\/gallery\/saqqara-tumba-de-horemheb\/thumbs\/thumbs_tumba_horemheb_004-740.jpg\"\n               data-image-id=\"4355\"\n               data-title=\"tumba_horemheb_004-740\"\n               data-description=\"\"\n               data-image-slug=\"tumba_horemheb_004-740\"\n               class=\"ngg-fancybox\" rel=\"58dfa417298229b3dcbb83c98f574641\">\n                <img\n                    title=\"tumba_horemheb_004-740\"\n                    alt=\"tumba_horemheb_004-740\"\n                    src=\"http:\/\/amigosdelantiguoegipto.com\/wp-content\/gallery\/saqqara-tumba-de-horemheb\/thumbs\/thumbs_tumba_horemheb_004-740.jpg\"\n                    width=\"120\"\n                    height=\"90\"\n                    style=\"max-width:100%;\"\n                \/>\n            <\/a>\n        <\/div>\n\t\t\t\t\t\t\t<\/div> \n\t\t\t\n        \n\t\t\t\t<div id=\"ngg-image-4\" class=\"ngg-gallery-thumbnail-box\" >\n\t\t\t\t        <div class=\"ngg-gallery-thumbnail\">\n            <a href=\"http:\/\/amigosdelantiguoegipto.com\/wp-content\/gallery\/saqqara-tumba-de-horemheb\/tumba_horemheb_005-744.jpg\"\n               title=\"\"\n               data-src=\"http:\/\/amigosdelantiguoegipto.com\/wp-content\/gallery\/saqqara-tumba-de-horemheb\/tumba_horemheb_005-744.jpg\"\n               data-thumbnail=\"http:\/\/amigosdelantiguoegipto.com\/wp-content\/gallery\/saqqara-tumba-de-horemheb\/thumbs\/thumbs_tumba_horemheb_005-744.jpg\"\n               data-image-id=\"4356\"\n               data-title=\"tumba_horemheb_005-744\"\n               data-description=\"\"\n               data-image-slug=\"tumba_horemheb_005-744\"\n               class=\"ngg-fancybox\" rel=\"58dfa417298229b3dcbb83c98f574641\">\n                <img\n                    title=\"tumba_horemheb_005-744\"\n                    alt=\"tumba_horemheb_005-744\"\n                    src=\"http:\/\/amigosdelantiguoegipto.com\/wp-content\/gallery\/saqqara-tumba-de-horemheb\/thumbs\/thumbs_tumba_horemheb_005-744.jpg\"\n                    width=\"120\"\n                    height=\"90\"\n                    style=\"max-width:100%;\"\n                \/>\n            <\/a>\n        <\/div>\n\t\t\t\t\t\t\t<\/div> \n\t\t\t\n        \n\t\t\t\t<div id=\"ngg-image-5\" class=\"ngg-gallery-thumbnail-box\" >\n\t\t\t\t        <div class=\"ngg-gallery-thumbnail\">\n            <a href=\"http:\/\/amigosdelantiguoegipto.com\/wp-content\/gallery\/saqqara-tumba-de-horemheb\/tumba_horemheb_006-745.jpg\"\n               title=\"\"\n               data-src=\"http:\/\/amigosdelantiguoegipto.com\/wp-content\/gallery\/saqqara-tumba-de-horemheb\/tumba_horemheb_006-745.jpg\"\n               data-thumbnail=\"http:\/\/amigosdelantiguoegipto.com\/wp-content\/gallery\/saqqara-tumba-de-horemheb\/thumbs\/thumbs_tumba_horemheb_006-745.jpg\"\n               data-image-id=\"4357\"\n               data-title=\"tumba_horemheb_006-745\"\n               data-description=\"\"\n               data-image-slug=\"tumba_horemheb_006-745\"\n               class=\"ngg-fancybox\" rel=\"58dfa417298229b3dcbb83c98f574641\">\n                <img\n                    title=\"tumba_horemheb_006-745\"\n                    alt=\"tumba_horemheb_006-745\"\n                    src=\"http:\/\/amigosdelantiguoegipto.com\/wp-content\/gallery\/saqqara-tumba-de-horemheb\/thumbs\/thumbs_tumba_horemheb_006-745.jpg\"\n                    width=\"120\"\n                    height=\"90\"\n                    style=\"max-width:100%;\"\n                \/>\n            <\/a>\n        <\/div>\n\t\t\t\t\t\t\t<\/div> \n\t\t\t\n        \n\t\t\t\t<div id=\"ngg-image-6\" class=\"ngg-gallery-thumbnail-box\" >\n\t\t\t\t        <div class=\"ngg-gallery-thumbnail\">\n            <a href=\"http:\/\/amigosdelantiguoegipto.com\/wp-content\/gallery\/saqqara-tumba-de-horemheb\/tumba_horemheb_007-743.jpg\"\n               title=\"\"\n               data-src=\"http:\/\/amigosdelantiguoegipto.com\/wp-content\/gallery\/saqqara-tumba-de-horemheb\/tumba_horemheb_007-743.jpg\"\n               data-thumbnail=\"http:\/\/amigosdelantiguoegipto.com\/wp-content\/gallery\/saqqara-tumba-de-horemheb\/thumbs\/thumbs_tumba_horemheb_007-743.jpg\"\n               data-image-id=\"4358\"\n               data-title=\"tumba_horemheb_007-743\"\n               data-description=\"\"\n               data-image-slug=\"tumba_horemheb_007-743\"\n               class=\"ngg-fancybox\" rel=\"58dfa417298229b3dcbb83c98f574641\">\n                <img\n                    title=\"tumba_horemheb_007-743\"\n                    alt=\"tumba_horemheb_007-743\"\n                    src=\"http:\/\/amigosdelantiguoegipto.com\/wp-content\/gallery\/saqqara-tumba-de-horemheb\/thumbs\/thumbs_tumba_horemheb_007-743.jpg\"\n                    width=\"120\"\n                    height=\"90\"\n                    style=\"max-width:100%;\"\n                \/>\n            <\/a>\n        <\/div>\n\t\t\t\t\t\t\t<\/div> \n\t\t\t\n        \n\t\t\t\t<div id=\"ngg-image-7\" class=\"ngg-gallery-thumbnail-box\" >\n\t\t\t\t        <div class=\"ngg-gallery-thumbnail\">\n            <a href=\"http:\/\/amigosdelantiguoegipto.com\/wp-content\/gallery\/saqqara-tumba-de-horemheb\/tumba_horemheb_008-739.jpg\"\n               title=\"\"\n               data-src=\"http:\/\/amigosdelantiguoegipto.com\/wp-content\/gallery\/saqqara-tumba-de-horemheb\/tumba_horemheb_008-739.jpg\"\n               data-thumbnail=\"http:\/\/amigosdelantiguoegipto.com\/wp-content\/gallery\/saqqara-tumba-de-horemheb\/thumbs\/thumbs_tumba_horemheb_008-739.jpg\"\n               data-image-id=\"4359\"\n               data-title=\"tumba_horemheb_008-739\"\n               data-description=\"\"\n               data-image-slug=\"tumba_horemheb_008-739\"\n               class=\"ngg-fancybox\" rel=\"58dfa417298229b3dcbb83c98f574641\">\n                <img\n                    title=\"tumba_horemheb_008-739\"\n                    alt=\"tumba_horemheb_008-739\"\n                    src=\"http:\/\/amigosdelantiguoegipto.com\/wp-content\/gallery\/saqqara-tumba-de-horemheb\/thumbs\/thumbs_tumba_horemheb_008-739.jpg\"\n                    width=\"120\"\n                    height=\"90\"\n                    style=\"max-width:100%;\"\n                \/>\n            <\/a>\n        <\/div>\n\t\t\t\t\t\t\t<\/div> \n\t\t\t\n        \n\t\t\n\t\t<!-- Pagination -->\n\t<div class='ngg-clear'><\/div>\t<\/div>\n\n","protected":false},"excerpt":{"rendered":"<p>Saqqara Tumba de Horemheb, General, Representante de Su Majestad en Toda la Tierra Entera, Mayordomo en Jefe, etc. \u00e9poca de Tutankham\u00f3n y Ay. Posteriormente fue coronado rey. La tumba es de la \u00e9poca en que todav\u00eda no era fara\u00f3n y fue descubierta por primera vez en el siglo XIX, para desaparecer de nuevo bajo la arena. Fue redescubierta en 1975&#8230;<\/p>\n<p class=\"continue-reading-button\"> <a class=\"continue-reading-link\" href=\"http:\/\/amigosdelantiguoegipto.com\/?page_id=9168\">Seguir leyendo<i class=\"crycon-right-dir\"><\/i><\/a><\/p>\n","protected":false},"author":1,"featured_media":0,"parent":0,"menu_order":0,"comment_status":"closed","ping_status":"closed","template":"","meta":{"ngg_post_thumbnail":0},"_links":{"self":[{"href":"http:\/\/amigosdelantiguoegipto.com\/index.php?rest_route=\/wp\/v2\/pages\/9168"}],"collection":[{"href":"http:\/\/amigosdelantiguoegipto.com\/index.php?rest_route=\/wp\/v2\/pages"}],"about":[{"href":"http:\/\/amigosdelantiguoegipto.com\/index.php?rest_route=\/wp\/v2\/types\/page"}],"author":[{"embeddable":true,"href":"http:\/\/amigosdelantiguoegipto.com\/index.php?rest_route=\/wp\/v2\/users\/1"}],"replies":[{"embeddable":true,"href":"http:\/\/amigosdelantiguoegipto.com\/index.php?rest_route=%2Fwp%2Fv2%2Fcomments&post=9168"}],"version-history":[{"count":0,"href":"http:\/\/amigosdelantiguoegipto.com\/index.php?rest_route=\/wp\/v2\/pages\/9168\/revisions"}],"wp:attachment":[{"href":"http:\/\/amigosdelantiguoegipto.com\/index.php?rest_route=%2Fwp%2Fv2%2Fmedia&parent=9168"}],"curies":[{"name":"wp","href":"https:\/\/api.w.org\/{rel}","templated":true}]}}