{"id":9135,"date":"2014-06-30T10:56:51","date_gmt":"2014-06-30T10:56:51","guid":{"rendered":"http:\/\/amigosdelantiguoegipto.com\/?page_id=9135"},"modified":"2014-06-30T11:53:09","modified_gmt":"2014-06-30T11:53:09","slug":"mastaba-de-ajtihotep-y-ptahhotep","status":"publish","type":"page","link":"http:\/\/amigosdelantiguoegipto.com\/?page_id=9135","title":{"rendered":"Mastaba de Ajtihotep y Ptahhotep"},"content":{"rendered":"<p style=\"text-align: justify;\"><a href=\"http:\/\/amigosdelantiguoegipto.com\/?p=9007\">Saqqara<\/a><\/p>\n<p style=\"text-align: justify;\">Mastaba de Ajtihotep y Ptahhotep situada al oeste del Complejo Funerario de Dyeser. Ajtihotep, Jefe de Justicia y Visir, Director de la Ciudad de las Pir\u00e1mides e Inspector de los Profetas de las Pir\u00e1mides de Nyuserre, Menkauhor y Dyedkare, etc. Su hijo Ptahhotep (II) Jefe de Justicia y Visir, Inspector de los Profetas de las Pir\u00e1mides de Menkauhor y Dyedkare, Inspector de los Sacerdotes wab de la Pir\u00e1mide de Nyuserre, etc. Dinast\u00eda V, reinados de Isesi y Unas.<\/p>\n<!-- index.php -->\n<div\n\tclass=\"ngg-galleryoverview\"\n\tid=\"ngg-gallery-0915b38fbb22a896bbc128ecfaf54db7-1\">\n\n    \t<div class=\"slideshowlink\">\n        <a href='http:\/\/amigosdelantiguoegipto.com\/index.php\/nggallery\/slideshow?page_id=9135'>Ver presentaci\u00f3n<\/a>\n\t\t\n\t<\/div>\n\t\t\t<!-- Thumbnails -->\n\t\t\t\t<div id=\"ngg-image-0\" class=\"ngg-gallery-thumbnail-box\" >\n\t\t\t\t        <div class=\"ngg-gallery-thumbnail\">\n            <a href=\"http:\/\/amigosdelantiguoegipto.com\/wp-content\/gallery\/saqqara-mastaba-de-ajtihotep-y-ptahhotep\/mastaba_ajtihotep_ptahhotep_001-725.jpg\"\n               title=\"\"\n               data-src=\"http:\/\/amigosdelantiguoegipto.com\/wp-content\/gallery\/saqqara-mastaba-de-ajtihotep-y-ptahhotep\/mastaba_ajtihotep_ptahhotep_001-725.jpg\"\n               data-thumbnail=\"http:\/\/amigosdelantiguoegipto.com\/wp-content\/gallery\/saqqara-mastaba-de-ajtihotep-y-ptahhotep\/thumbs\/thumbs_mastaba_ajtihotep_ptahhotep_001-725.jpg\"\n               data-image-id=\"4338\"\n               data-title=\"mastaba_ajtihotep_ptahhotep_001-725\"\n               data-description=\"\"\n               data-image-slug=\"mastaba_ajtihotep_ptahhotep_001-725\"\n               class=\"ngg-fancybox\" rel=\"0915b38fbb22a896bbc128ecfaf54db7\">\n                <img\n                    title=\"mastaba_ajtihotep_ptahhotep_001-725\"\n                    alt=\"mastaba_ajtihotep_ptahhotep_001-725\"\n                    src=\"http:\/\/amigosdelantiguoegipto.com\/wp-content\/gallery\/saqqara-mastaba-de-ajtihotep-y-ptahhotep\/thumbs\/thumbs_mastaba_ajtihotep_ptahhotep_001-725.jpg\"\n                    width=\"120\"\n                    height=\"90\"\n                    style=\"max-width:100%;\"\n                \/>\n            <\/a>\n        <\/div>\n\t\t\t\t\t\t\t<\/div> \n\t\t\t\n        \n\t\t\t\t<div id=\"ngg-image-1\" class=\"ngg-gallery-thumbnail-box\" >\n\t\t\t\t        <div class=\"ngg-gallery-thumbnail\">\n            <a href=\"http:\/\/amigosdelantiguoegipto.com\/wp-content\/gallery\/saqqara-mastaba-de-ajtihotep-y-ptahhotep\/mastaba_ajtihotep_ptahhotep_002-728.jpg\"\n               title=\"\"\n               data-src=\"http:\/\/amigosdelantiguoegipto.com\/wp-content\/gallery\/saqqara-mastaba-de-ajtihotep-y-ptahhotep\/mastaba_ajtihotep_ptahhotep_002-728.jpg\"\n               data-thumbnail=\"http:\/\/amigosdelantiguoegipto.com\/wp-content\/gallery\/saqqara-mastaba-de-ajtihotep-y-ptahhotep\/thumbs\/thumbs_mastaba_ajtihotep_ptahhotep_002-728.jpg\"\n               data-image-id=\"4339\"\n               data-title=\"mastaba_ajtihotep_ptahhotep_002-728\"\n               data-description=\"\"\n               data-image-slug=\"mastaba_ajtihotep_ptahhotep_002-728\"\n               class=\"ngg-fancybox\" rel=\"0915b38fbb22a896bbc128ecfaf54db7\">\n                <img\n                    title=\"mastaba_ajtihotep_ptahhotep_002-728\"\n                    alt=\"mastaba_ajtihotep_ptahhotep_002-728\"\n                    src=\"http:\/\/amigosdelantiguoegipto.com\/wp-content\/gallery\/saqqara-mastaba-de-ajtihotep-y-ptahhotep\/thumbs\/thumbs_mastaba_ajtihotep_ptahhotep_002-728.jpg\"\n                    width=\"120\"\n                    height=\"90\"\n                    style=\"max-width:100%;\"\n                \/>\n            <\/a>\n        <\/div>\n\t\t\t\t\t\t\t<\/div> \n\t\t\t\n        \n\t\t\t\t<div id=\"ngg-image-2\" class=\"ngg-gallery-thumbnail-box\" >\n\t\t\t\t        <div class=\"ngg-gallery-thumbnail\">\n            <a href=\"http:\/\/amigosdelantiguoegipto.com\/wp-content\/gallery\/saqqara-mastaba-de-ajtihotep-y-ptahhotep\/mastaba_ajtihotep_ptahhotep_003-727.jpg\"\n               title=\"\"\n               data-src=\"http:\/\/amigosdelantiguoegipto.com\/wp-content\/gallery\/saqqara-mastaba-de-ajtihotep-y-ptahhotep\/mastaba_ajtihotep_ptahhotep_003-727.jpg\"\n               data-thumbnail=\"http:\/\/amigosdelantiguoegipto.com\/wp-content\/gallery\/saqqara-mastaba-de-ajtihotep-y-ptahhotep\/thumbs\/thumbs_mastaba_ajtihotep_ptahhotep_003-727.jpg\"\n               data-image-id=\"4340\"\n               data-title=\"mastaba_ajtihotep_ptahhotep_003-727\"\n               data-description=\"\"\n               data-image-slug=\"mastaba_ajtihotep_ptahhotep_003-727\"\n               class=\"ngg-fancybox\" rel=\"0915b38fbb22a896bbc128ecfaf54db7\">\n                <img\n                    title=\"mastaba_ajtihotep_ptahhotep_003-727\"\n                    alt=\"mastaba_ajtihotep_ptahhotep_003-727\"\n                    src=\"http:\/\/amigosdelantiguoegipto.com\/wp-content\/gallery\/saqqara-mastaba-de-ajtihotep-y-ptahhotep\/thumbs\/thumbs_mastaba_ajtihotep_ptahhotep_003-727.jpg\"\n                    width=\"120\"\n                    height=\"90\"\n                    style=\"max-width:100%;\"\n                \/>\n            <\/a>\n        <\/div>\n\t\t\t\t\t\t\t<\/div> \n\t\t\t\n        \n\t\t\t\t<div id=\"ngg-image-3\" class=\"ngg-gallery-thumbnail-box\" >\n\t\t\t\t        <div class=\"ngg-gallery-thumbnail\">\n            <a href=\"http:\/\/amigosdelantiguoegipto.com\/wp-content\/gallery\/saqqara-mastaba-de-ajtihotep-y-ptahhotep\/mastaba_ajtihotep_ptahhotep_004-726.jpg\"\n               title=\"\"\n               data-src=\"http:\/\/amigosdelantiguoegipto.com\/wp-content\/gallery\/saqqara-mastaba-de-ajtihotep-y-ptahhotep\/mastaba_ajtihotep_ptahhotep_004-726.jpg\"\n               data-thumbnail=\"http:\/\/amigosdelantiguoegipto.com\/wp-content\/gallery\/saqqara-mastaba-de-ajtihotep-y-ptahhotep\/thumbs\/thumbs_mastaba_ajtihotep_ptahhotep_004-726.jpg\"\n               data-image-id=\"4341\"\n               data-title=\"mastaba_ajtihotep_ptahhotep_004-726\"\n               data-description=\"\"\n               data-image-slug=\"mastaba_ajtihotep_ptahhotep_004-726\"\n               class=\"ngg-fancybox\" rel=\"0915b38fbb22a896bbc128ecfaf54db7\">\n                <img\n                    title=\"mastaba_ajtihotep_ptahhotep_004-726\"\n                    alt=\"mastaba_ajtihotep_ptahhotep_004-726\"\n                    src=\"http:\/\/amigosdelantiguoegipto.com\/wp-content\/gallery\/saqqara-mastaba-de-ajtihotep-y-ptahhotep\/thumbs\/thumbs_mastaba_ajtihotep_ptahhotep_004-726.jpg\"\n                    width=\"120\"\n                    height=\"90\"\n                    style=\"max-width:100%;\"\n                \/>\n            <\/a>\n        <\/div>\n\t\t\t\t\t\t\t<\/div> \n\t\t\t\n        \n\t\t\n\t\t<!-- Pagination -->\n\t<div class='ngg-clear'><\/div>\t<\/div>\n\n","protected":false},"excerpt":{"rendered":"<p>Saqqara Mastaba de Ajtihotep y Ptahhotep situada al oeste del Complejo Funerario de Dyeser. Ajtihotep, Jefe de Justicia y Visir, Director de la Ciudad de las Pir\u00e1mides e Inspector de los Profetas de las Pir\u00e1mides de Nyuserre, Menkauhor y Dyedkare, etc. Su hijo Ptahhotep (II) Jefe de Justicia y Visir, Inspector de los Profetas de las Pir\u00e1mides de Menkauhor y&#8230;<\/p>\n<p class=\"continue-reading-button\"> <a class=\"continue-reading-link\" href=\"http:\/\/amigosdelantiguoegipto.com\/?page_id=9135\">Seguir leyendo<i class=\"crycon-right-dir\"><\/i><\/a><\/p>\n","protected":false},"author":1,"featured_media":0,"parent":0,"menu_order":0,"comment_status":"closed","ping_status":"closed","template":"","meta":{"ngg_post_thumbnail":0},"_links":{"self":[{"href":"http:\/\/amigosdelantiguoegipto.com\/index.php?rest_route=\/wp\/v2\/pages\/9135"}],"collection":[{"href":"http:\/\/amigosdelantiguoegipto.com\/index.php?rest_route=\/wp\/v2\/pages"}],"about":[{"href":"http:\/\/amigosdelantiguoegipto.com\/index.php?rest_route=\/wp\/v2\/types\/page"}],"author":[{"embeddable":true,"href":"http:\/\/amigosdelantiguoegipto.com\/index.php?rest_route=\/wp\/v2\/users\/1"}],"replies":[{"embeddable":true,"href":"http:\/\/amigosdelantiguoegipto.com\/index.php?rest_route=%2Fwp%2Fv2%2Fcomments&post=9135"}],"version-history":[{"count":0,"href":"http:\/\/amigosdelantiguoegipto.com\/index.php?rest_route=\/wp\/v2\/pages\/9135\/revisions"}],"wp:attachment":[{"href":"http:\/\/amigosdelantiguoegipto.com\/index.php?rest_route=%2Fwp%2Fv2%2Fmedia&parent=9135"}],"curies":[{"name":"wp","href":"https:\/\/api.w.org\/{rel}","templated":true}]}}