{"id":9122,"date":"2014-06-30T10:43:09","date_gmt":"2014-06-30T10:43:09","guid":{"rendered":"http:\/\/amigosdelantiguoegipto.com\/?page_id=9122"},"modified":"2014-06-30T11:52:22","modified_gmt":"2014-06-30T11:52:22","slug":"mastaba-de-iy","status":"publish","type":"page","link":"http:\/\/amigosdelantiguoegipto.com\/?page_id=9122","title":{"rendered":"Mastaba de Iy"},"content":{"rendered":"<p style=\"text-align: justify;\"><a href=\"http:\/\/amigosdelantiguoegipto.com\/?p=9007\">Saqqara<\/a><\/p>\n<p style=\"text-align: justify;\">Mastaba de Iy situada al norte del Complejo Funerario de Unas, entre sus t\u00edtulos destacan los de: Encargado de la Pir\u00e1mide de Unis, Conocido del Rey en la Gran Casa, Sacerdote Lector, etc. Finales de la dinast\u00eda VI.<\/p>\n<p style=\"text-align: justify;\"><!-- index.php -->\n<div\n\tclass=\"ngg-galleryoverview\"\n\tid=\"ngg-gallery-c455d2ac888d3352609d7c4fdf209cb9-1\">\n\n    \t<div class=\"slideshowlink\">\n        <a href='http:\/\/amigosdelantiguoegipto.com\/index.php\/nggallery\/slideshow?page_id=9122'>Ver presentaci\u00f3n<\/a>\n\t\t\n\t<\/div>\n\t\t\t<!-- Thumbnails -->\n\t\t\t\t<div id=\"ngg-image-0\" class=\"ngg-gallery-thumbnail-box\" >\n\t\t\t\t        <div class=\"ngg-gallery-thumbnail\">\n            <a href=\"http:\/\/amigosdelantiguoegipto.com\/wp-content\/gallery\/saqqara-mastaba-de-iy\/mastaba_iy_001-715.jpg\"\n               title=\"\"\n               data-src=\"http:\/\/amigosdelantiguoegipto.com\/wp-content\/gallery\/saqqara-mastaba-de-iy\/mastaba_iy_001-715.jpg\"\n               data-thumbnail=\"http:\/\/amigosdelantiguoegipto.com\/wp-content\/gallery\/saqqara-mastaba-de-iy\/thumbs\/thumbs_mastaba_iy_001-715.jpg\"\n               data-image-id=\"4328\"\n               data-title=\"mastaba_iy_001-715\"\n               data-description=\"\"\n               data-image-slug=\"mastaba_iy_001-715\"\n               class=\"ngg-fancybox\" rel=\"c455d2ac888d3352609d7c4fdf209cb9\">\n                <img\n                    title=\"mastaba_iy_001-715\"\n                    alt=\"mastaba_iy_001-715\"\n                    src=\"http:\/\/amigosdelantiguoegipto.com\/wp-content\/gallery\/saqqara-mastaba-de-iy\/thumbs\/thumbs_mastaba_iy_001-715.jpg\"\n                    width=\"120\"\n                    height=\"90\"\n                    style=\"max-width:100%;\"\n                \/>\n            <\/a>\n        <\/div>\n\t\t\t\t\t\t\t<\/div> \n\t\t\t\n        \n\t\t\t\t<div id=\"ngg-image-1\" class=\"ngg-gallery-thumbnail-box\" >\n\t\t\t\t        <div class=\"ngg-gallery-thumbnail\">\n            <a href=\"http:\/\/amigosdelantiguoegipto.com\/wp-content\/gallery\/saqqara-mastaba-de-iy\/mastaba_iy_002-716.jpg\"\n               title=\"\"\n               data-src=\"http:\/\/amigosdelantiguoegipto.com\/wp-content\/gallery\/saqqara-mastaba-de-iy\/mastaba_iy_002-716.jpg\"\n               data-thumbnail=\"http:\/\/amigosdelantiguoegipto.com\/wp-content\/gallery\/saqqara-mastaba-de-iy\/thumbs\/thumbs_mastaba_iy_002-716.jpg\"\n               data-image-id=\"4329\"\n               data-title=\"mastaba_iy_002-716\"\n               data-description=\"\"\n               data-image-slug=\"mastaba_iy_002-716\"\n               class=\"ngg-fancybox\" rel=\"c455d2ac888d3352609d7c4fdf209cb9\">\n                <img\n                    title=\"mastaba_iy_002-716\"\n                    alt=\"mastaba_iy_002-716\"\n                    src=\"http:\/\/amigosdelantiguoegipto.com\/wp-content\/gallery\/saqqara-mastaba-de-iy\/thumbs\/thumbs_mastaba_iy_002-716.jpg\"\n                    width=\"120\"\n                    height=\"90\"\n                    style=\"max-width:100%;\"\n                \/>\n            <\/a>\n        <\/div>\n\t\t\t\t\t\t\t<\/div> \n\t\t\t\n        \n\t\t\t\t<div id=\"ngg-image-2\" class=\"ngg-gallery-thumbnail-box\" >\n\t\t\t\t        <div class=\"ngg-gallery-thumbnail\">\n            <a href=\"http:\/\/amigosdelantiguoegipto.com\/wp-content\/gallery\/saqqara-mastaba-de-iy\/mastaba_iy_003-717.jpg\"\n               title=\"\"\n               data-src=\"http:\/\/amigosdelantiguoegipto.com\/wp-content\/gallery\/saqqara-mastaba-de-iy\/mastaba_iy_003-717.jpg\"\n               data-thumbnail=\"http:\/\/amigosdelantiguoegipto.com\/wp-content\/gallery\/saqqara-mastaba-de-iy\/thumbs\/thumbs_mastaba_iy_003-717.jpg\"\n               data-image-id=\"4330\"\n               data-title=\"mastaba_iy_003-717\"\n               data-description=\"\"\n               data-image-slug=\"mastaba_iy_003-717\"\n               class=\"ngg-fancybox\" rel=\"c455d2ac888d3352609d7c4fdf209cb9\">\n                <img\n                    title=\"mastaba_iy_003-717\"\n                    alt=\"mastaba_iy_003-717\"\n                    src=\"http:\/\/amigosdelantiguoegipto.com\/wp-content\/gallery\/saqqara-mastaba-de-iy\/thumbs\/thumbs_mastaba_iy_003-717.jpg\"\n                    width=\"120\"\n                    height=\"90\"\n                    style=\"max-width:100%;\"\n                \/>\n            <\/a>\n        <\/div>\n\t\t\t\t\t\t\t<\/div> \n\t\t\t\n        \n\t\t\n\t\t<!-- Pagination -->\n\t<div class='ngg-clear'><\/div>\t<\/div>\n<\/p>\n","protected":false},"excerpt":{"rendered":"<p>Saqqara Mastaba de Iy situada al norte del Complejo Funerario de Unas, entre sus t\u00edtulos destacan los de: Encargado de la Pir\u00e1mide de Unis, Conocido del Rey en la Gran Casa, Sacerdote Lector, etc. Finales de la dinast\u00eda VI.<\/p>\n<p class=\"continue-reading-button\"> <a class=\"continue-reading-link\" href=\"http:\/\/amigosdelantiguoegipto.com\/?page_id=9122\">Seguir leyendo<i class=\"crycon-right-dir\"><\/i><\/a><\/p>\n","protected":false},"author":1,"featured_media":0,"parent":0,"menu_order":0,"comment_status":"closed","ping_status":"closed","template":"","meta":{"ngg_post_thumbnail":0},"_links":{"self":[{"href":"http:\/\/amigosdelantiguoegipto.com\/index.php?rest_route=\/wp\/v2\/pages\/9122"}],"collection":[{"href":"http:\/\/amigosdelantiguoegipto.com\/index.php?rest_route=\/wp\/v2\/pages"}],"about":[{"href":"http:\/\/amigosdelantiguoegipto.com\/index.php?rest_route=\/wp\/v2\/types\/page"}],"author":[{"embeddable":true,"href":"http:\/\/amigosdelantiguoegipto.com\/index.php?rest_route=\/wp\/v2\/users\/1"}],"replies":[{"embeddable":true,"href":"http:\/\/amigosdelantiguoegipto.com\/index.php?rest_route=%2Fwp%2Fv2%2Fcomments&post=9122"}],"version-history":[{"count":0,"href":"http:\/\/amigosdelantiguoegipto.com\/index.php?rest_route=\/wp\/v2\/pages\/9122\/revisions"}],"wp:attachment":[{"href":"http:\/\/amigosdelantiguoegipto.com\/index.php?rest_route=%2Fwp%2Fv2%2Fmedia&parent=9122"}],"curies":[{"name":"wp","href":"https:\/\/api.w.org\/{rel}","templated":true}]}}