{"id":9107,"date":"2014-06-30T10:42:05","date_gmt":"2014-06-30T10:42:05","guid":{"rendered":"http:\/\/amigosdelantiguoegipto.com\/?page_id=9107"},"modified":"2014-06-30T11:52:14","modified_gmt":"2014-06-30T11:52:14","slug":"complejo-funerario-de-userkaf","status":"publish","type":"page","link":"http:\/\/amigosdelantiguoegipto.com\/?page_id=9107","title":{"rendered":"Complejo Funerario de Userkaf"},"content":{"rendered":"<p style=\"text-align: justify;\"><a href=\"http:\/\/amigosdelantiguoegipto.com\/?p=9007\">Saqqara<\/a><\/p>\n<p style=\"text-align: justify;\">Userkaf, el primer rey de la V dinast\u00eda, regres\u00f3 a Saqqara y construy\u00f3 su pir\u00e1mide m\u00e1s all\u00e1 de la pared occidental del recinto de la pir\u00e1mide escalonada, en su extremo norte. El situar la pir\u00e1mide en este emplazamiento, posiblemente tuvo que excavar parte del foso de la pir\u00e1mide escalonada. Los complejos de pir\u00e1mide de la V dinast\u00eda en Saqqara requieren que se acceda a ellos por el suelo del valle a trav\u00e9s de una calzada.<\/p>\n<p style=\"text-align: justify;\">Es la primera pir\u00e1mide de la V Dinast\u00eda. Construida con un n\u00facleo interior de peque\u00f1as piedras y recubierto de bloques de caliza de Tura, actualmente perdido. Por primera vez, en este tipo de complejos funerarios con pir\u00e1mide, se construye un templo solar, aunque alejado de \u00e9l unos 5 Km y situado sobre un mont\u00edculo. La incorporaci\u00f3n del templo solar fue imitada por los faraones de la V Dinast\u00eda y consiste b\u00e1sicamente en un patio abierto con un altar y alto pedestal sobre el que se levantaba un m\u00e1stil con un disco.<\/p>\n<!-- index.php -->\n<div\n\tclass=\"ngg-galleryoverview\"\n\tid=\"ngg-gallery-ea3c969834e317d50bc463d2027b5c80-1\">\n\n    \t<div class=\"slideshowlink\">\n        <a href='http:\/\/amigosdelantiguoegipto.com\/index.php\/nggallery\/slideshow?page_id=9107'>Ver presentaci\u00f3n<\/a>\n\t\t\n\t<\/div>\n\t\t\t<!-- Thumbnails -->\n\t\t\t\t<div id=\"ngg-image-0\" class=\"ngg-gallery-thumbnail-box\" >\n\t\t\t\t        <div class=\"ngg-gallery-thumbnail\">\n            <a href=\"http:\/\/amigosdelantiguoegipto.com\/wp-content\/gallery\/saqqara-complejo-funerario-de-userkaf\/complejo_funerario_userkaf_001-714.jpg\"\n               title=\"\"\n               data-src=\"http:\/\/amigosdelantiguoegipto.com\/wp-content\/gallery\/saqqara-complejo-funerario-de-userkaf\/complejo_funerario_userkaf_001-714.jpg\"\n               data-thumbnail=\"http:\/\/amigosdelantiguoegipto.com\/wp-content\/gallery\/saqqara-complejo-funerario-de-userkaf\/thumbs\/thumbs_complejo_funerario_userkaf_001-714.jpg\"\n               data-image-id=\"4327\"\n               data-title=\"complejo_funerario_userkaf_001-714\"\n               data-description=\"\"\n               data-image-slug=\"complejo_funerario_userkaf_001-714\"\n               class=\"ngg-fancybox\" rel=\"ea3c969834e317d50bc463d2027b5c80\">\n                <img\n                    title=\"complejo_funerario_userkaf_001-714\"\n                    alt=\"complejo_funerario_userkaf_001-714\"\n                    src=\"http:\/\/amigosdelantiguoegipto.com\/wp-content\/gallery\/saqqara-complejo-funerario-de-userkaf\/thumbs\/thumbs_complejo_funerario_userkaf_001-714.jpg\"\n                    width=\"120\"\n                    height=\"90\"\n                    style=\"max-width:100%;\"\n                \/>\n            <\/a>\n        <\/div>\n\t\t\t\t\t\t\t<\/div> \n\t\t\t\n        \n\t\t\n\t\t<!-- Pagination -->\n\t<div class='ngg-clear'><\/div>\t<\/div>\n\n","protected":false},"excerpt":{"rendered":"<p>Saqqara Userkaf, el primer rey de la V dinast\u00eda, regres\u00f3 a Saqqara y construy\u00f3 su pir\u00e1mide m\u00e1s all\u00e1 de la pared occidental del recinto de la pir\u00e1mide escalonada, en su extremo norte. El situar la pir\u00e1mide en este emplazamiento, posiblemente tuvo que excavar parte del foso de la pir\u00e1mide escalonada. Los complejos de pir\u00e1mide de la V dinast\u00eda en Saqqara&#8230;<\/p>\n<p class=\"continue-reading-button\"> <a class=\"continue-reading-link\" href=\"http:\/\/amigosdelantiguoegipto.com\/?page_id=9107\">Seguir leyendo<i class=\"crycon-right-dir\"><\/i><\/a><\/p>\n","protected":false},"author":1,"featured_media":0,"parent":0,"menu_order":0,"comment_status":"closed","ping_status":"closed","template":"","meta":{"ngg_post_thumbnail":0},"_links":{"self":[{"href":"http:\/\/amigosdelantiguoegipto.com\/index.php?rest_route=\/wp\/v2\/pages\/9107"}],"collection":[{"href":"http:\/\/amigosdelantiguoegipto.com\/index.php?rest_route=\/wp\/v2\/pages"}],"about":[{"href":"http:\/\/amigosdelantiguoegipto.com\/index.php?rest_route=\/wp\/v2\/types\/page"}],"author":[{"embeddable":true,"href":"http:\/\/amigosdelantiguoegipto.com\/index.php?rest_route=\/wp\/v2\/users\/1"}],"replies":[{"embeddable":true,"href":"http:\/\/amigosdelantiguoegipto.com\/index.php?rest_route=%2Fwp%2Fv2%2Fcomments&post=9107"}],"version-history":[{"count":0,"href":"http:\/\/amigosdelantiguoegipto.com\/index.php?rest_route=\/wp\/v2\/pages\/9107\/revisions"}],"wp:attachment":[{"href":"http:\/\/amigosdelantiguoegipto.com\/index.php?rest_route=%2Fwp%2Fv2%2Fmedia&parent=9107"}],"curies":[{"name":"wp","href":"https:\/\/api.w.org\/{rel}","templated":true}]}}