{"id":9042,"date":"2014-06-30T10:29:25","date_gmt":"2014-06-30T10:29:25","guid":{"rendered":"http:\/\/amigosdelantiguoegipto.com\/?page_id=9042"},"modified":"2014-06-30T11:51:29","modified_gmt":"2014-06-30T11:51:29","slug":"complejo-funerario-de-unas","status":"publish","type":"page","link":"http:\/\/amigosdelantiguoegipto.com\/?page_id=9042","title":{"rendered":"Complejo Funerario de Unas"},"content":{"rendered":"<p style=\"text-align: justify;\"><a href=\"http:\/\/amigosdelantiguoegipto.com\/?p=9007\">Saqqara<\/a><\/p>\n<p style=\"text-align: justify;\">Unas construy\u00f3 su pir\u00e1mide cerca del recinto de la pir\u00e1mide escalonada, en el extremo oeste del lado sur, en un lugar elegido con sumo cuidado para poder construir una calzada extremadamente larga que permitiera llegar a la llanura inundada. Corr\u00eda a trav\u00e9s de un wadi menor a otro de lagos naturales a lo largo del margen del desierto.<\/p>\n<p style=\"text-align: justify;\">Es la \u00faltima pir\u00e1mide de la V Dinast\u00eda (algunos autores lo sit\u00faan como el primero de la VI) y tambi\u00e9n una de las pir\u00e1mides reales m\u00e1s peque\u00f1as, a pesar del largo reinado de Unas. Construida con un n\u00facleo interior escalonado y recubierto de bloques de caliza, actualmente perdido, formando una pir\u00e1mide de caras lisas. Su entrada se encuentra en el suelo, ocultada por una capilla. Por primera vez aparecen textos jerogl\u00edficos en el interior de las c\u00e1maras, los llamados Textos de las Pir\u00e1mides.<\/p>\n<p style=\"text-align: justify;\"><!-- index.php -->\n<div\n\tclass=\"ngg-galleryoverview\"\n\tid=\"ngg-gallery-7452f42fa9ef05f561b4d934d7926fbb-1\">\n\n    \t<div class=\"slideshowlink\">\n        <a href='http:\/\/amigosdelantiguoegipto.com\/index.php\/nggallery\/slideshow?page_id=9042'>Ver presentaci\u00f3n<\/a>\n\t\t\n\t<\/div>\n\t\t\t<!-- Thumbnails -->\n\t\t\t\t<div id=\"ngg-image-0\" class=\"ngg-gallery-thumbnail-box\" >\n\t\t\t\t        <div class=\"ngg-gallery-thumbnail\">\n            <a href=\"http:\/\/amigosdelantiguoegipto.com\/wp-content\/gallery\/saqqara-complejo-funerario-de-unas\/complejo_funerario_unas_001-711.jpg\"\n               title=\"\"\n               data-src=\"http:\/\/amigosdelantiguoegipto.com\/wp-content\/gallery\/saqqara-complejo-funerario-de-unas\/complejo_funerario_unas_001-711.jpg\"\n               data-thumbnail=\"http:\/\/amigosdelantiguoegipto.com\/wp-content\/gallery\/saqqara-complejo-funerario-de-unas\/thumbs\/thumbs_complejo_funerario_unas_001-711.jpg\"\n               data-image-id=\"4318\"\n               data-title=\"complejo_funerario_unas_001-711\"\n               data-description=\"\"\n               data-image-slug=\"complejo_funerario_unas_001-711\"\n               class=\"ngg-fancybox\" rel=\"7452f42fa9ef05f561b4d934d7926fbb\">\n                <img\n                    title=\"complejo_funerario_unas_001-711\"\n                    alt=\"complejo_funerario_unas_001-711\"\n                    src=\"http:\/\/amigosdelantiguoegipto.com\/wp-content\/gallery\/saqqara-complejo-funerario-de-unas\/thumbs\/thumbs_complejo_funerario_unas_001-711.jpg\"\n                    width=\"120\"\n                    height=\"90\"\n                    style=\"max-width:100%;\"\n                \/>\n            <\/a>\n        <\/div>\n\t\t\t\t\t\t\t<\/div> \n\t\t\t\n        \n\t\t\t\t<div id=\"ngg-image-1\" class=\"ngg-gallery-thumbnail-box\" >\n\t\t\t\t        <div class=\"ngg-gallery-thumbnail\">\n            <a href=\"http:\/\/amigosdelantiguoegipto.com\/wp-content\/gallery\/saqqara-complejo-funerario-de-unas\/complejo_funerario_unas_002-708.jpg\"\n               title=\"\"\n               data-src=\"http:\/\/amigosdelantiguoegipto.com\/wp-content\/gallery\/saqqara-complejo-funerario-de-unas\/complejo_funerario_unas_002-708.jpg\"\n               data-thumbnail=\"http:\/\/amigosdelantiguoegipto.com\/wp-content\/gallery\/saqqara-complejo-funerario-de-unas\/thumbs\/thumbs_complejo_funerario_unas_002-708.jpg\"\n               data-image-id=\"4319\"\n               data-title=\"complejo_funerario_unas_002-708\"\n               data-description=\"\"\n               data-image-slug=\"complejo_funerario_unas_002-708\"\n               class=\"ngg-fancybox\" rel=\"7452f42fa9ef05f561b4d934d7926fbb\">\n                <img\n                    title=\"complejo_funerario_unas_002-708\"\n                    alt=\"complejo_funerario_unas_002-708\"\n                    src=\"http:\/\/amigosdelantiguoegipto.com\/wp-content\/gallery\/saqqara-complejo-funerario-de-unas\/thumbs\/thumbs_complejo_funerario_unas_002-708.jpg\"\n                    width=\"120\"\n                    height=\"90\"\n                    style=\"max-width:100%;\"\n                \/>\n            <\/a>\n        <\/div>\n\t\t\t\t\t\t\t<\/div> \n\t\t\t\n        \n\t\t\t\t<div id=\"ngg-image-2\" class=\"ngg-gallery-thumbnail-box\" >\n\t\t\t\t        <div class=\"ngg-gallery-thumbnail\">\n            <a href=\"http:\/\/amigosdelantiguoegipto.com\/wp-content\/gallery\/saqqara-complejo-funerario-de-unas\/complejo_funerario_unas_003-713.jpg\"\n               title=\"\"\n               data-src=\"http:\/\/amigosdelantiguoegipto.com\/wp-content\/gallery\/saqqara-complejo-funerario-de-unas\/complejo_funerario_unas_003-713.jpg\"\n               data-thumbnail=\"http:\/\/amigosdelantiguoegipto.com\/wp-content\/gallery\/saqqara-complejo-funerario-de-unas\/thumbs\/thumbs_complejo_funerario_unas_003-713.jpg\"\n               data-image-id=\"4320\"\n               data-title=\"complejo_funerario_unas_003-713\"\n               data-description=\"\"\n               data-image-slug=\"complejo_funerario_unas_003-713\"\n               class=\"ngg-fancybox\" rel=\"7452f42fa9ef05f561b4d934d7926fbb\">\n                <img\n                    title=\"complejo_funerario_unas_003-713\"\n                    alt=\"complejo_funerario_unas_003-713\"\n                    src=\"http:\/\/amigosdelantiguoegipto.com\/wp-content\/gallery\/saqqara-complejo-funerario-de-unas\/thumbs\/thumbs_complejo_funerario_unas_003-713.jpg\"\n                    width=\"120\"\n                    height=\"90\"\n                    style=\"max-width:100%;\"\n                \/>\n            <\/a>\n        <\/div>\n\t\t\t\t\t\t\t<\/div> \n\t\t\t\n        \n\t\t\t\t<div id=\"ngg-image-3\" class=\"ngg-gallery-thumbnail-box\" >\n\t\t\t\t        <div class=\"ngg-gallery-thumbnail\">\n            <a href=\"http:\/\/amigosdelantiguoegipto.com\/wp-content\/gallery\/saqqara-complejo-funerario-de-unas\/complejo_funerario_unas_004-709.jpg\"\n               title=\"\"\n               data-src=\"http:\/\/amigosdelantiguoegipto.com\/wp-content\/gallery\/saqqara-complejo-funerario-de-unas\/complejo_funerario_unas_004-709.jpg\"\n               data-thumbnail=\"http:\/\/amigosdelantiguoegipto.com\/wp-content\/gallery\/saqqara-complejo-funerario-de-unas\/thumbs\/thumbs_complejo_funerario_unas_004-709.jpg\"\n               data-image-id=\"4321\"\n               data-title=\"complejo_funerario_unas_004-709\"\n               data-description=\"\"\n               data-image-slug=\"complejo_funerario_unas_004-709\"\n               class=\"ngg-fancybox\" rel=\"7452f42fa9ef05f561b4d934d7926fbb\">\n                <img\n                    title=\"complejo_funerario_unas_004-709\"\n                    alt=\"complejo_funerario_unas_004-709\"\n                    src=\"http:\/\/amigosdelantiguoegipto.com\/wp-content\/gallery\/saqqara-complejo-funerario-de-unas\/thumbs\/thumbs_complejo_funerario_unas_004-709.jpg\"\n                    width=\"120\"\n                    height=\"90\"\n                    style=\"max-width:100%;\"\n                \/>\n            <\/a>\n        <\/div>\n\t\t\t\t\t\t\t<\/div> \n\t\t\t\n        \n\t\t\t\t<div id=\"ngg-image-4\" class=\"ngg-gallery-thumbnail-box\" >\n\t\t\t\t        <div class=\"ngg-gallery-thumbnail\">\n            <a href=\"http:\/\/amigosdelantiguoegipto.com\/wp-content\/gallery\/saqqara-complejo-funerario-de-unas\/complejo_funerario_unas_005-707.jpg\"\n               title=\"\"\n               data-src=\"http:\/\/amigosdelantiguoegipto.com\/wp-content\/gallery\/saqqara-complejo-funerario-de-unas\/complejo_funerario_unas_005-707.jpg\"\n               data-thumbnail=\"http:\/\/amigosdelantiguoegipto.com\/wp-content\/gallery\/saqqara-complejo-funerario-de-unas\/thumbs\/thumbs_complejo_funerario_unas_005-707.jpg\"\n               data-image-id=\"4322\"\n               data-title=\"complejo_funerario_unas_005-707\"\n               data-description=\"\"\n               data-image-slug=\"complejo_funerario_unas_005-707\"\n               class=\"ngg-fancybox\" rel=\"7452f42fa9ef05f561b4d934d7926fbb\">\n                <img\n                    title=\"complejo_funerario_unas_005-707\"\n                    alt=\"complejo_funerario_unas_005-707\"\n                    src=\"http:\/\/amigosdelantiguoegipto.com\/wp-content\/gallery\/saqqara-complejo-funerario-de-unas\/thumbs\/thumbs_complejo_funerario_unas_005-707.jpg\"\n                    width=\"120\"\n                    height=\"90\"\n                    style=\"max-width:100%;\"\n                \/>\n            <\/a>\n        <\/div>\n\t\t\t\t\t\t\t<\/div> \n\t\t\t\n        \n\t\t\t\t<div id=\"ngg-image-5\" class=\"ngg-gallery-thumbnail-box\" >\n\t\t\t\t        <div class=\"ngg-gallery-thumbnail\">\n            <a href=\"http:\/\/amigosdelantiguoegipto.com\/wp-content\/gallery\/saqqara-complejo-funerario-de-unas\/complejo_funerario_unas_006-706.jpg\"\n               title=\"\"\n               data-src=\"http:\/\/amigosdelantiguoegipto.com\/wp-content\/gallery\/saqqara-complejo-funerario-de-unas\/complejo_funerario_unas_006-706.jpg\"\n               data-thumbnail=\"http:\/\/amigosdelantiguoegipto.com\/wp-content\/gallery\/saqqara-complejo-funerario-de-unas\/thumbs\/thumbs_complejo_funerario_unas_006-706.jpg\"\n               data-image-id=\"4323\"\n               data-title=\"complejo_funerario_unas_006-706\"\n               data-description=\"\"\n               data-image-slug=\"complejo_funerario_unas_006-706\"\n               class=\"ngg-fancybox\" rel=\"7452f42fa9ef05f561b4d934d7926fbb\">\n                <img\n                    title=\"complejo_funerario_unas_006-706\"\n                    alt=\"complejo_funerario_unas_006-706\"\n                    src=\"http:\/\/amigosdelantiguoegipto.com\/wp-content\/gallery\/saqqara-complejo-funerario-de-unas\/thumbs\/thumbs_complejo_funerario_unas_006-706.jpg\"\n                    width=\"120\"\n                    height=\"90\"\n                    style=\"max-width:100%;\"\n                \/>\n            <\/a>\n        <\/div>\n\t\t\t\t\t\t\t<\/div> \n\t\t\t\n        \n\t\t\t\t<div id=\"ngg-image-6\" class=\"ngg-gallery-thumbnail-box\" >\n\t\t\t\t        <div class=\"ngg-gallery-thumbnail\">\n            <a href=\"http:\/\/amigosdelantiguoegipto.com\/wp-content\/gallery\/saqqara-complejo-funerario-de-unas\/complejo_funerario_unas_007-705.jpg\"\n               title=\"\"\n               data-src=\"http:\/\/amigosdelantiguoegipto.com\/wp-content\/gallery\/saqqara-complejo-funerario-de-unas\/complejo_funerario_unas_007-705.jpg\"\n               data-thumbnail=\"http:\/\/amigosdelantiguoegipto.com\/wp-content\/gallery\/saqqara-complejo-funerario-de-unas\/thumbs\/thumbs_complejo_funerario_unas_007-705.jpg\"\n               data-image-id=\"4324\"\n               data-title=\"complejo_funerario_unas_007-705\"\n               data-description=\"\"\n               data-image-slug=\"complejo_funerario_unas_007-705\"\n               class=\"ngg-fancybox\" rel=\"7452f42fa9ef05f561b4d934d7926fbb\">\n                <img\n                    title=\"complejo_funerario_unas_007-705\"\n                    alt=\"complejo_funerario_unas_007-705\"\n                    src=\"http:\/\/amigosdelantiguoegipto.com\/wp-content\/gallery\/saqqara-complejo-funerario-de-unas\/thumbs\/thumbs_complejo_funerario_unas_007-705.jpg\"\n                    width=\"120\"\n                    height=\"90\"\n                    style=\"max-width:100%;\"\n                \/>\n            <\/a>\n        <\/div>\n\t\t\t\t\t\t\t<\/div> \n\t\t\t\n        \n\t\t\t\t<div id=\"ngg-image-7\" class=\"ngg-gallery-thumbnail-box\" >\n\t\t\t\t        <div class=\"ngg-gallery-thumbnail\">\n            <a href=\"http:\/\/amigosdelantiguoegipto.com\/wp-content\/gallery\/saqqara-complejo-funerario-de-unas\/complejo_funerario_unas_008-712.jpg\"\n               title=\"\"\n               data-src=\"http:\/\/amigosdelantiguoegipto.com\/wp-content\/gallery\/saqqara-complejo-funerario-de-unas\/complejo_funerario_unas_008-712.jpg\"\n               data-thumbnail=\"http:\/\/amigosdelantiguoegipto.com\/wp-content\/gallery\/saqqara-complejo-funerario-de-unas\/thumbs\/thumbs_complejo_funerario_unas_008-712.jpg\"\n               data-image-id=\"4325\"\n               data-title=\"complejo_funerario_unas_008-712\"\n               data-description=\"\"\n               data-image-slug=\"complejo_funerario_unas_008-712\"\n               class=\"ngg-fancybox\" rel=\"7452f42fa9ef05f561b4d934d7926fbb\">\n                <img\n                    title=\"complejo_funerario_unas_008-712\"\n                    alt=\"complejo_funerario_unas_008-712\"\n                    src=\"http:\/\/amigosdelantiguoegipto.com\/wp-content\/gallery\/saqqara-complejo-funerario-de-unas\/thumbs\/thumbs_complejo_funerario_unas_008-712.jpg\"\n                    width=\"120\"\n                    height=\"90\"\n                    style=\"max-width:100%;\"\n                \/>\n            <\/a>\n        <\/div>\n\t\t\t\t\t\t\t<\/div> \n\t\t\t\n        \n\t\t\t\t<div id=\"ngg-image-8\" class=\"ngg-gallery-thumbnail-box\" >\n\t\t\t\t        <div class=\"ngg-gallery-thumbnail\">\n            <a href=\"http:\/\/amigosdelantiguoegipto.com\/wp-content\/gallery\/saqqara-complejo-funerario-de-unas\/complejo_funerario_unas_009-710.jpg\"\n               title=\"\"\n               data-src=\"http:\/\/amigosdelantiguoegipto.com\/wp-content\/gallery\/saqqara-complejo-funerario-de-unas\/complejo_funerario_unas_009-710.jpg\"\n               data-thumbnail=\"http:\/\/amigosdelantiguoegipto.com\/wp-content\/gallery\/saqqara-complejo-funerario-de-unas\/thumbs\/thumbs_complejo_funerario_unas_009-710.jpg\"\n               data-image-id=\"4326\"\n               data-title=\"complejo_funerario_unas_009-710\"\n               data-description=\"\"\n               data-image-slug=\"complejo_funerario_unas_009-710\"\n               class=\"ngg-fancybox\" rel=\"7452f42fa9ef05f561b4d934d7926fbb\">\n                <img\n                    title=\"complejo_funerario_unas_009-710\"\n                    alt=\"complejo_funerario_unas_009-710\"\n                    src=\"http:\/\/amigosdelantiguoegipto.com\/wp-content\/gallery\/saqqara-complejo-funerario-de-unas\/thumbs\/thumbs_complejo_funerario_unas_009-710.jpg\"\n                    width=\"120\"\n                    height=\"90\"\n                    style=\"max-width:100%;\"\n                \/>\n            <\/a>\n        <\/div>\n\t\t\t\t\t\t\t<\/div> \n\t\t\t\n        \n\t\t\n\t\t<!-- Pagination -->\n\t<div class='ngg-clear'><\/div>\t<\/div>\n<\/p>\n<p style=\"text-align: justify;\">\n","protected":false},"excerpt":{"rendered":"<p>Saqqara Unas construy\u00f3 su pir\u00e1mide cerca del recinto de la pir\u00e1mide escalonada, en el extremo oeste del lado sur, en un lugar elegido con sumo cuidado para poder construir una calzada extremadamente larga que permitiera llegar a la llanura inundada. Corr\u00eda a trav\u00e9s de un wadi menor a otro de lagos naturales a lo largo del margen del desierto. Es&#8230;<\/p>\n<p class=\"continue-reading-button\"> <a class=\"continue-reading-link\" href=\"http:\/\/amigosdelantiguoegipto.com\/?page_id=9042\">Seguir leyendo<i class=\"crycon-right-dir\"><\/i><\/a><\/p>\n","protected":false},"author":1,"featured_media":0,"parent":0,"menu_order":0,"comment_status":"closed","ping_status":"closed","template":"","meta":{"ngg_post_thumbnail":0},"_links":{"self":[{"href":"http:\/\/amigosdelantiguoegipto.com\/index.php?rest_route=\/wp\/v2\/pages\/9042"}],"collection":[{"href":"http:\/\/amigosdelantiguoegipto.com\/index.php?rest_route=\/wp\/v2\/pages"}],"about":[{"href":"http:\/\/amigosdelantiguoegipto.com\/index.php?rest_route=\/wp\/v2\/types\/page"}],"author":[{"embeddable":true,"href":"http:\/\/amigosdelantiguoegipto.com\/index.php?rest_route=\/wp\/v2\/users\/1"}],"replies":[{"embeddable":true,"href":"http:\/\/amigosdelantiguoegipto.com\/index.php?rest_route=%2Fwp%2Fv2%2Fcomments&post=9042"}],"version-history":[{"count":0,"href":"http:\/\/amigosdelantiguoegipto.com\/index.php?rest_route=\/wp\/v2\/pages\/9042\/revisions"}],"wp:attachment":[{"href":"http:\/\/amigosdelantiguoegipto.com\/index.php?rest_route=%2Fwp%2Fv2%2Fmedia&parent=9042"}],"curies":[{"name":"wp","href":"https:\/\/api.w.org\/{rel}","templated":true}]}}