{"id":8871,"date":"2001-03-25T01:00:00","date_gmt":"2001-03-25T01:00:00","guid":{"rendered":"http:\/\/amigosdelantiguoegipto.com\/la-tumba-de-tutankhamon\/"},"modified":"2014-06-30T08:59:35","modified_gmt":"2014-06-30T08:59:35","slug":"la-tumba-de-tutankhamon","status":"publish","type":"page","link":"http:\/\/amigosdelantiguoegipto.com\/?page_id=8871","title":{"rendered":"La tumba de Tutankhamon"},"content":{"rendered":"<p style=\"text-align: left;\"><a href=\"http:\/\/amigosdelantiguoegipto.com\/?p=8954\">Faraones<\/a><\/p>\n<p style=\"text-align: right;\">Cristina Carracedo &#8211; Marzo de 2001<\/p>\n<p style=\"text-align: justify;\">El hallazgo de la tumba de Tutankhamon fue un hecho muy importante en la egiptolog\u00eda, ya que fue la \u00fanica tumba de un fara\u00f3n que se encontr\u00f3 intacta.<\/p>\n<p class=\"img\"><img decoding=\"async\" loading=\"lazy\" class=\" size-full wp-image-10 aligncenter\" title=\"La tumba de Tutankhamon\" src=\"http:\/\/amigosdelantiguoegipto.com\/wp-content\/uploads\/2001\/03\/tumba-tut-01.jpg\" alt=\"La tumba de Tutankhamon\" width=\"232\" height=\"208\" align=\"middle\" border=\"0\" hspace=\"6\" \/><\/p>\n<p style=\"text-align: justify;\">Nadie anteriormente, salvo Howard Carter, hab\u00eda entrado en la tumba. \u00bfOs pod\u00e9is imaginar lo que supuso eso? \u00bfC\u00f3mo se sentir\u00eda el equipo arqueol\u00f3gico que le acompa\u00f1aba en aquel momento? \u00a1M\u00e1s de 3000 a\u00f1os cerrada!<\/p>\n<p class=\"img\"><img decoding=\"async\" loading=\"lazy\" class=\" size-full wp-image-11 aligncenter\" title=\"La tumba de Tutankhamon\" src=\"http:\/\/amigosdelantiguoegipto.com\/wp-content\/uploads\/2001\/03\/tumba-tut-02.jpg\" alt=\"La tumba de Tutankhamon\" width=\"227\" height=\"375\" align=\"middle\" border=\"0\" hspace=\"6\" \/><\/p>\n<p style=\"text-align: justify;\">El 26 de noviembre de 1922, Carter y Lord Carnarvon, director de la excavaci\u00f3n, abren por primera vez la tumba de \u00e9ste fara\u00f3n entonces desconocido. Carter permanec\u00eda en silencio, y Carnarvon le pregunt\u00f3: &#8211; &#8220;<em>\u00bfVe algo?<\/em>&#8220;. Y la respuesta de Carter, que observaba emocionado fue: &#8211; <em>&#8220;S\u00ed, cosas maravillosas&#8221;<\/em>.<\/p>\n<p style=\"text-align: justify;\">Y fue de este modo c\u00f3mo hallaron el tesoro mejor guardado del Antiguo Egipto. Su tumba, a pesar de ser peque\u00f1a y sencilla, estaba repleta de riquezas asombrosas. El ajuar funerario de Tutankhamon constituye uno de los grandes tesoros arqueol\u00f3gicos de la Antig\u00fcedad.<\/p>\n<p class=\"img\"><img decoding=\"async\" loading=\"lazy\" class=\" size-full wp-image-12 aligncenter\" title=\"La tumba de Tutankhamon\" src=\"http:\/\/amigosdelantiguoegipto.com\/wp-content\/uploads\/2001\/03\/tumba-tut-03.jpg\" alt=\"La tumba de Tutankhamon\" width=\"222\" height=\"350\" align=\"middle\" border=\"0\" hspace=\"6\" \/><\/p>\n<p style=\"text-align: justify;\">La primera parte a la que accedieron fue la Antec\u00e1mara. Estaba muy desordenada por culpa de los ladrones que hab\u00edan intentado saquear la tumba, pero los guardianes de la necr\u00f3polis la volvieron a sellar. En su interior, ante la c\u00e1mara funeraria sellada, se encontraron dos estatuas de tama\u00f1o natural del fara\u00f3n, de madera recubierta con resina negra y l\u00e1minas de oro. Tambi\u00e9n multitud de objetos personales de gran riqueza: cofres, sillas y tronos de gran valor, un lecho funerario con forma de le\u00f3n, otro con la cabeza de vaca de la diosa Hator, vasijas de alabastro, carros reales desmontados, otro lecho con la cabeza de hipop\u00f3tamo de la diosa Tueris, etc. El inventario de esta antec\u00e1mara es muy amplio y valioso.<\/p>\n<table border=\"0\" align=\"center\">\n<tbody>\n<tr>\n<td bgcolor=\"#000000\"><img decoding=\"async\" loading=\"lazy\" class=\" size-full wp-image-13 aligncenter\" title=\"La tumba de Tutankhamon\" src=\"http:\/\/amigosdelantiguoegipto.com\/wp-content\/uploads\/2001\/03\/tumba-tut-04.jpg\" alt=\"La tumba de Tutankhamon\" width=\"200\" height=\"191\" align=\"middle\" border=\"0\" hspace=\"6\" \/><\/td>\n<td><img decoding=\"async\" loading=\"lazy\" class=\" size-full wp-image-14 aligncenter\" title=\"La tumba de Tutankhamon\" src=\"http:\/\/amigosdelantiguoegipto.com\/wp-content\/uploads\/2001\/03\/tumba-tut-05.jpg\" alt=\"La tumba de Tutankhamon\" width=\"163\" height=\"210\" align=\"middle\" border=\"0\" hspace=\"6\" \/><\/td>\n<\/tr>\n<\/tbody>\n<\/table>\n<p style=\"text-align: justify;\">Con enormes dificultades, consiguieron acceder a la C\u00e1mara Funeraria real. Dentro estaban cuatro sepulcros dorados encajados uno dentro de otro, con un magn\u00edfico sarc\u00f3fago (ata\u00fad de piedra). Dentro de este sarc\u00f3fago se conten\u00eda tres m\u00e1s, tambi\u00e9n uno dentro de otro. Y en el \u00faltimo estaba la momia de Tutankhamon, que llevaba una m\u00e1scara de oro.<br \/>\nLa c\u00e1mara funeraria era la \u00fanica sala de la tumba que conten\u00eda pinturas murales en las que se mostraban escenas funerarias y la entrada del difunto en al M\u00e1s All\u00e1, seguido por su ka (esp\u00edritu), recibido por el dios Osiris.<\/p>\n<table border=\"0\" align=\"center\">\n<tbody>\n<tr>\n<td><img decoding=\"async\" loading=\"lazy\" class=\" size-full wp-image-15 aligncenter\" title=\"La tumba de Tutankhamon\" src=\"http:\/\/amigosdelantiguoegipto.com\/wp-content\/uploads\/2001\/03\/tumba-tut-06.jpg\" alt=\"La tumba de Tutankhamon\" width=\"175\" height=\"167\" align=\"middle\" border=\"0\" hspace=\"6\" \/><\/td>\n<td><img decoding=\"async\" loading=\"lazy\" class=\" size-full wp-image-16 aligncenter\" title=\"La tumba de Tutankhamon\" src=\"http:\/\/amigosdelantiguoegipto.com\/wp-content\/uploads\/2001\/03\/tumba-tut-07.jpg\" alt=\"La tumba de Tutankhamon\" width=\"228\" height=\"82\" align=\"middle\" border=\"0\" hspace=\"6\" \/><\/td>\n<\/tr>\n<\/tbody>\n<\/table>\n<p style=\"text-align: justify;\">Tras un pasaje abierto, descubrieron una peque\u00f1a estancia a la que Howard Carter llam\u00f3 Sala del Tesoro. Dentro hab\u00eda maravillas. Una majestuosa estatua de Anubis, el dios con cabeza de chacal, vigilaba la entrada a la sala.<\/p>\n<p style=\"text-align: justify;\">Al otro lado hab\u00eda un enorme sepulcro dorado, protegido por las estatuas de las diosas Isis, Neftis, Neith y Selkis. En \u00e9l se guardaban los cuatro vasos canopos (donde se depositaban algunos \u00f3rganos internos del cuerpo a la hora de momificar al difunto).<\/p>\n<p class=\"img\"><img decoding=\"async\" loading=\"lazy\" class=\" size-full wp-image-17 aligncenter\" title=\"La tumba de Tutankhamon\" src=\"http:\/\/amigosdelantiguoegipto.com\/wp-content\/uploads\/2001\/03\/tumba-tut-08.jpg\" alt=\"La tumba de Tutankhamon\" width=\"340\" height=\"326\" align=\"middle\" border=\"0\" hspace=\"6\" \/><\/p>\n<p style=\"text-align: justify;\">\n<table border=\"0\" align=\"center\">\n<tbody>\n<tr>\n<td><img decoding=\"async\" loading=\"lazy\" class=\" size-full wp-image-19 aligncenter\" title=\"La tumba de Tutankhamon\" src=\"http:\/\/amigosdelantiguoegipto.com\/wp-content\/uploads\/2001\/03\/tumba-tut-10.jpg\" alt=\"La tumba de Tutankhamon\" width=\"249\" height=\"197\" align=\"middle\" border=\"0\" hspace=\"6\" \/><\/td>\n<td><img decoding=\"async\" loading=\"lazy\" class=\" size-full wp-image-20 aligncenter\" title=\"La tumba de Tutankhamon\" src=\"http:\/\/amigosdelantiguoegipto.com\/wp-content\/uploads\/2001\/03\/tumba-tut-11.jpg\" alt=\"La tumba de Tutankhamon\" width=\"186\" height=\"197\" align=\"middle\" border=\"0\" hspace=\"6\" \/><\/td>\n<\/tr>\n<\/tbody>\n<\/table>\n<p style=\"text-align: justify;\">Tambi\u00e9n hab\u00eda cofres, cajas que conten\u00edan joyas, amuletos, altares que conten\u00edan estatuillas de oro de los dioses y del mismo Tutankhamon, maquetas de barcas para que el rey las usara en el M\u00e1s All\u00e1.<\/p>\n<p class=\"img\"><img decoding=\"async\" loading=\"lazy\" class=\" size-full wp-image-22 aligncenter\" title=\"La tumba de Tutankhamon\" src=\"http:\/\/amigosdelantiguoegipto.com\/wp-content\/uploads\/2001\/03\/tumba-tut-13.jpg\" alt=\"La tumba de Tutankhamon\" width=\"200\" height=\"283\" align=\"middle\" border=\"0\" hspace=\"6\" \/><\/p>\n<table border=\"0\" width=\"200\" cellspacing=\"0\" cellpadding=\"0\" align=\"center\">\n<tbody>\n<tr>\n<td align=\"center\" bgcolor=\"#000000\"><img decoding=\"async\" loading=\"lazy\" class=\" size-full wp-image-21 aligncenter\" title=\"La tumba de Tutankhamon\" src=\"http:\/\/amigosdelantiguoegipto.com\/wp-content\/uploads\/2001\/03\/tumba-tut-12.jpg\" alt=\"La tumba de Tutankhamon\" width=\"160\" height=\"139\" align=\"middle\" border=\"0\" hspace=\"6\" \/><\/td>\n<\/tr>\n<\/tbody>\n<\/table>\n<p style=\"text-align: justify;\">Pero aqu\u00ed no terminaron los hallazgos. Tras un lecho de la antec\u00e1mara, hab\u00eda un peque\u00f1o agujero a ras de suelo. Cuando Carter se introdujo por \u00e9l descubri\u00f3 una nueva sala: el Anexo. Esta fue la \u00faltima sala en vaciarse y era la m\u00e1s peque\u00f1a. Encontraron m\u00e1s de 2000 objetos apilados unos sobre otros: 236 figuras ushebti (sirvientes del fara\u00f3n para el M\u00e1s All\u00e1); arcos, flechas, palos para lanzar, armaduras y escudos; tres lechos sencillos y una camastro de campa\u00f1a plegable; tableros y fichas del <strong>juego del senet<\/strong>; trono y escabel; 116 cestas de comida y 30 tinajas de vino; cosm\u00e9ticos y una navaja de afeitar.<\/p>\n<p style=\"text-align: justify;\">Est\u00e1 claro que la labor de los arque\u00f3logos no fue nada f\u00e1cil. Y hay que agradecer al Sr. Carter y a su equipo el esmero y la paciente dedicaci\u00f3n que emplearon a la hora de proteger y sacar todos y cada uno de los objetos de la tumba para hacer posible que hoy en d\u00eda conozcamos el gran tesoro de Tutankhamon y algo m\u00e1s sobre la desconocida vida de este joven fara\u00f3n.<\/p>\n<p style=\"text-align: justify;\">Se tardaron diez a\u00f1os en vaciar la tumba, pero su trabajo mereci\u00f3 la pena. Hoy podemos contar con las fotograf\u00edas, bocetos, trabajos de laboratorio y de conservaci\u00f3n para saberlo. El cuidado en la protecci\u00f3n y transporte de cada objeto hasta llegar a su destino, el Museo de El Cairo, han hecho posible que hoy en d\u00eda podamos disfrutar de ello.<\/p>\n<p class=\"img\"><img decoding=\"async\" loading=\"lazy\" class=\"  wp-image-23 aligncenter\" title=\"La tumba de Tutankhamon\" src=\"http:\/\/amigosdelantiguoegipto.com\/wp-content\/uploads\/2001\/03\/tumba-tut-14.jpg\" alt=\"La tumba de Tutankhamon\" width=\"329\" height=\"208\" align=\"middle\" border=\"0\" hspace=\"6\" \/><\/p>\n<p style=\"text-align: justify;\">En la actualidad, miles de personas pueden visitar la tumba de Tutankhamon, donde descansa de nuevo su momia en el interior del sarc\u00f3fago; y ver sus tesoros en el Museo de El Cairo. Adem\u00e1s se han hecho multitud de exposiciones itinerantes para que el mundo pueda contemplar muchos de estos maravillosos objetos.<\/p>\n<p style=\"text-align: justify;\">Posiblemente alg\u00fan d\u00eda vosotros tambi\u00e9n podr\u00e9is visitarlos e imaginar como se sintieron al descubrir este tesoro.<\/p>\n","protected":false},"excerpt":{"rendered":"<p>Faraones Cristina Carracedo &#8211; Marzo de 2001 El hallazgo de la tumba de Tutankhamon fue un hecho muy importante en la egiptolog\u00eda, ya que fue la \u00fanica tumba de un fara\u00f3n que se encontr\u00f3 intacta. Nadie anteriormente, salvo Howard Carter, hab\u00eda entrado en la tumba. \u00bfOs pod\u00e9is imaginar lo que supuso eso? \u00bfC\u00f3mo se sentir\u00eda el equipo arqueol\u00f3gico que le&#8230;<\/p>\n<p class=\"continue-reading-button\"> <a class=\"continue-reading-link\" href=\"http:\/\/amigosdelantiguoegipto.com\/?page_id=8871\">Seguir leyendo<i class=\"crycon-right-dir\"><\/i><\/a><\/p>\n","protected":false},"author":1,"featured_media":0,"parent":0,"menu_order":6,"comment_status":"closed","ping_status":"closed","template":"","meta":{"ngg_post_thumbnail":0},"_links":{"self":[{"href":"http:\/\/amigosdelantiguoegipto.com\/index.php?rest_route=\/wp\/v2\/pages\/8871"}],"collection":[{"href":"http:\/\/amigosdelantiguoegipto.com\/index.php?rest_route=\/wp\/v2\/pages"}],"about":[{"href":"http:\/\/amigosdelantiguoegipto.com\/index.php?rest_route=\/wp\/v2\/types\/page"}],"author":[{"embeddable":true,"href":"http:\/\/amigosdelantiguoegipto.com\/index.php?rest_route=\/wp\/v2\/users\/1"}],"replies":[{"embeddable":true,"href":"http:\/\/amigosdelantiguoegipto.com\/index.php?rest_route=%2Fwp%2Fv2%2Fcomments&post=8871"}],"version-history":[{"count":0,"href":"http:\/\/amigosdelantiguoegipto.com\/index.php?rest_route=\/wp\/v2\/pages\/8871\/revisions"}],"wp:attachment":[{"href":"http:\/\/amigosdelantiguoegipto.com\/index.php?rest_route=%2Fwp%2Fv2%2Fmedia&parent=8871"}],"curies":[{"name":"wp","href":"https:\/\/api.w.org\/{rel}","templated":true}]}}