{"id":8870,"date":"2001-11-02T01:00:00","date_gmt":"2001-11-02T01:00:00","guid":{"rendered":"http:\/\/amigosdelantiguoegipto.com\/tutankhamon-imagen-viva-de-amon\/"},"modified":"2014-06-30T08:51:35","modified_gmt":"2014-06-30T08:51:35","slug":"tutankhamon-imagen-viva-de-amon","status":"publish","type":"page","link":"http:\/\/amigosdelantiguoegipto.com\/?page_id=8870","title":{"rendered":"Tutankhamon, imagen viva de Am\u00f3n"},"content":{"rendered":"<p style=\"text-align: left;\"><a href=\"http:\/\/amigosdelantiguoegipto.com\/?p=8954\">Faraones<\/a><\/p>\n<p style=\"text-align: right;\">Cristina Carracedo &#8211; Noviembre de 2001<\/p>\n<p style=\"text-align: justify;\">A pesar de ser tan famoso, sabemos muy poco sobre la vida de Tutankhamon. Ni siquiera los expertos conocen con exactitud qui\u00e9n fue.<\/p>\n<table border=\"0\" cellspacing=\"0\" cellpadding=\"0\" align=\"center\">\n<tbody>\n<tr>\n<td><img decoding=\"async\" loading=\"lazy\" class=\" size-full wp-image-10 alignright\" title=\"Tutankhamon, imagen viva de Am\u00f3n\" src=\"http:\/\/amigosdelantiguoegipto.com\/wp-content\/uploads\/2001\/11\/imagen-viva-01.gif\" alt=\"Tutankhamon, imagen viva de Am\u00f3n\" width=\"193\" height=\"316\" align=\"middle\" border=\"0\" hspace=\"6\" \/><\/td>\n<td width=\"20\"><\/td>\n<td><img decoding=\"async\" loading=\"lazy\" class=\" size-full wp-image-28 alignleft\" title=\"Tutankhamon, imagen viva de Am\u00f3n\" src=\"http:\/\/amigosdelantiguoegipto.com\/wp-content\/uploads\/2001\/11\/imagen-viva-tutankhamon.gif\" alt=\"Tutankhamon, imagen viva de Am\u00f3n\" width=\"151\" height=\"317\" align=\"middle\" border=\"0\" hspace=\"6\" \/><\/td>\n<\/tr>\n<\/tbody>\n<\/table>\n<p style=\"text-align: justify;\">Aunque gracias al descubrimiento de su tumba en 1922 por el arque\u00f3logo Howard Carter, hemos logrado conocer algo m\u00e1s sobre su entorno.<\/p>\n<p class=\"ninyos-tut\"><img decoding=\"async\" loading=\"lazy\" class=\"alignright wp-image-11 \" title=\"Tutankhamon, imagen viva de Am\u00f3n\" src=\"http:\/\/amigosdelantiguoegipto.com\/wp-content\/uploads\/2001\/11\/imagen-viva-02.jpg\" alt=\"Tutankhamon, imagen viva de Am\u00f3n\" width=\"126\" height=\"301\" align=\"middle\" border=\"0\" hspace=\"6\" \/>Tal vez, fue hijo de Akhenat\u00f3n y de una esposa secundaria, Kiya. Por lo que probablemente creci\u00f3 en la corte real de Akhenat\u00f3n, en Tell el-Amarna.<\/p>\n<p class=\"ninyos-tut\" style=\"text-align: justify;\">Sobre su padre, Akhenat\u00f3n, os contar\u00e9 que introdujo una nueva religi\u00f3n: el culto al dios solar, At\u00f3n. Prohibi\u00f3 el culto al resto de dioses cerrando sus templos. Esto no agrad\u00f3 al pueblo. Y as\u00ed, a su muerte, fue considerado como un fara\u00f3n hereje (consideraron que sus creencias religiosas eran inaceptables). Por eso los funcionarios egipcios trataron de destruir toda menci\u00f3n de su nombre y sus sucesores.<\/p>\n<p style=\"text-align: justify;\">Tutankhamon fue nombrado fara\u00f3n con tan s\u00f3lo nueve a\u00f1os, y coronado en Menfis. Se cas\u00f3 con la princesa Ankhsenam\u00f3n, hija de Akhenat\u00f3n y Nefertiti, quien le transmiti\u00f3 los derechos al trono. Pero no tuvieron hijos. El joven rey a la hora de gobernar tuvo que contar con el apoyo de sus ministros para tomar las decisiones m\u00e1s importantes. Contaba con la ayuda de Ay, un antiguo funcionario de la corte amarniense, y el general Horemheb, jefe del ej\u00e9rcito.<\/p>\n<p class=\"img\"><img decoding=\"async\" loading=\"lazy\" class=\" size-full wp-image-12 aligncenter\" title=\"Tutankhamon, imagen viva de Am\u00f3n\" src=\"http:\/\/amigosdelantiguoegipto.com\/wp-content\/uploads\/2001\/11\/imagen-viva-03.jpg\" alt=\"Tutankhamon, imagen viva de Am\u00f3n\" width=\"158\" height=\"229\" align=\"middle\" border=\"0\" hspace=\"6\" \/><\/p>\n<p style=\"text-align: justify;\">Por otra parte, Tutankhamon empez\u00f3 a adorar de nuevo al dios Am\u00f3n, restaurando el culto a todos los dioses, devolvi\u00e9ndose sus bienes a los templos y sus sacerdotes volvieron a recuperar el poder perdido durante el reinado de su padre. Es f\u00e1cil que encontr\u00e9is en los libros alguna referencia sobre el cambio de nombre de este fara\u00f3n, ya que durante el reinado de Akhenat\u00f3n recibi\u00f3 el nombre de Tutankhat\u00f3n (por el per\u00edodo en el que se impuso el culto de At\u00f3n).<\/p>\n<p>Hablando de los nombres, cuando un fara\u00f3n era coronado, recib\u00eda <strong>cinco nombres secretos<\/strong> que formaban su t\u00edtulo formal. Los cinco nombres y t\u00edtulos de Tutankhamon fueron:<\/p>\n<ul>\n<li>El nombre de Horus: <em>Ka-nakht tut-mesut<\/em> (Toro fuerte, el mejor de los seres vivos)<\/li>\n<li>El nombre &#8220;El de las Dos Damas&#8221;: <em>Nefer-hepu segereb-tawy sehetep-netjeru nebu<\/em> (Gobernante perfecto, que pacifica las Dos Tierras y agrada a los dioses)<\/li>\n<li>El nombre del halc\u00f3n dorado: <em>Wetjes-khau sehetep netjeru<\/em> (El que ostenta las insignias reales y complace a los dioses)<\/li>\n<li>El prenombre: <em>Nebkheprure<\/em> (La apariencia se\u00f1orial del dios Re)<\/li>\n<li>El nombre: <em>Tutankhamon<\/em> (la imagen viva de Am\u00f3n)<\/li>\n<\/ul>\n<p class=\"img\"><img decoding=\"async\" loading=\"lazy\" class=\" size-full wp-image-13 aligncenter\" title=\"Tutankhamon, imagen viva de Am\u00f3n\" src=\"http:\/\/amigosdelantiguoegipto.com\/wp-content\/uploads\/2001\/11\/imagen-viva-04.jpg\" alt=\"Tutankhamon, imagen viva de Am\u00f3n\" width=\"212\" height=\"297\" align=\"middle\" border=\"0\" hspace=\"6\" \/><\/p>\n<p style=\"text-align: justify;\">En cuanto a su muerte, sabemos que Tutankhamon muri\u00f3 repentinamente a los 18 a\u00f1os, durante el noveno a\u00f1o de su reinado. Para enterrarle hubo que preparar r\u00e1pidamente una peque\u00f1a tumba del Valle de los Reyes que se encontraba abandonada y sin acabar.<\/p>\n<p style=\"text-align: justify;\">El sucesor del trono fue el anciano Ay, quien ofici\u00f3 los funerales de Tutankhamon tal como se representan en las pinturas del interior de su tumba. El reinado de Ay dur\u00f3 cuatro a\u00f1os, ocupando el trono el general Horemheb, siendo \u00e9ste el \u00faltimo representante de la Dinast\u00eda XVIII, a la que perteneci\u00f3 el fara\u00f3n Tutankhamon.<\/p>\n","protected":false},"excerpt":{"rendered":"<p>Faraones Cristina Carracedo &#8211; Noviembre de 2001 A pesar de ser tan famoso, sabemos muy poco sobre la vida de Tutankhamon. Ni siquiera los expertos conocen con exactitud qui\u00e9n fue. Aunque gracias al descubrimiento de su tumba en 1922 por el arque\u00f3logo Howard Carter, hemos logrado conocer algo m\u00e1s sobre su entorno. Tal vez, fue hijo de Akhenat\u00f3n y de&#8230;<\/p>\n<p class=\"continue-reading-button\"> <a class=\"continue-reading-link\" href=\"http:\/\/amigosdelantiguoegipto.com\/?page_id=8870\">Seguir leyendo<i class=\"crycon-right-dir\"><\/i><\/a><\/p>\n","protected":false},"author":1,"featured_media":0,"parent":0,"menu_order":5,"comment_status":"closed","ping_status":"closed","template":"","meta":{"ngg_post_thumbnail":0},"_links":{"self":[{"href":"http:\/\/amigosdelantiguoegipto.com\/index.php?rest_route=\/wp\/v2\/pages\/8870"}],"collection":[{"href":"http:\/\/amigosdelantiguoegipto.com\/index.php?rest_route=\/wp\/v2\/pages"}],"about":[{"href":"http:\/\/amigosdelantiguoegipto.com\/index.php?rest_route=\/wp\/v2\/types\/page"}],"author":[{"embeddable":true,"href":"http:\/\/amigosdelantiguoegipto.com\/index.php?rest_route=\/wp\/v2\/users\/1"}],"replies":[{"embeddable":true,"href":"http:\/\/amigosdelantiguoegipto.com\/index.php?rest_route=%2Fwp%2Fv2%2Fcomments&post=8870"}],"version-history":[{"count":0,"href":"http:\/\/amigosdelantiguoegipto.com\/index.php?rest_route=\/wp\/v2\/pages\/8870\/revisions"}],"wp:attachment":[{"href":"http:\/\/amigosdelantiguoegipto.com\/index.php?rest_route=%2Fwp%2Fv2%2Fmedia&parent=8870"}],"curies":[{"name":"wp","href":"https:\/\/api.w.org\/{rel}","templated":true}]}}