{"id":8868,"date":"2004-10-21T01:00:00","date_gmt":"2004-10-21T01:00:00","guid":{"rendered":"http:\/\/amigosdelantiguoegipto.com\/hatshepsut\/"},"modified":"2014-06-30T08:00:49","modified_gmt":"2014-06-30T08:00:49","slug":"hatshepsut","status":"publish","type":"page","link":"http:\/\/amigosdelantiguoegipto.com\/?page_id=8868","title":{"rendered":"Hatshepsut"},"content":{"rendered":"<p style=\"text-align: left;\"><a href=\"http:\/\/amigosdelantiguoegipto.com\/?p=8954\">Faraones<\/a><\/p>\n<p style=\"text-align: right;\">Diana Sobrado &#8211; Octubre de 2004<\/p>\n<p style=\"text-align: justify;\">En la extensa y magn\u00edfica \u00e9poca fara\u00f3nica del Antiguo Egipto brilla con luz propia una mujer que luch\u00f3 con todas sus fuerzas por hacer de su tierra un lugar mejor y m\u00e1s pr\u00f3spero. Su nombre era Maat Ka Ra, pero pas\u00f3 a la historia como Hatshepsut.<\/p>\n<p style=\"text-align: justify;\">Pertenec\u00eda a la XVIII dinast\u00eda, una dinast\u00eda repleta de soberanos de personalidad bien definida: El padre, Thutmosis I, fue un excelente guerrero y un gran constructor, con \u00e9l comienzan las obras del grandioso templo de Am\u00f3n en Karnak. Posteriormente, el hijastro de la reina, Thutmosis III, realiz\u00f3 grandes haza\u00f1as b\u00e9licas conquistando m\u00e1s territorio para Egipto. Pero, fue ella la que logr\u00f3 pasar a la historia a pesar de los impedimentos que le impusieron para aparecer en la historia del Antiguo Egipto.<\/p>\n<p style=\"text-align: justify;\">Naci\u00f3 un d\u00eda brillante del a\u00f1o 1490 a.C. en el palacio real de Tebas. Hija como era del fara\u00f3n, fue educada junto a sus dem\u00e1s hermanos. Aprendi\u00f3 a leer y a escribir, adem\u00e1s de nociones que s\u00f3lo eran privilegio de la realeza. Su padre realmente quer\u00eda que ella fuera la futura soberana a su muerte pero, fue Thutmosis II, un hijo de una esposa secundaria, el que lleg\u00f3 al trono.<\/p>\n<div class=\"mosimage\" style=\"text-align: justify;\" align=\"center\">\n<div id=\"attachment_5\" style=\"width: 410px\" class=\"wp-caption aligncenter\"><img aria-describedby=\"caption-attachment-5\" decoding=\"async\" loading=\"lazy\" class=\"wp-image-5 size-full\" title=\"Reina Hatshepsut\" src=\"http:\/\/amigosdelantiguoegipto.com\/wp-content\/uploads\/varios\/faraones\/2004\/10\/cairo1_37.jpg\" alt=\"Reina Hatshepsut\" width=\"400\" height=\"276\" border=\"0\" hspace=\"6\" \/><p id=\"caption-attachment-5\" class=\"wp-caption-text\">Reina Hatshepsut<\/p><\/div>\n<\/div>\n<p style=\"text-align: justify;\">Hatshepsut se cas\u00f3 con \u00e9l pues en aquella \u00e9poca s\u00f3lo pod\u00eda legitimar su cargo de fara\u00f3n si se casaba con una mujer perteneciente a la familia real. Tuvieron dos hijas llamadas Nefru-Ra y Meritra-Hatshepsut. Durante los a\u00f1os que Thutmosis II fue fara\u00f3n, Egipto estaba realmente en manos de la reina, que era la que gobernaba, pues se cree que \u00e9l era un hombre d\u00e9bil y enfermizo. La mala fortuna hizo que su esposo muriera a los quince a\u00f1os de su ascensi\u00f3n al trono. Fue entonces cuando Hatshepsut asumi\u00f3 la regencia del peque\u00f1o Thumosis III, hijo de su esposo y de una esposa secundaria llamada Mutnefer. Este hijastro no estaba destinado a reinar pues no se esperaba que el fara\u00f3n muriera tan pronto y por ello viv\u00eda en el templo de Am\u00f3n educ\u00e1ndose para sacerdote. Al saber que ser\u00eda el futuro fara\u00f3n de Egipto lo casaron con Nefru-Ra, una de las hijas de la reina y luego, se puso a esperar a ser fara\u00f3n.<\/p>\n<p style=\"text-align: justify;\">Durante la regencia de la reina los partidarios de la sucesi\u00f3n en el trono de su sobrino realizaron intrigas palaciegas para alejarla del poder y la regencia. Esto provoc\u00f3 que Hatshepsut convirtiera la regencia en verdadero reinado. No era la primera vez que una mujer gobernaba Egipto pero hubo de justificarse la especial situaci\u00f3n recurriendo a un mito. Seg\u00fan \u00e9ste, Am\u00f3n le hab\u00eda ofrecido el trono ya que cuando fue engendrada este dios adopt\u00f3 la figura del rey, Thutmosis I, engendrando en la propia reina Ahmose, a su amada hija Hatshepsut estando, por lo tanto, llamada a gobernar Egipto.<\/p>\n<div class=\"mosimage\" style=\"text-align: justify;\" align=\"center\">\n<div id=\"attachment_6\" style=\"width: 266px\" class=\"wp-caption aligncenter\"><img aria-describedby=\"caption-attachment-6\" decoding=\"async\" loading=\"lazy\" class=\"wp-image-6 size-full\" title=\"Thutmosis III\" src=\"http:\/\/amigosdelantiguoegipto.com\/wp-content\/uploads\/varios\/faraones\/2004\/10\/luxormuseo_12.jpg\" alt=\"Thutmosis III\" width=\"256\" height=\"400\" border=\"0\" hspace=\"6\" \/><p id=\"caption-attachment-6\" class=\"wp-caption-text\">Thutmosis III<\/p><\/div>\n<\/div>\n<p style=\"text-align: justify;\">Hizo que se representara este mito en la pared de su espl\u00e9ndido templo mortuorio en Deir el-Bahari situado al occidente de Tebas, pues en aquella \u00e9poca todo se anotaba y quedaba registrado pint\u00e1ndolo o esculpiendo en las paredes de los templos.<\/p>\n<p style=\"text-align: justify;\">Una vez en el trono comienza a reinar. Primero consolida el dominio sobre Nubia realizando una expedici\u00f3n hasta all\u00ed y participando como comandante en el ej\u00e9rcito sometiendo a los insumisos nubios que no quer\u00edan. Posteriormente organiz\u00f3 algunas expediciones mercantiles al pa\u00eds de Punt, en busca de hierbas arom\u00e1ticas, \u00e1rboles ex\u00f3ticos y a la vez, para relacionarse con aquel pa\u00eds. Todo esto fue reflejado en el templo que mand\u00f3 construir en Deir el-Bahari. Este templo se sit\u00faa en la ribera izquierda del Nilo y en su amplio anfiteatro formado por rocas calizas que alcanzan m\u00e1s de 130 m. de altura se sit\u00faan tres amplias terrazas sucesivas, a las que se accede por una amplia rampa central cuya prolongaci\u00f3n termina en el propio templo o santuario de Am\u00f3n, enteramente tallado en la roca. Es una edificaci\u00f3n muy especial pues se conjuga perfectamente con el paisaje y a la vez presenta un porte majestuoso con el entorno. Su arquitecto, Senenmut, logr\u00f3 realizar un dise\u00f1o perfecto para la construcci\u00f3n del templo.<\/p>\n<div class=\"mosimage\" style=\"text-align: justify;\" align=\"center\">\n<div id=\"attachment_7\" style=\"width: 410px\" class=\"wp-caption aligncenter\"><img aria-describedby=\"caption-attachment-7\" decoding=\"async\" loading=\"lazy\" class=\"wp-image-7 size-full\" title=\"Templo de Millones de A\u00f1os de Hatshepsut\" src=\"http:\/\/amigosdelantiguoegipto.com\/wp-content\/uploads\/varios\/faraones\/2004\/10\/deir_el-bahari01.jpg\" alt=\"Templo de Millones de A\u00f1os de Hatshepsut\" width=\"400\" height=\"274\" border=\"0\" hspace=\"6\" \/><p id=\"caption-attachment-7\" class=\"wp-caption-text\">Templo de Millones de A\u00f1os de Hatshepsut<\/p><\/div>\n<\/div>\n<p style=\"text-align: justify;\">La reina tom\u00f3 en el Estado un lugar superior al puesto que se le otorgaba. Los documentos oficiales, en lugar de representar al rey con los rasgos de Thumosis III, representan a Hatshepsut seguida de su sobrino. Con el paso de los a\u00f1os el joven lleg\u00f3 a la mayor\u00eda de edad pero la reina regente no le dej\u00f3 el poder. Ella afirm\u00f3 sus derechos personales a la soberan\u00eda haci\u00e9ndose representar como \u201cel rey\u201d, vestida de hombre y adaptando el protocolo completo de los reyes egipcios. Conserv\u00f3 el poder durante veintitr\u00e9s a\u00f1os sin que Thutmosis III fuera un problema. El desarrollo de la idea de monarqu\u00eda basada en la divinidad del rey hizo que reapareciera el sistema, a la vez pol\u00edtico y religioso, del Imperio Antiguo, que hac\u00eda del rey la encarnaci\u00f3n de Ra sobre la tierra, el dios vivo. El poder real, totalmente independiente de los hombres, s\u00f3lo depende de dios. Por lo tanto, la ley no puede confiar el trono, s\u00f3lo Am\u00f3n lo puede hacer. Adem\u00e1s de esto la reina se rode\u00f3 de un equipo de hombres que la ayudaron a continuar en el trono y a mantener a Egipto en un periodo de relativa calma. No se dieron cuenta de los graves problemas que ten\u00edan con las fronteras mientras manten\u00edan un relativo trabajo de relaciones p\u00fablicas con pa\u00edses lejanos. Adem\u00e1s de Senenmut, su arquitecto y favorito, tambi\u00e9n cont\u00f3 con Hapuseneb, gran sacerdote supremo de Am\u00f3n y jefe de todos los sacerdotes del Norte y del Sur, due\u00f1o de los or\u00e1culos dados por el dios. Fue jefe del culto y jefe del estado. En la \u00e9poca de Hatshepsut se les concede al clero de Am\u00f3n muchos privilegios lo que provoca que posteriormente tengan bajo su mano mucho poder. Junto con estos buenos consejeros tenemos a Djehuty, tesorero y arquitecto de la reina. Actualmente se est\u00e1 excavando su tumba por parte de una expedici\u00f3n espa\u00f1ola y en ella se est\u00e1n encontrando muchos datos de la \u00e9poca.<\/p>\n<p style=\"text-align: justify;\">Despu\u00e9s de llevar muchos a\u00f1os en el poder gobernando en paz y de realizar multitud de monumentos glorificando a los dioses Hatshepsut desapareci\u00f3 de una manera muy extra\u00f1a. No se sabe si muri\u00f3 de forma natural o si por el contrario fue asesinada por un golpe de estado llevado a cabo por su hijastro y sobrino Thutmosis III. La verdad es que dej\u00f3 de aparecer como soberana y desapareci\u00f3 de la historia. Han tenido que pasar muchos siglos para que encontr\u00e1ramos varias tumbas que parecen haberse realizado para que su cuerpo descansara por toda la eternidad. Pero en ninguna de ellas se han encontrado sus restos. Nada que nos indique como fue y como muri\u00f3, nada sobre el misterio que ocult\u00f3 su reinado una vez que Thutmosis III se hiciera con el poder.<\/p>\n<div class=\"mosimage\" style=\"text-align: justify;\" align=\"center\">\n<div id=\"attachment_8\" style=\"width: 410px\" class=\"wp-caption aligncenter\"><img aria-describedby=\"caption-attachment-8\" decoding=\"async\" loading=\"lazy\" class=\"wp-image-8 size-full\" title=\"Templo de Millones de A\u00f1os de Hatshepsut\" src=\"http:\/\/amigosdelantiguoegipto.com\/wp-content\/uploads\/varios\/faraones\/2004\/10\/deir_el-bahari03.jpg\" alt=\"Templo de Millones de A\u00f1os de Hatshepsut\" width=\"400\" height=\"279\" border=\"0\" hspace=\"6\" \/><p id=\"caption-attachment-8\" class=\"wp-caption-text\">Templo de Millones de A\u00f1os de Hatshepsut<\/p><\/div>\n<\/div>\n<p style=\"text-align: justify;\">A pesar de que su reinado fue ocultado por los soberanos posteriores que llegaron a destrozar parte de sus monumentos y de sus representaciones en las paredes de su templo, fue una reina que brill\u00f3 con luz propia en un mundo de guerreros y que supo transmitir la alegr\u00eda del pueblo egipcio, para llevarlo a ser el m\u00e1s importante del momento. Con su coraje y voluntad supo manejar las riendas del pa\u00eds m\u00e1s rico y pr\u00f3spero de la \u00e9poca.<\/p>\n","protected":false},"excerpt":{"rendered":"<p>Faraones Diana Sobrado &#8211; Octubre de 2004 En la extensa y magn\u00edfica \u00e9poca fara\u00f3nica del Antiguo Egipto brilla con luz propia una mujer que luch\u00f3 con todas sus fuerzas por hacer de su tierra un lugar mejor y m\u00e1s pr\u00f3spero. Su nombre era Maat Ka Ra, pero pas\u00f3 a la historia como Hatshepsut. Pertenec\u00eda a la XVIII dinast\u00eda, una dinast\u00eda&#8230;<\/p>\n<p class=\"continue-reading-button\"> <a class=\"continue-reading-link\" href=\"http:\/\/amigosdelantiguoegipto.com\/?page_id=8868\">Seguir leyendo<i class=\"crycon-right-dir\"><\/i><\/a><\/p>\n","protected":false},"author":1,"featured_media":0,"parent":0,"menu_order":2,"comment_status":"closed","ping_status":"closed","template":"","meta":{"ngg_post_thumbnail":0},"_links":{"self":[{"href":"http:\/\/amigosdelantiguoegipto.com\/index.php?rest_route=\/wp\/v2\/pages\/8868"}],"collection":[{"href":"http:\/\/amigosdelantiguoegipto.com\/index.php?rest_route=\/wp\/v2\/pages"}],"about":[{"href":"http:\/\/amigosdelantiguoegipto.com\/index.php?rest_route=\/wp\/v2\/types\/page"}],"author":[{"embeddable":true,"href":"http:\/\/amigosdelantiguoegipto.com\/index.php?rest_route=\/wp\/v2\/users\/1"}],"replies":[{"embeddable":true,"href":"http:\/\/amigosdelantiguoegipto.com\/index.php?rest_route=%2Fwp%2Fv2%2Fcomments&post=8868"}],"version-history":[{"count":0,"href":"http:\/\/amigosdelantiguoegipto.com\/index.php?rest_route=\/wp\/v2\/pages\/8868\/revisions"}],"wp:attachment":[{"href":"http:\/\/amigosdelantiguoegipto.com\/index.php?rest_route=%2Fwp%2Fv2%2Fmedia&parent=8868"}],"curies":[{"name":"wp","href":"https:\/\/api.w.org\/{rel}","templated":true}]}}