{"id":8867,"date":"2008-06-17T00:13:57","date_gmt":"2008-06-17T00:13:57","guid":{"rendered":"http:\/\/amigosdelantiguoegipto.com\/ramses-ii\/"},"modified":"2014-06-30T07:58:50","modified_gmt":"2014-06-30T07:58:50","slug":"ramses-ii","status":"publish","type":"page","link":"http:\/\/amigosdelantiguoegipto.com\/?page_id=8867","title":{"rendered":"Rams\u00e9s II"},"content":{"rendered":"<p style=\"text-align: left;\"><a href=\"http:\/\/amigosdelantiguoegipto.com\/?p=8954\">Faraones<\/a><\/p>\n<p style=\"text-align: right;\">Jos\u00e9 Miguel Parra Ortiz &#8211; Junio de 2008<\/p>\n<p style=\"text-align: justify;\">Rams\u00e9s II es uno de los faraones m\u00e1s conocidos de la historia de Egipto, por muchas razones, como su templo funerario, su momia o incluso su participaci\u00f3n en la batalla de Kadesh.<\/p>\n<p style=\"text-align: justify;\">Rams\u00e9s II fue el tercer fara\u00f3n de la XIX dinast\u00eda y fue uno de los reyes de Egipto que m\u00e1s tiempo vivi\u00f3, porque estuvo \u00a166 a\u00f1os! siendo el rey de Egipto. Como es l\u00f3gico, tuvo un mont\u00f3n de tiempo para hacer cosas, entre ellas tener muchos hijos. Para que os hag\u00e1is una idea, se calcula que antes de fallecer Rams\u00e9s hab\u00eda tenido cerca de 50 hijos y 50 hijas, que aparecen representados en algunos templos como una largu\u00edsima fila de ni\u00f1os. Muchos de estos pr\u00edncipes fueron enterrados en una tumba del Valle de los Reyes, la KV 5, que es una de las m\u00e1s grandes de Egipto.<\/p>\n<p class=\"img\"><img decoding=\"async\" loading=\"lazy\" class=\" size-full wp-image-1 aligncenter\" title=\"Coloso de Rams\u00e9s II en Luxor\" src=\"http:\/\/amigosdelantiguoegipto.com\/wp-content\/uploads\/varios\/faraones\/2008\/06\/colosoramsesluxor.jpg\" alt=\"Coloso de Rams\u00e9s II en Luxor\" width=\"335\" height=\"500\" align=\"middle\" border=\"0\" hspace=\"6\" \/><\/p>\n<p style=\"text-align: justify;\">Evidentemente, no todos los hijos de Rams\u00e9s tuvieron la misma madre. Los faraones egipcios se casaban con varias esposas, precisamente para poder tener muchos descendientes. Claro, que no todas\u00a0las mujeres de un fara\u00f3n ten\u00edan igual categor\u00eda. S\u00f3lo una de ellas era la \u00abgran esposa real\u00bb, las otras eran \u00abesposas reales\u00bb a secas. En el caso de Rams\u00e9s II, su \u00abgran esposa real\u00bb fue Nefertari, que le dio siete descendientes. Fue el gran amor del rey, que le construy\u00f3 una de las tumbas m\u00e1s bonitas de Egipto, en el Valle de las Reinas. Las otras reinas de Rams\u00e9s II fueron Maathorneferure, Suterey, Henutmire e Isisnofret. Esta \u00faltima s\u00f3lo le dio cinco hijos, pero entre ellos estuvo quien al final fue el heredero del rey, Merneptah.<\/p>\n<p style=\"text-align: justify;\">Cuando se muri\u00f3, Rams\u00e9s era un viejecito lleno de enfermedades, al que le costaba mucho andar y ten\u00eda la boca llena de caries y llagas. Esto lo podemos saber gracias a su momia, que fue encontrada cerca del Valle de los Reyes. Tambi\u00e9n sabemos que era pelirrojo (un color de pelo que los egipcios identificaban con el dios Seth) y que era muy alto para la \u00e9poca, 1,72 m. (entonces las personas eran m\u00e1s bajitas que hoy en d\u00eda).<\/p>\n<p style=\"text-align: justify;\">El hecho m\u00e1s conocido del reinado de Rams\u00e9s II fue la batalla de Kadesh, en la que se enfrent\u00f3 al ej\u00e9rcito del rey hitita. La verdad es que los egipcios estuvieron a punto de perder la batalla, pero un poco de suerte y el valor de Rams\u00e9s consiguieron que la lucha quedara en empate. Al final los dos ej\u00e9rcitos se retiraron sin haber conseguido sus objetivos. Sin embargo, Rams\u00e9s consider\u00f3 que hab\u00eda sido toda una victoria y as\u00ed se representa en varios templos, como el de Luxor, luchando y derrotando \u00e9l solo a millares de soldados hititas con la ayuda del dios Am\u00f3n. Es curioso, pero pocos a\u00f1os despu\u00e9s, los dos reyes firmaron un tratado de paz en el que se llamaban uno a otro \u00abhermano\u00bb y decid\u00edan no hacerse la guerra el uno al otro. Es uno de los primeros tratados internacionales que se conservan por escrito y \u00a1por duplicado!<\/p>\n<p class=\"img\"><img decoding=\"async\" loading=\"lazy\" class=\" size-full wp-image-2 aligncenter\" title=\"El Rameseum\" src=\"http:\/\/amigosdelantiguoegipto.com\/wp-content\/uploads\/varios\/faraones\/2008\/06\/rameseum.jpg\" alt=\"El Rameseum\" width=\"700\" height=\"249\" align=\"middle\" border=\"0\" hspace=\"6\" \/><\/p>\n<p style=\"text-align: justify;\">Despu\u00e9s de estos primeros a\u00f1os de guerra, Rams\u00e9s tuvo un reinado completamente pac\u00edfico, en el que se dedic\u00f3 a construir muchos monumentos por todo el pa\u00eds. Los dos m\u00e1s conocidos son: el Rameseum, que es como se llama su templo funerario; y el templo de Abu Simbel, que fue excavado en la roca en un acantilado de Nubia (la regi\u00f3n que se encuentra al sur de la primera catarata). Rams\u00e9s no s\u00f3lo construy\u00f3 mucho, sino que tambi\u00e9n se apropi\u00f3 de muchos monumentos de sus antepasados. Lo que hac\u00eda era borrar el nombre del fara\u00f3n que lo hab\u00eda construido y escribir el suyo. \u00a1Por eso hay tantos monumentos de Rams\u00e9s por todas partes! y como vivi\u00f3 tanto pudo apoderarse de muchos.<\/p>\n<p class=\"img\"><img decoding=\"async\" loading=\"lazy\" class=\" size-full wp-image-3 aligncenter\" title=\"Templo mayor de Abu Simbel\" src=\"http:\/\/amigosdelantiguoegipto.com\/wp-content\/uploads\/varios\/faraones\/2008\/06\/abusimbel.jpg\" alt=\"Templo mayor de Abu Simbel\" width=\"700\" height=\"469\" align=\"middle\" border=\"0\" hspace=\"6\" \/><\/p>\n<p style=\"text-align: justify;\">Como durante la Antig\u00fcedad no hab\u00eda las medicinas que tenemos hoy, la gente sol\u00eda morirse cuando todav\u00eda era relativamente joven (unos 35 a\u00f1os de media). Por esta raz\u00f3n, muchos de los hijos mayores de Rams\u00e9s se murieron antes que su padre. S\u00f3lo el decimotercero de los pr\u00edncipes vivi\u00f3 m\u00e1s tiempo que \u00e9l y pudo convertirse en fara\u00f3n. Se trataba de Merneptah, que cuando se coron\u00f3 ya era un hombre mayor, de modo que s\u00f3lo pudo reinar durante diez a\u00f1os. Y es que no era f\u00e1cil imitar a Rams\u00e9s II, aunque los faraones de la XX dinast\u00eda lo intentaron \u00a1todos se llamaron Rams\u00e9s en su honor!<\/p>\n","protected":false},"excerpt":{"rendered":"<p>Faraones Jos\u00e9 Miguel Parra Ortiz &#8211; Junio de 2008 Rams\u00e9s II es uno de los faraones m\u00e1s conocidos de la historia de Egipto, por muchas razones, como su templo funerario, su momia o incluso su participaci\u00f3n en la batalla de Kadesh. Rams\u00e9s II fue el tercer fara\u00f3n de la XIX dinast\u00eda y fue uno de los reyes de Egipto que&#8230;<\/p>\n<p class=\"continue-reading-button\"> <a class=\"continue-reading-link\" href=\"http:\/\/amigosdelantiguoegipto.com\/?page_id=8867\">Seguir leyendo<i class=\"crycon-right-dir\"><\/i><\/a><\/p>\n","protected":false},"author":1,"featured_media":0,"parent":0,"menu_order":1,"comment_status":"closed","ping_status":"closed","template":"","meta":{"ngg_post_thumbnail":0},"_links":{"self":[{"href":"http:\/\/amigosdelantiguoegipto.com\/index.php?rest_route=\/wp\/v2\/pages\/8867"}],"collection":[{"href":"http:\/\/amigosdelantiguoegipto.com\/index.php?rest_route=\/wp\/v2\/pages"}],"about":[{"href":"http:\/\/amigosdelantiguoegipto.com\/index.php?rest_route=\/wp\/v2\/types\/page"}],"author":[{"embeddable":true,"href":"http:\/\/amigosdelantiguoegipto.com\/index.php?rest_route=\/wp\/v2\/users\/1"}],"replies":[{"embeddable":true,"href":"http:\/\/amigosdelantiguoegipto.com\/index.php?rest_route=%2Fwp%2Fv2%2Fcomments&post=8867"}],"version-history":[{"count":0,"href":"http:\/\/amigosdelantiguoegipto.com\/index.php?rest_route=\/wp\/v2\/pages\/8867\/revisions"}],"wp:attachment":[{"href":"http:\/\/amigosdelantiguoegipto.com\/index.php?rest_route=%2Fwp%2Fv2%2Fmedia&parent=8867"}],"curies":[{"name":"wp","href":"https:\/\/api.w.org\/{rel}","templated":true}]}}