{"id":8865,"date":"2002-02-23T01:00:00","date_gmt":"2002-02-23T01:00:00","guid":{"rendered":"http:\/\/amigosdelantiguoegipto.com\/las-piramides\/"},"modified":"2014-06-30T07:14:13","modified_gmt":"2014-06-30T07:14:13","slug":"las-piramides","status":"publish","type":"page","link":"http:\/\/amigosdelantiguoegipto.com\/?page_id=8865","title":{"rendered":"Las pir\u00e1mides"},"content":{"rendered":"<p style=\"text-align: justify;\"><a href=\"http:\/\/amigosdelantiguoegipto.com\/?p=8872\">Historia<\/a><\/p>\n<p style=\"text-align: right;\">Jos\u00e9 Miguel Parra Ortiz &#8211; Febrero de 2002<\/p>\n<p style=\"text-align: justify;\">La gigantesca forma triangular de las pir\u00e1mides se alza sobre el horizonte del desierto egipcio desde hace el doble de tiempo que la civilizaci\u00f3n cristiana. Eso es para que os deis cuenta de lo viejas que son. Fijaos que cuando naci\u00f3 Jesucristo las pir\u00e1mides ten\u00edan ya m\u00e1s de dos mil a\u00f1os de antig\u00fcedad.<\/p>\n<p style=\"text-align: justify;\">De modo que resulta l\u00f3gico que todo el mundo las conozca y sepa c\u00f3mo son; sin embargo, no todos saben por qu\u00e9 tuvieron que construirlas tan altas y grandes y, menos a\u00fan, con esa forma tan peculiar. Lo de la altura es f\u00e1cil de comprender y lo de la forma un poquito menos, pero s\u00f3lo un poquito \u00a1no os vay\u00e1is a creer!<\/p>\n<p class=\"img\"><img decoding=\"async\" loading=\"lazy\" class=\" size-full wp-image-34 aligncenter\" title=\"Las pir\u00e1mides\" src=\"http:\/\/amigosdelantiguoegipto.com\/wp-content\/uploads\/varios\/historia\/2002\/02\/piramides07.jpg\" alt=\"Las pir\u00e1mides\" width=\"400\" height=\"185\" align=\"middle\" border=\"0\" hspace=\"6\" \/><\/p>\n<p style=\"text-align: justify;\">Empecemos por el principio y para eso tenemos que mirar al cielo cuando es de noche. Si buscamos la Estrella Polar (ya sab\u00e9is, a cuatro veces la distancia de la parte baja de la Osa Menor hacia la derecha) vemos que a su alrededor hay un grupo de estrellas que no desaparecen del firmamento durante toda la noche. Se llaman estrellas circumpolares. No os asust\u00e9is de la palabreja, en realidad quiere decir \u201cestrellas que se encuentran alrededor del polo\u201d. Bueno, pues como a los egipcios les gustaba mirar el cielo y estudiarlo, resulta que se les ocurri\u00f3 la idea de que, cuando mor\u00eda, el esp\u00edritu del fara\u00f3n sub\u00eda al cielo y se convert\u00eda en una de esas estrellas. \u00a1Muy listos! As\u00ed el alma del fara\u00f3n existir\u00eda para siempre. Esta es la primera pista para resolver nuestro acertijo sobre la forma de las tumbas reales egipcias.<\/p>\n<p class=\"img\"><img decoding=\"async\" loading=\"lazy\" class=\" size-full wp-image-35 aligncenter\" title=\"Las pir\u00e1mides\" src=\"http:\/\/amigosdelantiguoegipto.com\/wp-content\/uploads\/varios\/historia\/2002\/02\/piramides01.jpg\" alt=\"Las pir\u00e1mides\" width=\"400\" height=\"308\" align=\"middle\" border=\"0\" hspace=\"6\" \/><\/p>\n<p style=\"text-align: justify;\">Evidentemente, si quer\u00edan que el alma del fara\u00f3n llegara al cielo, lo mejor que pod\u00edan hacer era \u00a1construirle una escalera! De modo que entre el arquitecto Imhotep y el fara\u00f3n Djoser se inventaron las pir\u00e1mides escalonadas. Sin embargo, ese tipo de edificios se construy\u00f3 s\u00f3lo durante la III Dinast\u00eda. No es que los faraones de las dinast\u00edas posteriores ya no quisieran subir al cielo \u00a1claro que quer\u00edan! Lo que pasa es que prefer\u00edan hacerlo de otro modo, un poco m\u00e1s sofisticado.<\/p>\n<p class=\"img\"><img decoding=\"async\" loading=\"lazy\" class=\" size-full wp-image-36 aligncenter\" title=\"Las pir\u00e1mides\" src=\"http:\/\/amigosdelantiguoegipto.com\/wp-content\/uploads\/varios\/historia\/2002\/02\/piramides06.jpg\" alt=\"Las pir\u00e1mides\" width=\"400\" height=\"309\" align=\"middle\" border=\"0\" hspace=\"6\" \/><\/p>\n<p style=\"text-align: justify;\">Los nuevos faraones consideraron que el dios m\u00e1s importante era Ra y pensaron que resultar\u00eda m\u00e1s sencillo y \u201cchulo\u201d subir al cielo utilizando uno de sus rayos como medio de transporte. El problema era qu\u00e9 forma darle a ese rayo de luz porque, \u00bfc\u00f3mo son los rayos? Ahora ver\u00e9is d\u00f3nde se inspiraron los egipcios.<\/p>\n<p class=\"img\"><img decoding=\"async\" loading=\"lazy\" class=\" size-full wp-image-37 aligncenter\" title=\"Las pir\u00e1mides\" src=\"http:\/\/amigosdelantiguoegipto.com\/wp-content\/uploads\/varios\/historia\/2002\/02\/piramides02.jpg\" alt=\"Las pir\u00e1mides\" width=\"400\" height=\"309\" align=\"middle\" border=\"0\" hspace=\"6\" \/><\/p>\n<p style=\"text-align: justify;\">En Egipto las nubes no son algo muy habitual; pero, de vez en cuando, el cielo se cubre y oculta el brillo de Ra. No por mucho tiempo, es cierto, puesto que casi en seguida un rayo de luz atraviesa las nubes y Ra ilumina de nuevo la tierra. \u00bfOs hab\u00e9is fijado alguna vez qu\u00e9 forma tiene ese rayo de luz que atraviesa una nube? \u00a1Claro que s\u00ed! Parece un tri\u00e1ngulo. Es la siguiente pista de nuestro peque\u00f1o misterio. S\u00ed, ya s\u00e9 lo que est\u00e1is pensando, los tri\u00e1ngulos de luz son planos y las pir\u00e1mides tienen cuatro lados. \u00bfOs cre\u00e9is muy listos, verdad? Je, je, pues sabed que esa respuesta me la s\u00e9, ya ver\u00e9is como es muy sencilla y en cuanto os la cuente dir\u00e9is: \u00a1Claro, si es l\u00f3gico!<\/p>\n<p class=\"img\"><img decoding=\"async\" loading=\"lazy\" class=\" size-full wp-image-38 aligncenter\" title=\"Las pir\u00e1mides\" src=\"http:\/\/amigosdelantiguoegipto.com\/wp-content\/uploads\/varios\/historia\/2002\/02\/piramides04.jpg\" alt=\"Las pir\u00e1mides\" width=\"259\" height=\"400\" align=\"middle\" border=\"0\" hspace=\"6\" \/><\/p>\n<p style=\"text-align: justify;\">Ver\u00e9is, hace miles de a\u00f1os cay\u00f3 en el desierto egipcio un meteorito que choc\u00f3 contra la tierra y que los sacerdotes egipcios recogieron y adoraron como si fuera un objeto procedente del propio dios sol. A ese meteorito, que ten\u00eda forma de cono (como un cucurucho puesto del rev\u00e9s) le pusieron el nombre de piedra Benben. Los egipcios cre\u00edan que era un objeto cargado con mucha magia, por lo que lo adoraban en el templo de Ra, situado en Heli\u00f3polis. Ya tenemos la tercera pista del acertijo. Veamos otra.<\/p>\n<p class=\"img\"><img decoding=\"async\" loading=\"lazy\" class=\" size-full wp-image-39 aligncenter\" title=\"Las pir\u00e1mides\" src=\"http:\/\/amigosdelantiguoegipto.com\/wp-content\/uploads\/varios\/historia\/2002\/02\/piramides03.jpg\" alt=\"Las pir\u00e1mides\" width=\"400\" height=\"309\" align=\"middle\" border=\"0\" hspace=\"6\" \/><\/p>\n<p style=\"text-align: justify;\">La siguiente pista la encontramos en el modo tan peculiar que ten\u00edan los egipcios de hacer esculturas, que son como un poco cuadradas. El motivo es que a los egipcios las hac\u00edan para que se vieran s\u00f3lo desde los lados, desde delante o desde detr\u00e1s, de modo que no ten\u00edan que ser tan redonditas como las nuestras. Para hacerlas dibujaban en cada lado del bloque el dibujo de cada uno de sus lados: de frente, de perfil y de espalda, y luego iban quitando trozos de piedra hasta terminarla. Tranquilos, ya s\u00e9 que se empieza a hacer pesado, pero nos estamos acercando al final del misterio. S\u00f3lo una cosita m\u00e1s y ya estamos.<\/p>\n<p class=\"img\"><img decoding=\"async\" loading=\"lazy\" class=\" size-full wp-image-40 aligncenter\" title=\"Las pir\u00e1mides\" src=\"http:\/\/amigosdelantiguoegipto.com\/wp-content\/uploads\/varios\/historia\/2002\/02\/piramides05.jpg\" alt=\"Las pir\u00e1mides\" width=\"400\" height=\"309\" align=\"middle\" border=\"0\" hspace=\"6\" \/><\/p>\n<p style=\"text-align: justify;\">A ver \u00bfc\u00f3mo andaban los egipcios? De lado, evidentemente; bueno, al menos eso parece por sus dibujos. No cre\u00e1is que es que no sab\u00edan dibujar mejor, simplemente es que les gustaba representar as\u00ed a las cosas. Y es que su sistema les permit\u00eda dibujarlas a su modo, es decir, ofreciendo a la persona que las ve las partes m\u00e1s importantes del objeto, aunque una est\u00e9 delante y la otra detr\u00e1s. Es como en los cuadros de Picasso, en los que se puede ver a una se\u00f1ora de perfil, pero que tiene dibujada en la cara las dos orejas y los dos ojos, aunque todos sabemos que s\u00f3lo se ve uno de cada. \u00bfOs imagin\u00e1is ahora c\u00f3mo dibujaban los egipcios un cono (ya sab\u00e9is la piedra Benben)? Exactamente, como un sencillo tri\u00e1ngulo. Y \u00bfqu\u00e9 pasaba cuando dibujaban esa representaci\u00f3n de un cono en las cuatro paredes de un bloque de piedra para hacer una escultura de la piedra Beben? pues que al final acababan esculpiendo una peque\u00f1a pir\u00e1mide: cuatro tri\u00e1ngulos. Es la clave que nos faltaba. Ahora tenemos todas las piezas para poder resolver el acertijo de por qu\u00e9 las tumbas reales tienen forma de pir\u00e1mide.<\/p>\n<p class=\"img\"><img decoding=\"async\" loading=\"lazy\" class=\" size-full wp-image-41 aligncenter\" title=\"Las pir\u00e1mides\" src=\"http:\/\/amigosdelantiguoegipto.com\/wp-content\/uploads\/varios\/historia\/2002\/02\/piramides08.jpg\" alt=\"Las pir\u00e1mides\" width=\"275\" height=\"400\" align=\"middle\" border=\"0\" hspace=\"6\" \/><\/p>\n<p style=\"text-align: justify;\">Veamos:<br \/>\n&#8211; tienen que ser altas<br \/>\n&#8211; sirven para subir al cielo en un rayo de sol triangular<br \/>\n&#8211; la piedra solar Benben que tiene forma de cono<br \/>\n&#8211; los egipcios dibujan los conos como si fueran tri\u00e1ngulos<br \/>\n&#8211; los egipcios hac\u00edan las estatuas un poco cuadradas.<\/p>\n<p style=\"text-align: justify;\">\u00bfQu\u00e9 nos da todo esto (adem\u00e1s de dolor de cabeza de tanto pensar, claro)? Estoy seguro de que ya lo hab\u00e9is adivinado, pero la respuesta al enigma de por qu\u00e9 las tumbas de los faraones tienen forma de pir\u00e1mide es porque representan a un rayo de sol petrificado (de ah\u00ed la forma triangular de sus caras) utilizado por el alma del fara\u00f3n para subir al cielo (de ah\u00ed que sean tan altas) y que, adem\u00e1s, es una escultura gigante de la piedra Benben (de ah\u00ed la forma de pir\u00e1mide). F\u00e1cil \u00bfverdad?<\/p>\n","protected":false},"excerpt":{"rendered":"<p>Historia Jos\u00e9 Miguel Parra Ortiz &#8211; Febrero de 2002 La gigantesca forma triangular de las pir\u00e1mides se alza sobre el horizonte del desierto egipcio desde hace el doble de tiempo que la civilizaci\u00f3n cristiana. Eso es para que os deis cuenta de lo viejas que son. Fijaos que cuando naci\u00f3 Jesucristo las pir\u00e1mides ten\u00edan ya m\u00e1s de dos mil a\u00f1os&#8230;<\/p>\n<p class=\"continue-reading-button\"> <a class=\"continue-reading-link\" href=\"http:\/\/amigosdelantiguoegipto.com\/?page_id=8865\">Seguir leyendo<i class=\"crycon-right-dir\"><\/i><\/a><\/p>\n","protected":false},"author":1,"featured_media":0,"parent":0,"menu_order":6,"comment_status":"closed","ping_status":"closed","template":"","meta":{"ngg_post_thumbnail":0},"_links":{"self":[{"href":"http:\/\/amigosdelantiguoegipto.com\/index.php?rest_route=\/wp\/v2\/pages\/8865"}],"collection":[{"href":"http:\/\/amigosdelantiguoegipto.com\/index.php?rest_route=\/wp\/v2\/pages"}],"about":[{"href":"http:\/\/amigosdelantiguoegipto.com\/index.php?rest_route=\/wp\/v2\/types\/page"}],"author":[{"embeddable":true,"href":"http:\/\/amigosdelantiguoegipto.com\/index.php?rest_route=\/wp\/v2\/users\/1"}],"replies":[{"embeddable":true,"href":"http:\/\/amigosdelantiguoegipto.com\/index.php?rest_route=%2Fwp%2Fv2%2Fcomments&post=8865"}],"version-history":[{"count":0,"href":"http:\/\/amigosdelantiguoegipto.com\/index.php?rest_route=\/wp\/v2\/pages\/8865\/revisions"}],"wp:attachment":[{"href":"http:\/\/amigosdelantiguoegipto.com\/index.php?rest_route=%2Fwp%2Fv2%2Fmedia&parent=8865"}],"curies":[{"name":"wp","href":"https:\/\/api.w.org\/{rel}","templated":true}]}}