{"id":8863,"date":"2002-11-12T01:00:00","date_gmt":"2002-11-12T01:00:00","guid":{"rendered":"http:\/\/amigosdelantiguoegipto.com\/el-valle-de-las-momias-de-oro\/"},"modified":"2014-06-30T07:10:12","modified_gmt":"2014-06-30T07:10:12","slug":"el-valle-de-las-momias-de-oro","status":"publish","type":"page","link":"http:\/\/amigosdelantiguoegipto.com\/?page_id=8863","title":{"rendered":"El Valle de las Momias de Oro"},"content":{"rendered":"<p style=\"text-align: justify;\"><a href=\"http:\/\/amigosdelantiguoegipto.com\/?p=8872\">Historia<\/a><\/p>\n<p style=\"text-align: right;\">Nacho Ares &#8211; Noviembre de 2002<\/p>\n<p style=\"text-align: justify;\">El cuidador observaba con atenci\u00f3n cualquier movimiento que pudiera ver cerca del palmeral. Llevaba varios minutos buscando a su burro que, en un momento de distracci\u00f3n, hab\u00eda huido de su radio de vigilancia. Entonces, un peque\u00f1o estruendo se pudo escuchar en la lejan\u00eda entremezclado con el sibilante canturreo del <em>hamsin<\/em>, el viento del desierto.<\/p>\n<p class=\"img\"><img decoding=\"async\" loading=\"lazy\" class=\" size-full wp-image-21 aligncenter\" title=\"El Valle de las Momias de Oro\" src=\"http:\/\/amigosdelantiguoegipto.com\/wp-content\/uploads\/varios\/historia\/2002\/11\/vallemom003.jpg\" alt=\"El Valle de las Momias de Oro\" width=\"258\" height=\"384\" align=\"middle\" border=\"0\" hspace=\"6\" \/><\/p>\n<p style=\"text-align: justify;\">Mientras se acercaba a un mont\u00edculo cercano al oasis, aquel hombre pudo o\u00edr c\u00f3mo el sonido del animal se iba haciendo m\u00e1s audible. No muy lejos descubri\u00f3 una gran fosa en el suelo desde donde su inseparable burro, en silencio, le miraba sorprendido.<\/p>\n<p class=\"img\"><img decoding=\"async\" loading=\"lazy\" class=\" size-full wp-image-22 aligncenter\" title=\"El Valle de las Momias de Oro\" src=\"http:\/\/amigosdelantiguoegipto.com\/wp-content\/uploads\/varios\/historia\/2002\/11\/vallemom004.jpg\" alt=\"El Valle de las Momias de Oro\" width=\"384\" height=\"257\" align=\"middle\" border=\"0\" hspace=\"6\" \/><\/p>\n<p style=\"text-align: justify;\">Desde arriba el cuidador pudo ver que junto al burro hab\u00eda cientos de piedras doradas. Extra\u00f1ado por el ins\u00f3lito descubrimiento de su compa\u00f1ero, el hombre descendi\u00f3 para rescatar al animal y estudiar detenidamente aquel misterioso conjunto p\u00e9treo. Pagar\u00eda cara su osad\u00eda. Al tocar aquello que \u00e9l crey\u00f3 ser piedra, comprob\u00f3 realmente que se encontraba ante un grupo de momias cubiertas de oro. Asustado por las supercher\u00edas y leyendas que hab\u00eda escuchado desde ni\u00f1o, sac\u00f3 al burro como pudo del agujero y huy\u00f3 hasta la cercana ciudad de El-Bawiti. Poco despu\u00e9s el Consejo Superior para las Antig\u00fcedades de Egipto destapaba la mayor necr\u00f3polis de momias humanas encontrada no solamente en el Valle del Nilo, sino en el mundo entero.<\/p>\n<p class=\"img\"><img decoding=\"async\" loading=\"lazy\" class=\" size-full wp-image-23 aligncenter\" title=\"El Valle de las Momias de Oro\" src=\"http:\/\/amigosdelantiguoegipto.com\/wp-content\/uploads\/varios\/historia\/2002\/11\/vallemom005.jpg\" alt=\"El Valle de las Momias de Oro\" width=\"385\" height=\"258\" align=\"middle\" border=\"0\" hspace=\"6\" \/><\/p>\n<p style=\"text-align: justify;\">Aunque las excavaciones en el lugar llevaban realiz\u00e1ndose desde 1992, corr\u00eda el mes de junio de 1995 cuando sucedi\u00f3 la aventura del burro del guardia. Solamente cuatro a\u00f1os despu\u00e9s, coincidiendo con el lanzamiento mundial de la pel\u00edcula <em>La Momia<\/em>, se dio a conocer este sensacional hallazgo en el oasis de Bahariya, a 450 kil\u00f3metros al oeste de El Cairo, en pleno coraz\u00f3n del desierto l\u00edbico. A lo largo de cuatro galer\u00edas se descubrieron cientos de momias cubiertas de oro, lo que denotaba el elevado rango social de los all\u00ed sepultados. Esta circunstancia hizo a los arque\u00f3logos que el lugar fuera bautizado como el Valle de las Momias de Oro.<\/p>\n<p class=\"img\"><img decoding=\"async\" loading=\"lazy\" class=\" size-full wp-image-24 aligncenter\" title=\"El Valle de las Momias de Oro\" src=\"http:\/\/amigosdelantiguoegipto.com\/wp-content\/uploads\/varios\/historia\/2002\/11\/vallemom006.jpg\" alt=\"El Valle de las Momias de Oro\" width=\"384\" height=\"258\" align=\"middle\" border=\"0\" hspace=\"6\" \/><\/p>\n<p style=\"text-align: justify;\">El hallazgo se complet\u00f3 con ricos ajuares de vasijas y figurillas del geniecillo Bes, todo ello fechable en las postrimer\u00edas de la historia de Egipto (ca. 332 a. C.- 400 d. C.). Sin embargo, la verdadera riqueza de este descubrimiento casual, pr\u00e1cticamente id\u00e9ntico al del poblado de los constructores de Gizeh, cuando una turista americana hund\u00eda las patas de su caballo en una tumba al sur de la conocida meseta cairota, est\u00e1 en la previsi\u00f3n de un hallazgo todav\u00eda mayor. El director de la excavaci\u00f3n, Mohamed Ayadi, manifest\u00f3 que en las galer\u00edas exploradas podr\u00edan albergarse m\u00e1s de 10.000 cuerpos. Estas momias, siguiendo la milenaria tradici\u00f3n egipcia instaurada por el dios de los embalsamadores, Anubis, han conseguido vencer el paso del tiempo, haciendo real uno de los sue\u00f1os m\u00e1s anhelados por cualquier seguidor de los faraones: alcanzar la inmortalidad.<\/p>\n<p class=\"img\"><img decoding=\"async\" loading=\"lazy\" class=\" size-full wp-image-25 aligncenter\" title=\"El Valle de las Momias de Oro\" src=\"http:\/\/amigosdelantiguoegipto.com\/wp-content\/uploads\/varios\/historia\/2002\/11\/vallemom007.jpg\" alt=\"El Valle de las Momias de Oro\" width=\"384\" height=\"258\" align=\"middle\" border=\"0\" hspace=\"6\" \/><\/p>\n<p style=\"text-align: justify;\">Hasta la fecha han aparecido cientos de tumbas repletas de momias an\u00f3nimas. Es dif\u00edcil saber cu\u00e1ntos cuerpos han aparecido ya que muchos estaban colocados sin cuidado unos encima de otros y el paso del tiempo ha mezclado los restos.<\/p>\n","protected":false},"excerpt":{"rendered":"<p>Historia Nacho Ares &#8211; Noviembre de 2002 El cuidador observaba con atenci\u00f3n cualquier movimiento que pudiera ver cerca del palmeral. Llevaba varios minutos buscando a su burro que, en un momento de distracci\u00f3n, hab\u00eda huido de su radio de vigilancia. Entonces, un peque\u00f1o estruendo se pudo escuchar en la lejan\u00eda entremezclado con el sibilante canturreo del hamsin, el viento del&#8230;<\/p>\n<p class=\"continue-reading-button\"> <a class=\"continue-reading-link\" href=\"http:\/\/amigosdelantiguoegipto.com\/?page_id=8863\">Seguir leyendo<i class=\"crycon-right-dir\"><\/i><\/a><\/p>\n","protected":false},"author":1,"featured_media":0,"parent":0,"menu_order":4,"comment_status":"closed","ping_status":"closed","template":"","meta":{"ngg_post_thumbnail":0},"_links":{"self":[{"href":"http:\/\/amigosdelantiguoegipto.com\/index.php?rest_route=\/wp\/v2\/pages\/8863"}],"collection":[{"href":"http:\/\/amigosdelantiguoegipto.com\/index.php?rest_route=\/wp\/v2\/pages"}],"about":[{"href":"http:\/\/amigosdelantiguoegipto.com\/index.php?rest_route=\/wp\/v2\/types\/page"}],"author":[{"embeddable":true,"href":"http:\/\/amigosdelantiguoegipto.com\/index.php?rest_route=\/wp\/v2\/users\/1"}],"replies":[{"embeddable":true,"href":"http:\/\/amigosdelantiguoegipto.com\/index.php?rest_route=%2Fwp%2Fv2%2Fcomments&post=8863"}],"version-history":[{"count":0,"href":"http:\/\/amigosdelantiguoegipto.com\/index.php?rest_route=\/wp\/v2\/pages\/8863\/revisions"}],"wp:attachment":[{"href":"http:\/\/amigosdelantiguoegipto.com\/index.php?rest_route=%2Fwp%2Fv2%2Fmedia&parent=8863"}],"curies":[{"name":"wp","href":"https:\/\/api.w.org\/{rel}","templated":true}]}}