{"id":8862,"date":"2003-07-14T01:00:00","date_gmt":"2003-07-14T01:00:00","guid":{"rendered":"http:\/\/amigosdelantiguoegipto.com\/el-ejercito-egipcio\/"},"modified":"2014-06-30T07:08:30","modified_gmt":"2014-06-30T07:08:30","slug":"el-ejercito-egipcio","status":"publish","type":"page","link":"http:\/\/amigosdelantiguoegipto.com\/?page_id=8862","title":{"rendered":"El ej\u00e9rcito egipcio"},"content":{"rendered":"<p style=\"text-align: justify;\"><a href=\"http:\/\/amigosdelantiguoegipto.com\/?p=8872\">Historia<\/a><\/p>\n<p style=\"text-align: right;\">Jos\u00e9 Miguel Parra Ortiz &#8211; Julio de 2003<\/p>\n<p style=\"text-align: justify;\">Seguro que si os digo que en el antiguo Egipto no ten\u00edan ej\u00e9rcito os costar\u00e1 creerme. Ya me estoy imaginando vuestras caras de no fiaros nada de nada y un bosque de manos alzadas y cientos de preguntas: Entonces \u00bfc\u00f3mo pudieron conquistar su imperio? \u00bfEn la Biblia no se habla del ej\u00e9rcito de Rams\u00e9s II? \u00bfNo hay un mont\u00f3n de relieves en los templos y mastabas donde se ve a los soldados egipcios atacando a sus enemigos? Vale, lo confieso, es un peque\u00f1o embuste. Los egipcios s\u00ed ten\u00edan ej\u00e9rcito, pero al principio era un ej\u00e9rcito un poco \u00abbirria\u00bb. Cuando digo esto no me refiero a que no fueran buenos soldados, sino al hecho de que no era un ej\u00e9rcito permanente.<\/p>\n<p class=\"img\"><img decoding=\"async\" loading=\"lazy\" class=\" size-full wp-image-13 aligncenter\" title=\"El ej\u00e9rcito egipcio\" src=\"http:\/\/amigosdelantiguoegipto.com\/wp-content\/uploads\/varios\/historia\/2003\/07\/01.jpg\" alt=\"El ej\u00e9rcito egipcio\" width=\"326\" height=\"399\" align=\"middle\" border=\"0\" hspace=\"6\" \/><\/p>\n<p style=\"text-align: justify;\">Durante los primeros momentos de la historia de Egipto, el Reino Antiguo y el Reino Medio, es decir, la \u00e9poca de las pir\u00e1mides, los faraones no dispon\u00edan de soldados profesionales. Era como la \u00abmili\u00bb de hace unos a\u00f1os, todos eran soldados no voluntarios, llamados a filas cuando se los necesitaba. Cuando Egipto era atacado o hab\u00eda que organizar una expedici\u00f3n contra alguno de los enemigos tradicionales de Egipto (los pueblos de Nubia, Cana\u00e1n, Libia o los n\u00f3madas del desierto), los funcionarios del fara\u00f3n reun\u00edan a un grupo de hombres y, sin un entrenamiento militar exhaustivo, lo enviaban a cumplir la misi\u00f3n.<\/p>\n<p style=\"text-align: justify;\">Esto significaba, adem\u00e1s, que las campa\u00f1as militares ten\u00edan lugar cuando las condiciones agr\u00edcolas y el clima lo permit\u00edan. Por ejemplo, para ir a combatir a Nubia, donde el calor es enorme, se prefer\u00eda la \u00e9poca del invierno y la primavera, cuando las temperaturas no eran tan altas. En cambio, para atacar la zona de Siria-Palestina se eleg\u00eda el verano, despu\u00e9s de haber recogido la cosecha. Ser soldado y agricultor ten\u00eda sus desventajas, sobre todo desde el punto de vista del ej\u00e9rcito. Pero durante la Antig\u00fcedad era algo habitual. Durante los primeros a\u00f1os de la rep\u00fablica romana pas\u00f3 lo mismo y a\u00fan as\u00ed conquistaron un gran imperio.<\/p>\n<p style=\"text-align: justify;\">Afortunadamente para los egipcios, los pueblos a los que se enfrentaban contaban con el mismo tipo de formaci\u00f3n militar, por lo cual en sus enfrentamientos sal\u00edan victoriosos casi siempre. Al menos eso es lo que nos dicen los textos egipcios. Claro, que en muchas ocasiones leerlos es como pedirle a un hincha de un equipo de f\u00fatbol que nos cuente el partido: la culpa siempre es del \u00e1rbitro. Este es uno de los motivos por los cuales al leer un texto hist\u00f3rico hay que analizarlo en profundidad e intentar averiguar la parte de verdad que contiene.<\/p>\n<p class=\"img\"><img decoding=\"async\" loading=\"lazy\" class=\"  wp-image-14 aligncenter\" title=\"El ej\u00e9rcito egipcio\" src=\"http:\/\/amigosdelantiguoegipto.com\/wp-content\/uploads\/varios\/historia\/2003\/07\/02.jpg\" alt=\"El ej\u00e9rcito egipcio\" width=\"441\" height=\"163\" align=\"middle\" border=\"0\" hspace=\"6\" \/><\/p>\n<p style=\"text-align: justify;\">Pese a todo, no dej\u00e9is que os enga\u00f1e la imagen de un ej\u00e9rcito no profesional. Los soldados egipcios eran capaces de llevar a cabo t\u00e1cticas y estrategias complejas. Para que os hag\u00e1is una idea, Uni, un funcionario de la VI Dinast\u00eda al que el fara\u00f3n el encarg\u00f3 dirigir una campa\u00f1a militar, fue el primer general que puso en pr\u00e1ctica una t\u00e1ctica que luego han venido repitiendo todos los ej\u00e9rcitos del mundo, desde las legiones romanas hasta los \u00abmarines\u00bb norteamericanos: un ataque en pinza para rodear al adversario, acompa\u00f1ado del desembarco de tropas desde barcos de transporte. Exactamente igual que en Normand\u00eda durante la II Guerra Mundial \u00a1Modernos los egipcios!, \u00bfa que s\u00ed?<\/p>\n<p style=\"text-align: justify;\">Las cosas cambiaron con la llegada del Reino Nuevo (la \u00e9poca de Tutmosis, Tutankhamon, Rams\u00e9s, etc.). Egipto se convirti\u00f3 entonces en una de las superpotencias de la \u00e9poca y luch\u00f3 por la supremac\u00eda en el Mediterr\u00e1neo oriental con los hititas, los mitanios y otros poderosos imperios. Evidentemente, para enfrentarse con ellos no bastaba con un grupo de soldados reunidos apresuradamente y sin mucho entrenamiento. Ahora se necesitaba un ej\u00e9rcito profesional y bien preparado.<\/p>\n<p class=\"img\"><img decoding=\"async\" loading=\"lazy\" class=\"  wp-image-15 aligncenter\" title=\"El ej\u00e9rcito egipcio\" src=\"http:\/\/amigosdelantiguoegipto.com\/wp-content\/uploads\/varios\/historia\/2003\/07\/03.jpg\" alt=\"El ej\u00e9rcito egipcio\" width=\"455\" height=\"149\" align=\"middle\" border=\"0\" hspace=\"6\" \/><\/p>\n<p style=\"text-align: justify;\">Estos soldados se entrenaban con dureza y conocemos textos en donde se describen las caminatas, carreras y sufrimientos de la infanter\u00eda egipcia. Tambi\u00e9n hab\u00eda cuerpos especiales; soldados que sufr\u00edan un entrenamiento espec\u00edfico en un arma concreta, en este caso el uso del arco y las flechas. No era el \u00fanico cuerpo de \u00e9lite del ej\u00e9rcito egipcio, pues la armada y sus barcos ten\u00edan mucho prestigio; quiz\u00e1 m\u00e1s, ten\u00edan los encargados de conducir los \u00abtanques\u00bb de la \u00e9poca: el carro tirado por caballos. Sin embargo, estos animales no eran montados por soldados, por lo cual no exist\u00eda la caballer\u00eda. Dirigir y atacar al enemigo sobre un caballo sin los estribos es muy complicado y es f\u00e1cil desmontar al jinete.<\/p>\n<p style=\"text-align: justify;\">En cada carro iba un conductor, encargado de manejar y dirigir la m\u00e1quina, adem\u00e1s de un soldado que disparaba flechas y lanzaba jabalinas contra los enemigos. El carro de guerra no fue un invento egipcio. Se trata de un arma que introdujeron en Egipto los hyksos, un pueblo asi\u00e1tico que lleg\u00f3 a controlar el Delta durante el Segundo Per\u00edodo Intermedio. Esto quiere decir que los soldados del fara\u00f3n no eran los \u00fanicos que contaban con esta nueva arma. Los hititas, archienemigos de los egipcios en esta \u00e9poca,tambi\u00e9n los ten\u00edan; pero los suyos eran un poco m\u00e1s grandes, pues llevaban a tres personas: el conductor, el arquero y un escudero encargado de protegerlos a ambos de los ataques del adversario.<\/p>\n<p class=\"img\"><img decoding=\"async\" loading=\"lazy\" class=\"  wp-image-16 aligncenter\" title=\"El ej\u00e9rcito egipcio\" src=\"http:\/\/amigosdelantiguoegipto.com\/wp-content\/uploads\/varios\/historia\/2003\/07\/04.jpg\" alt=\"El ej\u00e9rcito egipcio\" width=\"446\" height=\"204\" align=\"middle\" border=\"0\" hspace=\"6\" \/><\/p>\n<p style=\"text-align: justify;\">Al contrario que otros soldados del per\u00edodo, los egipcios no sol\u00edan vestir armaduras protectoras, s\u00f3lo sus espadas, sus lanzas y la t\u00edpica faldita corta. Por no llevar no llevaban ni casco. En ocasiones se proteg\u00edan con camisas de cuero y polainas, pero eran las menos. Su principal arma defensiva era el escudo: un armaz\u00f3n de madera de forma rectangular con una parte curva, recubierta con una piel de vaca muy tensa. A pesar de su aparente fragilidad, era una defensa bastante efectiva contra las armas de la \u00e9poca.<\/p>\n<p class=\"img\"><img decoding=\"async\" loading=\"lazy\" class=\" size-full wp-image-17 aligncenter\" title=\"El ej\u00e9rcito egipcio\" src=\"http:\/\/amigosdelantiguoegipto.com\/wp-content\/uploads\/varios\/historia\/2003\/07\/05.jpg\" alt=\"El ej\u00e9rcito egipcio\" width=\"400\" height=\"90\" align=\"middle\" border=\"0\" hspace=\"6\" \/><\/p>\n<p class=\"img\"><img decoding=\"async\" loading=\"lazy\" class=\" size-full wp-image-18 aligncenter\" title=\"El ej\u00e9rcito egipcio\" src=\"http:\/\/amigosdelantiguoegipto.com\/wp-content\/uploads\/varios\/historia\/2003\/07\/06.jpg\" alt=\"El ej\u00e9rcito egipcio\" width=\"400\" height=\"190\" align=\"middle\" border=\"0\" hspace=\"6\" \/><\/p>\n<p style=\"text-align: justify;\">El capit\u00e1n general del ej\u00e9rcito era el fara\u00f3n y el segundo al mando el visir. Despu\u00e9s estaban los generales y por debajo de ellos otros oficiales, como los comandantes de divisi\u00f3n, los portaestandartes, el comandante de los arqueros, los comandantes de los fuertes, etc.<\/p>\n<p style=\"text-align: justify;\">La unidad militar b\u00e1sica era un grupo de cincuenta soldados, dirigidos por un oficial. Cinco de estos grupos formaban una compa\u00f1\u00eda, dirigida por un comandante con la ayuda de un escriba militar. Una divisi\u00f3n, o cuerpo de ej\u00e9rcito, estaba compuesta de veinte compa\u00f1\u00edas y constaba en total de 5.000 soldados, dirigidos por veinte oficiales superiores y un general. En campa\u00f1a, los egipcios dispon\u00edan de cuatro divisiones (las de Rams\u00e9s en la batalla de Kadesh se llamaban: Am\u00f3n, Ra, Seth y Ptah), lo que significaba 20.000 soldados bien entrenados y ansiosos por enfrentarse al enemigo.<\/p>\n<p class=\"img\"><img decoding=\"async\" loading=\"lazy\" class=\" size-full wp-image-19 aligncenter\" title=\"El ej\u00e9rcito egipcio\" src=\"http:\/\/amigosdelantiguoegipto.com\/wp-content\/uploads\/varios\/historia\/2003\/07\/07.jpg\" alt=\"El ej\u00e9rcito egipcio\" width=\"400\" height=\"335\" align=\"middle\" border=\"0\" hspace=\"6\" \/><\/p>\n<p style=\"text-align: justify;\">Terminada la batalla, los egipcios recurr\u00edan a un sistema un poco peculiar para conocer cuantos soldados contrarios hab\u00edan muerto: les cortaban el pene y luego los amontonaban para que los escribas recogieran en sus papiros las cifras oficiales de muertos. Y es que siempre ha ocurrido lo mismo, los generales dirigen las batallas y se llevan la gloria, pero son los sufridos soldados quienes pierden la vida.<\/p>\n","protected":false},"excerpt":{"rendered":"<p>Historia Jos\u00e9 Miguel Parra Ortiz &#8211; Julio de 2003 Seguro que si os digo que en el antiguo Egipto no ten\u00edan ej\u00e9rcito os costar\u00e1 creerme. Ya me estoy imaginando vuestras caras de no fiaros nada de nada y un bosque de manos alzadas y cientos de preguntas: Entonces \u00bfc\u00f3mo pudieron conquistar su imperio? \u00bfEn la Biblia no se habla del&#8230;<\/p>\n<p class=\"continue-reading-button\"> <a class=\"continue-reading-link\" href=\"http:\/\/amigosdelantiguoegipto.com\/?page_id=8862\">Seguir leyendo<i class=\"crycon-right-dir\"><\/i><\/a><\/p>\n","protected":false},"author":1,"featured_media":0,"parent":0,"menu_order":3,"comment_status":"closed","ping_status":"closed","template":"","meta":{"ngg_post_thumbnail":0},"_links":{"self":[{"href":"http:\/\/amigosdelantiguoegipto.com\/index.php?rest_route=\/wp\/v2\/pages\/8862"}],"collection":[{"href":"http:\/\/amigosdelantiguoegipto.com\/index.php?rest_route=\/wp\/v2\/pages"}],"about":[{"href":"http:\/\/amigosdelantiguoegipto.com\/index.php?rest_route=\/wp\/v2\/types\/page"}],"author":[{"embeddable":true,"href":"http:\/\/amigosdelantiguoegipto.com\/index.php?rest_route=\/wp\/v2\/users\/1"}],"replies":[{"embeddable":true,"href":"http:\/\/amigosdelantiguoegipto.com\/index.php?rest_route=%2Fwp%2Fv2%2Fcomments&post=8862"}],"version-history":[{"count":0,"href":"http:\/\/amigosdelantiguoegipto.com\/index.php?rest_route=\/wp\/v2\/pages\/8862\/revisions"}],"wp:attachment":[{"href":"http:\/\/amigosdelantiguoegipto.com\/index.php?rest_route=%2Fwp%2Fv2%2Fmedia&parent=8862"}],"curies":[{"name":"wp","href":"https:\/\/api.w.org\/{rel}","templated":true}]}}