{"id":8859,"date":"2000-02-20T01:46:59","date_gmt":"2000-02-20T01:46:59","guid":{"rendered":"http:\/\/amigosdelantiguoegipto.com\/egipto-don-del-nilo\/"},"modified":"2014-06-30T07:52:21","modified_gmt":"2014-06-30T07:52:21","slug":"egipto-don-del-nilo","status":"publish","type":"page","link":"http:\/\/amigosdelantiguoegipto.com\/?page_id=8859","title":{"rendered":"Egipto Don del Nilo"},"content":{"rendered":"<p style=\"text-align: justify;\"><a href=\"http:\/\/amigosdelantiguoegipto.com\/?p=8872\">Historia<\/a><\/p>\n<p style=\"text-align: right;\">Cristina Carracedo &#8211; Febrero de 2000<\/p>\n<p style=\"text-align: justify;\">Seg\u00fan escribi\u00f3 un famoso viajero de origen griego llamado Herodoto: &#8220;Egipto es un don del Nilo&#8221;.<\/p>\n<p style=\"text-align: justify;\">La civilizaci\u00f3n egipcia se extend\u00eda a lo largo de las riberas del Nilo, ya que depend\u00edan del r\u00edo para su supervivencia. All\u00ed se concentraban los hombres, las ciudades, los templos, las pir\u00e1mides y toda la vida econ\u00f3mica del reino. El resto del pa\u00eds estaba formado por numerosos desiertos. De este modo los egipcios llamaban al valle del Nilo la &#8220;Tierra negra&#8221;, mientras que el desierto era la &#8220;Tierra roja&#8221;.<\/p>\n<p style=\"text-align: justify;\">Se conoc\u00eda como la &#8220;Tierra negra&#8221; debido al desbordamiento del r\u00edo cada verano, de julio a septiembre, inundando el valle con agua y un rico barro de color oscuro (limo), muy beneficioso para los campesinos. As\u00ed cultivaban las tierras fertilizadas, por eso la crecida del Nilo era tan importante para los egipcios.<\/p>\n<div class=\"mosimage\" style=\"text-align: justify;\" align=\"center\">\n<div id=\"attachment_84\" style=\"width: 245px\" class=\"wp-caption aligncenter\"><img aria-describedby=\"caption-attachment-84\" decoding=\"async\" loading=\"lazy\" class=\"wp-image-84 size-full\" title=\"Trilla con bueyes, XVIII Dinast\u00eda\" src=\"http:\/\/amigosdelantiguoegipto.com\/wp-content\/uploads\/varios\/historia\/2000\/02\/bueyes.jpg\" alt=\"Trilla con bueyes, XVIII Dinast\u00eda\" width=\"235\" height=\"146\" border=\"0\" hspace=\"6\" \/><p id=\"caption-attachment-84\" class=\"wp-caption-text\">Trilla con bueyes, XVIII Dinast\u00eda<\/p><\/div>\n<\/div>\n<div class=\"mosimage\" style=\"text-align: justify;\" align=\"center\">\n<div id=\"attachment_85\" style=\"width: 245px\" class=\"wp-caption aligncenter\"><img aria-describedby=\"caption-attachment-85\" decoding=\"async\" loading=\"lazy\" class=\"wp-image-85 size-full\" title=\"Espigas, XVIII Dinast\u00eda\" src=\"http:\/\/amigosdelantiguoegipto.com\/wp-content\/uploads\/varios\/historia\/2000\/02\/espigas.jpg\" alt=\"Espigas, XVIII Dinast\u00eda\" width=\"235\" height=\"247\" border=\"0\" hspace=\"6\" \/><p id=\"caption-attachment-85\" class=\"wp-caption-text\">Espigas, XVIII Dinast\u00eda<\/p><\/div>\n<\/div>\n<p style=\"text-align: justify;\">Tambi\u00e9n aprovechaban para excavar canales de regad\u00edo y crear dep\u00f3sitos de agua para los meses en los que el agua era escasa.<\/p>\n<p style=\"text-align: justify;\">Pero estas inundaciones a veces arrasaban las casas y el ganado. Para evitar estos desastres, los egipcios med\u00edan constantemente el nivel del agua del Nilo con un artilugio llamado nil\u00f3metro.<\/p>\n<p style=\"text-align: justify;\">El desierto o la &#8220;Tierra roja&#8221; tambi\u00e9n ten\u00eda su importancia. Constitu\u00eda una defensa natural contra los invasores, adem\u00e1s de ser una reserva de piedras y de metales preciosos de gran riqueza para Egipto.<\/p>\n","protected":false},"excerpt":{"rendered":"<p>Historia Cristina Carracedo &#8211; Febrero de 2000 Seg\u00fan escribi\u00f3 un famoso viajero de origen griego llamado Herodoto: &#8220;Egipto es un don del Nilo&#8221;. La civilizaci\u00f3n egipcia se extend\u00eda a lo largo de las riberas del Nilo, ya que depend\u00edan del r\u00edo para su supervivencia. All\u00ed se concentraban los hombres, las ciudades, los templos, las pir\u00e1mides y toda la vida econ\u00f3mica&#8230;<\/p>\n<p class=\"continue-reading-button\"> <a class=\"continue-reading-link\" href=\"http:\/\/amigosdelantiguoegipto.com\/?page_id=8859\">Seguir leyendo<i class=\"crycon-right-dir\"><\/i><\/a><\/p>\n","protected":false},"author":1,"featured_media":0,"parent":0,"menu_order":18,"comment_status":"closed","ping_status":"closed","template":"","meta":{"ngg_post_thumbnail":0},"_links":{"self":[{"href":"http:\/\/amigosdelantiguoegipto.com\/index.php?rest_route=\/wp\/v2\/pages\/8859"}],"collection":[{"href":"http:\/\/amigosdelantiguoegipto.com\/index.php?rest_route=\/wp\/v2\/pages"}],"about":[{"href":"http:\/\/amigosdelantiguoegipto.com\/index.php?rest_route=\/wp\/v2\/types\/page"}],"author":[{"embeddable":true,"href":"http:\/\/amigosdelantiguoegipto.com\/index.php?rest_route=\/wp\/v2\/users\/1"}],"replies":[{"embeddable":true,"href":"http:\/\/amigosdelantiguoegipto.com\/index.php?rest_route=%2Fwp%2Fv2%2Fcomments&post=8859"}],"version-history":[{"count":0,"href":"http:\/\/amigosdelantiguoegipto.com\/index.php?rest_route=\/wp\/v2\/pages\/8859\/revisions"}],"wp:attachment":[{"href":"http:\/\/amigosdelantiguoegipto.com\/index.php?rest_route=%2Fwp%2Fv2%2Fmedia&parent=8859"}],"curies":[{"name":"wp","href":"https:\/\/api.w.org\/{rel}","templated":true}]}}