{"id":8857,"date":"2000-04-29T01:00:00","date_gmt":"2000-04-29T01:00:00","guid":{"rendered":"http:\/\/amigosdelantiguoegipto.com\/la-familia-egipcia\/"},"modified":"2014-06-30T07:48:46","modified_gmt":"2014-06-30T07:48:46","slug":"la-familia-egipcia","status":"publish","type":"page","link":"http:\/\/amigosdelantiguoegipto.com\/?page_id=8857","title":{"rendered":"La familia egipcia"},"content":{"rendered":"<p style=\"text-align: justify;\"><a href=\"http:\/\/amigosdelantiguoegipto.com\/?p=8872\">Historia<\/a><\/p>\n<p style=\"text-align: right;\">Cristina Carracedo &#8211; Abril de 2000<\/p>\n<p style=\"text-align: justify;\">La familia egipcia era muy similar a la nuestra, aunque sol\u00edan ser m\u00e1s numerosas. Por lo general se casaban j\u00f3venes y ten\u00edan muchos hijos, pues la mortalidad infantil era muy elevada y los hijos significaban riqueza.<\/p>\n<p style=\"text-align: justify;\">Un hombre importante pod\u00eda tener varias esposas, pero la primera esposa era la compa\u00f1era del marido. Se ocupaba de dirigir la casa y era due\u00f1a de sus enseres. En estos casos, no ten\u00edan mucho trabajo ya que dispon\u00edan de criadas que adem\u00e1s le ayudaban a vestirse, maquillarse y peinarse. Los matrimonios entre ricos sol\u00edan ser de conveniencia; pero la mayor\u00eda de los matrimonios convencionales se basaban en el amor y el respeto. As\u00ed, en las representaciones que se han encontrado, suelen aparecer abrazados.<\/p>\n<div class=\"mosimage\" style=\"text-align: justify;\" align=\"center\">\n<div id=\"attachment_76\" style=\"width: 210px\" class=\"wp-caption aligncenter\"><img aria-describedby=\"caption-attachment-76\" decoding=\"async\" loading=\"lazy\" class=\"wp-image-76 size-full\" title=\"Familia de clase media: Seneb con su esposa y sus dos hijos\" src=\"http:\/\/amigosdelantiguoegipto.com\/wp-content\/uploads\/varios\/historia\/2000\/04\/seneb.jpg\" alt=\"Familia de clase media: Seneb con su esposa y sus dos hijos\" width=\"200\" height=\"401\" border=\"0\" hspace=\"6\" \/><p id=\"caption-attachment-76\" class=\"wp-caption-text\">Familia de clase media: Seneb con su esposa y sus dos hijos<\/p><\/div>\n<\/div>\n<p style=\"text-align: justify;\">Tener muchos ni\u00f1os era muy importante para los egipcios. Cuando nac\u00eda un ni\u00f1o se recib\u00eda con gran alegr\u00eda. Y era la madre la que se encargaba de la educaci\u00f3n de los hijos.<br \/>\nA los varones se les sol\u00eda poner el nombre de los abuelos y aprend\u00edan la profesi\u00f3n del padre. Algunos continuaban viviendo en la casa de sus padres despu\u00e9s de casarse.<\/p>\n<p style=\"text-align: justify;\">Las familias m\u00e1s ricas enviaban a sus hijos a la escuela a aprender escritura jerogl\u00edfica y matem\u00e1ticas, desde muy peque\u00f1os, con unos 5 \u00f3 6 a\u00f1os, para convertirse en escribas, arquitectos o jueces.<\/p>\n<p style=\"text-align: justify;\">Las ni\u00f1as aprend\u00edan labores dom\u00e9sticas; incluso m\u00fasica y danza. Y permanec\u00edan en el hogar hasta que se casaban. Pero en una casa egipcia tambi\u00e9n viv\u00edan abuelos, t\u00edos, primos&#8230; El cabeza de familia se hac\u00eda cargo de todos, y a su manera, cada cual era \u00fatil en la casa.<\/p>\n<div class=\"mosimage\" style=\"text-align: justify;\" align=\"center\">\n<div id=\"attachment_77\" style=\"width: 410px\" class=\"wp-caption aligncenter\"><img aria-describedby=\"caption-attachment-77\" decoding=\"async\" loading=\"lazy\" class=\"wp-image-77 size-full\" title=\"Inhirkha con su esposa, su hijo y sus nietos\" src=\"http:\/\/amigosdelantiguoegipto.com\/wp-content\/uploads\/varios\/historia\/2000\/04\/familia_de_inhirkha.jpg\" alt=\"Inhirkha con su esposa, su hijo y sus nietos\" width=\"400\" height=\"246\" align=\"middle\" border=\"0\" hspace=\"6\" \/><p id=\"caption-attachment-77\" class=\"wp-caption-text\">Inhirkha con su esposa, su hijo y sus nietos. Era un capataz que trabajaba en la construcci\u00f3n de la tumba del fara\u00f3n. Pese a ser abuelo, se le muestra en la flor de la vida. Est\u00e1 rodeado de sus nietos, que juegan con p\u00e1jaros dom\u00e9sticos junto a su silla. Aunque se trate de una pintura funeraria representa una feliz escena de vida dom\u00e9stica. (Los egipcios sol\u00edan pintar las figuras de los ni\u00f1os proporcionalmente m\u00e1s peque\u00f1as que las de adultos).<\/p><\/div>\n<\/div>\n<p style=\"text-align: justify;\">Las familias egipcias sol\u00edan tener <strong>animales dom\u00e9sticos<\/strong> como mascotas: p\u00e1jaros, monos, perros y gatos.<\/p>\n<p style=\"text-align: justify;\">Las <strong>casas<\/strong> de los campesinos no ten\u00edan apenas comodidades y eran agrupadas en pueblos. Los muros se hac\u00edan de ladrillo de adobe (barro y paja) con peque\u00f1as ventanas para impedir que entrar el calor en su interior. Su mobiliario era sencillo, formado por taburetes, mesas, camas, arcones para guardar su ropa. Los ni\u00f1os sol\u00edan dormir sobre esteras en el suelo.<\/p>\n<p style=\"text-align: justify;\">Muchas casas ten\u00edan una terraza en el tejado siendo el lugar preferido de sus ocupantes, donde sol\u00edan reunirse al atardecer. Los egipcios m\u00e1s ricos, sin embargo, viv\u00edan en mansiones confortables, rodeadas de jardines con estanques, \u00e1rboles, flores arom\u00e1ticas y parras. En su interior decoraban sus paredes de colores vivos. Las casas de las ciudades, sin embargo, ten\u00edan dos o tres pisos, y acced\u00edan directamente a las estrechas y polvorientas calles. Por eso prefer\u00edan vivir en el campo.<\/p>\n<div class=\"mosimage\" style=\"text-align: justify;\" align=\"center\">\n<div id=\"attachment_78\" style=\"width: 410px\" class=\"wp-caption aligncenter\"><img aria-describedby=\"caption-attachment-78\" decoding=\"async\" loading=\"lazy\" class=\"wp-image-78 size-full\" title=\"Maqueta de casa modesta\" src=\"http:\/\/amigosdelantiguoegipto.com\/wp-content\/uploads\/varios\/historia\/2000\/04\/casa_egipcia.jpg\" alt=\"Maqueta de casa modesta\" width=\"400\" height=\"338\" border=\"0\" hspace=\"6\" \/><p id=\"caption-attachment-78\" class=\"wp-caption-text\">Maqueta de casa modesta<\/p><\/div>\n<\/div>\n<p style=\"text-align: justify;\">Todo esto lo sabemos por la informaci\u00f3n obtenida de las pinturas y maquetas encontradas en las tumbas, y por las aportaciones de excavaciones arqueol\u00f3gicas.<\/p>\n<p style=\"text-align: justify;\">En el hogar de los egipcios sol\u00edan tener un peque\u00f1o altar con un <strong>dios dom\u00e9stico<\/strong>, al que adoraban cada d\u00eda. El dios <em>Bes<\/em> fue un dios muy popular durante el Imperio Nuevo.<\/p>\n<div class=\"mosimage\" style=\"float: center;\" align=\"center\">\n<div id=\"attachment_79\" style=\"width: 190px\" class=\"wp-caption aligncenter\"><img aria-describedby=\"caption-attachment-79\" decoding=\"async\" loading=\"lazy\" class=\"wp-image-79 \" title=\"Bes, considerado como un dios amable y feliz que velaba por el hogar y la familia egipcia\" src=\"http:\/\/amigosdelantiguoegipto.com\/wp-content\/uploads\/varios\/historia\/2000\/04\/bes.jpg\" alt=\"Bes, considerado como un dios amable y feliz que velaba por el hogar y la familia egipcia\" width=\"180\" height=\"242\" border=\"0\" hspace=\"6\" \/><p id=\"caption-attachment-79\" class=\"wp-caption-text\">Bes, considerado como un dios amable y feliz que velaba por el hogar y la familia egipcia<\/p><\/div>\n<\/div>\n","protected":false},"excerpt":{"rendered":"<p>Historia Cristina Carracedo &#8211; Abril de 2000 La familia egipcia era muy similar a la nuestra, aunque sol\u00edan ser m\u00e1s numerosas. Por lo general se casaban j\u00f3venes y ten\u00edan muchos hijos, pues la mortalidad infantil era muy elevada y los hijos significaban riqueza. Un hombre importante pod\u00eda tener varias esposas, pero la primera esposa era la compa\u00f1era del marido. Se&#8230;<\/p>\n<p class=\"continue-reading-button\"> <a class=\"continue-reading-link\" href=\"http:\/\/amigosdelantiguoegipto.com\/?page_id=8857\">Seguir leyendo<i class=\"crycon-right-dir\"><\/i><\/a><\/p>\n","protected":false},"author":1,"featured_media":0,"parent":0,"menu_order":16,"comment_status":"closed","ping_status":"closed","template":"","meta":{"ngg_post_thumbnail":0},"_links":{"self":[{"href":"http:\/\/amigosdelantiguoegipto.com\/index.php?rest_route=\/wp\/v2\/pages\/8857"}],"collection":[{"href":"http:\/\/amigosdelantiguoegipto.com\/index.php?rest_route=\/wp\/v2\/pages"}],"about":[{"href":"http:\/\/amigosdelantiguoegipto.com\/index.php?rest_route=\/wp\/v2\/types\/page"}],"author":[{"embeddable":true,"href":"http:\/\/amigosdelantiguoegipto.com\/index.php?rest_route=\/wp\/v2\/users\/1"}],"replies":[{"embeddable":true,"href":"http:\/\/amigosdelantiguoegipto.com\/index.php?rest_route=%2Fwp%2Fv2%2Fcomments&post=8857"}],"version-history":[{"count":0,"href":"http:\/\/amigosdelantiguoegipto.com\/index.php?rest_route=\/wp\/v2\/pages\/8857\/revisions"}],"wp:attachment":[{"href":"http:\/\/amigosdelantiguoegipto.com\/index.php?rest_route=%2Fwp%2Fv2%2Fmedia&parent=8857"}],"curies":[{"name":"wp","href":"https:\/\/api.w.org\/{rel}","templated":true}]}}