{"id":8856,"date":"2000-07-06T01:00:00","date_gmt":"2000-07-06T01:00:00","guid":{"rendered":"http:\/\/amigosdelantiguoegipto.com\/la-momificacion\/"},"modified":"2014-06-30T07:37:20","modified_gmt":"2014-06-30T07:37:20","slug":"la-momificacion","status":"publish","type":"page","link":"http:\/\/amigosdelantiguoegipto.com\/?page_id=8856","title":{"rendered":"La Momificaci\u00f3n"},"content":{"rendered":"<p style=\"text-align: justify;\"><a href=\"http:\/\/amigosdelantiguoegipto.com\/?p=8872\">Historia<\/a><\/p>\n<p style=\"text-align: right;\">Cristina Carracedo &#8211; Julio de 2000<\/p>\n<p style=\"text-align: justify;\">Los antiguos egipcios cre\u00edan en la vida despu\u00e9s de la muerte. Pensaban que el alma del difunto viajaba hacia el M\u00e1s All\u00e1. Cuando una persona mor\u00eda en el Antiguo Egipto, su cuerpo se conservaba mediante el proceso de momificaci\u00f3n. Pero s\u00f3lo los egipcios m\u00e1s ricos, adem\u00e1s del fara\u00f3n y su familia, pod\u00edan encargar su momificaci\u00f3n, ya que era muy costosa. Todo este proceso duraba 70 d\u00edas.<\/p>\n<div class=\"mosimage\" style=\"float: center;\" align=\"center\">\n<div id=\"attachment_13\" style=\"width: 181px\" class=\"wp-caption aligncenter\"><img aria-describedby=\"caption-attachment-13\" decoding=\"async\" loading=\"lazy\" class=\"wp-image-13 size-full\" title=\"Anubis, dios de los embalsamamientos\" src=\"http:\/\/amigosdelantiguoegipto.com\/wp-content\/uploads\/2000\/07\/ninos-momificacion-01.gif\" alt=\"Anubis, dios de los embalsamamientos\" width=\"171\" height=\"124\" border=\"0\" hspace=\"6\" \/><p id=\"caption-attachment-13\" class=\"wp-caption-text\">Anubis, dios de los embalsamamientos<\/p><\/div>\n<\/div>\n<p style=\"text-align: justify;\">Muchas veces habr\u00e9is visto en las pel\u00edculas la famosa imagen de una momia. Vamos a descubrir qu\u00e9 eran en realidad las momias y c\u00f3mo se hac\u00edan. Para ello, primero debemos conocer el significado de la palabra <strong>momia<\/strong>. Procede del persa <em>mummia<\/em>, que significa &#8220;cosa bituminizada&#8221;, por eso tienen la apariencia obscura. De esta vocablo persa, se deriva la palabra \u00e1rabe <em>m\u00fammiya<\/em>, de &#8220;mum&#8221;, bet\u00fan o cera mineral, sustancia que se empleaba much\u00edsimo durante la momificaci\u00f3n de los cuerpos.<\/p>\n<p style=\"text-align: justify;\">Conocemos el proceso y t\u00e9cnicas de momificaci\u00f3n a trav\u00e9s del estudio realizado sobre las momias, im\u00e1genes en tumbas y templos, y por la descripci\u00f3n realizada en los relatos de Her\u00f3doto, viajero e historiador griego del siglo V a.C. Tambi\u00e9n existen dos papiros que nos hablan, de forma incompleta, del ritual del embalsamamiento.<\/p>\n<p style=\"text-align: justify;\">\u00bfC\u00f3mo se llevaba a cabo el proceso de momificaci\u00f3n?<br \/>\nDos o tres d\u00edas despu\u00e9s de la muerte, el cuerpo era llevado a los embalsamadores, quienes trabajaban a orillas del Nilo, ya que necesitan agua en abundancia. Se colocaba al difunto sobre una mesa de piedra o de madera, e incluso de alabastro, cuyas patas y su decoraci\u00f3n tomaban la forma de le\u00f3n. Tambi\u00e9n se empleaban otras m\u00e1s peque\u00f1as para depositar los \u00f3rganos del difunto.<\/p>\n<div class=\"mosimage\" style=\"float: center;\" align=\"center\">\n<div id=\"attachment_14\" style=\"width: 391px\" class=\"wp-caption aligncenter\"><img aria-describedby=\"caption-attachment-14\" decoding=\"async\" loading=\"lazy\" class=\"wp-image-14 size-full\" title=\"Mesa de embalsamar para el tratamiento de los \u00f3rganos\" src=\"http:\/\/amigosdelantiguoegipto.com\/wp-content\/uploads\/2000\/07\/ninos-momificacion-02.jpg\" alt=\"Mesa de embalsamar para el tratamiento de los \u00f3rganos\" width=\"381\" height=\"235\" border=\"0\" hspace=\"6\" \/><p id=\"caption-attachment-14\" class=\"wp-caption-text\">Mesa de embalsamar para el tratamiento de los \u00f3rganos<\/p><\/div>\n<\/div>\n<div class=\"mosimage\" style=\"float: center;\" align=\"center\">\n<div id=\"attachment_15\" style=\"width: 293px\" class=\"wp-caption aligncenter\"><img aria-describedby=\"caption-attachment-15\" decoding=\"async\" loading=\"lazy\" class=\"wp-image-15 size-full\" title=\"Herramientas empleadas en la extracci\u00f3n de los \u00f3rganos del difunto\" src=\"http:\/\/amigosdelantiguoegipto.com\/wp-content\/uploads\/2000\/07\/ninos-momificacion-03.jpg\" alt=\"Herramientas empleadas en la extracci\u00f3n de los \u00f3rganos del difunto\" width=\"283\" height=\"274\" border=\"0\" hspace=\"6\" \/><p id=\"caption-attachment-15\" class=\"wp-caption-text\">Herramientas empleadas en la extracci\u00f3n de los \u00f3rganos del difunto<\/p><\/div>\n<\/div>\n<p style=\"text-align: justify;\">Se lavaba el cuerpo y se proced\u00eda a la extracci\u00f3n del cerebro. A continuaci\u00f3n, los \u00f3rganos internos: el est\u00f3mago, los intestinos, los pulmones y el h\u00edgado. Los envolv\u00edan en un pa\u00f1o de lino y se introduc\u00edan dentro de los cuatro vasos canopos bajo la protecci\u00f3n de cuatro dioses especiales, llamados \u201chijos de Horus\u201d, representados en las tapas de estos vasos:<\/p>\n<p style=\"text-align: justify;\">&#8211; Duamutef, de chacal (est\u00f3mago).<br \/>\n&#8211; Qebehsenuf, de halc\u00f3n (intestinos).<br \/>\n&#8211; Hapy, de mono (pulmones).<br \/>\n&#8211; Amset, de apariencia humana (h\u00edgado).<\/p>\n<div class=\"mosimage\" style=\"float: center;\" align=\"center\">\n<div id=\"attachment_16\" style=\"width: 269px\" class=\"wp-caption aligncenter\"><img aria-describedby=\"caption-attachment-16\" decoding=\"async\" loading=\"lazy\" class=\"wp-image-16 \" title=\"Vasos canopos\" src=\"http:\/\/amigosdelantiguoegipto.com\/wp-content\/uploads\/2000\/07\/ninos-momificacion-04.gif\" alt=\"Vasos canopos\" width=\"259\" height=\"135\" border=\"0\" hspace=\"6\" \/><p id=\"caption-attachment-16\" class=\"wp-caption-text\">Vasos canopos<\/p><\/div>\n<\/div>\n<p style=\"text-align: justify;\">El coraz\u00f3n se dejaba dentro porque no deb\u00eda separarse de su cuerpo, pues era el lugar donde resid\u00edan los sentimientos, la conciencia y la vida. Aunque tambi\u00e9n pod\u00eda ser sustituido por un escarabeo-coraz\u00f3n.<\/p>\n<p style=\"text-align: justify;\">A continuaci\u00f3n se cubr\u00eda el cuerpo con natr\u00f3n, una sal que lo desecaba. Este tratamiento duraba entre 35 y 40 d\u00edas, de forma que el cuerpo totalmente deshidratado ya no se descompon\u00eda. Se rellenaba utilizando limo o serr\u00edn procedentes del Nilo o especias. Despu\u00e9s se cos\u00eda, y a veces, lo cerraban con lino, una placa de cera o trat\u00e1ndose de un rey, con una chapa de oro. Se lavaba con agua del Nilo y se ung\u00eda con b\u00e1lsamos arom\u00e1ticos. Y ya se pod\u00eda vestir al difunto.<\/p>\n<p style=\"text-align: justify;\">Una vez realizados todos los pasos que hemos visto, el cuerpo se envolv\u00eda en vendas de lino impregnadas a veces en resina, mediante un ritual muy estricto. Mientras se realizaba este proceso un sacerdote que portaba una m\u00e1scara del dios Anubis recitaba las f\u00f3rmulas de encantamiento correspondientes.<\/p>\n<p style=\"text-align: justify;\"><em>&#8220;Te ponemos el perfume del Este, para hacer perfecto tu olor y poder seguir el olfato de Dios&#8221;<br \/>\n&#8220;Te traemos los l\u00edquidos que vienen de Ra, para hacer perfecto tu olor en la Sala del Juicio Final&#8221;<\/em><\/p>\n<div class=\"mosimage\" style=\"float: center;\" align=\"center\">\n<div id=\"attachment_17\" style=\"width: 193px\" class=\"wp-caption aligncenter\"><img aria-describedby=\"caption-attachment-17\" decoding=\"async\" loading=\"lazy\" class=\"wp-image-17 size-full\" title=\"M\u00e1scara de Anubis que portaba el embalsamador\" src=\"http:\/\/amigosdelantiguoegipto.com\/wp-content\/uploads\/2000\/07\/ninos-momificacion-05.jpg\" alt=\"M\u00e1scara de Anubis que portaba el embalsamador\" width=\"183\" height=\"239\" border=\"0\" hspace=\"6\" \/><p id=\"caption-attachment-17\" class=\"wp-caption-text\">M\u00e1scara de Anubis que portaba el embalsamador<\/p><\/div>\n<\/div>\n<p style=\"text-align: justify;\">Comenzaban vendando los dedos uno por uno, las extremidades y por \u00faltimo el resto del cuerpo. Los brazos pod\u00edan ponerse estirados a lo largo del cuerpo, o se cruzaban en el pecho en posici\u00f3n <em>osiriaca<\/em>. Se terminaba con la cabeza.<\/p>\n<p style=\"text-align: justify;\">Entre los vendajes se introduc\u00edan amuletos y tiras de lino que recog\u00edan textos del Libro de los Muertos. A veces se envolv\u00eda el cuerpo ya vendado con un sudario (s\u00e1bana) y se cubr\u00eda con una red de cuentas de loza desde los hombros hasta los tobillos. Sobre el pecho se pod\u00edan colocar un escarabeo alado y las im\u00e1genes de los cuatro hijos de Horus, los dioses protectores de los \u00f3rganos internos.<br \/>\nEl cuerpo quedaba de este modo protegido:<\/p>\n<p style=\"text-align: justify;\"><em>&#8220;Saludos Osiris, que el ojo de Horus florezca en ti y en tu coraz\u00f3n siempre&#8221;<\/em><\/p>\n<div class=\"mosimage\" style=\"float: center;\" align=\"center\">\n<div id=\"attachment_18\" style=\"width: 241px\" class=\"wp-caption aligncenter\"><img aria-describedby=\"caption-attachment-18\" decoding=\"async\" loading=\"lazy\" class=\"wp-image-18 size-full\" title=\"Conjunto de amuletos que sol\u00edan colocarse en la momia para su protecci\u00f3n\" src=\"http:\/\/amigosdelantiguoegipto.com\/wp-content\/uploads\/2000\/07\/ninos-momificacion-06.jpg\" alt=\"Conjunto de amuletos que sol\u00edan colocarse en la momia para su protecci\u00f3n\" width=\"231\" height=\"164\" border=\"0\" hspace=\"6\" \/><p id=\"caption-attachment-18\" class=\"wp-caption-text\">Conjunto de amuletos que sol\u00edan colocarse en la momia para su protecci\u00f3n<\/p><\/div>\n<\/div>\n<p style=\"text-align: justify;\">La cabeza de la momia se cubr\u00eda por una m\u00e1scara pintada, y en el caso de momias reales, la m\u00e1scara funeraria pod\u00eda ser de oro, como la encontrada en la momia de Tutankhamon.<\/p>\n<p style=\"text-align: justify;\">Finalmente, la momia se introduc\u00eda en uno o varios sarc\u00f3fagos (encajados uno de dentro de otros) y se entregaba a la familia para comenzar con los ritos funerarios.<\/p>\n<div class=\"mosimage\" align=\"center\">\n<div id=\"attachment_19\" style=\"width: 410px\" class=\"wp-caption aligncenter\"><img aria-describedby=\"caption-attachment-19\" decoding=\"async\" loading=\"lazy\" class=\"wp-image-19 size-full\" title=\"Sarc\u00f3fago y momia con sudario y malla de Nesmutaatneru, esposa de un sacerdote de la XXV Dinast\u00eda, hacia el 700 a.C.\" src=\"http:\/\/amigosdelantiguoegipto.com\/wp-content\/uploads\/2000\/07\/ninos-momificacion-07.jpg\" alt=\"Sarc\u00f3fago y momia con sudario y malla de Nesmutaatneru, esposa de un sacerdote de la XXV Dinast\u00eda, hacia el 700 a.C.\" width=\"400\" height=\"385\" border=\"0\" hspace=\"6\" \/><p id=\"caption-attachment-19\" class=\"wp-caption-text\">Sarc\u00f3fago y momia con sudario y malla de Nesmutaatneru, esposa de un sacerdote de la XXV Dinast\u00eda, hacia el 700 a.C.<\/p><\/div>\n<\/div>\n","protected":false},"excerpt":{"rendered":"<p>Historia Cristina Carracedo &#8211; Julio de 2000 Los antiguos egipcios cre\u00edan en la vida despu\u00e9s de la muerte. Pensaban que el alma del difunto viajaba hacia el M\u00e1s All\u00e1. Cuando una persona mor\u00eda en el Antiguo Egipto, su cuerpo se conservaba mediante el proceso de momificaci\u00f3n. Pero s\u00f3lo los egipcios m\u00e1s ricos, adem\u00e1s del fara\u00f3n y su familia, pod\u00edan encargar&#8230;<\/p>\n<p class=\"continue-reading-button\"> <a class=\"continue-reading-link\" href=\"http:\/\/amigosdelantiguoegipto.com\/?page_id=8856\">Seguir leyendo<i class=\"crycon-right-dir\"><\/i><\/a><\/p>\n","protected":false},"author":1,"featured_media":0,"parent":0,"menu_order":13,"comment_status":"closed","ping_status":"closed","template":"","meta":{"ngg_post_thumbnail":0},"_links":{"self":[{"href":"http:\/\/amigosdelantiguoegipto.com\/index.php?rest_route=\/wp\/v2\/pages\/8856"}],"collection":[{"href":"http:\/\/amigosdelantiguoegipto.com\/index.php?rest_route=\/wp\/v2\/pages"}],"about":[{"href":"http:\/\/amigosdelantiguoegipto.com\/index.php?rest_route=\/wp\/v2\/types\/page"}],"author":[{"embeddable":true,"href":"http:\/\/amigosdelantiguoegipto.com\/index.php?rest_route=\/wp\/v2\/users\/1"}],"replies":[{"embeddable":true,"href":"http:\/\/amigosdelantiguoegipto.com\/index.php?rest_route=%2Fwp%2Fv2%2Fcomments&post=8856"}],"version-history":[{"count":0,"href":"http:\/\/amigosdelantiguoegipto.com\/index.php?rest_route=\/wp\/v2\/pages\/8856\/revisions"}],"wp:attachment":[{"href":"http:\/\/amigosdelantiguoegipto.com\/index.php?rest_route=%2Fwp%2Fv2%2Fmedia&parent=8856"}],"curies":[{"name":"wp","href":"https:\/\/api.w.org\/{rel}","templated":true}]}}