{"id":8854,"date":"2000-12-12T01:00:00","date_gmt":"2000-12-12T01:00:00","guid":{"rendered":"http:\/\/amigosdelantiguoegipto.com\/las-piramides-de-la-meseta-de-guiza\/"},"modified":"2014-06-30T07:23:37","modified_gmt":"2014-06-30T07:23:37","slug":"las-piramides-de-la-meseta-de-guiza","status":"publish","type":"page","link":"http:\/\/amigosdelantiguoegipto.com\/?page_id=8854","title":{"rendered":"Las pir\u00e1mides de la Meseta de Guiza"},"content":{"rendered":"<p style=\"text-align: justify;\"><a href=\"http:\/\/amigosdelantiguoegipto.com\/?p=8872\">Historia<\/a><\/p>\n<p style=\"text-align: right;\">Jos\u00e9 Miguel Parra Ortiz &#8211; Diciembre de 2000<\/p>\n<p style=\"text-align: justify;\">Las tres pir\u00e1mides m\u00e1s conocidas de todas las que construyeron los egipcios son las tres que se encuentran en la meseta de Guiza, justo al lado de la actual capital de Egipto, El Cairo.<\/p>\n<p style=\"text-align: justify;\">Su fama se debe a dos cosas. La primera y m\u00e1s importante es que durante miles de a\u00f1os fueron los edificios m\u00e1s altos construidos por el hombre. Para que os hag\u00e1is una idea, la Gran Pir\u00e1mide tiene casi exactamente la misma altura que la Torre Picasso de Madrid (ciento cincuenta metros de alto) y su base es tan grande que dentro caben \u00a1siete campos y medio de f\u00fatbol! Hasta el siglo XIX no se construy\u00f3 en el mundo un edificio m\u00e1s alto. El segundo motivo es porque est\u00e1n muy bien conservadas y se puede entrar en ellas; algo que ya hac\u00edan los turistas romanos y griegos en la \u00e9poca en la que naci\u00f3 Cristo hace m\u00e1s de dos mil a\u00f1os. De las dem\u00e1s pir\u00e1mides egipcias, y se construyeron muchas, s\u00f3lo otras tres quedan en pie, el resto se ha convertido con los siglos en montones de cascotes.<\/p>\n<p class=\"img\"><img decoding=\"async\" loading=\"lazy\" class=\" size-full wp-image-62 aligncenter\" title=\"Las pir\u00e1mides de la meseta de Guiza\" src=\"http:\/\/amigosdelantiguoegipto.com\/wp-content\/uploads\/varios\/historia\/2000\/12\/giza01.jpg\" alt=\"Las pir\u00e1mides de la meseta de Guiza\" width=\"377\" height=\"400\" align=\"middle\" border=\"0\" hspace=\"6\" \/><\/p>\n<p style=\"text-align: justify;\">Las pir\u00e1mides de Guiza sirvieron para enterrar en ellas a tres faraones egipcios, Keops, Kefr\u00e9n y Micerino. Claro, que ese es el nombre con el que los conoc\u00edan los griegos, en realidad, esos reyes se llamaban Juf\u00fa, Jaefre y Menkaure, pues as\u00ed aparecen en todos los documentos que conservamos de ellos. Vaya l\u00edo \u00bfverdad?<\/p>\n<p class=\"img\"><img decoding=\"async\" loading=\"lazy\" class=\" size-full wp-image-63 aligncenter\" title=\"Las pir\u00e1mides de la meseta de Guiza\" src=\"http:\/\/amigosdelantiguoegipto.com\/wp-content\/uploads\/varios\/historia\/2000\/12\/giza07.jpg\" alt=\"Las pir\u00e1mides de la meseta de Guiza\" width=\"400\" height=\"267\" align=\"middle\" border=\"0\" hspace=\"6\" \/><\/p>\n<p style=\"text-align: justify;\">La primera pir\u00e1mide en ser construida en Guiza fue la de Keops y para ello los egipcios tardaron cerca de 23 a\u00f1os. Es un edificio formado por bloques de caliza, que es una piedra f\u00e1cil de trabajar y cortar y que sirve tambi\u00e9n para hacer cosas como cal. Uno tras otro, los obreros del fara\u00f3n apilaron m\u00e1s de dos millones de esos bloques para construir la tumba de su se\u00f1or. La pir\u00e1mide (la tumba) era el \u00faltimo de una serie de edificios que se distribu\u00edan en una l\u00ednea recta de este a oeste. Juntos, esos edificios formaban lo que se conoce como el complejo funerario del fara\u00f3n. Adem\u00e1s de la pir\u00e1mide hab\u00eda: un templo funerario (junto a la cara este de la pir\u00e1mide), una calzada de acceso (junto a la cara este del templo funerario) y un templo del valle (junto al extremo este de la calzada de acceso).<\/p>\n<p class=\"img\"><img decoding=\"async\" loading=\"lazy\" class=\" size-full wp-image-64 aligncenter\" title=\"Las pir\u00e1mides de la meseta de Guiza\" src=\"http:\/\/amigosdelantiguoegipto.com\/wp-content\/uploads\/varios\/historia\/2000\/12\/giza02.jpg\" alt=\"Las pir\u00e1mides de la meseta de Guiza\" width=\"298\" height=\"400\" align=\"middle\" border=\"0\" hspace=\"6\" \/><\/p>\n<p style=\"text-align: justify;\">El templo del valle, situado junto a un puerto comunicado con el Nilo, era a donde llegaba el cortejo del fara\u00f3n con su momia. La calzada de acceso era un corredor, con techo y poca luz, que sal\u00eda del templo del valle y llegaba hasta la entrada del Templo funerario. Serv\u00eda para comunicar a los dos edificios y estaba decorado con relieves. El templo funerario era el edificio donde las estatuas del fara\u00f3n eran adoradas cada d\u00eda y recib\u00edan alimento en forma de ofrendas. Era muy importante, puesto que de esas ofrendas depend\u00eda que el esp\u00edritu del fara\u00f3n pudiera vivir en el M\u00e1s All\u00e1. Eso cre\u00edan los egipcios al menos.<\/p>\n<p class=\"img\"><img decoding=\"async\" loading=\"lazy\" class=\" size-full wp-image-65 aligncenter\" title=\"Las pir\u00e1mides de la meseta de Guiza\" src=\"http:\/\/amigosdelantiguoegipto.com\/wp-content\/uploads\/varios\/historia\/2000\/12\/giza05.jpg\" alt=\"Las pir\u00e1mides de la meseta de Guiza\" width=\"400\" height=\"361\" align=\"middle\" border=\"0\" hspace=\"6\" \/><\/p>\n<p style=\"text-align: justify;\">La segunda pir\u00e1mide de Guiza es s\u00f3lo un poquito m\u00e1s baja que la Gran Pir\u00e1mide. Sin embargo, cuando uno las ve juntas, esta segunda pir\u00e1mide parece m\u00e1s alta que la otra. Esto es as\u00ed porque su constructor, Kefr\u00e9n, que era hijo de Keops, hizo trampas. Su pir\u00e1mide es m\u00e1s peque\u00f1a, s\u00ed, pero como la construy\u00f3 encima de un saliente de la meseta de Guiza parece que sea m\u00e1s alta que la otra. \u00a1Muy listo! Tambi\u00e9n es un edificio de caliza y lo acompa\u00f1aban esos otros tres edificios que ya hemos mencionado: templo funerario, calzada de acceso y templo del valle. El primero y el \u00faltimo de ellos todav\u00eda est\u00e1n en pie y se pueden visitar. Son preciosos.<\/p>\n<p class=\"img\"><img decoding=\"async\" loading=\"lazy\" class=\" size-full wp-image-66 aligncenter\" title=\"Las pir\u00e1mides de la meseta de Guiza\" src=\"http:\/\/amigosdelantiguoegipto.com\/wp-content\/uploads\/varios\/historia\/2000\/12\/giza03.jpg\" alt=\"Las pir\u00e1mides de la meseta de Guiza\" width=\"317\" height=\"399\" align=\"middle\" border=\"0\" hspace=\"6\" \/><\/p>\n<p style=\"text-align: justify;\">La tercera pir\u00e1mide de Guiza es la m\u00e1s peque\u00f1ita de todas, pues s\u00f3lo tiene la tercera parte de altura que la Gran Pir\u00e1mide. Esta pir\u00e1mide la mand\u00f3 construir Micerino, que era hijo de Kefr\u00e9n y nieto de Keops. La parte inferior est\u00e1 recubierta de bloques de granito rojo y el resto del edificio es de caliza. Como el fara\u00f3n se muri\u00f3 antes de llegar a terminarla, sus templos fueron acabados de prisa y corriendo con \u00a1ladrillos de barro! El templo funerario es muy grande y se puede visitar.<\/p>\n<p class=\"img\"><img decoding=\"async\" loading=\"lazy\" class=\" size-full wp-image-67 aligncenter\" title=\"Las pir\u00e1mides de la meseta de Guiza\" src=\"http:\/\/amigosdelantiguoegipto.com\/wp-content\/uploads\/varios\/historia\/2000\/12\/giza04.jpg\" alt=\"Las pir\u00e1mides de la meseta de Guiza\" width=\"274\" height=\"400\" align=\"middle\" border=\"0\" hspace=\"6\" \/><\/p>\n<p style=\"text-align: justify;\">Lo m\u00e1s interesante de estas pir\u00e1mides es que no fueron construidas por esclavos, como todo el mundo piensa, sino por obreros que recib\u00edan a cambio un sueldo del fara\u00f3n. En realidad eran empleados del rey y \u00e9l se encargaba de que les dieran de comer, les proporcionaran vestidos y les pagaran su sueldo con puntualidad. Incluso ten\u00edan m\u00e9dicos que se ocupaban de ellos y les arreglaban los huesos rotos y otras enfermedades. Sin embargo, eso no quita para que construir pir\u00e1mides fuera un trabajo muy duro, tanto, que muchos de esos trabajadores tuvieron problemas de espalda.<\/p>\n","protected":false},"excerpt":{"rendered":"<p>Historia Jos\u00e9 Miguel Parra Ortiz &#8211; Diciembre de 2000 Las tres pir\u00e1mides m\u00e1s conocidas de todas las que construyeron los egipcios son las tres que se encuentran en la meseta de Guiza, justo al lado de la actual capital de Egipto, El Cairo. Su fama se debe a dos cosas. La primera y m\u00e1s importante es que durante miles de&#8230;<\/p>\n<p class=\"continue-reading-button\"> <a class=\"continue-reading-link\" href=\"http:\/\/amigosdelantiguoegipto.com\/?page_id=8854\">Seguir leyendo<i class=\"crycon-right-dir\"><\/i><\/a><\/p>\n","protected":false},"author":1,"featured_media":0,"parent":0,"menu_order":10,"comment_status":"closed","ping_status":"closed","template":"","meta":{"ngg_post_thumbnail":0},"_links":{"self":[{"href":"http:\/\/amigosdelantiguoegipto.com\/index.php?rest_route=\/wp\/v2\/pages\/8854"}],"collection":[{"href":"http:\/\/amigosdelantiguoegipto.com\/index.php?rest_route=\/wp\/v2\/pages"}],"about":[{"href":"http:\/\/amigosdelantiguoegipto.com\/index.php?rest_route=\/wp\/v2\/types\/page"}],"author":[{"embeddable":true,"href":"http:\/\/amigosdelantiguoegipto.com\/index.php?rest_route=\/wp\/v2\/users\/1"}],"replies":[{"embeddable":true,"href":"http:\/\/amigosdelantiguoegipto.com\/index.php?rest_route=%2Fwp%2Fv2%2Fcomments&post=8854"}],"version-history":[{"count":0,"href":"http:\/\/amigosdelantiguoegipto.com\/index.php?rest_route=\/wp\/v2\/pages\/8854\/revisions"}],"wp:attachment":[{"href":"http:\/\/amigosdelantiguoegipto.com\/index.php?rest_route=%2Fwp%2Fv2%2Fmedia&parent=8854"}],"curies":[{"name":"wp","href":"https:\/\/api.w.org\/{rel}","templated":true}]}}