{"id":8853,"date":"2001-03-20T01:00:00","date_gmt":"2001-03-20T01:00:00","guid":{"rendered":"http:\/\/amigosdelantiguoegipto.com\/la-piramide-escalonada-de-sakkara\/"},"modified":"2014-06-30T07:17:08","modified_gmt":"2014-06-30T07:17:08","slug":"la-piramide-escalonada-de-sakkara","status":"publish","type":"page","link":"http:\/\/amigosdelantiguoegipto.com\/?page_id=8853","title":{"rendered":"La pir\u00e1mide escalonada de Sakkara"},"content":{"rendered":"<p style=\"text-align: justify;\"><a href=\"http:\/\/amigosdelantiguoegipto.com\/?p=8872\">Historia<\/a><\/p>\n<p style=\"text-align: right;\">Jos\u00e9 Miguel Parra Ortiz &#8211; Marzo de 2001<\/p>\n<p style=\"text-align: justify;\">La pir\u00e1mide escalonada de Sakkara es un poco rara, porque no parece una pir\u00e1mide, sino m\u00e1s bien una escalera. La verdad es que eso es lo que los egipcios quisieron que pareciera, pues gracias a ella pensaban que el esp\u00edritu del fara\u00f3n que la construy\u00f3, Dyoser, podr\u00eda subir al cielo para reunirse con los dioses y faraones muertos.<\/p>\n<p class=\"img\"><img decoding=\"async\" loading=\"lazy\" class=\" size-full wp-image-51 aligncenter\" title=\"La pir\u00e1mide escalonada de Sakkara\" src=\"http:\/\/amigosdelantiguoegipto.com\/wp-content\/uploads\/varios\/historia\/2001\/03\/saqqara01.jpg\" alt=\"La pir\u00e1mide escalonada de Sakkara\" width=\"400\" height=\"272\" align=\"middle\" border=\"0\" hspace=\"6\" \/><\/p>\n<p style=\"text-align: justify;\">Sin embargo, a Dyoser y su arquitecto, que es el famoso Imhotep, les cost\u00f3 alg\u00fan tiempo decidirse a darle esa forma. Al principio construyeron un edificio cuadrado de una sola planta, luego lo ampliaron un poco y luego un poco m\u00e1s; pero sigui\u00f3 sin convencerles, de modo que encima le construyeron tres escalones. Ahora el edificio ten\u00eda cuatro pisos, pero Imhotep y Dyoser quer\u00edan algo m\u00e1s impresionante, de modo que le a\u00f1adieron dos m\u00e1s. Ahora s\u00ed estaban contentos, por fin hab\u00edan construido lo que quer\u00edan \u00a1un magn\u00edfico edificio de seis pisos!<\/p>\n<p class=\"img\"><img decoding=\"async\" loading=\"lazy\" class=\" size-full wp-image-52 aligncenter\" title=\"La pir\u00e1mide escalonada de Sakkara\" src=\"http:\/\/amigosdelantiguoegipto.com\/wp-content\/uploads\/varios\/historia\/2001\/03\/saqqara02.jpg\" alt=\"La pir\u00e1mide escalonada de Sakkara\" width=\"400\" height=\"274\" align=\"middle\" border=\"0\" hspace=\"6\" \/><\/p>\n<p style=\"text-align: justify;\">Pero no s\u00f3lo eso, por debajo del suelo tambi\u00e9n trabajaron mucho, la pena es que el terreno es tan d\u00e9bil que en la actualidad es peligroso bajar a verlo, por lo que las visitas se han prohibido. Lo m\u00e1s interesante de todo es la c\u00e1mara funeraria del rey, construida con bloques de granito al fondo de un pozo de 28 metros de profundidad y rodeada por un laberinto de corredores que no conducen a ninguna parte. En la pared de uno de ellos se colocaron tres preciosas estelas de Dyoser, que son la pareja de las tres estelas que se encuentran en los corredores subterr\u00e1neos de otro edificio del complejo: la Tumba Sur.<\/p>\n<p class=\"img\"><img decoding=\"async\" loading=\"lazy\" class=\" size-full wp-image-53 aligncenter\" title=\"La pir\u00e1mide escalonada de Sakkara\" src=\"http:\/\/amigosdelantiguoegipto.com\/wp-content\/uploads\/varios\/historia\/2001\/03\/saqqara03.jpg\" alt=\"La pir\u00e1mide escalonada de Sakkara\" width=\"274\" height=\"400\" align=\"middle\" border=\"0\" hspace=\"6\" \/><\/p>\n<p style=\"text-align: justify;\">La verdad es que la tumba de Dyoser tiene un algo particular, porque es un recinto que tiene catorce entradas de mentira y s\u00f3lo una de verdad. Adem\u00e1s, cuando uno penetra en su interior se encuentra con muchos patios que rodean a la pir\u00e1mide y, adem\u00e1s, en esos patios lo que hay son edificios de mentira (en vez de ser huecos son macizos).<\/p>\n<p class=\"img\"><img decoding=\"async\" loading=\"lazy\" class=\" size-full wp-image-54 aligncenter\" title=\"La pir\u00e1mide escalonada de Sakkara\" src=\"http:\/\/amigosdelantiguoegipto.com\/wp-content\/uploads\/varios\/historia\/2001\/03\/saqqara04.jpg\" alt=\"La pir\u00e1mide escalonada de Sakkara\" width=\"348\" height=\"400\" align=\"middle\" border=\"0\" hspace=\"6\" \/><\/p>\n<p style=\"text-align: justify;\">Lo m\u00e1s curioso de todo el complejo funerario de Dyoser (cuyo nombre egipcio es Netcherjet) es que era la primera vez que los egipcios constru\u00edan un edificio todo de piedra. De modo que, como no estaban muy seguros de qu\u00e9 es lo que pod\u00edan llegar a construir con ella, para construir la pir\u00e1mide y los otros edificios hicieron bloques de piedra del tama\u00f1o de ladrillos de barro y comenzaron a construir con ello. Luego, cuando fueron cogiendo confianza y se dieron cuenta de hasta d\u00f3nde pod\u00edan llegar con la piedra caliza (esa es la que utilizaron), terminaron haciendo bloques bastante m\u00e1s grandes. Eso demuestra que nadie nace sabi\u00e9ndolo todo, \u00a1ni siquiera los egipcios!<\/p>\n<p class=\"img\"><img decoding=\"async\" loading=\"lazy\" class=\" size-full wp-image-55 aligncenter\" title=\"La pir\u00e1mide escalonada de Sakkara\" src=\"http:\/\/amigosdelantiguoegipto.com\/wp-content\/uploads\/varios\/historia\/2001\/03\/saqqara05.jpg\" alt=\"La pir\u00e1mide escalonada de Sakkara\" width=\"400\" height=\"273\" align=\"middle\" border=\"0\" hspace=\"6\" \/><\/p>\n","protected":false},"excerpt":{"rendered":"<p>Historia Jos\u00e9 Miguel Parra Ortiz &#8211; Marzo de 2001 La pir\u00e1mide escalonada de Sakkara es un poco rara, porque no parece una pir\u00e1mide, sino m\u00e1s bien una escalera. La verdad es que eso es lo que los egipcios quisieron que pareciera, pues gracias a ella pensaban que el esp\u00edritu del fara\u00f3n que la construy\u00f3, Dyoser, podr\u00eda subir al cielo para&#8230;<\/p>\n<p class=\"continue-reading-button\"> <a class=\"continue-reading-link\" href=\"http:\/\/amigosdelantiguoegipto.com\/?page_id=8853\">Seguir leyendo<i class=\"crycon-right-dir\"><\/i><\/a><\/p>\n","protected":false},"author":1,"featured_media":0,"parent":0,"menu_order":8,"comment_status":"closed","ping_status":"closed","template":"","meta":{"ngg_post_thumbnail":0},"_links":{"self":[{"href":"http:\/\/amigosdelantiguoegipto.com\/index.php?rest_route=\/wp\/v2\/pages\/8853"}],"collection":[{"href":"http:\/\/amigosdelantiguoegipto.com\/index.php?rest_route=\/wp\/v2\/pages"}],"about":[{"href":"http:\/\/amigosdelantiguoegipto.com\/index.php?rest_route=\/wp\/v2\/types\/page"}],"author":[{"embeddable":true,"href":"http:\/\/amigosdelantiguoegipto.com\/index.php?rest_route=\/wp\/v2\/users\/1"}],"replies":[{"embeddable":true,"href":"http:\/\/amigosdelantiguoegipto.com\/index.php?rest_route=%2Fwp%2Fv2%2Fcomments&post=8853"}],"version-history":[{"count":0,"href":"http:\/\/amigosdelantiguoegipto.com\/index.php?rest_route=\/wp\/v2\/pages\/8853\/revisions"}],"wp:attachment":[{"href":"http:\/\/amigosdelantiguoegipto.com\/index.php?rest_route=%2Fwp%2Fv2%2Fmedia&parent=8853"}],"curies":[{"name":"wp","href":"https:\/\/api.w.org\/{rel}","templated":true}]}}