{"id":8852,"date":"2001-09-11T01:00:00","date_gmt":"2001-09-11T01:00:00","guid":{"rendered":"http:\/\/amigosdelantiguoegipto.com\/que-son-las-mastabas\/"},"modified":"2014-06-30T07:15:56","modified_gmt":"2014-06-30T07:15:56","slug":"que-son-las-mastabas","status":"publish","type":"page","link":"http:\/\/amigosdelantiguoegipto.com\/?page_id=8852","title":{"rendered":"\u00bfQu\u00e9 son las mastabas?"},"content":{"rendered":"<p style=\"text-align: justify;\"><a href=\"http:\/\/amigosdelantiguoegipto.com\/?p=8872\">Historia<\/a><\/p>\n<p style=\"text-align: right;\">Jos\u00e9 Miguel Parra Ortiz &#8211; Septiembre de 2001<\/p>\n<p style=\"text-align: justify;\">Mastaba es una de esas palabras extra\u00f1as de las que todo el mundo ha o\u00eddo hablar, pero de las que uno nunca sabe exactamente a qu\u00e9 se refieren. Claro est\u00e1 que todos sabemos que est\u00e1 relacionada con el antiguo Egipto, eso est\u00e1 \u201cchupao\u201d; pero \u00bfa qu\u00e9 cuesta un poco m\u00e1s decir c\u00f3mo es una mastaba y para qu\u00e9 serv\u00eda?<\/p>\n<p class=\"img\"><img decoding=\"async\" loading=\"lazy\" class=\" size-full wp-image-43 aligncenter\" title=\"\u00bfQu\u00e9 son las mastabas?\" src=\"http:\/\/amigosdelantiguoegipto.com\/wp-content\/uploads\/varios\/historia\/2001\/09\/mastaba07.jpg\" alt=\"\u00bfQu\u00e9 son las mastabas?\" width=\"400\" height=\"275\" align=\"middle\" border=\"0\" hspace=\"6\" \/><\/p>\n<p style=\"text-align: justify;\">En realidad la respuesta es muy sencilla: <strong>las mastabas son tumbas<\/strong>. De hecho, mastaba es el nombre moderno con el que los egipt\u00f3logos se refieren a ellas. La verdad es que los egipcios no las llamaban as\u00ed. Entonces \u00bfde d\u00f3nde viene la expresi\u00f3n? \u00bfNo ser\u00e1 que los egipt\u00f3logos son unos caraduras que se inventan palabras extra\u00f1as para presumir luego de lo mucho que saben? Bueno, en realidad a veces s\u00ed hacen eso, pero no en este caso. De hecho, la palabra mastaba es \u00e1rabe y tiene origen egipcio. Ahora veremos de donde viene.<\/p>\n<p class=\"img\"><img decoding=\"async\" loading=\"lazy\" class=\" size-full wp-image-44 aligncenter\" title=\"\u00bfQu\u00e9 son las mastabas?\" src=\"http:\/\/amigosdelantiguoegipto.com\/wp-content\/uploads\/varios\/historia\/2001\/09\/mastaba03.jpg\" alt=\"\u00bfQu\u00e9 son las mastabas?\" width=\"400\" height=\"259\" align=\"middle\" border=\"0\" hspace=\"6\" \/><\/p>\n<p style=\"text-align: justify;\">La civilizaci\u00f3n egipcia se conoce desde hace muchos siglos, aunque lo cierto es que s\u00f3lo hace algo m\u00e1s de ciento cincuenta a\u00f1os que comenz\u00f3 a ser estudiada de un modo cient\u00edfico por personas que dedicaban a ello todos sus esfuerzos. Las tumbas llamaron enseguida la atenci\u00f3n de los excavadores. No s\u00f3lo porque estaban all\u00ed, llenando de enigm\u00e1ticas monta\u00f1itas el paisaje des\u00e9rtico, sino porque en su interior se pod\u00edan encontrar objetos de gran valor que se pod\u00edan exponer en los museos.<\/p>\n<p class=\"img\"><img decoding=\"async\" loading=\"lazy\" class=\" size-full wp-image-45 aligncenter\" title=\"\u00bfQu\u00e9 son las mastabas?\" src=\"http:\/\/amigosdelantiguoegipto.com\/wp-content\/uploads\/varios\/historia\/2001\/09\/mastaba01.jpg\" alt=\"\u00bfQu\u00e9 son las mastabas?\" width=\"258\" height=\"400\" align=\"middle\" border=\"0\" hspace=\"6\" \/><\/p>\n<p style=\"text-align: justify;\">El caso es que a finales del siglo XIX un importante egipt\u00f3logo ingl\u00e9s llamado W. M. F. Petrie (conocido por su mal genio y por lo bien que excavaba) desenterr\u00f3 muchas de esas tumbas, que por entonces a\u00fan no eran llamadas mastabas. Poco a poco comenz\u00f3 a quitarles la arena de encima y a exponer su estructura a la vista. Se trataba de edificios rectangulares de una cierta altura que en ocasiones pod\u00edan tener un gran tama\u00f1o. En realidad, ese edificio era s\u00f3lo la parte visible de la tumba. La parte invisible era una habitaci\u00f3n excavada en la roca justo al final de un pozo que atravesaba toda la mastaba, de arriba a abajo.<\/p>\n<p class=\"img\"><img decoding=\"async\" loading=\"lazy\" class=\" size-full wp-image-46 aligncenter\" title=\"\u00bfQu\u00e9 son las mastabas?\" src=\"http:\/\/amigosdelantiguoegipto.com\/wp-content\/uploads\/varios\/historia\/2001\/09\/mastaba04.jpg\" alt=\"\u00bfQu\u00e9 son las mastabas?\" width=\"400\" height=\"259\" align=\"middle\" border=\"0\" hspace=\"6\" \/><\/p>\n<p style=\"text-align: justify;\">Petrie se refer\u00eda a esos edificios como tumbas, pero cuando hablaba con sus obreros, que eran todos \u00e1rabes, se dio cuenta de que ellos las llamaban mastabas. Petrie se qued\u00f3 un poco desconcertado la primera vez que lo oy\u00f3; sin embargo, no tard\u00f3 en darse cuenta de que era una palabra bastante adecuada para describir a las tumbas. En realidad no era una palabra nueva, sino que era el nombre que recib\u00eda una parte de las casas egipcias tradicionales.<\/p>\n<p class=\"img\"><img decoding=\"async\" loading=\"lazy\" class=\" size-full wp-image-47 aligncenter\" title=\"\u00bfQu\u00e9 son las mastabas?\" src=\"http:\/\/amigosdelantiguoegipto.com\/wp-content\/uploads\/varios\/historia\/2001\/09\/mastaba06.jpg\" alt=\"\u00bfQu\u00e9 son las mastabas?\" width=\"400\" height=\"274\" align=\"middle\" border=\"0\" hspace=\"6\" \/><\/p>\n<p style=\"text-align: justify;\">Las casas egipcias eran de ladrillos de barro sin cocer (lo que se conoce como adobe) y en la fachada ten\u00edan, hecho tambi\u00e9n de ladrillo, un banco para sentarse a charlar, trabajar o tomar el fresco a la puesta del sol. Como su forma era exactamente la misma que la de las tumbas que estaban excavando, los trabajadores de Petrie comenzaron a llamarlas con ese nombre. Fue una decisi\u00f3n acertada, porque las describ\u00eda perfectamente.<\/p>\n<p class=\"img\"><img decoding=\"async\" loading=\"lazy\" class=\" size-full wp-image-48 aligncenter\" title=\"\u00bfQu\u00e9 son las mastabas?\" src=\"http:\/\/amigosdelantiguoegipto.com\/wp-content\/uploads\/varios\/historia\/2001\/09\/mastaba02.jpg\" alt=\"\u00bfQu\u00e9 son las mastabas?\" width=\"400\" height=\"256\" align=\"middle\" border=\"0\" hspace=\"6\" \/><\/p>\n<p style=\"text-align: justify;\">Petrie mencion\u00f3 en sus libros y art\u00edculos la palabra y, al poco tiempo, todos los egipt\u00f3logos terminaron llamando mastabas a las tumbas egipcias construidas en medio del desierto (hay otro tipo de tumbas, excavadas en la roca que no se llaman as\u00ed). La verdad es que no resulta extra\u00f1o que la palabra les gustara tanto a los egipt\u00f3logos, porque, adem\u00e1s de que es bonita y sonora, es muy concreta y no se utiliza para describir ning\u00fan otro tipo de edificio de la Antig\u00fcedad. S\u00f3lo en Egipto hay mastabas y si los dem\u00e1s quieren verlas, que vengan al valle del Nilo \u00a1faltar\u00eda m\u00e1s!<\/p>\n<p class=\"img\"><img decoding=\"async\" loading=\"lazy\" class=\" size-full wp-image-49 aligncenter\" title=\"\u00bfQu\u00e9 son las mastabas?\" src=\"http:\/\/amigosdelantiguoegipto.com\/wp-content\/uploads\/varios\/historia\/2001\/09\/mastaba05.jpg\" alt=\"\u00bfQu\u00e9 son las mastabas?\" width=\"400\" height=\"272\" align=\"middle\" border=\"0\" hspace=\"6\" \/><\/p>\n","protected":false},"excerpt":{"rendered":"<p>Historia Jos\u00e9 Miguel Parra Ortiz &#8211; Septiembre de 2001 Mastaba es una de esas palabras extra\u00f1as de las que todo el mundo ha o\u00eddo hablar, pero de las que uno nunca sabe exactamente a qu\u00e9 se refieren. Claro est\u00e1 que todos sabemos que est\u00e1 relacionada con el antiguo Egipto, eso est\u00e1 \u201cchupao\u201d; pero \u00bfa qu\u00e9 cuesta un poco m\u00e1s decir&#8230;<\/p>\n<p class=\"continue-reading-button\"> <a class=\"continue-reading-link\" href=\"http:\/\/amigosdelantiguoegipto.com\/?page_id=8852\">Seguir leyendo<i class=\"crycon-right-dir\"><\/i><\/a><\/p>\n","protected":false},"author":1,"featured_media":0,"parent":0,"menu_order":7,"comment_status":"closed","ping_status":"closed","template":"","meta":{"ngg_post_thumbnail":0},"_links":{"self":[{"href":"http:\/\/amigosdelantiguoegipto.com\/index.php?rest_route=\/wp\/v2\/pages\/8852"}],"collection":[{"href":"http:\/\/amigosdelantiguoegipto.com\/index.php?rest_route=\/wp\/v2\/pages"}],"about":[{"href":"http:\/\/amigosdelantiguoegipto.com\/index.php?rest_route=\/wp\/v2\/types\/page"}],"author":[{"embeddable":true,"href":"http:\/\/amigosdelantiguoegipto.com\/index.php?rest_route=\/wp\/v2\/users\/1"}],"replies":[{"embeddable":true,"href":"http:\/\/amigosdelantiguoegipto.com\/index.php?rest_route=%2Fwp%2Fv2%2Fcomments&post=8852"}],"version-history":[{"count":0,"href":"http:\/\/amigosdelantiguoegipto.com\/index.php?rest_route=\/wp\/v2\/pages\/8852\/revisions"}],"wp:attachment":[{"href":"http:\/\/amigosdelantiguoegipto.com\/index.php?rest_route=%2Fwp%2Fv2%2Fmedia&parent=8852"}],"curies":[{"name":"wp","href":"https:\/\/api.w.org\/{rel}","templated":true}]}}