{"id":8785,"date":"2003-07-02T01:00:00","date_gmt":"2003-07-02T01:00:00","guid":{"rendered":"http:\/\/amigosdelantiguoegipto.com\/mut\/"},"modified":"2014-06-29T20:21:48","modified_gmt":"2014-06-29T20:21:48","slug":"mut","status":"publish","type":"page","link":"http:\/\/amigosdelantiguoegipto.com\/?page_id=8785","title":{"rendered":"Mut"},"content":{"rendered":"<p style=\"text-align: justify;\"><a href=\"http:\/\/amigosdelantiguoegipto.com\/?p=8760\">La religi\u00f3n y los dioses de Egipto<\/a><\/p>\n<p style=\"text-align: right;\">Cristina Carracedo &#8211; Julio de 2003<\/p>\n<p style=\"text-align: justify;\">Mut es una de las diosas m\u00e1s destacadas de la mitolog\u00eda egipcia y su origen procede de la ciudad de Tebas.<\/p>\n<p class=\"img\" style=\"text-align: justify;\"><img decoding=\"async\" loading=\"lazy\" class=\" size-full wp-image-15 aligncenter\" title=\"Mut\" src=\" http:\/\/amigosdelantiguoegipto.com\/wp-content\/uploads\/varios\/religion\/2003\/07\/mut_jero.gif\" alt=\"Mut\" width=\"45\" height=\"44\" align=\"middle\" border=\"0\" hspace=\"6\" \/><\/p>\n<p style=\"text-align: justify;\">Su nombre significa <strong>\u201cLa Madre\u201d<\/strong>, y la conocer\u00e9is por ser la diosa \u201cbuitre\u201d, como as\u00ed se representa en jerogl\u00edfico.<\/p>\n<p class=\"img\"><img decoding=\"async\" class=\"aligncenter wp-image-16 size-full\" title=\"Mut\" src=\" http:\/\/amigosdelantiguoegipto.com\/wp-content\/uploads\/varios\/religion\/2003\/07\/mut.gif\" alt=\"Mut\" align=\"middle\" border=\"0\" hspace=\"6\" \/><\/p>\n<p style=\"text-align: justify;\">Esta diosa, se manifiesta as\u00ed mediante un buitre, aunque tambi\u00e9n puede verse como una leona o una gata. Se suele representar como una mujer o con cuerpo de mujer y cabeza de leona.<br \/>\nComo diosa madre, aparece llevando sobre su cabeza la corona del Alto y del Bajo Egipto o un tocado formado por un buitre y el <em>ureo<\/em>. Viste un ajustado traje de color azul o rojo, y en sus manos porta el cetro de papiro y el <em>anj<\/em> o s\u00edmbolo de la vida.<\/p>\n<p class=\"img\"><img decoding=\"async\" loading=\"lazy\" class=\" size-full wp-image-17 aligncenter\" title=\"Mut\" src=\" http:\/\/amigosdelantiguoegipto.com\/wp-content\/uploads\/varios\/religion\/2003\/07\/bmmut.jpg\" alt=\"Mut\" width=\"287\" height=\"401\" align=\"middle\" border=\"0\" hspace=\"6\" \/><\/p>\n<p style=\"text-align: justify;\">Mut es la esposa del dios Am\u00f3n y madre de <a title=\"Jonsu\" href=\"http:\/\/amigosdelantiguoegipto.com\/?page_id=8784\">Jonsu<\/a>, formando tr\u00edada en Tebas. Se identific\u00f3 con varias diosas como <a title=\"Sejmet\" href=\"http:\/\/amigosdelantiguoegipto.com\/?page_id=8772\">Sejmet<\/a> y <a title=\"Bastet\" href=\"http:\/\/amigosdelantiguoegipto.com\/?page_id=8774\">Bastet<\/a>, para resaltar las caracter\u00edsticas solares de Am\u00f3n, y como dije antes, puede aparecer con el aspecto de leona, aunque por su aspecto maternal no muestra el car\u00e1cter tan guerrero que representan ambas diosas. Tambi\u00e9n se identific\u00f3 con Nejbet como protectora del Alto Egipto, y con Hathor.<\/p>\n<p class=\"img\"><img decoding=\"async\" loading=\"lazy\" class=\"  wp-image-16 aligncenter\" title=\"Mut\" src=\" http:\/\/amigosdelantiguoegipto.com\/wp-content\/uploads\/varios\/religion\/2003\/07\/mut.jpg\" alt=\"Mut\" width=\"144\" height=\"220\" align=\"middle\" border=\"0\" hspace=\"6\" \/><\/p>\n<p style=\"text-align: justify;\">Su principal centro de culto se encuentra en Karnak, en el templo de Isheru, junto al templo de Am\u00f3n.<\/p>\n<p style=\"text-align: justify;\">Pero tambi\u00e9n fue adorada en otros lugares de Egipto, como en Tanis, Sais, Gynec\u00f3polis, Her\u00f3polis y Selebi (Alta Nubia), y en los oasis de Jarga y Dajla. Y en la Baja Nubia, fue venerada en Debod.<\/p>\n<p class=\"img\"><img decoding=\"async\" loading=\"lazy\" class=\" size-full wp-image-18 aligncenter\" title=\"Mut\" src=\" http:\/\/amigosdelantiguoegipto.com\/wp-content\/uploads\/varios\/religion\/2003\/07\/mut1.jpg\" alt=\"Mut\" width=\"107\" height=\"344\" align=\"middle\" border=\"0\" hspace=\"6\" \/><\/p>\n","protected":false},"excerpt":{"rendered":"<p>La religi\u00f3n y los dioses de Egipto Cristina Carracedo &#8211; Julio de 2003 Mut es una de las diosas m\u00e1s destacadas de la mitolog\u00eda egipcia y su origen procede de la ciudad de Tebas. Su nombre significa \u201cLa Madre\u201d, y la conocer\u00e9is por ser la diosa \u201cbuitre\u201d, como as\u00ed se representa en jerogl\u00edfico. Esta diosa, se manifiesta as\u00ed mediante un&#8230;<\/p>\n<p class=\"continue-reading-button\"> <a class=\"continue-reading-link\" href=\"http:\/\/amigosdelantiguoegipto.com\/?page_id=8785\">Seguir leyendo<i class=\"crycon-right-dir\"><\/i><\/a><\/p>\n","protected":false},"author":1,"featured_media":0,"parent":0,"menu_order":4,"comment_status":"closed","ping_status":"closed","template":"","meta":{"ngg_post_thumbnail":0},"_links":{"self":[{"href":"http:\/\/amigosdelantiguoegipto.com\/index.php?rest_route=\/wp\/v2\/pages\/8785"}],"collection":[{"href":"http:\/\/amigosdelantiguoegipto.com\/index.php?rest_route=\/wp\/v2\/pages"}],"about":[{"href":"http:\/\/amigosdelantiguoegipto.com\/index.php?rest_route=\/wp\/v2\/types\/page"}],"author":[{"embeddable":true,"href":"http:\/\/amigosdelantiguoegipto.com\/index.php?rest_route=\/wp\/v2\/users\/1"}],"replies":[{"embeddable":true,"href":"http:\/\/amigosdelantiguoegipto.com\/index.php?rest_route=%2Fwp%2Fv2%2Fcomments&post=8785"}],"version-history":[{"count":0,"href":"http:\/\/amigosdelantiguoegipto.com\/index.php?rest_route=\/wp\/v2\/pages\/8785\/revisions"}],"wp:attachment":[{"href":"http:\/\/amigosdelantiguoegipto.com\/index.php?rest_route=%2Fwp%2Fv2%2Fmedia&parent=8785"}],"curies":[{"name":"wp","href":"https:\/\/api.w.org\/{rel}","templated":true}]}}