{"id":8784,"date":"2003-12-11T01:00:00","date_gmt":"2003-12-11T01:00:00","guid":{"rendered":"http:\/\/amigosdelantiguoegipto.com\/jonsu\/"},"modified":"2014-06-29T20:15:04","modified_gmt":"2014-06-29T20:15:04","slug":"jonsu","status":"publish","type":"page","link":"http:\/\/amigosdelantiguoegipto.com\/?page_id=8784","title":{"rendered":"Jonsu"},"content":{"rendered":"<p style=\"text-align: justify;\"><a href=\"http:\/\/amigosdelantiguoegipto.com\/?p=8760\">La religi\u00f3n y los dioses de Egipto<\/a><\/p>\n<p style=\"text-align: right;\">Cristina Carracedo &#8211; Diciembre de 2003<\/p>\n<p style=\"text-align: justify;\">Este dios de la Luna, formaba parte de la tr\u00edada de Tebas junto a sus padres Am\u00f3n y <a title=\"Mut\" href=\"http:\/\/amigosdelantiguoegipto.com\/?page_id=8785\">Mut<\/a>, recibiendo el t\u00edtulo de <strong>\u201cJonsu el Magn\u00e1nimo\u201d<\/strong>.<\/p>\n<p class=\"img\"><img decoding=\"async\" loading=\"lazy\" class=\" size-full wp-image-10 aligncenter\" title=\"Jonsu\" src=\" http:\/\/amigosdelantiguoegipto.com\/wp-content\/uploads\/varios\/religion\/2003\/12\/jonsu_jero.gif\" alt=\"Jonsu\" width=\"138\" height=\"44\" align=\"middle\" border=\"0\" hspace=\"6\" \/><\/p>\n<p style=\"text-align: justify;\">Su nombre proviene de las palabras placenta (<em>j<\/em>) y rey (<em>nsu<\/em>), significando <strong>\u201cLa Placenta Real\u201d<\/strong>. As\u00ed representaba la placenta que envolv\u00eda al rey protegi\u00e9ndolo dentro del seno materno. Se entend\u00eda que el soberano se identificaba con el Sol y la placenta se asociaba a la Luna.<\/p>\n<p class=\"img\"><img decoding=\"async\" loading=\"lazy\" class=\" size-full wp-image-11 aligncenter\" title=\"Jonsu\" src=\" http:\/\/amigosdelantiguoegipto.com\/wp-content\/uploads\/varios\/religion\/2003\/12\/jonsu.gif\" alt=\"Jonsu\" width=\"90\" height=\"215\" align=\"middle\" border=\"0\" hspace=\"6\" \/><\/p>\n<p style=\"text-align: justify;\">Otros significados del nombre de Jonsu son <strong>\u201cEl que Atraviesa\u201d<\/strong> o <strong>\u201cEl Viajero\u201d<\/strong>, por su aspecto de dios lunar y celeste (dios que recorre el cielo en la noche) como aparece escrito en los Textos de las Pir\u00e1mides (era los textos religiosos m\u00e1s antiguos grabados en las paredes de las pir\u00e1mides de reyes y reinas).<\/p>\n<p style=\"text-align: justify;\">Tambi\u00e9n se le conoc\u00eda como <strong>\u201cDios que espanta a los Esp\u00edritus Malignos\u201d<\/strong> causantes de las enfermedades, por eso se le consideraba protector de los enfermos atribuy\u00e9ndole poderes curativos.<\/p>\n<p style=\"text-align: justify;\">Otro significado de su nombre era <strong>\u201cCerrojo de la Juventud\u201d<\/strong>. Y seguramente podr\u00e9is encontraros con unos cuantos significados m\u00e1s.<\/p>\n<p class=\"img\"><img decoding=\"async\" loading=\"lazy\" class=\" size-full wp-image-12 aligncenter\" title=\"Jonsu\" src=\" http:\/\/amigosdelantiguoegipto.com\/wp-content\/uploads\/varios\/religion\/2003\/12\/jonsu1.jpg\" alt=\"Jonsu\" width=\"100\" height=\"383\" align=\"middle\" border=\"0\" hspace=\"6\" \/><\/p>\n<p style=\"text-align: justify;\">Jonsu aparece representado como un hombre con barba en actitud de marcha, que se transforma en un ni\u00f1o vendado como una momia y con un disco lunar sobre la cabeza y una coleta lateral. Lleva un collar menat sobre su pecho y en sus manos los cetros correspondientes.<\/p>\n<p style=\"text-align: justify;\">En su aspecto celeste se muestra con cabeza de halc\u00f3n, identificado con el dios Horus. Como hemos visto en otros dioses egipcios, Jonsu se identifica con otros dioses, como ocurre con Thot, deidad contadora del tiempo y tambi\u00e9n dios lunar.<br \/>\nEn Kom Ombo se identifica con el dios Sobek (dios cocodrilo).<\/p>\n<p class=\"img\"><img decoding=\"async\" loading=\"lazy\" class=\" size-full wp-image-13 aligncenter\" title=\"Jonsu\" src=\" http:\/\/amigosdelantiguoegipto.com\/wp-content\/uploads\/varios\/religion\/2003\/12\/jonsu2.jpg\" alt=\"Jonsu\" width=\"168\" height=\"198\" align=\"middle\" border=\"0\" hspace=\"6\" \/><\/p>\n<p style=\"text-align: justify;\">Principalmente fue adorado en Tebas. Tuvo un peque\u00f1o templo dentro del recinto principal de Am\u00f3n en Karnak.<\/p>\n<p style=\"text-align: justify;\">Otros lugares de culto fueron Gebelein, el-Hiba, el oasis de Jarga y en Selebi (en la Alta Nubia).<\/p>\n<p style=\"text-align: justify;\">Posiblemente fue adorado en Heracle\u00f3polis, donde fue identificado con Heryshef (quien se identifica con el conocido dios romano H\u00e9rcules).<\/p>\n<p>Pod\u00e9is ver una leyenda \u201c<a title=\"Los hijos de Nut\" href=\"http:\/\/amigosdelantiguoegipto.com\/?page_id=8714\">Los hijos de Nut<\/a>\u201d, donde aparece el dios Jonsu.<\/p>\n","protected":false},"excerpt":{"rendered":"<p>La religi\u00f3n y los dioses de Egipto Cristina Carracedo &#8211; Diciembre de 2003 Este dios de la Luna, formaba parte de la tr\u00edada de Tebas junto a sus padres Am\u00f3n y Mut, recibiendo el t\u00edtulo de \u201cJonsu el Magn\u00e1nimo\u201d. Su nombre proviene de las palabras placenta (j) y rey (nsu), significando \u201cLa Placenta Real\u201d. As\u00ed representaba la placenta que envolv\u00eda&#8230;<\/p>\n<p class=\"continue-reading-button\"> <a class=\"continue-reading-link\" href=\"http:\/\/amigosdelantiguoegipto.com\/?page_id=8784\">Seguir leyendo<i class=\"crycon-right-dir\"><\/i><\/a><\/p>\n","protected":false},"author":1,"featured_media":0,"parent":0,"menu_order":3,"comment_status":"closed","ping_status":"closed","template":"","meta":{"ngg_post_thumbnail":0},"_links":{"self":[{"href":"http:\/\/amigosdelantiguoegipto.com\/index.php?rest_route=\/wp\/v2\/pages\/8784"}],"collection":[{"href":"http:\/\/amigosdelantiguoegipto.com\/index.php?rest_route=\/wp\/v2\/pages"}],"about":[{"href":"http:\/\/amigosdelantiguoegipto.com\/index.php?rest_route=\/wp\/v2\/types\/page"}],"author":[{"embeddable":true,"href":"http:\/\/amigosdelantiguoegipto.com\/index.php?rest_route=\/wp\/v2\/users\/1"}],"replies":[{"embeddable":true,"href":"http:\/\/amigosdelantiguoegipto.com\/index.php?rest_route=%2Fwp%2Fv2%2Fcomments&post=8784"}],"version-history":[{"count":0,"href":"http:\/\/amigosdelantiguoegipto.com\/index.php?rest_route=\/wp\/v2\/pages\/8784\/revisions"}],"wp:attachment":[{"href":"http:\/\/amigosdelantiguoegipto.com\/index.php?rest_route=%2Fwp%2Fv2%2Fmedia&parent=8784"}],"curies":[{"name":"wp","href":"https:\/\/api.w.org\/{rel}","templated":true}]}}