{"id":8783,"date":"2004-09-16T01:00:00","date_gmt":"2004-09-16T01:00:00","guid":{"rendered":"http:\/\/amigosdelantiguoegipto.com\/los-sacerdotes-del-antiguo-egipto\/"},"modified":"2014-06-29T20:08:25","modified_gmt":"2014-06-29T20:08:25","slug":"los-sacerdotes-del-antiguo-egipto","status":"publish","type":"page","link":"http:\/\/amigosdelantiguoegipto.com\/?page_id=8783","title":{"rendered":"Los sacerdotes del Antiguo Egipto"},"content":{"rendered":"<p style=\"text-align: justify;\"><a href=\"http:\/\/amigosdelantiguoegipto.com\/?p=8760\">La religi\u00f3n y los dioses de Egipto<\/a><\/p>\n<p style=\"text-align: right;\">Jos\u00e9 Miguel Parra Ortiz &#8211; Septiembre de 2004<\/p>\n<p style=\"text-align: justify;\">Una de las cosas m\u00e1s curiosas del antiguo Egipto es que se trataba de una civilizaci\u00f3n en la cual s\u00f3lo una persona pod\u00eda ejercer como sacerdote: el fara\u00f3n. Los egipcios cre\u00edan que era el \u00fanico ser humano capacitado para entrar en comunicaci\u00f3n con los dioses.<\/p>\n<p style=\"text-align: justify;\">Seguro que est\u00e1is pensando que algo falla, \u00bfc\u00f3mo era posible si resulta que todo el valle del Nilo est\u00e1 repleto de templos? \u00bfAcaso nunca se celebraban ceremonias en ellos? \u00a1El fara\u00f3n no pod\u00eda estar en todas partes a la vez! Bueno, la verdad es que el fara\u00f3n no realizaba personalmente las ceremonias de los templos. En realidad lo que hac\u00eda era dejar que otras personas lo hicieran en su nombre. Por esa raz\u00f3n en las paredes de los templos nunca aparecen representados sacerdotes. El \u00fanico al que se ve adorando a los dioses es al fara\u00f3n. Era un modo de dejar claro a todo el mundo que si bien los sacerdotes ocupaban el puesto del fara\u00f3n, era porque \u00e9ste as\u00ed lo hab\u00eda querido y que, en realidad, s\u00f3lo el rey pod\u00eda comunicarse con los dioses.<\/p>\n<div class=\"mosimage\" align=\"center\">\n<div id=\"attachment_1\" style=\"width: 410px\" class=\"wp-caption aligncenter\"><img aria-describedby=\"caption-attachment-1\" decoding=\"async\" loading=\"lazy\" class=\"wp-image-1 size-full\" title=\"El fara\u00f3n Seti I realizando los rituales como sacerdote funerario. Templo de Abidos\" src=\" http:\/\/amigosdelantiguoegipto.com\/wp-content\/uploads\/varios\/religion\/sacerdotes\/01.jpg\" alt=\"El fara\u00f3n Seti I realizando los rituales como sacerdote funerario. Templo de Abidos\" width=\"400\" height=\"269\" border=\"0\" hspace=\"6\" \/><p id=\"caption-attachment-1\" class=\"wp-caption-text\">El fara\u00f3n Seti I realizando los rituales como sacerdote funerario.<br \/> Templo de Abidos.<\/p><\/div>\n<\/div>\n<p style=\"text-align: justify;\">La gran diferencia entre los sacerdotes egipcios y los sacerdotes cat\u00f3licos, por ejemplo, es que los curas de las parroquias son sacerdotes porque tienen vocaci\u00f3n para ello, mientras que los del antiguo Egipto eran una especie de funcionarios que se limitaban a alimentar m\u00e1gicamente a los dioses (para eso sirven las ofrendas). Adem\u00e1s, los curas tienen que ser buenas personas y ayudar a los dem\u00e1s con sus problemas y todo eso, mientras que los sacerdotes egipcios pod\u00edan ser todo lo malas personas que quisieran. \u00a1Se sabe de algunos que fueron unos ladrones y sinverg\u00fcenzas redomados!<\/p>\n<p style=\"text-align: justify;\">Las obligaciones de los sacerdotes egipcios no eran muy pesadas, en principio s\u00f3lo ten\u00edan que realizar la ofrenda divina una vez por la ma\u00f1ana y otra vez por la tarde. El ritual llevaba su tiempo y antes de entrar en el sanctasanct\u00f3rum (as\u00ed se llama la habitaci\u00f3n al fondo del templo en donde estaba la estatua del dios, guardada dentro de un peque\u00f1o armario de piedra con puertas de madera) ten\u00edan que purificarse: afeitarse la cabeza, enjuagarse la boca con agua, con sal y ba\u00f1arse en el lago sagrado del templo.<\/p>\n<div class=\"mosimage\" style=\"text-align: justify;\" align=\"center\">\n<div id=\"attachment_2\" style=\"width: 410px\" class=\"wp-caption aligncenter\"><img aria-describedby=\"caption-attachment-2\" decoding=\"async\" loading=\"lazy\" class=\"wp-image-2 size-full\" title=\"Mesa de ofrendas y recipientes rituales del sacerdote lector Idy. Abidos, VI dinast\u00eda. Museo Brit\u00e1nico de Londres\" src=\" http:\/\/amigosdelantiguoegipto.com\/wp-content\/uploads\/varios\/religion\/sacerdotes\/02.jpg\" alt=\"Mesa de ofrendas y recipientes rituales del sacerdote lector Idy. Abidos, VI dinast\u00eda. Museo Brit\u00e1nico de Londres\" width=\"400\" height=\"300\" border=\"0\" hspace=\"6\" \/><p id=\"caption-attachment-2\" class=\"wp-caption-text\">Mesa de ofrendas y recipientes rituales del sacerdote lector Idy. Abidos, VI dinast\u00eda. <br \/>Museo Brit\u00e1nico de Londres<\/p><\/div>\n<\/div>\n<div class=\"mosimage\" style=\"text-align: justify;\" align=\"center\">\n<div id=\"attachment_3\" style=\"width: 410px\" class=\"wp-caption aligncenter\"><img aria-describedby=\"caption-attachment-3\" decoding=\"async\" loading=\"lazy\" class=\"wp-image-3 size-full\" title=\"Templo de Edfu: En el interior del santuario est\u00e1 el \u00abnaos\u00bb donde se guardaba la imagen del dios Horus. Delante hay un pedestal sobre el que se colocaba la barca sagrada\" src=\" http:\/\/amigosdelantiguoegipto.com\/wp-content\/uploads\/varios\/religion\/sacerdotes\/03.jpg\" alt=\"Templo de Edfu: En el interior del santuario est\u00e1 el \u00abnaos\u00bb donde se guardaba la imagen del dios Horus. Delante hay un pedestal sobre el que se colocaba la barca sagrada\" width=\"400\" height=\"299\" border=\"0\" hspace=\"6\" \/><p id=\"caption-attachment-3\" class=\"wp-caption-text\">Templo de Edfu: En el interior del santuario est\u00e1 el \u00abnaos\u00bb donde se guardaba la imagen del dios Horus. <br \/> Delante hay un pedestal sobre el que se colocaba la barca sagrada<\/p><\/div>\n<\/div>\n<p style=\"text-align: justify;\">La ceremonia que realizaban consist\u00eda en penetrar en el santuario, abrir las puertas del armario sagrado (el \u00abnaos\u00bb, as\u00ed se llama), sacar de \u00e9l la estatua del dios, limpiarla, cambiarle los vestidos y ponerle otros nuevos. Luego maquillaba la estatua, quemaban incienso delante de ella y despu\u00e9s le entregaban las ofrendas. Seguidamente retiraban esas ofrendas, guardaban la estatua limpia en su naos y sal\u00edan del sanctasanct\u00f3rum, andando de espaldas y limpiando sus pasos mientras lo hac\u00edan.<\/p>\n<p style=\"text-align: justify;\">A pesar de lo aburrido que pueda parecer tener que repetir esto dos veces todos los d\u00edas, ser sacerdote ten\u00eda sus ventajas, pues despu\u00e9s de presentarle las ofrendas al dios del templo, los sacerdotes \u00a1se las repart\u00edan entre ellos! Era el modo que ten\u00edan de cobrar su salario. En realidad, los sacerdotes egipcios eran unos privilegiados y era un puesto que muchos deseaban y que en el caso de los templos m\u00e1s importantes de Egipto (el del dios Ra en Heli\u00f3polis y el de Am\u00f3n en Tebas) el fara\u00f3n permit\u00eda ocupar s\u00f3lo a personas de su confianza.<\/p>\n<p style=\"text-align: justify;\">No obstante, el trabajo de los sacerdotes no se limitaba a realizar esta ceremonia. Hab\u00eda ciertos sacerdotes que se encargaban de estudiar el cielo por la noche, vigilando las estrellas, las constelaciones y dem\u00e1s, de este modo pod\u00edan llevar con exactitud el calendario y sab\u00edan en qu\u00e9 d\u00eda estaban y cu\u00e1ndo hab\u00eda que realizar determinadas fiestas.<\/p>\n<div class=\"mosimage\" style=\"text-align: justify;\" align=\"center\">\n<div id=\"attachment_5\" style=\"width: 410px\" class=\"wp-caption aligncenter\"><img aria-describedby=\"caption-attachment-5\" decoding=\"async\" loading=\"lazy\" class=\"wp-image-5 size-full\" title=\"Sacerdotes en procesi\u00f3n portando la barca sagrada del dios\" src=\" http:\/\/amigosdelantiguoegipto.com\/wp-content\/uploads\/varios\/religion\/sacerdotes\/04.jpg\" alt=\"Sacerdotes en procesi\u00f3n portando la barca sagrada del dios\" width=\"400\" height=\"282\" border=\"0\" hspace=\"6\" \/><p id=\"caption-attachment-5\" class=\"wp-caption-text\">Sacerdotes en procesi\u00f3n portando la barca sagrada del dios.<\/p><\/div>\n<\/div>\n<p style=\"text-align: justify;\">Una de esas fiestas era muy importante (el d\u00eda variaba en cada templo), pues los sacerdotes encargados del culto pon\u00edan la estatua del dios en una barca port\u00e1til y la sacaban a hombros en procesi\u00f3n. Ese era el \u00fanico momento en que la gente del pueblo pod\u00eda ver al dios, puesto que estaba prohibido penetrar en el interior de los templos; s\u00f3lo pod\u00edan llegar hasta el primer patio con columnas. El resto del edificio era espacio sagrado y si entraban dentro pod\u00edan tener muchos problemas. No obstante, como tambi\u00e9n ellos quer\u00edan hablar con sus dioses, al final consiguieron que se esculpieran orejas (s\u00ed, s\u00ed, hab\u00e9is le\u00eddo bien) en la pared posterior de algunos templos para que gracias a ellas la divinidad pudiera escuchar lo que la gente ten\u00eda que decirle sin tener que penetrar en el edificio.<\/p>\n<p style=\"text-align: justify;\">Este tipo de sacerdote, que pod\u00eda ver al dios y cuidaba de su estatua, no era el \u00fanico que hab\u00eda en Egipto. Exist\u00edan otros que realizaban tareas diferentes, tareas que no eran obligaci\u00f3n del fara\u00f3n.<br \/>\nEl m\u00e1s importante era el \u00absacerdote funerario\u00bb, que realizaba las ofrendas necesarias para que una persona muerta pudiera seguir viviendo en el M\u00e1s All\u00e1; se encargaba de mantener vivo el culto a los muertos y por ello cobraban un salario.<\/p>\n<div class=\"mosimage\" style=\"text-align: justify;\" align=\"center\">\n<div id=\"attachment_6\" style=\"width: 324px\" class=\"wp-caption aligncenter\"><img aria-describedby=\"caption-attachment-6\" decoding=\"async\" loading=\"lazy\" class=\"wp-image-6 size-full\" title=\"Tumba de Tutankhamon: Ay ejerciendo de \u00absacerdote sem\u00bb ante la momia del fara\u00f3n\" src=\" http:\/\/amigosdelantiguoegipto.com\/wp-content\/uploads\/varios\/religion\/sacerdotes\/05.jpg\" alt=\"Tumba de Tutankhamon: Ay ejerciendo de \u00absacerdote sem\u00bb ante la momia del fara\u00f3n\" width=\"314\" height=\"400\" border=\"0\" hspace=\"6\" \/><p id=\"caption-attachment-6\" class=\"wp-caption-text\">Ay ejerciendo de \u00absacerdote sem\u00bb ante la momia del fara\u00f3n.<br \/>Tumba de Tutankhamon<\/p><\/div>\n<\/div>\n<div class=\"mosimage\" style=\"text-align: justify;\" align=\"center\">\n<div id=\"attachment_7\" style=\"width: 277px\" class=\"wp-caption aligncenter\"><img aria-describedby=\"caption-attachment-7\" decoding=\"async\" loading=\"lazy\" class=\"wp-image-7 size-full\" title=\"Un hijo del difunto Sennedjem, vestido con una piel de leopardo, realizando las funciones de \u00absacerdote sem\u00bb\" src=\" http:\/\/amigosdelantiguoegipto.com\/wp-content\/uploads\/varios\/religion\/sacerdotes\/06.jpg\" alt=\"Un hijo del difunto Sennedjem, vestido con una piel de leopardo, realizando las funciones de \u00absacerdote sem\u00bb\" width=\"267\" height=\"400\" border=\"0\" hspace=\"6\" \/><p id=\"caption-attachment-7\" class=\"wp-caption-text\">Un hijo del difunto Sennedjem, vestido con una piel de leopardo, realizando las funciones de \u00absacerdote sem\u00bb.<\/p><\/div>\n<\/div>\n<p style=\"text-align: justify;\">Otro sacerdote muy habitual era el \u00absacerdote <em>sem<\/em>\u00bb, que era el encargado de realizar los rituales durante el enterramiento de una persona. Por lo general el puesto lo ocupaba el hijo de la persona muerta, pero no siempre.<\/p>\n<p style=\"text-align: justify;\">Uno muy importante era el \u00absacerdote lector\u00bb. Como resulta que en Egipto hab\u00eda muy pocas personas que supieran leer (aproximadamente una de cada cien) era necesario que una de las que s\u00ed sab\u00eda se encargara de ir leyendo de un libro (bueno, en realidad de un rollo de papiro) los diferentes textos y los distintos pasos que hab\u00eda que dar para que un ritual se realizara adecuadamente; s\u00f3lo as\u00ed eran efectivos.<\/p>\n<p style=\"text-align: justify;\">Como veis, los sacerdotes egipcios no se parecen mucho a los sacerdotes modernos.<\/p>\n<div class=\"mosimage\" style=\"float: center;\" align=\"center\">\n<div id=\"attachment_8\" style=\"width: 410px\" class=\"wp-caption aligncenter\"><img aria-describedby=\"caption-attachment-8\" decoding=\"async\" loading=\"lazy\" class=\"wp-image-8 size-full\" title=\"Un \u00absacerdote lector\u00bb lee la f\u00f3rmula de ofrendas mientras un \u00absacerdote sem\u00bb vierte de aceite y pasa incienso por los sarc\u00f3fagos de Userhat\" src=\" http:\/\/amigosdelantiguoegipto.com\/wp-content\/uploads\/varios\/religion\/sacerdotes\/07.jpg\" alt=\"Un \u00absacerdote lector\u00bb lee la f\u00f3rmula de ofrendas mientras un \u00absacerdote sem\u00bb vierte de aceite y pasa incienso por los sarc\u00f3fagos de Userhat\" width=\"400\" height=\"326\" border=\"0\" hspace=\"6\" \/><p id=\"caption-attachment-8\" class=\"wp-caption-text\">Un \u00absacerdote lector\u00bb lee la f\u00f3rmula de ofrendas mientras un \u00absacerdote sem\u00bb vierte de aceite y pasa incienso por los sarc\u00f3fagos de Userhat<\/p><\/div>\n<\/div>\n<p><strong>M\u00e1s informaci\u00f3n: <\/strong><a title=\"El Templo, lugar sagrado\" href=\"http:\/\/amigosdelantiguoegipto.com\/?page_id=8780\">El Templo, lugar sagrado<\/a> y <a title=\"La vida en el templo\" href=\"http:\/\/amigosdelantiguoegipto.com\/?page_id=8782\">La vida en el templo<\/a><\/p>\n","protected":false},"excerpt":{"rendered":"<p>La religi\u00f3n y los dioses de Egipto Jos\u00e9 Miguel Parra Ortiz &#8211; Septiembre de 2004 Una de las cosas m\u00e1s curiosas del antiguo Egipto es que se trataba de una civilizaci\u00f3n en la cual s\u00f3lo una persona pod\u00eda ejercer como sacerdote: el fara\u00f3n. Los egipcios cre\u00edan que era el \u00fanico ser humano capacitado para entrar en comunicaci\u00f3n con los dioses&#8230;.<\/p>\n<p class=\"continue-reading-button\"> <a class=\"continue-reading-link\" href=\"http:\/\/amigosdelantiguoegipto.com\/?page_id=8783\">Seguir leyendo<i class=\"crycon-right-dir\"><\/i><\/a><\/p>\n","protected":false},"author":1,"featured_media":0,"parent":0,"menu_order":2,"comment_status":"closed","ping_status":"closed","template":"","meta":{"ngg_post_thumbnail":0},"_links":{"self":[{"href":"http:\/\/amigosdelantiguoegipto.com\/index.php?rest_route=\/wp\/v2\/pages\/8783"}],"collection":[{"href":"http:\/\/amigosdelantiguoegipto.com\/index.php?rest_route=\/wp\/v2\/pages"}],"about":[{"href":"http:\/\/amigosdelantiguoegipto.com\/index.php?rest_route=\/wp\/v2\/types\/page"}],"author":[{"embeddable":true,"href":"http:\/\/amigosdelantiguoegipto.com\/index.php?rest_route=\/wp\/v2\/users\/1"}],"replies":[{"embeddable":true,"href":"http:\/\/amigosdelantiguoegipto.com\/index.php?rest_route=%2Fwp%2Fv2%2Fcomments&post=8783"}],"version-history":[{"count":0,"href":"http:\/\/amigosdelantiguoegipto.com\/index.php?rest_route=\/wp\/v2\/pages\/8783\/revisions"}],"wp:attachment":[{"href":"http:\/\/amigosdelantiguoegipto.com\/index.php?rest_route=%2Fwp%2Fv2%2Fmedia&parent=8783"}],"curies":[{"name":"wp","href":"https:\/\/api.w.org\/{rel}","templated":true}]}}