{"id":8782,"date":"2004-11-13T01:00:00","date_gmt":"2004-11-13T01:00:00","guid":{"rendered":"http:\/\/amigosdelantiguoegipto.com\/la-vida-en-el-templo\/"},"modified":"2014-06-29T19:52:16","modified_gmt":"2014-06-29T19:52:16","slug":"la-vida-en-el-templo","status":"publish","type":"page","link":"http:\/\/amigosdelantiguoegipto.com\/?page_id=8782","title":{"rendered":"La vida en el templo"},"content":{"rendered":"<p><a href=\"http:\/\/amigosdelantiguoegipto.com\/?p=8760\">La religi\u00f3n y los dioses de Egipto<\/a><\/p>\n<p style=\"text-align: right;\">Eva Calomino &#8211; Noviembre de 2004<br \/>\nIlustraciones: Nicolette Dayanne Nu\u00f1ez<\/p>\n<p style=\"text-align: justify;\">Es muy interesante conocer, adem\u00e1s de los dioses, las construcciones y los m\u00e1gicos ritos egipcios, sus h\u00e1bitos cotidianos y la vida en general, tan misteriosa y estructurada que hace de los egipcios una cultura singular y eterna.<\/p>\n<p style=\"text-align: justify;\">Los templos del antiguo Egipto dejaron un legado arquitect\u00f3nico de gran belleza. Representan no s\u00f3lo la vida religiosa sino tambi\u00e9n lo cotidiano.<\/p>\n<p style=\"text-align: justify;\">En esta sociedad hab\u00eda tres clases que gozaban de privilegios: la realeza, los funcionarios y los sacerdotes. La importancia social del clero no s\u00f3lo deriva del hecho de ser la clase consagrada a los ritos religiosos o por dedicar su vida a los dioses, sino tambi\u00e9n por ser grandes propietarios de tierras, gracias a las donaciones que el fara\u00f3n hac\u00eda a los templos.<\/p>\n<p class=\"img\"><img decoding=\"async\" loading=\"lazy\" class=\" size-full wp-image-1 aligncenter\" title=\"La vida en el templo\" src=\" http:\/\/amigosdelantiguoegipto.com\/wp-content\/uploads\/varios\/religion\/2004\/11\/01.jpg\" alt=\"La vida en el templo\" width=\"480\" height=\"338\" align=\"middle\" border=\"0\" hspace=\"6\" \/><\/p>\n<p style=\"text-align: justify;\">A lo largo del Nilo hubo multitud de templos, dedicados a divinidades locales. All\u00ed viv\u00edan algunos sacerdotes, pero la mayor parte viv\u00eda en su casa porque el clero egipcio no era como el nuestro. Muchos dioses tuvieron m\u00e1s de un templo.<\/p>\n<p style=\"text-align: justify;\">El fara\u00f3n era el Sumo Sacerdote, algo as\u00ed como la encarnaci\u00f3n viviente del dios. Una vez fallecido el fara\u00f3n era divinizado, aunque tambi\u00e9n pod\u00edan ser divinizados en vida. Los sacerdotes le llevaban ofrendas tres veces al d\u00eda, consistentes en alimentos, bebida, incienso, etc., para su sustento en el M\u00e1s All\u00e1.<\/p>\n<p class=\"img\"><img decoding=\"async\" loading=\"lazy\" class=\" size-full wp-image-2 aligncenter\" title=\"La vida en el templo\" src=\" http:\/\/amigosdelantiguoegipto.com\/wp-content\/uploads\/varios\/religion\/2004\/11\/02.jpg\" alt=\"La vida en el templo\" width=\"400\" height=\"581\" align=\"middle\" border=\"0\" hspace=\"6\" \/><\/p>\n<p style=\"text-align: justify;\">El trabajo diario en un templo egipcio consist\u00eda en la celebraci\u00f3n rutinaria de diferentes rituales o en la administraci\u00f3n de los productos y el personal; as\u00ed el templo ten\u00eda no s\u00f3lo funciones religiosas sino tambi\u00e9n actividades econ\u00f3micas. Los dioses necesitaban ofrendas, generalmente alimentos y otros bienes materiales para darles la categor\u00eda social que se merec\u00edan. Todo ello requer\u00eda una administraci\u00f3n que proporcionara abundantes excedentes. Esta era ejercida por funcionarios para que el gobierno pudiese controlar el poder econ\u00f3mico de los templos. Los sacerdotes recib\u00edan por sus servicios un pago en especies, ya sea con tierras que pod\u00edan alquilar o con un porcentaje de los ingresos.<\/p>\n<p class=\"img\"><img decoding=\"async\" loading=\"lazy\" class=\" size-full wp-image-3 aligncenter\" title=\"La vida en el templo\" src=\" http:\/\/amigosdelantiguoegipto.com\/wp-content\/uploads\/varios\/religion\/2004\/11\/03.jpg\" alt=\"La vida en el templo\" width=\"400\" height=\"552\" align=\"middle\" border=\"0\" hspace=\"6\" \/><\/p>\n<p style=\"text-align: justify;\">La piel de leopardo era la vestimenta oficial del sacerdote <em>Sem<\/em> que oficiaba las ceremonias. Como hemos visto no todos ten\u00edan la misma funci\u00f3n dentro de un templo. Las sacerdotisas cantaban y bailaban durante los oficios religiosos. La gran sacerdotisa presid\u00eda el primer lugar o rango de la jerarqu\u00eda. Todo el personal de un templo se hallaba jerarquizado:<\/p>\n<ul style=\"text-align: justify;\">\n<li>\u201cLos siervos\u201d del dios o profetas, de los cuales destacaba el primero o Sumo Sacerdote.<\/li>\n<li>Los sacerdotes \u201cpuros\u201d o sacerdotes \u201c<em>Uab<\/em>\u201d, se encargaban de las purificaciones y de atender las necesidades directas de la divinidad (<em>Uab<\/em> significa \u201cpuro\u201d).<\/li>\n<li>Los sacerdotes \u201clectores\u201d, expertos en textos sagrados, se encargaban de leer el ritual para su correcta celebraci\u00f3n.<\/li>\n<li>Los custodios o sacerdotes horarios, se\u00f1alaban el inicio de los rituales.<\/li>\n<li>Sacerdotes y sacerdotisas funerarias, encargados de proveer ofrendas a los difuntos en nombre de las familias, siendo este cargo en la mayor\u00eda de los casos hereditario.<\/li>\n<\/ul>\n<p style=\"text-align: justify;\">Seg\u00fan nos informan los autores griegos, para realizar un rito el sacerdote deb\u00eda mantenerse puro, afeitar su cuerpo cada dos d\u00edas, estar circuncidado, vestir con t\u00fanicas de lino y usar sandalias de papiro.<\/p>\n<p style=\"text-align: justify;\">Ya que el templo egipcio era el lugar de residencia de los sacerdotes hab\u00eda muebles y enseres de la vida cotidiana y propios del culto: capillas de madera donde se guardaba la imagen del dios, la barca sagrada, la mesa de ofrendas y las im\u00e1genes de los oferentes, tronos de dioses, la silla de mano para transportar al fara\u00f3n como representaci\u00f3n de la divinidad.<\/p>\n","protected":false},"excerpt":{"rendered":"<p>La religi\u00f3n y los dioses de Egipto Eva Calomino &#8211; Noviembre de 2004 Ilustraciones: Nicolette Dayanne Nu\u00f1ez Es muy interesante conocer, adem\u00e1s de los dioses, las construcciones y los m\u00e1gicos ritos egipcios, sus h\u00e1bitos cotidianos y la vida en general, tan misteriosa y estructurada que hace de los egipcios una cultura singular y eterna. Los templos del antiguo Egipto dejaron&#8230;<\/p>\n<p class=\"continue-reading-button\"> <a class=\"continue-reading-link\" href=\"http:\/\/amigosdelantiguoegipto.com\/?page_id=8782\">Seguir leyendo<i class=\"crycon-right-dir\"><\/i><\/a><\/p>\n","protected":false},"author":1,"featured_media":0,"parent":0,"menu_order":1,"comment_status":"closed","ping_status":"closed","template":"","meta":{"ngg_post_thumbnail":0},"_links":{"self":[{"href":"http:\/\/amigosdelantiguoegipto.com\/index.php?rest_route=\/wp\/v2\/pages\/8782"}],"collection":[{"href":"http:\/\/amigosdelantiguoegipto.com\/index.php?rest_route=\/wp\/v2\/pages"}],"about":[{"href":"http:\/\/amigosdelantiguoegipto.com\/index.php?rest_route=\/wp\/v2\/types\/page"}],"author":[{"embeddable":true,"href":"http:\/\/amigosdelantiguoegipto.com\/index.php?rest_route=\/wp\/v2\/users\/1"}],"replies":[{"embeddable":true,"href":"http:\/\/amigosdelantiguoegipto.com\/index.php?rest_route=%2Fwp%2Fv2%2Fcomments&post=8782"}],"version-history":[{"count":0,"href":"http:\/\/amigosdelantiguoegipto.com\/index.php?rest_route=\/wp\/v2\/pages\/8782\/revisions"}],"wp:attachment":[{"href":"http:\/\/amigosdelantiguoegipto.com\/index.php?rest_route=%2Fwp%2Fv2%2Fmedia&parent=8782"}],"curies":[{"name":"wp","href":"https:\/\/api.w.org\/{rel}","templated":true}]}}