{"id":8780,"date":"2000-05-15T01:00:00","date_gmt":"2000-05-15T01:00:00","guid":{"rendered":"http:\/\/amigosdelantiguoegipto.com\/el-templo-lugar-sagrado\/"},"modified":"2014-06-29T21:10:02","modified_gmt":"2014-06-29T21:10:02","slug":"el-templo-lugar-sagrado","status":"publish","type":"page","link":"http:\/\/amigosdelantiguoegipto.com\/?page_id=8780","title":{"rendered":"El Templo, lugar sagrado"},"content":{"rendered":"<p style=\"text-align: justify;\"><a href=\"http:\/\/amigosdelantiguoegipto.com\/?p=8760\">La religi\u00f3n y los dioses de Egipto<\/a><\/p>\n<p style=\"text-align: right;\">Cristina Carracedo &#8211; Mayo de 2000<\/p>\n<p style=\"text-align: justify;\">El templo es la &#8220;casa&#8221; del dios. Eran enormes construcciones de piedra muy bien decoradas. S\u00f3lo el rey y los sacerdotes pod\u00edan acceder a su interior.<\/p>\n<p style=\"text-align: justify;\">Los sacerdotes ten\u00edan que estar limpios y purificados. Se afeitaban la cabeza y el cuerpo y se lavaban cuatro veces al d\u00eda. Vest\u00edan t\u00fanicas de fino lino blanco. Pero, \u00bfqu\u00e9 funciones ten\u00edan estos sacerdotes?<\/p>\n<div class=\"mosimage\" style=\"float: center;\" align=\"center\">\n<div id=\"attachment_56\" style=\"width: 310px\" class=\"wp-caption aligncenter\"><img aria-describedby=\"caption-attachment-56\" decoding=\"async\" loading=\"lazy\" class=\"wp-image-56 size-full\" title=\"Sacerdote purificandose\" src=\" http:\/\/amigosdelantiguoegipto.com\/wp-content\/uploads\/varios\/religion\/2000\/05\/sacerdote_purificandose.jpg\" alt=\"Sacerdote purificandose\" width=\"300\" height=\"518\" border=\"0\" hspace=\"6\" \/><p id=\"caption-attachment-56\" class=\"wp-caption-text\">Sacerdote purificandose<\/p><\/div>\n<\/div>\n<p style=\"text-align: justify;\">Poco antes de comenzar el d\u00eda, el sumo sacerdote entraba en el templo. Despu\u00e9s golpeaba en la puerta del naos, que era la peque\u00f1a capilla donde se encontraba la estatua del dios. La besaba y la cantaba para despertarla. Se encargaba de lavar y vestir al dios; hac\u00eda las ofrendas de comida y bebida, quemaba incienso y dec\u00eda las oraciones. Al atardecer ten\u00edan lugar los ritos para que el dios durmiera. Si todos los rituales se realizaban bien, el dios mostrar\u00eda su reconocimiento hacia el fara\u00f3n y su pueblo.<\/p>\n<div class=\"mosimage\" style=\"float: center;\" align=\"center\">\n<div id=\"attachment_57\" style=\"width: 310px\" class=\"wp-caption aligncenter\"><img aria-describedby=\"caption-attachment-57\" decoding=\"async\" loading=\"lazy\" class=\"wp-image-57 size-full\" title=\"Sacerdote realizando ofrendas\" src=\" http:\/\/amigosdelantiguoegipto.com\/wp-content\/uploads\/varios\/religion\/2000\/05\/sacerdote_ofrendando.jpg\" alt=\"Sacerdote realizando ofrendas\" width=\"300\" height=\"456\" border=\"0\" hspace=\"6\" \/><p id=\"caption-attachment-57\" class=\"wp-caption-text\">Sacerdote realizando ofrendas<\/p><\/div>\n<\/div>\n<p style=\"text-align: justify;\">Entonces, \u00bfc\u00f3mo el pueblo adoraba a sus dioses? Los egipcios hac\u00edan sus propias ofrendas en el exterior del templo. Pod\u00edan ver al dios o a la diosa cuando se realizaban las fiestas religiosas. Los sacerdotes sacaban su estatua del templo y el pueblo pod\u00eda adorarle.<\/p>\n<p style=\"text-align: justify;\">Los festivales religiosos eran d\u00edas sagrados. Por ejemplo, el festival del dios Am\u00f3n duraba un mes y se celebraba durante la \u00e9poca de la inundaci\u00f3n.<\/p>\n<p><strong><em>* Ilustraciones de Pierre Probst extraidas del libro &#8220;Au temps des Anciens \u00c9gyptiens&#8230;&#8221; de la colecci\u00f3n &#8220;La vie priv\u00e9e des Hommes&#8221; de la editorial Hachette.<\/em><\/strong><\/p>\n","protected":false},"excerpt":{"rendered":"<p>La religi\u00f3n y los dioses de Egipto Cristina Carracedo &#8211; Mayo de 2000 El templo es la &#8220;casa&#8221; del dios. Eran enormes construcciones de piedra muy bien decoradas. S\u00f3lo el rey y los sacerdotes pod\u00edan acceder a su interior. Los sacerdotes ten\u00edan que estar limpios y purificados. Se afeitaban la cabeza y el cuerpo y se lavaban cuatro veces al&#8230;<\/p>\n<p class=\"continue-reading-button\"> <a class=\"continue-reading-link\" href=\"http:\/\/amigosdelantiguoegipto.com\/?page_id=8780\">Seguir leyendo<i class=\"crycon-right-dir\"><\/i><\/a><\/p>\n","protected":false},"author":1,"featured_media":0,"parent":0,"menu_order":14,"comment_status":"closed","ping_status":"closed","template":"","meta":{"ngg_post_thumbnail":0},"_links":{"self":[{"href":"http:\/\/amigosdelantiguoegipto.com\/index.php?rest_route=\/wp\/v2\/pages\/8780"}],"collection":[{"href":"http:\/\/amigosdelantiguoegipto.com\/index.php?rest_route=\/wp\/v2\/pages"}],"about":[{"href":"http:\/\/amigosdelantiguoegipto.com\/index.php?rest_route=\/wp\/v2\/types\/page"}],"author":[{"embeddable":true,"href":"http:\/\/amigosdelantiguoegipto.com\/index.php?rest_route=\/wp\/v2\/users\/1"}],"replies":[{"embeddable":true,"href":"http:\/\/amigosdelantiguoegipto.com\/index.php?rest_route=%2Fwp%2Fv2%2Fcomments&post=8780"}],"version-history":[{"count":0,"href":"http:\/\/amigosdelantiguoegipto.com\/index.php?rest_route=\/wp\/v2\/pages\/8780\/revisions"}],"wp:attachment":[{"href":"http:\/\/amigosdelantiguoegipto.com\/index.php?rest_route=%2Fwp%2Fv2%2Fmedia&parent=8780"}],"curies":[{"name":"wp","href":"https:\/\/api.w.org\/{rel}","templated":true}]}}