{"id":8779,"date":"2000-07-26T01:00:00","date_gmt":"2000-07-26T01:00:00","guid":{"rendered":"http:\/\/amigosdelantiguoegipto.com\/la-religion\/"},"modified":"2014-07-02T18:54:45","modified_gmt":"2014-07-02T18:54:45","slug":"la-religion","status":"publish","type":"page","link":"http:\/\/amigosdelantiguoegipto.com\/?page_id=8779","title":{"rendered":"La Religi\u00f3n"},"content":{"rendered":"<p style=\"text-align: justify;\"><a href=\"http:\/\/amigosdelantiguoegipto.com\/?p=8760\">La religi\u00f3n y los dioses de Egipto<\/a><\/p>\n<p style=\"text-align: right;\">Cristina Carracedo &#8211; julio de 2000<\/p>\n<p style=\"text-align: justify;\">Los egipcios adoraban a un gran n\u00famero de dioses, siendo unos m\u00e1s importantes que otros. Cada regi\u00f3n, ciudad o pueblo estaban bajo la protecci\u00f3n de un dios particular. Pero algunos eran adorados en todo Egipto, como Ra, el dios del sol; Osiris, el dios de los muertos; Hathor, la diosa del amor y de la m\u00fasica; o Maat, diosa de la justicia.<\/p>\n<table border=\"0\" width=\"90%\" align=\"center\">\n<tbody>\n<tr align=\"center\">\n<td>\n<div class=\"mosimage\" align=\"center\"><img decoding=\"async\" loading=\"lazy\" class=\" size-full wp-image-51\" title=\"Osiris\" src=\" http:\/\/amigosdelantiguoegipto.com\/wp-content\/uploads\/varios\/religion\/2000\/07\/osiris.gif\" alt=\"Osiris\" width=\"112\" height=\"258\" border=\"0\" hspace=\"6\" \/><\/p>\n<div class=\"mosimage_caption\" style=\"text-align: center;\" align=\"center\">Osiris<\/div>\n<\/div>\n<\/td>\n<td>\n<div class=\"mosimage\" align=\"center\"><img decoding=\"async\" loading=\"lazy\" class=\" size-full wp-image-52\" title=\"Hator\" src=\" http:\/\/amigosdelantiguoegipto.com\/wp-content\/uploads\/varios\/religion\/2000\/07\/hathor.gif\" alt=\"Hator\" width=\"106\" height=\"258\" border=\"0\" hspace=\"6\" \/><\/p>\n<div class=\"mosimage_caption\" style=\"text-align: center;\" align=\"center\">Hathor<\/div>\n<\/div>\n<\/td>\n<td valign=\"bottom\">\n<div class=\"mosimage\" align=\"center\"><img decoding=\"async\" loading=\"lazy\" class=\" size-full wp-image-53\" title=\"Maat\" src=\" http:\/\/amigosdelantiguoegipto.com\/wp-content\/uploads\/varios\/religion\/2000\/07\/maat.gif\" alt=\"Maat\" width=\"94\" height=\"172\" border=\"0\" hspace=\"6\" \/><\/p>\n<div class=\"mosimage_caption\" style=\"text-align: center;\" align=\"center\">Maat<\/div>\n<\/div>\n<\/td>\n<\/tr>\n<\/tbody>\n<\/table>\n<p style=\"text-align: justify;\">Muchos dioses se representaban con forma de animal: como el toro Apis o la serpiente Apofis. Otros con elementos naturales: Ra es el sol, Geb es la tierra, Nut es el cielo. Pero la mayor\u00eda parecen seres humanos con cabeza de animal o cabeza coronada con un s\u00edmbolo.<\/p>\n<div class=\"mosimage\" align=\"center\"><img decoding=\"async\" loading=\"lazy\" class=\" size-full wp-image-54\" title=\"Ra, dios del sol\" src=\" http:\/\/amigosdelantiguoegipto.com\/wp-content\/uploads\/varios\/religion\/2000\/07\/sittingra.gif\" alt=\"Ra, dios del sol\" width=\"192\" height=\"258\" border=\"0\" hspace=\"6\" \/><\/p>\n<div class=\"mosimage_caption\" style=\"text-align: center;\" align=\"center\">Ra, dios del sol<\/div>\n<\/div>\n<p style=\"text-align: justify;\">Los dioses eran la causa de la creaci\u00f3n y la organizaci\u00f3n del mundo. Responsables del d\u00eda y de la noche, de la crecida del Nilo o de la protecci\u00f3n de los hombres en la vida cotidiana.<\/p>\n<p style=\"text-align: justify;\">El templo era la casa de los dioses. Tras un gran vest\u00edbulo estaba el santuario, que conten\u00eda la capilla del dios. En los d\u00edas festivos, la gente acud\u00eda a los templos, aunque no pod\u00edan pasar m\u00e1s all\u00e1 del primer patio. El interior de los templos era zona sagrada donde s\u00f3lo pod\u00edan entrar los sacerdotes. Pero durante los festivales religiosos, los sacerdotes sacaban al exterior la estatua del dios o de la diosa, para que el pueblo pudiera rezarle o hacerle peticiones.<\/p>\n<p>De todas formas, la mayor\u00eda de las personas ten\u00eda una capilla en su jard\u00edn o un altar dentro de la casa, para poder adorar cada d\u00eda a sus dioses.<\/p>\n","protected":false},"excerpt":{"rendered":"<p>La religi\u00f3n y los dioses de Egipto Cristina Carracedo &#8211; julio de 2000 Los egipcios adoraban a un gran n\u00famero de dioses, siendo unos m\u00e1s importantes que otros. Cada regi\u00f3n, ciudad o pueblo estaban bajo la protecci\u00f3n de un dios particular. Pero algunos eran adorados en todo Egipto, como Ra, el dios del sol; Osiris, el dios de los muertos;&#8230;<\/p>\n<p class=\"continue-reading-button\"> <a class=\"continue-reading-link\" href=\"http:\/\/amigosdelantiguoegipto.com\/?page_id=8779\">Seguir leyendo<i class=\"crycon-right-dir\"><\/i><\/a><\/p>\n","protected":false},"author":1,"featured_media":0,"parent":0,"menu_order":13,"comment_status":"closed","ping_status":"closed","template":"","meta":{"ngg_post_thumbnail":0},"_links":{"self":[{"href":"http:\/\/amigosdelantiguoegipto.com\/index.php?rest_route=\/wp\/v2\/pages\/8779"}],"collection":[{"href":"http:\/\/amigosdelantiguoegipto.com\/index.php?rest_route=\/wp\/v2\/pages"}],"about":[{"href":"http:\/\/amigosdelantiguoegipto.com\/index.php?rest_route=\/wp\/v2\/types\/page"}],"author":[{"embeddable":true,"href":"http:\/\/amigosdelantiguoegipto.com\/index.php?rest_route=\/wp\/v2\/users\/1"}],"replies":[{"embeddable":true,"href":"http:\/\/amigosdelantiguoegipto.com\/index.php?rest_route=%2Fwp%2Fv2%2Fcomments&post=8779"}],"version-history":[{"count":0,"href":"http:\/\/amigosdelantiguoegipto.com\/index.php?rest_route=\/wp\/v2\/pages\/8779\/revisions"}],"wp:attachment":[{"href":"http:\/\/amigosdelantiguoegipto.com\/index.php?rest_route=%2Fwp%2Fv2%2Fmedia&parent=8779"}],"curies":[{"name":"wp","href":"https:\/\/api.w.org\/{rel}","templated":true}]}}