{"id":8778,"date":"2000-09-09T01:00:00","date_gmt":"2000-09-09T01:00:00","guid":{"rendered":"http:\/\/amigosdelantiguoegipto.com\/isis\/"},"modified":"2014-06-29T21:02:48","modified_gmt":"2014-06-29T21:02:48","slug":"isis","status":"publish","type":"page","link":"http:\/\/amigosdelantiguoegipto.com\/?page_id=8778","title":{"rendered":"Isis"},"content":{"rendered":"<p style=\"text-align: justify;\"><a href=\"http:\/\/amigosdelantiguoegipto.com\/?p=8760\">La religi\u00f3n y los dioses de Egipto<\/a><\/p>\n<p style=\"text-align: right;\">Cristina Carracedo &#8211; septiembre de 2000<\/p>\n<p>Isis es una de las diosas m\u00e1s importantes del pante\u00f3n egipcio, perteneciente a la en\u00e9ada heliopolitana.<\/p>\n<p class=\"img\"><img decoding=\"async\" loading=\"lazy\" class=\" size-full wp-image-1\" title=\"Isis\" src=\" http:\/\/amigosdelantiguoegipto.com\/wp-content\/uploads\/varios\/religion\/isis\/01.gif\" alt=\"Isis\" width=\"63\" height=\"65\" align=\"middle\" border=\"0\" hspace=\"6\" \/><\/p>\n<p>Su nombre egipcio es <em><strong>Ast<\/strong><\/em>. Simbolizada con el trono; guardiana y diosa de la magia; la esposa y la gran madre, protectora de la maternidad, de los ni\u00f1os y de la familia.<\/p>\n<p class=\"img\"><img decoding=\"async\" loading=\"lazy\" class=\" size-full wp-image-2 aligncenter\" title=\"Isis\" src=\" http:\/\/amigosdelantiguoegipto.com\/wp-content\/uploads\/varios\/religion\/isis\/02.gif\" alt=\"Isis\" width=\"64\" height=\"172\" align=\"middle\" border=\"0\" hspace=\"6\" \/><\/p>\n<p style=\"text-align: justify;\">Aparece representada como una mujer, que a partir del Imperio Nuevo lleva el s\u00edmbolo de su nombre en la cabeza (el trono). Tambi\u00e9n podemos encontrarla llevando dos cuernos liriformes y disco solar entre ellos. Igualmente puede verse como una mujer provista de alas.<\/p>\n<p style=\"text-align: justify;\">En su inicio pudo ser una diosa-madre que se convirti\u00f3 m\u00e1s tarde en una deidad del cielo, conservando su aspecto de fertilidad y maternidad. Finalmente se asoci\u00f3 con el trono de Egipto y por lo tanto con <strong>Osiris<\/strong>, su hermano y esposo.<br \/>\nSu morada en los cielos era la estrella Sothis (Sirio) de la constelaci\u00f3n de Ori\u00f3n que se asocia a Osiris. As\u00ed podemos conocerla como Isis-Sothis<\/p>\n<p style=\"text-align: justify;\">Isis es hija de Gueb y de Nut, hermana de Seth, Neftis y Osiris. Siendo adem\u00e1s esposa de Osiris, es <strong>madre de Horus<\/strong>. As\u00ed, en la isla de Filas form\u00f3 tr\u00edada con Osiris y <a href=\"index.php?option=com_content&amp;view=article&amp;id=222:harpocrates&amp;catid=49:la-religion-y-los-dioses-de-egipto&amp;Itemid=72\"><strong>Harp\u00f3crates<\/strong><\/a> (Horus ni\u00f1o). En Dendur forma tr\u00edada con Arensnufis y Harp\u00f3crates y en Debod comparte culto con Am\u00f3n de Debod.<\/p>\n<p class=\"img\"><img decoding=\"async\" loading=\"lazy\" class=\"  wp-image-3 aligncenter\" title=\"Isis\" src=\" http:\/\/amigosdelantiguoegipto.com\/wp-content\/uploads\/varios\/religion\/isis\/03.gif\" alt=\"Isis\" width=\"274\" height=\"126\" align=\"middle\" border=\"0\" hspace=\"6\" \/><\/p>\n<p style=\"text-align: justify;\">Conocemos varias leyendas en torno a la figura de la diosa Isis. La m\u00e1s conocida posiblemente es la que recogi\u00f3 Plutarco en su libro &#8220;<strong>De Iside et Osiride<\/strong>&#8220;, donde se cuenta c\u00f3mo Isis recompone los catorce trozos del cuerpo de Osiris que su malvado hermano Seth esparci\u00f3 en el Nilo, devolvi\u00e9ndole la vida con la ayuda del dios Anubis y Neftis.<\/p>\n<p style=\"text-align: justify;\">Otra leyenda conocida es la de &#8220;Isis y los siete escorpiones&#8221;, que le serv\u00edan de defensa protegiendo al joven Horus (Harsiase). Se sabe que Isis era invocada en el tratamiento de picaduras venenosas de serpientes y escorpiones, por eso fue considerada una diosa protectora de los ni\u00f1os.<\/p>\n<p style=\"text-align: justify;\">Aunque hay otras historias en las que se muestra a Isis con una car\u00e1cter algo m\u00e1s cruel. As\u00ed conocemos a trav\u00e9s de algunos papiros de la Dinast\u00eda XIX la leyenda de &#8220;<a href=\"index.php?option=com_content&amp;view=article&amp;id=238:el-nombre-secreto-de-ra&amp;catid=50:cuentos-y-leyendas-egipcios&amp;Itemid=72\"><strong>El nombre secreto de Ra<\/strong><\/a>&#8220;, donde Isis mediante una serie de enredos consigue enga\u00f1ar al dios Ra empleando f\u00f3rmulas m\u00e1gicas para curarle y conocer dicho nombre.<\/p>\n<p style=\"text-align: justify;\">En cuanto a los lugares de culto destinados a consagrar a la diosa Isis, sabemos que era originaria del Delta (Buto). En \u00c9poca fara\u00f3nica fue venerada en muchos lugares de forma secundaria, y fue Nectanebo quien comenz\u00f3 a construir santuarios dedicados a la diosa Isis. El <strong>templo de Filas<\/strong> fue el m\u00e1s importante.<\/p>\n<p class=\"img\"><img decoding=\"async\" loading=\"lazy\" class=\" size-full wp-image-5 aligncenter\" title=\"Templo de Filas \" src=\" http:\/\/amigosdelantiguoegipto.com\/wp-content\/uploads\/varios\/religion\/isis\/04.jpg\" alt=\"Templo de Filas \" width=\"333\" height=\"235\" align=\"middle\" border=\"0\" hspace=\"6\" \/><\/p>\n<p style=\"text-align: justify;\">En \u00e9poca grecorromana, se le consagr\u00f3 un quiosco en el templo de Hathor en Dendera, donde una vez al a\u00f1o la imagen de Isis era expuesta a los rayos del sol para su regeneraci\u00f3n.<br \/>\nEn la dinast\u00eda XXI fue adorada en Guiza donde pose\u00eda un templo bajo la f\u00f3rmula de &#8220;Isis Se\u00f1ora de las Pir\u00e1mides&#8221;, permaneciendo su culto hasta el Per\u00edodo Ptolemaico.<\/p>\n<p style=\"text-align: justify;\">Los centros religiosos m\u00e1s importantes se encontraron en Abidos, Behbeit el-Haggar, Sebennitos, Coptos, Dendera, Tafa, Ajuala, Dendur, Dakka, Debod, Filas, Abu Simbel, Buen, en la alta Nubia, y en el oasis de Jarga.<\/p>\n<p style=\"text-align: justify;\">Su culto se extendi\u00f3 por todo el Mediterr\u00e1neo resistiendo el auge del Cristianismo hasta el siglo VI d.C. Fue la \u00fanica deidad que se mantuvo durante el Imperio Romano, hasta que su culto fue prohibido en el a\u00f1o 535, en \u00e9poca de Justiniano.<br \/>\nLos primeros cristianos la asimilaron a la Virgen Mar\u00eda, inspirando sus im\u00e1genes en la funci\u00f3n maternal y proteccionista de la diosa Isis hacia Horus ni\u00f1o.<\/p>\n","protected":false},"excerpt":{"rendered":"<p>La religi\u00f3n y los dioses de Egipto Cristina Carracedo &#8211; septiembre de 2000 Isis es una de las diosas m\u00e1s importantes del pante\u00f3n egipcio, perteneciente a la en\u00e9ada heliopolitana. Su nombre egipcio es Ast. Simbolizada con el trono; guardiana y diosa de la magia; la esposa y la gran madre, protectora de la maternidad, de los ni\u00f1os y de la&#8230;<\/p>\n<p class=\"continue-reading-button\"> <a class=\"continue-reading-link\" href=\"http:\/\/amigosdelantiguoegipto.com\/?page_id=8778\">Seguir leyendo<i class=\"crycon-right-dir\"><\/i><\/a><\/p>\n","protected":false},"author":1,"featured_media":0,"parent":0,"menu_order":12,"comment_status":"closed","ping_status":"closed","template":"","meta":{"ngg_post_thumbnail":0},"_links":{"self":[{"href":"http:\/\/amigosdelantiguoegipto.com\/index.php?rest_route=\/wp\/v2\/pages\/8778"}],"collection":[{"href":"http:\/\/amigosdelantiguoegipto.com\/index.php?rest_route=\/wp\/v2\/pages"}],"about":[{"href":"http:\/\/amigosdelantiguoegipto.com\/index.php?rest_route=\/wp\/v2\/types\/page"}],"author":[{"embeddable":true,"href":"http:\/\/amigosdelantiguoegipto.com\/index.php?rest_route=\/wp\/v2\/users\/1"}],"replies":[{"embeddable":true,"href":"http:\/\/amigosdelantiguoegipto.com\/index.php?rest_route=%2Fwp%2Fv2%2Fcomments&post=8778"}],"version-history":[{"count":0,"href":"http:\/\/amigosdelantiguoegipto.com\/index.php?rest_route=\/wp\/v2\/pages\/8778\/revisions"}],"wp:attachment":[{"href":"http:\/\/amigosdelantiguoegipto.com\/index.php?rest_route=%2Fwp%2Fv2%2Fmedia&parent=8778"}],"curies":[{"name":"wp","href":"https:\/\/api.w.org\/{rel}","templated":true}]}}