{"id":8776,"date":"2001-01-27T01:00:00","date_gmt":"2001-01-27T01:00:00","guid":{"rendered":"http:\/\/amigosdelantiguoegipto.com\/hathor\/"},"modified":"2014-06-29T20:53:35","modified_gmt":"2014-06-29T20:53:35","slug":"hathor","status":"publish","type":"page","link":"http:\/\/amigosdelantiguoegipto.com\/?page_id=8776","title":{"rendered":"Hathor"},"content":{"rendered":"<p style=\"text-align: justify;\"><a href=\"http:\/\/amigosdelantiguoegipto.com\/?p=8760\">La religi\u00f3n y los dioses de Egipto<\/a><\/p>\n<p style=\"text-align: right;\">Cristina Carracedo &#8211; Enero de 2001<\/p>\n<p style=\"text-align: justify;\">Hathor, hija del dios del Sol, Ra, fue una divinidad muy popular entre el pueblo egipcio. El nombre de esta diosa significa <strong>\u201cLa Casa de Horus\u201d<\/strong>, por ser la madre y esposa de este dios.<\/p>\n<p style=\"text-align: justify;\"><img decoding=\"async\" loading=\"lazy\" class=\" size-full wp-image-32\" title=\"Hathor\" src=\" http:\/\/amigosdelantiguoegipto.com\/wp-content\/uploads\/varios\/religion\/2001\/06\/jero01.gif\" alt=\"Hathor\" width=\"115\" height=\"55\" align=\"middle\" border=\"0\" hspace=\"6\" \/>\u00a0\u00a0\u00a0\u00a0\u00a0\u00a0\u00a0\u00a0\u00a0\u00a0\u00a0\u00a0\u00a0 <img decoding=\"async\" loading=\"lazy\" class=\"  wp-image-33\" title=\"Hathor\" src=\" http:\/\/amigosdelantiguoegipto.com\/wp-content\/uploads\/varios\/religion\/2001\/06\/jero02.gif\" alt=\"Hathor\" width=\"134\" height=\"56\" align=\"middle\" border=\"0\" hspace=\"6\" \/><\/p>\n<p style=\"text-align: justify;\">Su nombre en jerogl\u00edfico se representa como un halc\u00f3n dentro de un cuadrado representando la casa.<\/p>\n<table border=\"0\" width=\"60%\" cellspacing=\"0\" cellpadding=\"0\" align=\"center\">\n<tbody>\n<tr>\n<td width=\"50%\"><img decoding=\"async\" loading=\"lazy\" class=\" size-full wp-image-41 aligncenter\" title=\"Hathor\" src=\" http:\/\/amigosdelantiguoegipto.com\/wp-content\/uploads\/varios\/religion\/2001\/01\/hathorwoman.gif\" alt=\"Hathor\" width=\"95\" height=\"242\" align=\"middle\" border=\"0\" hspace=\"6\" \/><\/td>\n<td align=\"right\" width=\"50%\"><img decoding=\"async\" loading=\"lazy\" class=\" size-full wp-image-42 aligncenter\" title=\"Hathor\" src=\" http:\/\/amigosdelantiguoegipto.com\/wp-content\/uploads\/varios\/religion\/2001\/01\/hathorcow.gif\" alt=\"Hathor\" width=\"100\" height=\"242\" align=\"middle\" border=\"0\" hspace=\"6\" \/><\/td>\n<\/tr>\n<\/tbody>\n<\/table>\n<p style=\"text-align: justify;\">Hathor es la diosa del cielo, el amor, la alegr\u00eda, la m\u00fasica y la danza. Diosa protectora de la maternidad y de los ni\u00f1os.<\/p>\n<p style=\"text-align: justify;\">Esta diosa se ve representada principalmente como una mujer con orejas o cabeza de vaca, cuernos liriformes y disco solar. Tambi\u00e9n puede representarse con cabeza y cuerpo de vaca. Aunque puede manifestarse con otras apariencias.<\/p>\n<p style=\"text-align: justify;\">En algunas ocasiones se identifica con otras diosas como Sejmet y Tefnut bajo el aspecto de leona, y con Bastet e Isis, con las que casi se confunde, con las que comparte funciones y leyendas.<\/p>\n<p style=\"text-align: justify;\">Los textos religiosos nos muestran el lado apacible de Hathor personificado en la diosa gata Bastet. Pero cuando se enfadaba se convert\u00eda en una leona (Sejmet o Tefnut) pudiendo llegar a ser muy destructiva.<\/p>\n<p style=\"text-align: justify;\">Tambi\u00e9n puede identificarse con muchas otras diosas.<\/p>\n<div class=\"mosimage\" style=\"text-align: justify;\" align=\"center\">\n<div id=\"attachment_43\" style=\"width: 374px\" class=\"wp-caption aligncenter\"><img aria-describedby=\"caption-attachment-43\" decoding=\"async\" loading=\"lazy\" class=\"wp-image-43 size-full\" title=\"Hathor portando el collar menat\" src=\" http:\/\/amigosdelantiguoegipto.com\/wp-content\/uploads\/varios\/religion\/2001\/01\/menat.jpg\" alt=\"Hathor portando el collar menat\" width=\"364\" height=\"321\" border=\"0\" hspace=\"6\" \/><p id=\"caption-attachment-43\" class=\"wp-caption-text\">Hathor portando el collar menat<\/p><\/div>\n<\/div>\n<p style=\"text-align: justify;\">Sus objetos sagrados son dos instrumentos de percusi\u00f3n que sol\u00edan usarse juntos y simbolizan la vida:<\/p>\n<p style=\"text-align: justify;\">&#8211; el <em>menat<\/em>, un collar de cuentas de varias vueltas dotado de contrapeso que serv\u00eda de mango;<br \/>\n&#8211; y el sistro, de agradable sonido para los dioses, cuyo mango sol\u00eda tener la imagen de la diosa; sonaba agit\u00e1ndolo de modo parecido a las actuales maracas.<\/p>\n<p style=\"text-align: justify;\">Por eso, era diosa de la m\u00fasica y de la danza. Y los sacerdotes y sacerdotisas, dirigidos por un superior, deb\u00edan estar entrenados para tocar r\u00edtmicamente y en el momento adecuado. Estos instrumentos s\u00f3lo se empleaban en fiestas sagradas, es decir, eran solamente de uso ritual.<\/p>\n<div class=\"mosimage\" style=\"text-align: justify;\" align=\"center\">\n<div id=\"attachment_44\" style=\"width: 103px\" class=\"wp-caption aligncenter\"><img aria-describedby=\"caption-attachment-44\" decoding=\"async\" loading=\"lazy\" class=\"wp-image-44 size-full\" title=\"Sistro\" src=\" http:\/\/amigosdelantiguoegipto.com\/wp-content\/uploads\/varios\/religion\/2001\/01\/sistro.jpg\" alt=\"Sistro\" width=\"93\" height=\"250\" border=\"0\" hspace=\"6\" \/><p id=\"caption-attachment-44\" class=\"wp-caption-text\">Sistro<\/p><\/div>\n<\/div>\n<div class=\"mosimage\" style=\"text-align: justify;\" align=\"center\">\n<div id=\"attachment_45\" style=\"width: 338px\" class=\"wp-caption aligncenter\"><img aria-describedby=\"caption-attachment-45\" decoding=\"async\" loading=\"lazy\" class=\"wp-image-45 size-full\" title=\"Desde el Imperio Antiguo su \u00e1rbol sagrado es el sicomoro, una higuera muy apreciada por los egipcios, cuya madera era de gran valor\" src=\" http:\/\/amigosdelantiguoegipto.com\/wp-content\/uploads\/varios\/religion\/2001\/01\/sicomoro.JPG\" alt=\"Desde el Imperio Antiguo su \u00e1rbol sagrado es el sicomoro, una higuera muy apreciada por los egipcios, cuya madera era de gran valor\" width=\"328\" height=\"286\" border=\"0\" hspace=\"6\" \/><p id=\"caption-attachment-45\" class=\"wp-caption-text\">Desde el Imperio Antiguo su \u00e1rbol sagrado es el sicomoro, una higuera muy apreciada por los egipcios, cuya madera era de gran valor<\/p><\/div>\n<\/div>\n<p style=\"text-align: justify;\">Hathor, \u201cSe\u00f1ora del Occidente\u201d, proteg\u00eda la necr\u00f3polis de Tebas durante el Imperio Nuevo. En muchas pinturas y relieves de las tumbas tebanas, aparece este \u00e1rbol representado con el aspecto de esta diosa, ofreciendo al difunto el agua y el aire necesarios para vivir en el M\u00e1s All\u00e1.<\/p>\n<p style=\"text-align: justify;\">Fue venerada en multitud de santuarios. El m\u00e1s importante fue el de Menfis durante el Imperio Antiguo, y m\u00e1s tarde el de Dendera.<br \/>\nOtros lugares de culto donde aparece como diosa local son: Sais, Herm\u00f3polis, Esna, Tebas, Heli\u00f3polis, Fil\u00e9, Abu Simbel y Nubia, entre otros.<\/p>\n<div class=\"mosimage\" style=\"text-align: justify;\" align=\"center\">\n<div id=\"attachment_46\" style=\"width: 410px\" class=\"wp-caption aligncenter\"><img aria-describedby=\"caption-attachment-46\" decoding=\"async\" loading=\"lazy\" class=\"wp-image-46 size-full\" title=\"Templo de Hathor en Dendera\" src=\" http:\/\/amigosdelantiguoegipto.com\/wp-content\/uploads\/varios\/religion\/2001\/01\/dendera.jpg\" alt=\"Templo de Hathor en Dendera\" width=\"400\" height=\"258\" border=\"0\" hspace=\"6\" \/><p id=\"caption-attachment-46\" class=\"wp-caption-text\">Templo de Hathor en Dendera<\/p><\/div>\n<\/div>\n<div class=\"mosimage\" style=\"float: center;\" align=\"center\">\n<div id=\"attachment_47\" style=\"width: 410px\" class=\"wp-caption aligncenter\"><img aria-describedby=\"caption-attachment-47\" decoding=\"async\" loading=\"lazy\" class=\"wp-image-47 size-full\" title=\"Templo de dicado a la reina Nefertari y a la diosa Hathor en Abu Simbel\" src=\" http:\/\/amigosdelantiguoegipto.com\/wp-content\/uploads\/varios\/religion\/2001\/01\/abusimbel.jpg\" alt=\"Templo de dicado a la reina Nefertari y a la diosa Hathor en Abu Simbel\" width=\"400\" height=\"228\" border=\"0\" hspace=\"6\" \/><p id=\"caption-attachment-47\" class=\"wp-caption-text\">Templo de dicado a la reina Nefertari y a la diosa Hathor en Abu Simbel<\/p><\/div>\n<\/div>\n","protected":false},"excerpt":{"rendered":"<p>La religi\u00f3n y los dioses de Egipto Cristina Carracedo &#8211; Enero de 2001 Hathor, hija del dios del Sol, Ra, fue una divinidad muy popular entre el pueblo egipcio. El nombre de esta diosa significa \u201cLa Casa de Horus\u201d, por ser la madre y esposa de este dios. \u00a0\u00a0\u00a0\u00a0\u00a0\u00a0\u00a0\u00a0\u00a0\u00a0\u00a0\u00a0\u00a0 Su nombre en jerogl\u00edfico se representa como un halc\u00f3n dentro de&#8230;<\/p>\n<p class=\"continue-reading-button\"> <a class=\"continue-reading-link\" href=\"http:\/\/amigosdelantiguoegipto.com\/?page_id=8776\">Seguir leyendo<i class=\"crycon-right-dir\"><\/i><\/a><\/p>\n","protected":false},"author":1,"featured_media":0,"parent":0,"menu_order":10,"comment_status":"closed","ping_status":"closed","template":"","meta":{"ngg_post_thumbnail":0},"_links":{"self":[{"href":"http:\/\/amigosdelantiguoegipto.com\/index.php?rest_route=\/wp\/v2\/pages\/8776"}],"collection":[{"href":"http:\/\/amigosdelantiguoegipto.com\/index.php?rest_route=\/wp\/v2\/pages"}],"about":[{"href":"http:\/\/amigosdelantiguoegipto.com\/index.php?rest_route=\/wp\/v2\/types\/page"}],"author":[{"embeddable":true,"href":"http:\/\/amigosdelantiguoegipto.com\/index.php?rest_route=\/wp\/v2\/users\/1"}],"replies":[{"embeddable":true,"href":"http:\/\/amigosdelantiguoegipto.com\/index.php?rest_route=%2Fwp%2Fv2%2Fcomments&post=8776"}],"version-history":[{"count":0,"href":"http:\/\/amigosdelantiguoegipto.com\/index.php?rest_route=\/wp\/v2\/pages\/8776\/revisions"}],"wp:attachment":[{"href":"http:\/\/amigosdelantiguoegipto.com\/index.php?rest_route=%2Fwp%2Fv2%2Fmedia&parent=8776"}],"curies":[{"name":"wp","href":"https:\/\/api.w.org\/{rel}","templated":true}]}}