{"id":8773,"date":"2001-06-11T01:00:00","date_gmt":"2001-06-11T01:00:00","guid":{"rendered":"http:\/\/amigosdelantiguoegipto.com\/maat\/"},"modified":"2014-06-29T20:35:05","modified_gmt":"2014-06-29T20:35:05","slug":"maat","status":"publish","type":"page","link":"http:\/\/amigosdelantiguoegipto.com\/?page_id=8773","title":{"rendered":"Maat"},"content":{"rendered":"<p style=\"text-align: justify;\"><a href=\"http:\/\/amigosdelantiguoegipto.com\/?p=8760\">La religi\u00f3n y los dioses de Egipto<\/a><\/p>\n<p style=\"text-align: right;\">Cristina Carracedo &#8211; Junio de 2001<\/p>\n<p style=\"text-align: justify;\">Es un poco dif\u00edcil de entender el significado que el t\u00e9rmino Maat ten\u00eda, pues adem\u00e1s de ser una deidad es un concepto muy importante para el pensamiento de los antiguos egipcios.<\/p>\n<p><img decoding=\"async\" loading=\"lazy\" class=\" size-full wp-image-32\" title=\"Maat, diosa de la justicia\" src=\" http:\/\/amigosdelantiguoegipto.com\/wp-content\/uploads\/varios\/religion\/2001\/06\/jero01.gif\" alt=\"Maat, diosa de la justicia\" width=\"98\" height=\"44\" align=\"middle\" border=\"0\" hspace=\"6\" \/>\u00a0\u00a0\u00a0\u00a0\u00a0\u00a0\u00a0\u00a0\u00a0\u00a0 <img decoding=\"async\" loading=\"lazy\" class=\" size-full wp-image-33\" title=\"Maat, diosa de la justicia\" src=\" http:\/\/amigosdelantiguoegipto.com\/wp-content\/uploads\/varios\/religion\/2001\/06\/jero02.gif\" alt=\"Maat, diosa de la justicia\" width=\"105\" height=\"44\" align=\"middle\" border=\"0\" hspace=\"6\" \/><\/p>\n<p style=\"text-align: justify;\">Bajo la forma de una diosa femenina simboliza el orden c\u00f3smico, la justicia, la verdad y la estabilidad en el mundo y en el cosmos.<\/p>\n<p class=\"img\"><img decoding=\"async\" loading=\"lazy\" class=\" size-full wp-image-1 aligncenter\" title=\"Maat, diosa de la justicia\" src=\" http:\/\/amigosdelantiguoegipto.com\/wp-content\/uploads\/varios\/religion\/maat\/01.gif\" alt=\"Maat, diosa de la justicia\" width=\"94\" height=\"172\" align=\"middle\" border=\"0\" hspace=\"6\" \/><\/p>\n<p>Su representaci\u00f3n muestra a una mujer de pie o sentada sobre sus talones con una gran pluma de avestruz sobre la cabeza y portando en una mano el cetro y en la otra el anj. Y a partir del reinado de Ajenat\u00f3n, aparece como una mujer alada.<\/p>\n<p class=\"img\"><img decoding=\"async\" loading=\"lazy\" class=\" size-full wp-image-2 aligncenter\" title=\"Maat, diosa de la justicia\" src=\" http:\/\/amigosdelantiguoegipto.com\/wp-content\/uploads\/varios\/religion\/maat\/02.jpg\" alt=\"Maat, diosa de la justicia\" width=\"400\" height=\"127\" align=\"middle\" border=\"0\" hspace=\"6\" \/><\/p>\n<p class=\"img\"><img decoding=\"async\" loading=\"lazy\" class=\" size-full wp-image-3 aligncenter\" title=\"Maat, diosa de la justicia\" src=\" http:\/\/amigosdelantiguoegipto.com\/wp-content\/uploads\/varios\/religion\/maat\/03.jpg\" alt=\"Maat, diosa de la justicia\" width=\"200\" height=\"300\" align=\"middle\" border=\"0\" hspace=\"6\" \/><\/p>\n<p style=\"text-align: justify;\">Es hija de Atum, y a partir de la XVIII dinast\u00eda es hija de Ra. Est\u00e1 relacionada con Uneg (que personifica el orden c\u00f3smico) y Nehemetauy (relacionada con la justicia) con los que comparte funciones.<\/p>\n<p style=\"text-align: justify;\">Para los egipcios el concepto de dualidad era muy importante en su religi\u00f3n. Esta diosa aparece mencionada como \u201cLas Dos Maat\u201d, la misma diosa para el Alto y el Bajo Egipto.<br \/>\nFue patrona de los jueces, los cuales llevaban a menudo su imagen colgada del cuello a modo de protecci\u00f3n. En esta funci\u00f3n est\u00e1 asistida por el dios Thot para mantener el orden.<\/p>\n<p class=\"img\"><img decoding=\"async\" loading=\"lazy\" class=\" size-full wp-image-5 aligncenter\" title=\"Maat, diosa de la justicia\" src=\" http:\/\/amigosdelantiguoegipto.com\/wp-content\/uploads\/varios\/religion\/maat\/04.jpg\" alt=\"Maat, diosa de la justicia\" width=\"165\" height=\"299\" align=\"middle\" border=\"0\" hspace=\"6\" \/><\/p>\n<div class=\"mosimage\" style=\"float: center;\" align=\"center\">\n<div id=\"attachment_6\" style=\"width: 422px\" class=\"wp-caption alignnone\"><img aria-describedby=\"caption-attachment-6\" decoding=\"async\" loading=\"lazy\" class=\"wp-image-6 \" title=\"Maat se encuentra en la Sala de las Dos Verdades o Sala de la Pesada del Alma, siendo el contrapeso de la balanza donde se pesa el coraz\u00f3n del difunto para determinar si ha sido justo en la tierra y merecedor de una vida en el M\u00e1s All\u00e1\" src=\" http:\/\/amigosdelantiguoegipto.com\/wp-content\/uploads\/varios\/religion\/maat\/05.jpg\" alt=\"Maat se encuentra en la Sala de las Dos Verdades o Sala de la Pesada del Alma, siendo el contrapeso de la balanza donde se pesa el coraz\u00f3n del difunto para determinar si ha sido justo en la tierra y merecedor de una vida en el M\u00e1s All\u00e1\" width=\"412\" height=\"349\" border=\"0\" hspace=\"6\" \/><p id=\"caption-attachment-6\" class=\"wp-caption-text\">Maat se encuentra en la Sala de las Dos Verdades o Sala de la Pesada del Alma, siendo el contrapeso de la balanza donde se pesa el coraz\u00f3n del difunto para determinar si ha sido justo en la tierra y merecedor de una vida en el M\u00e1s All\u00e1.<\/p><\/div>\n<\/div>\n<p style=\"text-align: justify;\">Uno de los principales lugares de culto donde Maat era venerada se sit\u00faa en Karnak, donde ten\u00eda un santuario. Tambi\u00e9n fue importante el templo de Deir-el-Medina, y tuvo un templo en Menfis. Y fue adorada en numerosos centros religiosos dedicados a otros dioses.<\/p>\n","protected":false},"excerpt":{"rendered":"<p>La religi\u00f3n y los dioses de Egipto Cristina Carracedo &#8211; Junio de 2001 Es un poco dif\u00edcil de entender el significado que el t\u00e9rmino Maat ten\u00eda, pues adem\u00e1s de ser una deidad es un concepto muy importante para el pensamiento de los antiguos egipcios. \u00a0\u00a0\u00a0\u00a0\u00a0\u00a0\u00a0\u00a0\u00a0\u00a0 Bajo la forma de una diosa femenina simboliza el orden c\u00f3smico, la justicia, la verdad&#8230;<\/p>\n<p class=\"continue-reading-button\"> <a class=\"continue-reading-link\" href=\"http:\/\/amigosdelantiguoegipto.com\/?page_id=8773\">Seguir leyendo<i class=\"crycon-right-dir\"><\/i><\/a><\/p>\n","protected":false},"author":1,"featured_media":0,"parent":0,"menu_order":7,"comment_status":"closed","ping_status":"closed","template":"","meta":{"ngg_post_thumbnail":0},"_links":{"self":[{"href":"http:\/\/amigosdelantiguoegipto.com\/index.php?rest_route=\/wp\/v2\/pages\/8773"}],"collection":[{"href":"http:\/\/amigosdelantiguoegipto.com\/index.php?rest_route=\/wp\/v2\/pages"}],"about":[{"href":"http:\/\/amigosdelantiguoegipto.com\/index.php?rest_route=\/wp\/v2\/types\/page"}],"author":[{"embeddable":true,"href":"http:\/\/amigosdelantiguoegipto.com\/index.php?rest_route=\/wp\/v2\/users\/1"}],"replies":[{"embeddable":true,"href":"http:\/\/amigosdelantiguoegipto.com\/index.php?rest_route=%2Fwp%2Fv2%2Fcomments&post=8773"}],"version-history":[{"count":0,"href":"http:\/\/amigosdelantiguoegipto.com\/index.php?rest_route=\/wp\/v2\/pages\/8773\/revisions"}],"wp:attachment":[{"href":"http:\/\/amigosdelantiguoegipto.com\/index.php?rest_route=%2Fwp%2Fv2%2Fmedia&parent=8773"}],"curies":[{"name":"wp","href":"https:\/\/api.w.org\/{rel}","templated":true}]}}