{"id":8772,"date":"2002-03-10T01:00:00","date_gmt":"2002-03-10T01:00:00","guid":{"rendered":"http:\/\/amigosdelantiguoegipto.com\/sejmet\/"},"modified":"2014-07-02T18:42:13","modified_gmt":"2014-07-02T18:42:13","slug":"sejmet","status":"publish","type":"page","link":"http:\/\/amigosdelantiguoegipto.com\/?page_id=8772","title":{"rendered":"Sejmet"},"content":{"rendered":"<p style=\"text-align: justify;\"><a href=\"http:\/\/amigosdelantiguoegipto.com\/?p=8760\">La religi\u00f3n y los dioses de Egipto<\/a><\/p>\n<p style=\"text-align: right;\">Cristina Carracedo &#8211; Marzo de 2002<\/p>\n<p style=\"text-align: justify;\">Esta diosa que vamos a conocer seguramente la habr\u00e9is visto infinidad de veces. Su nombre significa <strong>\u201cLa Poderosa\u201d<\/strong>.<\/p>\n<p class=\"img\" style=\"text-align: justify;\"><img decoding=\"async\" loading=\"lazy\" class=\"aligncenter wp-image-26 size-full\" title=\"Sejmet\" src=\" http:\/\/amigosdelantiguoegipto.com\/wp-content\/uploads\/varios\/religion\/2002\/03\/sejmet.gif\" alt=\"Sejmet\" width=\"73\" height=\"44\" align=\"middle\" border=\"0\" hspace=\"6\" \/><\/p>\n<p style=\"text-align: justify;\">Normalmente aparece representada como una leona o una mujer con cabeza de leona, que lleva sobre su cabeza un disco solar con el <em>ureo<\/em> (cobra protectora). As\u00ed representa la energ\u00eda destructiva del Sol, en los que une los poderes beneficiosos de este astro a sus cualidades negativas.<\/p>\n<p class=\"img\"><img decoding=\"async\" loading=\"lazy\" class=\" size-full wp-image-27 aligncenter\" title=\"Sejmet\" src=\" http:\/\/amigosdelantiguoegipto.com\/wp-content\/uploads\/varios\/religion\/2002\/03\/sekhmet.gif\" alt=\"Sejmet\" width=\"139\" height=\"303\" align=\"middle\" border=\"0\" hspace=\"6\" \/><\/p>\n<p style=\"text-align: justify;\">Tambi\u00e9n era considerada la diosa de la guerra, pues cuando se enfadaba se convert\u00eda en una peligrosa leona, siendo una diosa muy temida.<br \/>\nSin embargo, cuando se mostraba con un aspecto m\u00e1s tranquilo, se convert\u00eda en la diosa gata <a title=\"Bastet\" href=\"http:\/\/amigosdelantiguoegipto.com\/?page_id=8774\">Bastet<\/a>.<\/p>\n<p style=\"text-align: justify;\">Pero Sejmet no fue tan terrible, pues tambi\u00e9n fue la patrona de los m\u00e9dicos. Era capaz de causar grandes enfermedades y epidemias, pero poniendo en marcha los medios necesarios para que las curaciones tuvieran resultados positivos, consegu\u00edan el apaciguamiento de Sejmet, recuper\u00e1ndose la salud de sus enfermos.<\/p>\n<p class=\"img\" style=\"text-align: justify;\"><img decoding=\"async\" loading=\"lazy\" class=\"aligncenter wp-image-28 size-full\" title=\"Sejmet\" src=\" http:\/\/amigosdelantiguoegipto.com\/wp-content\/uploads\/varios\/religion\/2002\/03\/sejmet1.jpg\" alt=\"Sejmet\" width=\"189\" height=\"397\" align=\"middle\" border=\"0\" hspace=\"6\" \/><\/p>\n<p style=\"text-align: justify;\">Sejmet era hija del dios Ra, esposa de <a href=\"index.php?option=com_content&amp;view=article&amp;id=232:ptah&amp;catid=49:la-religion-y-los-dioses-de-egipto&amp;Itemid=72\">Ptah<\/a> y madre de Nefertum (dios loto). Aparece identificada con otras diosas, como Uadyet, Tefnut, Bastet y <a href=\"index.php?option=com_content&amp;view=article&amp;id=233:mut&amp;catid=49:la-religion-y-los-dioses-de-egipto&amp;Itemid=72\">Mut<\/a>.<\/p>\n<p style=\"text-align: justify;\">Por su relaci\u00f3n con el mito solar, form\u00f3 parte de la leyenda de la Diosa Lejana, Sejmet era el ojo del dios del Sol Ra, y mostr\u00e1ndose muy enfurecida, la leona devoraba a todo aquel que se encontraba a su paso. Los dioses fueron en su busca tratando de apaciguar su ira, y as\u00ed, prepararon un brebaje de color rojo, similar a la sangre, que vertieron en el suelo de modo que la diosa se lo bebi\u00f3, de forma parecida a la inundaci\u00f3n anual del Nilo. Y de este modo recuper\u00f3 la calma volviendo junto a Ra. Unido al mito, durante la estaci\u00f3n de la inundaci\u00f3n del r\u00edo, los egipcios celebraban \u201cLa Fiesta de la Embriaguez\u201d, con el fin de mantener a Sejmet tranquila y sosegada.<\/p>\n<p style=\"text-align: justify;\">Fue una diosa tan importante que el propio fara\u00f3n Amenhotep III encarg\u00f3 que realizaran al menos 365 estatuas de Sejmet, con el fin de poder realizar una oraci\u00f3n diaria y as\u00ed tratar de mantener en calma a esta diosa tan fiera.<\/p>\n<div class=\"mosimage\" style=\"text-align: justify;\" align=\"center\">\n<div id=\"attachment_29\" style=\"width: 410px\" class=\"wp-caption aligncenter\"><img aria-describedby=\"caption-attachment-29\" decoding=\"async\" loading=\"lazy\" class=\"wp-image-29 size-full\" title=\"Diosa Sejmet, templo de Ptah en Karnak\" src=\" http:\/\/amigosdelantiguoegipto.com\/wp-content\/uploads\/varios\/religion\/2002\/03\/karnaksejmet.jpg\" alt=\"Diosa Sejmet, templo de Ptah en Karnak\" width=\"400\" height=\"257\" border=\"0\" hspace=\"6\" \/><p id=\"caption-attachment-29\" class=\"wp-caption-text\">Diosa Sejmet, templo de Ptah en Karnak<\/p><\/div>\n<\/div>\n<p style=\"text-align: justify;\">Su principal centro de culto se encuentra en la antigua Rehesu, conocida como Let\u00f3polis, aunque tambi\u00e9n fue adorada en el templo de Ptah en Menfis. Otros lugares donde fue venerada son Bubastis, Abidos o en el templo de Mut de Karnak.<\/p>\n<div class=\"mosimage\" align=\"center\">\n<div id=\"attachment_30\" style=\"width: 400px\" class=\"wp-caption aligncenter\"><img aria-describedby=\"caption-attachment-30\" decoding=\"async\" loading=\"lazy\" class=\"wp-image-30 size-full\" title=\"Diosas leonas procedentes del templo de Mut, Tebas, XVIII Dinast\u00eda. Museo Brit\u00e1nico de Londres\" src=\" http:\/\/amigosdelantiguoegipto.com\/wp-content\/uploads\/varios\/religion\/2002\/03\/bmsejmet.jpg\" alt=\"Diosas leonas procedentes del templo de Mut, Tebas, XVIII Dinast\u00eda. Museo Brit\u00e1nico de Londres\" width=\"390\" height=\"400\" border=\"0\" hspace=\"6\" \/><p id=\"caption-attachment-30\" class=\"wp-caption-text\">Diosas leonas procedentes del templo de Mut, Tebas, XVIII Dinast\u00eda. <br \/> Museo Brit\u00e1nico de Londres.<\/p><\/div>\n<\/div>\n","protected":false},"excerpt":{"rendered":"<p>La religi\u00f3n y los dioses de Egipto Cristina Carracedo &#8211; Marzo de 2002 Esta diosa que vamos a conocer seguramente la habr\u00e9is visto infinidad de veces. Su nombre significa \u201cLa Poderosa\u201d. Normalmente aparece representada como una leona o una mujer con cabeza de leona, que lleva sobre su cabeza un disco solar con el ureo (cobra protectora). As\u00ed representa la&#8230;<\/p>\n<p class=\"continue-reading-button\"> <a class=\"continue-reading-link\" href=\"http:\/\/amigosdelantiguoegipto.com\/?page_id=8772\">Seguir leyendo<i class=\"crycon-right-dir\"><\/i><\/a><\/p>\n","protected":false},"author":1,"featured_media":0,"parent":0,"menu_order":6,"comment_status":"closed","ping_status":"closed","template":"","meta":{"ngg_post_thumbnail":0},"_links":{"self":[{"href":"http:\/\/amigosdelantiguoegipto.com\/index.php?rest_route=\/wp\/v2\/pages\/8772"}],"collection":[{"href":"http:\/\/amigosdelantiguoegipto.com\/index.php?rest_route=\/wp\/v2\/pages"}],"about":[{"href":"http:\/\/amigosdelantiguoegipto.com\/index.php?rest_route=\/wp\/v2\/types\/page"}],"author":[{"embeddable":true,"href":"http:\/\/amigosdelantiguoegipto.com\/index.php?rest_route=\/wp\/v2\/users\/1"}],"replies":[{"embeddable":true,"href":"http:\/\/amigosdelantiguoegipto.com\/index.php?rest_route=%2Fwp%2Fv2%2Fcomments&post=8772"}],"version-history":[{"count":0,"href":"http:\/\/amigosdelantiguoegipto.com\/index.php?rest_route=\/wp\/v2\/pages\/8772\/revisions"}],"wp:attachment":[{"href":"http:\/\/amigosdelantiguoegipto.com\/index.php?rest_route=%2Fwp%2Fv2%2Fmedia&parent=8772"}],"curies":[{"name":"wp","href":"https:\/\/api.w.org\/{rel}","templated":true}]}}