{"id":8713,"date":"2000-11-16T01:00:00","date_gmt":"2000-11-16T01:00:00","guid":{"rendered":"http:\/\/amigosdelantiguoegipto.com\/el-nombre-secreto-de-ra\/"},"modified":"2014-07-02T19:07:33","modified_gmt":"2014-07-02T19:07:33","slug":"el-nombre-secreto-de-ra-2","status":"publish","type":"page","link":"http:\/\/amigosdelantiguoegipto.com\/?page_id=8713","title":{"rendered":"El nombre secreto de Ra"},"content":{"rendered":"<p><a href=\"http:\/\/amigosdelantiguoegipto.com\/?p=8702\">Cuentos y<\/a><a href=\"http:\/\/amigosdelantiguoegipto.com\/?p=8702\"> ley<\/a><a href=\"http:\/\/amigosdelantiguoegipto.com\/?p=8702\">endas<\/a><\/p>\n<p style=\"text-align: right;\">Cristina Carracedo &#8211; noviembre de 2000<br \/>\nIlustraciones extra\u00eddas de Mitolog\u00edas, ed. Fleurus-Panini<\/p>\n<p style=\"text-align: justify;\">El dios-Sol <strong>Ra<\/strong> tiene muchos nombres, pero solo uno es secreto y es el que le da gran parte de su poder. La diosa <strong>Isis<\/strong> emplear\u00e1 su inteligencia y su magia para descubrir ese nombre secreto.<\/p>\n<p style=\"text-align: justify;\">Isis se preguntaba c\u00f3mo podr\u00eda obligar al dios del Sol a revelar su nombre m\u00e1s secreto. Decidi\u00f3 esperar a que se le presentara una buena ocasi\u00f3n, y se puso a vigilarle atentamente.<\/p>\n<p style=\"text-align: justify;\">Cuando Ra se qued\u00f3 dormido, Isis aprovech\u00f3 para recoger la saliva del dios y la mezcl\u00f3 con un poco de tierra, con la que dio forma a una peligrosa serpiente con la intenci\u00f3n de que mordiese al dios.<\/p>\n<div class=\"mosimage\" align=\"center\">\n<div id=\"attachment_49\" style=\"width: 205px\" class=\"wp-caption aligncenter\"><img aria-describedby=\"caption-attachment-49\" decoding=\"async\" loading=\"lazy\" class=\"wp-image-49 \" title=\"El dios-Sol Ra\" src=\"http:\/\/amigosdelantiguoegipto.com\/wp-content\/uploads\/varios\/cuentosyleyendas\/2000\/11\/ra.jpg\" alt=\"El dios-Sol Ra\" width=\"195\" height=\"297\" border=\"0\" hspace=\"6\" \/><p id=\"caption-attachment-49\" class=\"wp-caption-text\">El dios-Sol Ra<\/p><\/div>\n<\/div>\n<p style=\"text-align: justify;\">Isis coloc\u00f3 al animal en el camino por el que Ra iba a pasar, de modo que la serpiente le atac\u00f3. Ra lanz\u00f3 un terrible grito de dolor y el veneno de la serpiente empez\u00f3 a invadir su ser, sin poder combatirlo y sin saber de d\u00f3nde proven\u00eda. Los dem\u00e1s dioses observaban apenados viendo como sufr\u00eda.<\/p>\n<p style=\"text-align: justify;\">Entonces, la diosa hechicera, Isis, se acerc\u00f3 dici\u00e9ndole: <em>&#8220;Dime tu nombre secreto y te curar\u00e9&#8221;<\/em>.<\/p>\n<div class=\"mosimage\" align=\"center\">\n<div id=\"attachment_50\" style=\"width: 394px\" class=\"wp-caption aligncenter\"><img aria-describedby=\"caption-attachment-50\" decoding=\"async\" loading=\"lazy\" class=\"  wp-image-50\" title=\"Isis con las alas extendidas ante las s\u00faplicas de Ra\" src=\"http:\/\/amigosdelantiguoegipto.com\/wp-content\/uploads\/varios\/cuentosyleyendas\/2000\/11\/isis-ra.jpg\" alt=\"Isis con las alas extendidas ante las s\u00faplicas de Ra\" width=\"384\" height=\"277\" border=\"0\" hspace=\"6\" \/><p id=\"caption-attachment-50\" class=\"wp-caption-text\">Isis con las alas extendidas ante las s\u00faplicas de Ra<\/p><\/div>\n<\/div>\n<p style=\"text-align: justify;\">Ra comenz\u00f3 a decir varios de sus nombres: <em>&#8220;Creador del cielo y de la Tierra, Arquitecto de las monta\u00f1as, Controlador de las crecidas&#8230;&#8221;<\/em>\u00a0 Pero no llegaba nunca a decir su nombre secreto.<\/p>\n<p style=\"text-align: justify;\">Era tan fuerte su dolor por la mordedura que termin\u00f3 accediendo con una condici\u00f3n: que Isis y su hijo Horus no lo revelasen a nadie.<\/p>\n<p style=\"text-align: justify;\">Isis cur\u00f3 a Ra mediante una f\u00f3rmula m\u00e1gica y aplic\u00e1ndole un ung\u00fcento hecho con hierbas.<\/p>\n<p style=\"text-align: justify;\">Y as\u00ed es como la diosa Isis consigui\u00f3 ser tan poderosa como el dios-Sol Ra.<\/p>\n","protected":false},"excerpt":{"rendered":"<p>Cuentos y leyendas Cristina Carracedo &#8211; noviembre de 2000 Ilustraciones extra\u00eddas de Mitolog\u00edas, ed. Fleurus-Panini El dios-Sol Ra tiene muchos nombres, pero solo uno es secreto y es el que le da gran parte de su poder. La diosa Isis emplear\u00e1 su inteligencia y su magia para descubrir ese nombre secreto. Isis se preguntaba c\u00f3mo podr\u00eda obligar al dios del&#8230;<\/p>\n<p class=\"continue-reading-button\"> <a class=\"continue-reading-link\" href=\"http:\/\/amigosdelantiguoegipto.com\/?page_id=8713\">Seguir leyendo<i class=\"crycon-right-dir\"><\/i><\/a><\/p>\n","protected":false},"author":1,"featured_media":0,"parent":0,"menu_order":10,"comment_status":"closed","ping_status":"closed","template":"","meta":{"ngg_post_thumbnail":0},"_links":{"self":[{"href":"http:\/\/amigosdelantiguoegipto.com\/index.php?rest_route=\/wp\/v2\/pages\/8713"}],"collection":[{"href":"http:\/\/amigosdelantiguoegipto.com\/index.php?rest_route=\/wp\/v2\/pages"}],"about":[{"href":"http:\/\/amigosdelantiguoegipto.com\/index.php?rest_route=\/wp\/v2\/types\/page"}],"author":[{"embeddable":true,"href":"http:\/\/amigosdelantiguoegipto.com\/index.php?rest_route=\/wp\/v2\/users\/1"}],"replies":[{"embeddable":true,"href":"http:\/\/amigosdelantiguoegipto.com\/index.php?rest_route=%2Fwp%2Fv2%2Fcomments&post=8713"}],"version-history":[{"count":0,"href":"http:\/\/amigosdelantiguoegipto.com\/index.php?rest_route=\/wp\/v2\/pages\/8713\/revisions"}],"wp:attachment":[{"href":"http:\/\/amigosdelantiguoegipto.com\/index.php?rest_route=%2Fwp%2Fv2%2Fmedia&parent=8713"}],"curies":[{"name":"wp","href":"https:\/\/api.w.org\/{rel}","templated":true}]}}