{"id":8712,"date":"2001-05-05T01:00:00","date_gmt":"2001-05-05T01:00:00","guid":{"rendered":"http:\/\/amigosdelantiguoegipto.com\/la-leyenda-de-osiris\/"},"modified":"2014-06-29T13:31:26","modified_gmt":"2014-06-29T13:31:26","slug":"la-leyenda-de-osiris","status":"publish","type":"page","link":"http:\/\/amigosdelantiguoegipto.com\/?page_id=8712","title":{"rendered":"La leyenda de Osiris"},"content":{"rendered":"<p><a href=\"http:\/\/amigosdelantiguoegipto.com\/?p=8702\">Cuentos y<\/a><a href=\"http:\/\/amigosdelantiguoegipto.com\/?p=8702\"> ley<\/a><a href=\"http:\/\/amigosdelantiguoegipto.com\/?p=8702\">endas<\/a><\/p>\n<p style=\"text-align: right;\">Cristina Carracedo &#8211; Mayo de 2001<\/p>\n<p>Osiris era el hijo mayor de Nut, la diosa del Cielo, y de Gueb, el dios de la Tierra. Se dice que fue el primer rey de Egipto, hasta el d\u00eda en que la desgracia cay\u00f3 sobre \u00e9l.<\/p>\n<p>Seth envidiaba a Osiris, su hermano. Durante una fiesta ret\u00f3 a los invitados a que entrasen en un cofre. Osiris se introdujo en \u00e9l y la tapa se cerr\u00f3&#8230; \u00a1Osiris cay\u00f3 en su trampa! Y Seth hizo tirar el cofre al Nilo y se apoder\u00f3 del trono.<\/p>\n<table border=\"0\" width=\"90%\" align=\"center\">\n<tbody>\n<tr align=\"center\">\n<td>\n<div class=\"mosimage\" style=\"float: center;\" align=\"center\"><img decoding=\"async\" loading=\"lazy\" class=\" size-full wp-image-43\" title=\"Isis\" src=\"http:\/\/amigosdelantiguoegipto.com\/wp-content\/uploads\/varios\/cuentosyleyendas\/2001\/05\/isis.gif\" alt=\"Isis\" width=\"89\" height=\"258\" border=\"0\" hspace=\"6\" \/><\/p>\n<div class=\"mosimage_caption\" style=\"text-align: center;\" align=\"center\">Isis<\/div>\n<\/div>\n<\/td>\n<td>\n<div class=\"mosimage\" style=\"float: center;\" align=\"center\"><img decoding=\"async\" loading=\"lazy\" class=\" size-full wp-image-44\" title=\"Osiris\" src=\"http:\/\/amigosdelantiguoegipto.com\/wp-content\/uploads\/varios\/cuentosyleyendas\/2001\/05\/osiris.gif\" alt=\"Osiris\" width=\"112\" height=\"258\" border=\"0\" hspace=\"6\" \/><\/p>\n<div class=\"mosimage_caption\" style=\"text-align: center;\" align=\"center\">Osiris<\/div>\n<\/div>\n<\/td>\n<td>\n<div class=\"mosimage\" style=\"float: center;\" align=\"center\"><img decoding=\"async\" loading=\"lazy\" class=\" size-full wp-image-45\" title=\"Horus\" src=\"http:\/\/amigosdelantiguoegipto.com\/wp-content\/uploads\/varios\/cuentosyleyendas\/2001\/05\/horus.gif\" alt=\"Horus\" width=\"102\" height=\"258\" border=\"0\" hspace=\"6\" \/><\/p>\n<div class=\"mosimage_caption\" style=\"text-align: center;\" align=\"center\">Horus<\/div>\n<\/div>\n<\/td>\n<\/tr>\n<\/tbody>\n<\/table>\n<p>Isis, la mujer de Osiris, encontr\u00f3 el cad\u00e1ver de su esposo y lo escondi\u00f3. Pero el malvado Seth se apoder\u00f3 de \u00e9l, cort\u00e1ndolo esta vez en catorce pedazos, que esparci\u00f3 en la corriente del Nilo.<\/p>\n<p>Tras una larga b\u00fasqueda, la diosa hechicera Isis recuper\u00f3 los pedazos y pacientemente los uni\u00f3. Con la ayuda de Anubis, el dios de los embalsamadores, le devolvi\u00f3 la vida a Osiris, que se convirti\u00f3 en el dios de los muertos en el M\u00e1s All\u00e1. \u00a1Isis jam\u00e1s volvi\u00f3 a reunirse con su esposo en la tierra!<\/p>\n<table border=\"0\" width=\"80%\" align=\"center\">\n<tbody>\n<tr align=\"center\">\n<td>\n<div class=\"mosimage\" style=\"float: center;\" align=\"center\"><img decoding=\"async\" loading=\"lazy\" class=\" size-full wp-image-46\" title=\"Seth\" src=\"http:\/\/amigosdelantiguoegipto.com\/wp-content\/uploads\/varios\/cuentosyleyendas\/2001\/05\/seth.gif\" alt=\"Seth\" width=\"112\" height=\"229\" border=\"0\" hspace=\"6\" \/><\/p>\n<div class=\"mosimage_caption\" style=\"text-align: center;\" align=\"center\">Seth<\/div>\n<\/div>\n<\/td>\n<td>\n<div class=\"mosimage\" style=\"float: center;\" align=\"center\"><img decoding=\"async\" loading=\"lazy\" class=\" size-full wp-image-47\" title=\"Anubis\" src=\"http:\/\/amigosdelantiguoegipto.com\/wp-content\/uploads\/varios\/cuentosyleyendas\/2001\/05\/anubis.gif\" alt=\"Anubis\" width=\"114\" height=\"229\" border=\"0\" hspace=\"6\" \/><\/p>\n<div class=\"mosimage_caption\" style=\"text-align: center;\" align=\"center\">Anubis<\/div>\n<\/div>\n<\/td>\n<\/tr>\n<\/tbody>\n<\/table>\n<p>&nbsp;<\/p>\n<p>Sin embargo, hubo venganza. Su hijo Horus, el dios con cabeza de halc\u00f3n, se enfrent\u00f3 a Seth en terrible combate, venciendo y reconquistando el reino de su padre.<\/p>\n","protected":false},"excerpt":{"rendered":"<p>Cuentos y leyendas Cristina Carracedo &#8211; Mayo de 2001 Osiris era el hijo mayor de Nut, la diosa del Cielo, y de Gueb, el dios de la Tierra. Se dice que fue el primer rey de Egipto, hasta el d\u00eda en que la desgracia cay\u00f3 sobre \u00e9l. Seth envidiaba a Osiris, su hermano. Durante una fiesta ret\u00f3 a los invitados&#8230;<\/p>\n<p class=\"continue-reading-button\"> <a class=\"continue-reading-link\" href=\"http:\/\/amigosdelantiguoegipto.com\/?page_id=8712\">Seguir leyendo<i class=\"crycon-right-dir\"><\/i><\/a><\/p>\n","protected":false},"author":1,"featured_media":0,"parent":0,"menu_order":9,"comment_status":"closed","ping_status":"closed","template":"","meta":{"ngg_post_thumbnail":0},"_links":{"self":[{"href":"http:\/\/amigosdelantiguoegipto.com\/index.php?rest_route=\/wp\/v2\/pages\/8712"}],"collection":[{"href":"http:\/\/amigosdelantiguoegipto.com\/index.php?rest_route=\/wp\/v2\/pages"}],"about":[{"href":"http:\/\/amigosdelantiguoegipto.com\/index.php?rest_route=\/wp\/v2\/types\/page"}],"author":[{"embeddable":true,"href":"http:\/\/amigosdelantiguoegipto.com\/index.php?rest_route=\/wp\/v2\/users\/1"}],"replies":[{"embeddable":true,"href":"http:\/\/amigosdelantiguoegipto.com\/index.php?rest_route=%2Fwp%2Fv2%2Fcomments&post=8712"}],"version-history":[{"count":0,"href":"http:\/\/amigosdelantiguoegipto.com\/index.php?rest_route=\/wp\/v2\/pages\/8712\/revisions"}],"wp:attachment":[{"href":"http:\/\/amigosdelantiguoegipto.com\/index.php?rest_route=%2Fwp%2Fv2%2Fmedia&parent=8712"}],"curies":[{"name":"wp","href":"https:\/\/api.w.org\/{rel}","templated":true}]}}