{"id":8710,"date":"2001-12-19T01:00:00","date_gmt":"2001-12-19T01:00:00","guid":{"rendered":"http:\/\/amigosdelantiguoegipto.com\/el-faraon-esnofru-y-la-joya-perdida\/"},"modified":"2014-06-29T13:41:02","modified_gmt":"2014-06-29T13:41:02","slug":"el-faraon-esnofru-y-la-joya-perdida","status":"publish","type":"page","link":"http:\/\/amigosdelantiguoegipto.com\/?page_id=8710","title":{"rendered":"El fara\u00f3n Esnofru y la joya perdida"},"content":{"rendered":"<p><a href=\"http:\/\/amigosdelantiguoegipto.com\/?p=8702\">Cuentos y<\/a><a href=\"http:\/\/amigosdelantiguoegipto.com\/?p=8702\"> ley<\/a><a href=\"http:\/\/amigosdelantiguoegipto.com\/?p=8702\">endas<\/a><\/p>\n<p style=\"text-align: right;\">Cristina Carracedo &#8211; <span class=\"createdate\">Diciembre de 2001<\/span><br \/>\nIlustraciones de Javier<\/p>\n<p style=\"text-align: justify;\">Esnofru procuraba siempre que no le faltara alimento a su pueblo y sus campos siempre eran f\u00e9rtiles. Por eso era muy querido en Egipto.<\/p>\n<p class=\"img\"><img decoding=\"async\" loading=\"lazy\" class=\" size-full wp-image-36 aligncenter\" title=\"El fara\u00f3n Esnofru y la joya perdida\" src=\"http:\/\/amigosdelantiguoegipto.com\/wp-content\/uploads\/varios\/cuentosyleyendas\/2001\/12\/snfrw.gif\" alt=\"El fara\u00f3n Esnofru y la joya perdida\" width=\"116\" height=\"43\" align=\"middle\" border=\"0\" hspace=\"6\" \/><\/p>\n<p style=\"text-align: justify;\">Una calurosa tarde de verano, antes de reunirse con los sacerdotes para preparar la gran fiesta de a\u00f1o nuevo, el fara\u00f3n Esnofru pens\u00f3 en distraerse un rato. Pregunt\u00f3 por los m\u00fasicos de palacio, pero \u00e9stos descansaban para el concierto de la noche. Busc\u00f3 al mejor jugador de ajedrez del reino, pero hab\u00eda regresado al Sur. \u00bfQu\u00e9 pod\u00eda hacer ahora el fara\u00f3n para divertirse?<\/p>\n<p class=\"img\"><img decoding=\"async\" loading=\"lazy\" class=\" size-full wp-image-37 aligncenter\" title=\"El fara\u00f3n Esnofru y la joya perdida\" src=\"http:\/\/amigosdelantiguoegipto.com\/wp-content\/uploads\/varios\/cuentosyleyendas\/2001\/12\/erase.jpg\" alt=\"El fara\u00f3n Esnofru y la joya perdida\" width=\"300\" height=\"345\" align=\"middle\" border=\"0\" hspace=\"6\" \/><\/p>\n<p style=\"text-align: justify;\">Entonces pidi\u00f3 que buscaran al jefe de los magos Dyadyaemanj. Y as\u00ed, se present\u00f3 haciendo una reverencia ante el fara\u00f3n:<\/p>\n<p style=\"text-align: justify;\"><em>&#8211; \u00bfPara qu\u00e9 necesita mis servicios el Se\u00f1or de Egipto? &#8211; <\/em>pregunt\u00f3 el mago.<em><br \/>\n&#8211; \u00bfQu\u00e9 entretenimiento me aconsejas? &#8211; <\/em>contest\u00f3 el rey.<\/p>\n<p style=\"text-align: justify;\">El mago le propuso un paseo en barca acompa\u00f1ado de las mujeres m\u00e1s hermosas de palacio. Mientras ellas remaban, el fara\u00f3n podr\u00eda contemplarlas rodeadas de un hermoso paisaje lleno de frondosos papiros y verdes riberas.<br \/>\nEl fara\u00f3n Esnofru sonri\u00f3 satisfecho y orden\u00f3 que prepararan la barca m\u00e1s bonita.<\/p>\n<p style=\"text-align: justify;\">Esnofru vestido con un sencillo faldell\u00edn blanco esperaba en el embarcadero, cuando vio llegar a veinte jovencitas de cabellos trenzados y ligeros vestidos. Se fij\u00f3 en una que llevaba un colgante de turquesas con forma de pez, quien bajando los ojos se dirigi\u00f3 al fara\u00f3n:<\/p>\n<p style=\"text-align: justify;\"><em>&#8211; Majestad, estamos listas.<\/em><\/p>\n<p style=\"text-align: justify;\">Subieron a la barca y comenzaron a mover los hermosos remos de madera de \u00e9bano chapada en oro. Esnofru miraba a la remera principal, la muchacha del colgante, pues era la m\u00e1s bella de todas. El rey se sent\u00eda feliz, olvidando por un rato sus problemas. \u00a1Qu\u00e9 raz\u00f3n ten\u00eda el mago!<\/p>\n<p style=\"text-align: justify;\">Pero&#8230; de repente, escucharon un sonido extra\u00f1o. Algo se hab\u00eda ca\u00eddo al agua. Las muchachas dejaron de remar ante el lamento de la remera principal que dec\u00eda angustiada:<\/p>\n<p style=\"text-align: justify;\"><em>&#8211; \u00a1Qu\u00e9 desgracia! Se ha ca\u00eddo mi colgante de turquesas al fondo del lago. \u00a1Era mi tesoro m\u00e1s preciado!<\/em><\/p>\n<p style=\"text-align: justify;\">El fara\u00f3n le ofreci\u00f3 una nueva joya, pero ella insisti\u00f3 en el valor que ten\u00eda su colgante puesto que se la hab\u00eda regalado su novio. Cuatro de las remeras se lanzaron al agua sin encontrarla, y Esnofru decidi\u00f3 regresar al palacio: &#8220;<em>\u00bfNo es mi deber hacer felices a mis s\u00fabditos?<\/em>&#8220;, pens\u00f3. El mago encontrar\u00eda una soluci\u00f3n.<\/p>\n<p style=\"text-align: justify;\">Esnofru entr\u00f3 en el laboratorio del mago agradeci\u00e9ndole su estupenda idea. Le cont\u00f3 la p\u00e9rdida de la joya de la remera principal, pidi\u00e9ndole su ayuda para recuperarla. El mago busc\u00f3 en los libros de magia sin obtener resultados. Y fue en la Casa de la Vida donde a trav\u00e9s de la lectura de unos jerogl\u00edficos encontraron una soluci\u00f3n.<\/p>\n<p style=\"text-align: justify;\">Volvieron al lugar donde se hab\u00eda perdido el colgante de turquesas, mientras el sacerdote y mago Dyadyaemanj le\u00eda una antigua f\u00f3rmula transmitida de sabio a sabio. Todos estaban en silencio. El mago se puso en pie y fijando sus ojos en la superficie del lago, extendi\u00f3 los brazos. Pero no tuvieron miedo porque junto al fara\u00f3n nada pod\u00eda pasarles. Las aguas se separaron en dos, y en el fondo, sin agua, brillaba la joya de turquesas. El mago baj\u00f3 a recogerla y se la entreg\u00f3 a la joven. De nuevo las aguas volvieron a su sitio por orden del mago, y continuaron navegando felizmente sobre la superficie del lago.<\/p>\n<p class=\"img\"><img decoding=\"async\" loading=\"lazy\" class=\" size-full wp-image-38 aligncenter\" title=\"El fara\u00f3n Esnofru y la joya perdida\" src=\"http:\/\/amigosdelantiguoegipto.com\/wp-content\/uploads\/varios\/cuentosyleyendas\/2001\/12\/enlabarca.jpg\" alt=\"El fara\u00f3n Esnofru y la joya perdida\" width=\"400\" height=\"269\" align=\"middle\" border=\"0\" hspace=\"6\" \/><\/p>\n<p style=\"text-align: justify;\">La noticia se extendi\u00f3 por todo Egipto y m\u00e1s all\u00e1 de sus fronteras. \u00a1La magia del fara\u00f3n pod\u00eda hacer milagros!.<\/p>\n","protected":false},"excerpt":{"rendered":"<p>Cuentos y leyendas Cristina Carracedo &#8211; Diciembre de 2001 Ilustraciones de Javier Esnofru procuraba siempre que no le faltara alimento a su pueblo y sus campos siempre eran f\u00e9rtiles. Por eso era muy querido en Egipto. Una calurosa tarde de verano, antes de reunirse con los sacerdotes para preparar la gran fiesta de a\u00f1o nuevo, el fara\u00f3n Esnofru pens\u00f3 en&#8230;<\/p>\n<p class=\"continue-reading-button\"> <a class=\"continue-reading-link\" href=\"http:\/\/amigosdelantiguoegipto.com\/?page_id=8710\">Seguir leyendo<i class=\"crycon-right-dir\"><\/i><\/a><\/p>\n","protected":false},"author":1,"featured_media":0,"parent":0,"menu_order":7,"comment_status":"closed","ping_status":"closed","template":"","meta":{"ngg_post_thumbnail":0},"_links":{"self":[{"href":"http:\/\/amigosdelantiguoegipto.com\/index.php?rest_route=\/wp\/v2\/pages\/8710"}],"collection":[{"href":"http:\/\/amigosdelantiguoegipto.com\/index.php?rest_route=\/wp\/v2\/pages"}],"about":[{"href":"http:\/\/amigosdelantiguoegipto.com\/index.php?rest_route=\/wp\/v2\/types\/page"}],"author":[{"embeddable":true,"href":"http:\/\/amigosdelantiguoegipto.com\/index.php?rest_route=\/wp\/v2\/users\/1"}],"replies":[{"embeddable":true,"href":"http:\/\/amigosdelantiguoegipto.com\/index.php?rest_route=%2Fwp%2Fv2%2Fcomments&post=8710"}],"version-history":[{"count":0,"href":"http:\/\/amigosdelantiguoegipto.com\/index.php?rest_route=\/wp\/v2\/pages\/8710\/revisions"}],"wp:attachment":[{"href":"http:\/\/amigosdelantiguoegipto.com\/index.php?rest_route=%2Fwp%2Fv2%2Fmedia&parent=8710"}],"curies":[{"name":"wp","href":"https:\/\/api.w.org\/{rel}","templated":true}]}}