{"id":8707,"date":"2004-01-23T01:00:00","date_gmt":"2004-01-23T01:00:00","guid":{"rendered":"http:\/\/amigosdelantiguoegipto.com\/harpocrates-en-peligro\/"},"modified":"2025-06-22T19:53:15","modified_gmt":"2025-06-22T19:53:15","slug":"harpocrates-en-peligro","status":"publish","type":"page","link":"http:\/\/amigosdelantiguoegipto.com\/?page_id=8707","title":{"rendered":"Harp\u00f3crates en peligro"},"content":{"rendered":"<p><a href=\"http:\/\/amigosdelantiguoegipto.com\/?p=8702\">Cuentos y<\/a><a href=\"http:\/\/amigosdelantiguoegipto.com\/?p=8702\"> ley<\/a><a href=\"http:\/\/amigosdelantiguoegipto.com\/?p=8702\">endas<\/a><\/p>\n<p style=\"text-align: right;\">Isabel Soba Molero &#8211; Enero de 2004<br \/>\nIlustraciones de <a href=\"http:\/\/www.dianasobrado.es\" target=\"_blank\" rel=\"noopener\">Diana Sobrado<\/a><\/p>\n<p style=\"text-align: center;\"><i>Una vez m\u00e1s, mi sabio Thot aparece.<br \/>\nEsta vez ayuda a Isis y a Horus.<br \/>\nNuestro Harp\u00f3crates se est\u00e1 muriendo y no hay muchas esperanzas de devolverlo a la vida.<\/i><\/p>\n<p style=\"text-align: justify;\">Horus, el hijito de Isis y Osiris, tuvo una infancia llena de peligros. Nuestro peque\u00f1o naci\u00f3 en los sagrados pantanales de Tshemmis, lugar donde estar\u00eda a salvo de su t\u00edo Seth.<\/p>\n<p class=\"img\"><img decoding=\"async\" loading=\"lazy\" class=\" size-full wp-image-11 aligncenter\" title=\"Harp\u00f3crates en peligro\" src=\"http:\/\/amigosdelantiguoegipto.com\/wp-content\/uploads\/varios\/cuentosyleyendas\/2004\/01\/h.1.jpg\" alt=\"Harp\u00f3crates en peligro\" width=\"288\" height=\"401\" align=\"middle\" border=\"0\" hspace=\"6\"><\/p>\n<p style=\"text-align: justify;\">Un d\u00eda, cuando Isis y su peque\u00f1\u00edn se encontraban fuera de los pantanales, fueron secuestrados por Seth.<br \/>\nNuestra bella diosa fue encerrada en una casa de hiladas con su hijo.<\/p>\n<p style=\"text-align: justify;\">Thot al poco tiempo se enter\u00f3 del lugar donde se encontraban. Entr\u00f3 sin ser visto y le dijo a Isis:<\/p>\n<p style=\"text-align: justify;\">-\u00a1R\u00e1pidamente! \u00a1Regresad a los sagrados pantanales de Tshemmis!<\/p>\n<p style=\"text-align: justify;\">De nuevo, nuestro sabio, se dirigi\u00f3 a Isis y le explic\u00f3:<\/p>\n<p style=\"text-align: justify;\">-All\u00ed no podr\u00e1 seguiros Seth. Estar\u00e9is a salvo hasta que Horus sea m\u00e1s mayor y pueda acceder al trono de su padre.<\/p>\n<p style=\"text-align: justify;\">Dicho esto, le entreg\u00f3 a la diosa siete escorpiones m\u00e1gicos para que los protegieran durante el camino de regreso a los sagrados pantanales.<\/p>\n<p class=\"img\"><img decoding=\"async\" loading=\"lazy\" class=\" size-full wp-image-12 aligncenter\" title=\"Harp\u00f3crates en peligro\" src=\"http:\/\/amigosdelantiguoegipto.com\/wp-content\/uploads\/varios\/cuentosyleyendas\/2004\/01\/h.2.jpg\" alt=\"Harp\u00f3crates en peligro\" width=\"292\" height=\"400\" align=\"middle\" border=\"0\" hspace=\"6\"><\/p>\n<p style=\"text-align: justify;\">Isis estaba agotada despu\u00e9s de haber estado toda la noche andando con su hijito a cuestas. Ya llevaba mediod\u00eda sin poder casi ni andar. Se detuvo delante de una casa para buscar cobijo y descanso. Les abri\u00f3 la puerta una mujer, la cual al ver los escorpiones, cerr\u00f3 de inmediato la puerta y no les dej\u00f3 pasar. Era una mujer con muchas riquezas, pero ni se detuvo a escucharles.<\/p>\n<p class=\"img\"><img decoding=\"async\" loading=\"lazy\" class=\" size-full wp-image-13 aligncenter\" title=\"Harp\u00f3crates en peligro\" src=\"http:\/\/amigosdelantiguoegipto.com\/wp-content\/uploads\/varios\/cuentosyleyendas\/2004\/01\/h.3.jpg\" alt=\"Harp\u00f3crates en peligro\" width=\"288\" height=\"400\" align=\"middle\" border=\"0\" hspace=\"6\"><\/p>\n<p style=\"text-align: justify;\">Un poco m\u00e1s adelante, la hija de un pescador muy pobre, comparti\u00f3 con ellos la poca comida que ten\u00eda y su humilde choza.<\/p>\n<p class=\"img\"><img decoding=\"async\" loading=\"lazy\" class=\" size-full wp-image-14 aligncenter\" title=\"Harp\u00f3crates en peligro\" src=\"http:\/\/amigosdelantiguoegipto.com\/wp-content\/uploads\/varios\/cuentosyleyendas\/2004\/01\/h.4.jpg\" alt=\"Harp\u00f3crates en peligro\" width=\"290\" height=\"400\" align=\"middle\" border=\"0\" hspace=\"6\"><\/p>\n<p style=\"text-align: justify;\">Cuando Isis y Horus descansaban en aquella caba\u00f1a, los siete escorpiones no paraban de criticar a la se\u00f1ora rica que no hab\u00eda querido ayudarles. Se fueron hacia la casa de \u00e9sta con el prop\u00f3sito de envenenar a su hijo. Unieron el veneno de todos en el aguij\u00f3n de su jefe Tefen, e hicieron lo que se hab\u00edan propuesto.<\/p>\n<p class=\"img\"><img decoding=\"async\" loading=\"lazy\" class=\" size-full wp-image-15 aligncenter\" title=\"Harp\u00f3crates en peligro\" src=\"http:\/\/amigosdelantiguoegipto.com\/wp-content\/uploads\/varios\/cuentosyleyendas\/2004\/01\/h.5.jpg\" alt=\"Harp\u00f3crates en peligro\" width=\"289\" height=\"399\" align=\"middle\" border=\"0\" hspace=\"6\"><\/p>\n<p style=\"text-align: justify;\">La se\u00f1ora cogi\u00f3 a su hijo en brazos y se fue de su casa buscando ayuda.<br \/>\nIsis se enter\u00f3 de lo ocurrido, y dijo pensando en su peque\u00f1o:<\/p>\n<p style=\"text-align: justify;\">-No voy a consentir que muera por mi culpa un inocente beb\u00e9.<\/p>\n<p style=\"text-align: justify;\">La diosa hizo venir a la mujer, y dijo:<\/p>\n<p style=\"text-align: justify;\">-\u00a1Qu\u00e9 Horus est\u00e9 sano para m\u00ed y que este peque\u00f1o est\u00e9 sano para su madre!<\/p>\n<p style=\"text-align: justify;\">Tambi\u00e9n a\u00f1adi\u00f3:<\/p>\n<p style=\"text-align: justify;\">-Soy Isis, la Gran Madre, y con mis poderes har\u00e9 que el veneno se muera y el peque\u00f1o viva.<\/p>\n<p style=\"text-align: justify;\">La mujer no sab\u00eda como agradec\u00e9rselo a la diosa y tom\u00f3 todas las cosas m\u00e1s valiosas que ten\u00eda y se las entreg\u00f3 a la hija del pescador.<br \/>\nNuestra Isis se puso muy contenta.<\/p>\n<p style=\"text-align: justify;\">Al poco tiempo ya se encontraban en los pantanales de Tshemmis.<br \/>\nIsis escondi\u00f3 a su beb\u00e9 entre las malezas de papiro y sali\u00f3 a buscar comida.<\/p>\n<p class=\"img\"><img decoding=\"async\" loading=\"lazy\" class=\" size-full wp-image-16 aligncenter\" title=\"Harp\u00f3crates en peligro\" src=\"http:\/\/amigosdelantiguoegipto.com\/wp-content\/uploads\/varios\/cuentosyleyendas\/2004\/01\/h.6.jpg\" alt=\"Harp\u00f3crates en peligro\" width=\"287\" height=\"400\" align=\"middle\" border=\"0\" hspace=\"6\"><\/p>\n<p style=\"text-align: justify;\">Esta vez no dej\u00f3 a ning\u00fan guardi\u00e1n con Horus, pensando que no le ocurrir\u00eda nada en aquel sitio tan tranquilo. Pero cuando regres\u00f3 su hijo estaba muy grave y la magia de Isis fallaba porque no sab\u00eda que enfermedad ten\u00eda su ni\u00f1o. Isis se alarm\u00f3 y no ten\u00eda a quien recurrir pues su marido estaba muerto, y los dioses estaban lejos.<\/p>\n<p style=\"text-align: justify;\">Pronto record\u00f3 que hab\u00eda un pueblecito cerca de donde se encontraban y corriendo fue hacia all\u00ed en busca de ayuda.<\/p>\n<p class=\"img\"><img decoding=\"async\" loading=\"lazy\" class=\" size-full wp-image-17 aligncenter\" title=\"Harp\u00f3crates en peligro\" src=\"http:\/\/amigosdelantiguoegipto.com\/wp-content\/uploads\/varios\/cuentosyleyendas\/2004\/01\/h.7.jpg\" alt=\"Harp\u00f3crates en peligro\" width=\"289\" height=\"400\" align=\"middle\" border=\"0\" hspace=\"6\"><\/p>\n<p style=\"text-align: justify;\">Isis no hac\u00eda m\u00e1s que gritar, estaba muy angustiada. A los pocos minutos apareci\u00f3 una anciana, en la cual se reflejaba al mirarla, una gran sabidur\u00eda. Ten\u00eda en sus manos el amuleto del \u201cSigno de la Vida o <i>anj<\/i>\u201d. Se acerc\u00f3 a nuestra diosa y le dijo:<\/p>\n<p style=\"text-align: justify;\">-Seth no puede entrar en los sagrados pantanales, pero seguro que ha mandado a una criatura venenosa. Ha podido ser una serpiente o cualquier otro ser.<\/p>\n<p style=\"text-align: justify;\">La anciana se quedo mirando a la diosa y \u00e9sta se dio cuenta de que ten\u00eda raz\u00f3n: \u00abNuestro Harp\u00f3crates hab\u00eda sido envenenado\u00bb<\/p>\n<p style=\"text-align: justify;\">Horus lloraba y lloraba.<br \/>\nPoco despu\u00e9s aparecieron all\u00ed Neftis, hermana de Isis, junto a Selkis, la diosa escorpi\u00f3n.<\/p>\n<p style=\"text-align: justify;\">-\u00a1Isis, no pierdas tiempo! \u00a1Horus se est\u00e1 muriendo! Tienes que detener la Barca del Sol, as\u00ed el viento c\u00f3smico no soplar\u00e1 y el tiempo se detendr\u00e1 hasta que nuestro peque\u00f1o sane.<\/p>\n<p style=\"text-align: justify;\">Isis, sab\u00eda que ten\u00eda mucho poder, pues ella era la \u00fanica que sab\u00eda el nombre secreto de Ra.<br \/>\nMir\u00f3 hacia el cielo y logr\u00f3 detener la Barca del Sol.<\/p>\n<p style=\"text-align: justify;\">Ra estaba muy alarmado porque se dio cuenta de que algo muy grave estaba pasando, pues la Barca del Sol no avanzaba. Se dirigi\u00f3 a Thot para pedirle que fuera a Egipto a enterarse de que estaba ocurriendo. El sabio dios enseguida cumpli\u00f3 con los deseos de nuestro Rey de los Dioses.<\/p>\n<p style=\"text-align: justify;\">-Isis, \u00bfqu\u00e9 ha pasado?-pregunt\u00f3 Thot.<\/p>\n<p style=\"text-align: justify;\">-Horus est\u00e1 muri\u00e9ndose. Seth es el culpable. Ha mandado una criatura para envenenarle-contest\u00f3 Isis.<\/p>\n<p style=\"text-align: justify;\">Thot dirigi\u00e9ndose a Isis y a Neftis respondi\u00f3:<\/p>\n<p style=\"text-align: justify;\">-Tranquilizaros.<\/p>\n<p style=\"text-align: justify;\">Entonces, mi sabio Thot empez\u00f3 a recitar una serie de palabras m\u00e1gicas y termin\u00f3 diciendo:<\/p>\n<p class=\"img\"><img decoding=\"async\" loading=\"lazy\" class=\" size-full wp-image-18 aligncenter\" title=\"Harp\u00f3crates en peligro\" src=\"http:\/\/amigosdelantiguoegipto.com\/wp-content\/uploads\/varios\/cuentosyleyendas\/2004\/01\/h.8.jpg\" alt=\"Harp\u00f3crates en peligro\" width=\"275\" height=\"400\" align=\"middle\" border=\"0\" hspace=\"6\"><\/p>\n<p style=\"text-align: justify;\">-\u00a1Veneno! Ra te ordena salir de este peque\u00f1o. La Barca del Sol no podr\u00e1 seguir avanzando y la mitad del mundo se quemar\u00e1 y la otra mitad se encontrar\u00e1 en la m\u00e1s profunda oscuridad hasta que Horus sane.<\/p>\n<p style=\"text-align: justify;\">Seguidamente Harp\u00f3crates san\u00f3.<\/p>\n<p style=\"text-align: justify;\">Thot tuvo que regresar al cielo pues sin \u00e9l, los dem\u00e1s dioses no pod\u00edan remar. Ra se puso muy contento al saber las buenas noticias que le tra\u00eda Thot.<\/p>\n<p style=\"text-align: justify;\">Isis abraz\u00f3 a nuestro Horus el Ni\u00f1o.<br \/>\nA partir de entonces nuestra bella divinidad puso todas sus esperanzas en su hijo. Lo educ\u00f3 para que m\u00e1s adelante vengara a su mal\u00e9fico t\u00edo Seth que fue tambi\u00e9n el responsable de la muerte de su padre, Osiris.<\/p>\n<p class=\"img\"><img decoding=\"async\" loading=\"lazy\" class=\" size-full wp-image-19 aligncenter\" title=\"Harp\u00f3crates en peligro\" src=\"http:\/\/amigosdelantiguoegipto.com\/wp-content\/uploads\/varios\/cuentosyleyendas\/2004\/01\/h.9.jpg\" alt=\"Harp\u00f3crates en peligro\" width=\"289\" height=\"399\" align=\"middle\" border=\"0\" hspace=\"6\"><\/p>\n<p style=\"text-align: justify;\"><i>Esta legendaria historia parece sacada de un cuento de hadas.<br \/>\nMe imagino a los antiguos egipcios, mirando hacia el firmamento para intentar ver &#8220;La Barca de Millones de A\u00f1os&#8221;. <\/i><\/p>\n","protected":false},"excerpt":{"rendered":"<p>Cuentos y leyendas Isabel Soba Molero &#8211; Enero de 2004 Ilustraciones de Diana Sobrado Una vez m\u00e1s, mi sabio Thot aparece. Esta vez ayuda a Isis y a Horus. Nuestro Harp\u00f3crates se est\u00e1 muriendo y no hay muchas esperanzas de devolverlo a la vida. Horus, el hijito de Isis y Osiris, tuvo una infancia llena de peligros. Nuestro peque\u00f1o naci\u00f3&#8230;<\/p>\n<p class=\"continue-reading-button\"> <a class=\"continue-reading-link\" href=\"http:\/\/amigosdelantiguoegipto.com\/?page_id=8707\">Seguir leyendo<i class=\"crycon-right-dir\"><\/i><\/a><\/p>\n","protected":false},"author":1,"featured_media":0,"parent":0,"menu_order":3,"comment_status":"closed","ping_status":"closed","template":"","meta":{"ngg_post_thumbnail":0},"_links":{"self":[{"href":"http:\/\/amigosdelantiguoegipto.com\/index.php?rest_route=\/wp\/v2\/pages\/8707"}],"collection":[{"href":"http:\/\/amigosdelantiguoegipto.com\/index.php?rest_route=\/wp\/v2\/pages"}],"about":[{"href":"http:\/\/amigosdelantiguoegipto.com\/index.php?rest_route=\/wp\/v2\/types\/page"}],"author":[{"embeddable":true,"href":"http:\/\/amigosdelantiguoegipto.com\/index.php?rest_route=\/wp\/v2\/users\/1"}],"replies":[{"embeddable":true,"href":"http:\/\/amigosdelantiguoegipto.com\/index.php?rest_route=%2Fwp%2Fv2%2Fcomments&post=8707"}],"version-history":[{"count":1,"href":"http:\/\/amigosdelantiguoegipto.com\/index.php?rest_route=\/wp\/v2\/pages\/8707\/revisions"}],"predecessor-version":[{"id":22168,"href":"http:\/\/amigosdelantiguoegipto.com\/index.php?rest_route=\/wp\/v2\/pages\/8707\/revisions\/22168"}],"wp:attachment":[{"href":"http:\/\/amigosdelantiguoegipto.com\/index.php?rest_route=%2Fwp%2Fv2%2Fmedia&parent=8707"}],"curies":[{"name":"wp","href":"https:\/\/api.w.org\/{rel}","templated":true}]}}