{"id":8706,"date":"2004-04-17T01:00:00","date_gmt":"2004-04-17T01:00:00","guid":{"rendered":"http:\/\/amigosdelantiguoegipto.com\/sinuhe\/"},"modified":"2014-06-29T13:04:17","modified_gmt":"2014-06-29T13:04:17","slug":"sinuhe","status":"publish","type":"page","link":"http:\/\/amigosdelantiguoegipto.com\/?page_id=8706","title":{"rendered":"Sinuh\u00e9"},"content":{"rendered":"<p style=\"text-align: justify;\"><a href=\"http:\/\/amigosdelantiguoegipto.com\/?p=8702\">Cuentos y leyendas<\/a><\/p>\n<p style=\"text-align: right;\">\u00a0Cristina Carracedo &#8211; Abril de 2004<br \/>\nDibujos realizados por Javier<\/p>\n<p style=\"text-align: justify;\">En el palacio real reinaba el silencio. Su fara\u00f3n Amenemhat I hab\u00eda muerto, y toda la Corte mostraba su respeto en se\u00f1al de duelo. Aunque tambi\u00e9n se sent\u00eda una gran preocupaci\u00f3n en el ambiente\u2026 \u00bfqui\u00e9n suceder\u00eda al rey?<\/p>\n<p class=\"img\"><img decoding=\"async\" loading=\"lazy\" class=\" size-full wp-image-4 aligncenter\" title=\"Sinuh\u00e9\" src=\"http:\/\/amigosdelantiguoegipto.com\/wp-content\/uploads\/varios\/cuentosyleyendas\/2004\/04\/jero_sinuhe.gif\" alt=\"Sinuh\u00e9\" width=\"160\" height=\"47\" align=\"middle\" border=\"0\" hspace=\"6\" \/><\/p>\n<p style=\"text-align: justify;\">El mayor de sus hijos, quien deb\u00eda sucederle, se encontraba lejos de palacio al frente del ej\u00e9rcito protegiendo el pa\u00eds. R\u00e1pidamente partieron mensajeros en su busca para informarle, y as\u00ed, Sesostris I decidi\u00f3 regresar apresuradamente.<\/p>\n<p class=\"img\" style=\"text-align: justify;\"><img decoding=\"async\" loading=\"lazy\" class=\" size-full wp-image-5 aligncenter\" title=\"Sinuh\u00e9\" src=\"http:\/\/amigosdelantiguoegipto.com\/wp-content\/uploads\/varios\/cuentosyleyendas\/2004\/04\/palacio.jpg\" alt=\"Sinuh\u00e9\" width=\"400\" height=\"278\" align=\"middle\" border=\"0\" hspace=\"6\" \/><\/p>\n<p style=\"text-align: justify;\">Por su parte, los dem\u00e1s hijos del rey Amenemhat I quer\u00edan sucederle al enterarse de su muerte.<\/p>\n<p style=\"text-align: justify;\">Sinuh\u00e9, hombre de confianza del fara\u00f3n, observ\u00f3 que un hombre informaba a uno de los pr\u00edncipes. Amenemhat hab\u00eda sido v\u00edctima de un complot, siendo asesinado por unos cortesanos que bajo las \u00f3rdenes de este pr\u00edncipe burlaron la guardia. Sinuh\u00e9 tem\u00eda por su vida, creyendo que al no haberse enterado de esas malas intenciones y no poder informar al futuro sucesor (Sesostris I) como era su deber, ser\u00eda castigado a pesar de su inocencia. Pens\u00f3 entonces en marcharse de Egipto.<\/p>\n<p style=\"text-align: justify;\">Y as\u00ed lo hizo. Sinuh\u00e9 esper\u00f3 el momento apropiado y tras esconderse evitando a los oficiales y cortesanos, se dirigi\u00f3 hacia el Delta del Nilo. Por la noche, tras esquivar la vigilancia de los centinelas, cruz\u00f3 la frontera saliendo de Egipto.<\/p>\n<p class=\"img\"><img decoding=\"async\" loading=\"lazy\" class=\" size-full wp-image-6 aligncenter\" title=\"Sinuh\u00e9\" src=\"http:\/\/amigosdelantiguoegipto.com\/wp-content\/uploads\/varios\/cuentosyleyendas\/2004\/04\/desierto.jpg\" alt=\"Sinuh\u00e9\" width=\"400\" height=\"133\" align=\"middle\" border=\"0\" hspace=\"6\" \/><\/p>\n<p style=\"text-align: justify;\">Pero no contaba con una gran dificultad en su camino: el desierto. Caminando bajo el sol, muerto de sed, sinti\u00f3 como iba perdiendo sus fuerzas hasta caer sobre la arena. Y pasaron las horas, o incluso d\u00edas, hasta que de pronto despert\u00f3 al escuchar el sonido de un reba\u00f1o y una voces a su alrededor. Abri\u00f3 los ojos y se encontr\u00f3 con un grupo de n\u00f3madas inclinados sobre \u00e9l que lo observaban. Un hombre del grupo reconoci\u00f3 a Sinuh\u00e9, a quien hab\u00eda conocido en Egipto, y orden\u00f3 que le dieran de comer y de beber, invit\u00e1ndole a unirse a la caravana. De manera que accedi\u00f3 y les acompa\u00f1\u00f3 por el desierto gan\u00e1ndose el cari\u00f1o de todos r\u00e1pidamente.<\/p>\n<p style=\"text-align: justify;\">El pr\u00edncipe beduino Amunenshi hab\u00eda o\u00eddo hablar de Sinuh\u00e9 y requiri\u00f3 su presencia para proponerle que se quedara bajo su amparo, como ya hab\u00edan hechos muchos otros egipcios.<\/p>\n<p style=\"text-align: justify;\">-\u00bfPor qu\u00e9 te fuiste de Egipto? \u00bfHa ocurrido algo grave en tu tierra? \u2013pregunt\u00f3 el pr\u00edncipe Amunenshi.<\/p>\n<p style=\"text-align: justify;\">Sinuh\u00e9 le cont\u00f3 sobre la muerte del fara\u00f3n y su temor a caer en desgracia. Y para no parecer un traidor, dado que se encontraban numerosos egipcios acogidos en la corte de Amunenshi, contest\u00f3:<\/p>\n<p style=\"text-align: justify;\">-El primog\u00e9nito del rey regres\u00f3 a palacio y sin duda gobierna Egipto. Yo s\u00f3lo he temido por mi vida, y por eso me he marchado.<\/p>\n<p style=\"text-align: justify;\">Amunenshi qued\u00f3 satisfecho con sus respuestas, y a partir de entonces Sinuh\u00e9 se qued\u00f3 en su Corte, quien r\u00e1pidamente fue querido por todos. Se cas\u00f3 con la hija mayor del pr\u00edncipe, y recibi\u00f3 como regalo las tierras m\u00e1s f\u00e9rtiles del oasis.<br \/>\nSinuh\u00e9 se convirti\u00f3 en uno de los hombres m\u00e1s ricos y poderosos, llegando a ser jefe de una tribu. Incluso fue nombrado general de los ej\u00e9rcitos, ganando grandes batallas. Y de este modo, su fama se fue extendiendo.<\/p>\n<p class=\"img\"><img decoding=\"async\" loading=\"lazy\" class=\" size-full wp-image-7 aligncenter\" title=\"Sinuh\u00e9\" src=\"http:\/\/amigosdelantiguoegipto.com\/wp-content\/uploads\/varios\/cuentosyleyendas\/2004\/04\/rostro.jpg\" alt=\"Sinuh\u00e9\" width=\"323\" height=\"401\" align=\"middle\" border=\"0\" hspace=\"6\" \/><\/p>\n<p style=\"text-align: justify;\">Pero tambi\u00e9n exist\u00edan hombres envidiosos. Y as\u00ed fue que uno de los mejores guerreros de Retenu que sent\u00eda celos de Sinuh\u00e9 se atrevi\u00f3 a desafiarle en combate.<br \/>\nDurante toda la noche, Sinuh\u00e9 estuvo preparando sus armas. Todo el pueblo se hab\u00eda congregado nervioso para presenciar la lucha, pero la gran mayor\u00eda estaba a favor de Sinuh\u00e9.<br \/>\nEl guerrero sirio era muy fuerte y valiente, y manejaba las armas con mucha habilidad. Sinuh\u00e9 no era tan fuerte como \u00e9l, pero era astuto y \u00e1gil. \u00bfQui\u00e9n vencer\u00eda el combate?.<br \/>\nEl egipcio consigui\u00f3 f\u00e1cilmente esquivar las armas que el guerrero sirio arrojaba contra \u00e9l, qued\u00e1ndose al poco tiempo sin armas con las que luchar, salvo con sus propias manos. El sirio se puso tan nervioso que se lanz\u00f3 furioso contra Sinuh\u00e9, pero \u00e9ste arroj\u00f3 una flecha contra \u00e9l venci\u00e9ndolo.<br \/>\nEl pr\u00edncipe Amunenshi, y todo el pueblo, saltaban de alegr\u00eda por la victoria de Sinuh\u00e9.<\/p>\n<p class=\"img\"><img decoding=\"async\" loading=\"lazy\" class=\" size-full wp-image-8 aligncenter\" title=\"Sinuh\u00e9\" src=\"http:\/\/amigosdelantiguoegipto.com\/wp-content\/uploads\/varios\/cuentosyleyendas\/2004\/04\/anyoranza.jpg\" alt=\"Sinuh\u00e9\" width=\"400\" height=\"391\" align=\"middle\" border=\"0\" hspace=\"6\" \/><\/p>\n<p style=\"text-align: justify;\">Sin embargo, Sinuh\u00e9 no era del todo feliz. Pensaba a menudo en su tierra, Egipto, y cada vez se sent\u00eda m\u00e1s apenado. Su mayor deseo era regresar a Egipto para cuando muriera poder ser enterrado en su tierra. Esto era muy importante para un egipcio: \u00bfc\u00f3mo su alma alcanzar\u00eda el reino de Osiris?<\/p>\n<p style=\"text-align: justify;\">Y esta era su constante preocupaci\u00f3n. Mientras cumpl\u00eda con sus deberes como jefe de la tribu, en secreto invocaba a sus dioses pidi\u00e9ndoles que permitieran su regreso a Egipto.<\/p>\n<p style=\"text-align: justify;\">En Egipto reinaba con justicia el fara\u00f3n Sesostris I, pero para ello hab\u00eda tenido que luchar duramente debido a las revueltas pol\u00edticas. Por fin reinaba la paz.<br \/>\nA o\u00eddos del fara\u00f3n llegaron noticias de Sinuh\u00e9 a trav\u00e9s de los viajeros egipcios que hab\u00edan pasado por su casa, y le escribi\u00f3 pidi\u00e9ndole su regreso a palacio y a su tierra, ya que sab\u00eda de su inocencia en el complot contra su padre.<br \/>\nSinuh\u00e9, lleno de alegr\u00eda, contest\u00f3 a la carta de Su Majestad explicando sus temores y motivos de su hu\u00edda. Pas\u00f3 el d\u00eda repartiendo todos sus bienes entre sus hijos y se despidi\u00f3 de todos sus amigos, regresando a Egipto.<\/p>\n<p class=\"img\"><img decoding=\"async\" loading=\"lazy\" class=\" size-full wp-image-9 aligncenter\" title=\"Sinuh\u00e9\" src=\"http:\/\/amigosdelantiguoegipto.com\/wp-content\/uploads\/varios\/cuentosyleyendas\/2004\/04\/regreso.jpg\" alt=\"Sinuh\u00e9\" width=\"388\" height=\"400\" align=\"middle\" border=\"0\" hspace=\"6\" \/><\/p>\n<p style=\"text-align: justify;\">Sesostris I fue muy generoso con Sinuh\u00e9 entreg\u00e1ndole una enorme casa reformada que perteneci\u00f3 a un noble de la Corte y colm\u00e1ndole de bienes; y orden\u00f3 que le construyeran una magn\u00edfica tumba de piedra prepar\u00e1ndole un merecido ajuar funerario para cuando le llegara el momento de su muerte.<\/p>\n<p style=\"text-align: justify;\">Y as\u00ed fue c\u00f3mo Sinuh\u00e9 el egipcio, colmado de honores y riquezas, esper\u00f3 el momento de su muerte dichoso por encontrarse de nuevo en Egipto.<\/p>\n","protected":false},"excerpt":{"rendered":"<p>Cuentos y leyendas \u00a0Cristina Carracedo &#8211; Abril de 2004 Dibujos realizados por Javier En el palacio real reinaba el silencio. Su fara\u00f3n Amenemhat I hab\u00eda muerto, y toda la Corte mostraba su respeto en se\u00f1al de duelo. Aunque tambi\u00e9n se sent\u00eda una gran preocupaci\u00f3n en el ambiente\u2026 \u00bfqui\u00e9n suceder\u00eda al rey? El mayor de sus hijos, quien deb\u00eda sucederle, se&#8230;<\/p>\n<p class=\"continue-reading-button\"> <a class=\"continue-reading-link\" href=\"http:\/\/amigosdelantiguoegipto.com\/?page_id=8706\">Seguir leyendo<i class=\"crycon-right-dir\"><\/i><\/a><\/p>\n","protected":false},"author":1,"featured_media":0,"parent":0,"menu_order":2,"comment_status":"closed","ping_status":"closed","template":"","meta":{"ngg_post_thumbnail":0},"_links":{"self":[{"href":"http:\/\/amigosdelantiguoegipto.com\/index.php?rest_route=\/wp\/v2\/pages\/8706"}],"collection":[{"href":"http:\/\/amigosdelantiguoegipto.com\/index.php?rest_route=\/wp\/v2\/pages"}],"about":[{"href":"http:\/\/amigosdelantiguoegipto.com\/index.php?rest_route=\/wp\/v2\/types\/page"}],"author":[{"embeddable":true,"href":"http:\/\/amigosdelantiguoegipto.com\/index.php?rest_route=\/wp\/v2\/users\/1"}],"replies":[{"embeddable":true,"href":"http:\/\/amigosdelantiguoegipto.com\/index.php?rest_route=%2Fwp%2Fv2%2Fcomments&post=8706"}],"version-history":[{"count":0,"href":"http:\/\/amigosdelantiguoegipto.com\/index.php?rest_route=\/wp\/v2\/pages\/8706\/revisions"}],"wp:attachment":[{"href":"http:\/\/amigosdelantiguoegipto.com\/index.php?rest_route=%2Fwp%2Fv2%2Fmedia&parent=8706"}],"curies":[{"name":"wp","href":"https:\/\/api.w.org\/{rel}","templated":true}]}}