{"id":8705,"date":"2004-11-01T01:00:00","date_gmt":"2004-11-01T01:00:00","guid":{"rendered":"http:\/\/amigosdelantiguoegipto.com\/isis-y-los-siete-escorpiones\/"},"modified":"2025-06-22T19:51:31","modified_gmt":"2025-06-22T19:51:31","slug":"isis-y-los-siete-escorpiones-2","status":"publish","type":"page","link":"http:\/\/amigosdelantiguoegipto.com\/?page_id=8705","title":{"rendered":"Isis y los siete escorpiones"},"content":{"rendered":"<p style=\"text-align: left;\"><a href=\"http:\/\/amigosdelantiguoegipto.com\/?p=8702\">Cuentos y leyendas<\/a><\/p>\n<p style=\"text-align: right;\"><span class=\"createby\">Cristina Carracedo &#8211; <span class=\"createdate\">Noviembre de 2004<br \/>\nIlustraciones de <a href=\"http:\/\/www.dianasobrado.es\" target=\"_blank\" rel=\"noopener\">Diana Sobrado<\/a><br \/>\n<\/span><\/span><\/p>\n<p style=\"text-align: justify;\">El malvado dios Seth desconoc\u00eda que Osiris e Isis tuvieron un hijo llamado Horus. Isis y Horus se escond\u00edan cuando Seth los encontr\u00f3 y los encerr\u00f3.<\/p>\n<p class=\"img\"><img decoding=\"async\" loading=\"lazy\" class=\" size-full wp-image-1 aligncenter\" title=\"Isis y los siete escorpiones\" src=\"http:\/\/amigosdelantiguoegipto.com\/wp-content\/uploads\/varios\/cuentosyleyendas\/2004\/11\/isis01.jpg\" alt=\"Isis y los siete escorpiones\" width=\"400\" height=\"409\" align=\"middle\" border=\"0\" hspace=\"6\"><\/p>\n<p style=\"text-align: justify;\">Cuando ca\u00eda la tarde y con la ayuda de Thot, dios de la justicia y la verdad en la tierra y el cielo, escaparon de su prisi\u00f3n. Durante su viaje envi\u00f3 siete escorpiones m\u00e1gicos para guiarles y protegerles.<\/p>\n<p style=\"text-align: justify;\">Tras un largo viaje por la Tierra de Egipto, llegaron a Per-Sui, ciudad donde se venera al cocodrilo. Isis y su hijo llegaron muy fatigados y con ganas de descansar. Vieron una casa cercana a las marismas donde, en la puerta, se encontraba una mujer muy rica llamada Usert. Pero al ver los siete escorpiones que los acompa\u00f1aban, se neg\u00f3 a ayudarles y les cerr\u00f3 la puerta de su casa. Aunque al final encontraron donde descansar, pues una mujer pobre los alberg\u00f3 amablemente en su casa.<\/p>\n<p style=\"text-align: justify;\">Los escorpiones, a pesar de todo, estaban muy enfadados por la actitud de la mujer rica, y decidieron darle una lecci\u00f3n por su falta de caridad. Le dieron todo su veneno a su jefe, Tefen, quien entr\u00f3 en la casa de la mujer rica y de este modo pic\u00f3 a su hijo que estaba durmiendo. La mujer comenz\u00f3 a llorar pidiendo ayuda, pero nadie acud\u00eda a socorrerla. Sin embargo, la diosa Isis sali\u00f3 corriendo a ayudarla. Cogi\u00f3 en brazos a su ni\u00f1o y orden\u00f3 al veneno mortal mediante sus palabras que saliera de su peque\u00f1o cuerpo, y de este modo se salv\u00f3 de la muerte.<\/p>\n<p class=\"img\"><img decoding=\"async\" loading=\"lazy\" class=\" size-full wp-image-2 aligncenter\" title=\"Isis y los siete escorpiones\" src=\"http:\/\/amigosdelantiguoegipto.com\/wp-content\/uploads\/varios\/cuentosyleyendas\/2004\/11\/isis02.jpg\" alt=\"Isis y los siete escorpiones\" width=\"400\" height=\"521\" align=\"middle\" border=\"0\" hspace=\"6\"><\/p>\n<p style=\"text-align: justify;\">La mujer de nombre Usert, se dio cuenta de que Isis, la Se\u00f1ora de la Magia, hab\u00eda salvado la vida de su hijo, a quien antes sin consideraci\u00f3n ninguna hab\u00eda negado hospedarla. Sent\u00eda tales remordimientos que ofreci\u00f3 toda su fortuna a Isis y a la mujer pobre de las marismas que ofreci\u00f3 su casa sin temor alguno.<\/p>\n","protected":false},"excerpt":{"rendered":"<p>Cuentos y leyendas Cristina Carracedo &#8211; Noviembre de 2004 Ilustraciones de Diana Sobrado El malvado dios Seth desconoc\u00eda que Osiris e Isis tuvieron un hijo llamado Horus. Isis y Horus se escond\u00edan cuando Seth los encontr\u00f3 y los encerr\u00f3. Cuando ca\u00eda la tarde y con la ayuda de Thot, dios de la justicia y la verdad en la tierra y&#8230;<\/p>\n<p class=\"continue-reading-button\"> <a class=\"continue-reading-link\" href=\"http:\/\/amigosdelantiguoegipto.com\/?page_id=8705\">Seguir leyendo<i class=\"crycon-right-dir\"><\/i><\/a><\/p>\n","protected":false},"author":1,"featured_media":0,"parent":0,"menu_order":1,"comment_status":"closed","ping_status":"closed","template":"","meta":{"ngg_post_thumbnail":0},"_links":{"self":[{"href":"http:\/\/amigosdelantiguoegipto.com\/index.php?rest_route=\/wp\/v2\/pages\/8705"}],"collection":[{"href":"http:\/\/amigosdelantiguoegipto.com\/index.php?rest_route=\/wp\/v2\/pages"}],"about":[{"href":"http:\/\/amigosdelantiguoegipto.com\/index.php?rest_route=\/wp\/v2\/types\/page"}],"author":[{"embeddable":true,"href":"http:\/\/amigosdelantiguoegipto.com\/index.php?rest_route=\/wp\/v2\/users\/1"}],"replies":[{"embeddable":true,"href":"http:\/\/amigosdelantiguoegipto.com\/index.php?rest_route=%2Fwp%2Fv2%2Fcomments&post=8705"}],"version-history":[{"count":1,"href":"http:\/\/amigosdelantiguoegipto.com\/index.php?rest_route=\/wp\/v2\/pages\/8705\/revisions"}],"predecessor-version":[{"id":22167,"href":"http:\/\/amigosdelantiguoegipto.com\/index.php?rest_route=\/wp\/v2\/pages\/8705\/revisions\/22167"}],"wp:attachment":[{"href":"http:\/\/amigosdelantiguoegipto.com\/index.php?rest_route=%2Fwp%2Fv2%2Fmedia&parent=8705"}],"curies":[{"name":"wp","href":"https:\/\/api.w.org\/{rel}","templated":true}]}}