{"id":8594,"date":"2003-03-12T01:00:00","date_gmt":"2003-03-12T01:00:00","guid":{"rendered":"http:\/\/www.amigosdelantiguoegipto.com\/colegio-publico-parapanda-2002-2003\/"},"modified":"2014-06-29T09:44:04","modified_gmt":"2014-06-29T09:44:04","slug":"colegio-publico-parapanda-2002-2003","status":"publish","type":"page","link":"http:\/\/amigosdelantiguoegipto.com\/?page_id=8594","title":{"rendered":"Colegio P\u00fablico Parapanda (2002-2003)"},"content":{"rendered":"<p><a href=\"http:\/\/amigosdelantiguoegipto.com\/?p=8580%20\">Trabajos en Colegios e Instituciones<\/a><\/p>\n<p style=\"text-align: right;\">Francisco Garc\u00eda Jim\u00e9nez &#8211; Marzo de 2003<\/p>\n<h3>Colegio P\u00fablico Parapanda (Ob\u00e9ilar &#8211; Granada)<\/h3>\n<p>&#8211; <a href=\"http:\/\/www.juntadeandalucia.es\/averroes\/cprparapanda\/\" target=\"_blank\">Sitio web de C.P.R. Parapanda<\/a><\/p>\n<p>Dibujos sobre el Antiguo Egipto realizados por los alumnos durante el curso escolar 2002-2003.<\/p>\n<p class=\"centrar\">Francisco Javier Montero Valero 12 a\u00f1os (Granada &#8211; Espa\u00f1a)<\/p>\n<div class=\"mosimage\" style=\"float: center;\" align=\"center\">\n<div id=\"attachment_293\" style=\"width: 710px\" class=\"wp-caption aligncenter\"><img aria-describedby=\"caption-attachment-293\" decoding=\"async\" loading=\"lazy\" class=\"wp-image-293 size-full\" title=\"Ojo de Horus\" src=\"http:\/\/www.amigosdelantiguoegipto.com\/wp-content\/uploads\/varios\/colegios\/2003\/03\/francisco_montero.jpg\" alt=\"Ojo de Horus\" width=\"700\" height=\"460\" border=\"0\" hspace=\"6\" \/><p id=\"caption-attachment-293\" class=\"wp-caption-text\">Ojo de Horus<\/p><\/div>\n<\/div>\n<p class=\"centrar\" style=\"text-align: justify;\">Sergio Montero 12 a\u00f1os (Granada &#8211; Espa\u00f1a)<\/p>\n<div class=\"mosimage\" style=\"text-align: center;\" align=\"center\">\n<div id=\"attachment_294\" style=\"width: 503px\" class=\"wp-caption aligncenter\"><img aria-describedby=\"caption-attachment-294\" decoding=\"async\" loading=\"lazy\" class=\"wp-image-294 size-full\" title=\"La pir\u00e1mide del fara\u00f3n\" src=\"http:\/\/www.amigosdelantiguoegipto.com\/wp-content\/uploads\/varios\/colegios\/2003\/03\/sergio_montero.jpg\" alt=\"La pir\u00e1mide del fara\u00f3n\" width=\"493\" height=\"700\" border=\"0\" hspace=\"6\" \/><p id=\"caption-attachment-294\" class=\"wp-caption-text\">La pir\u00e1mide del fara\u00f3n<\/p><\/div>\n<\/div>\n<p class=\"centrar\" style=\"text-align: justify;\">Antonio Garc\u00eda 11 a\u00f1os (Granada &#8211; Espa\u00f1a)<\/p>\n<div class=\"mosimage\" style=\"text-align: center;\" align=\"center\">\n<div id=\"attachment_269\" style=\"width: 507px\" class=\"wp-caption aligncenter\"><img aria-describedby=\"caption-attachment-269\" decoding=\"async\" loading=\"lazy\" class=\"wp-image-269 size-full\" title=\"La vida en Egipto\" src=\"http:\/\/www.amigosdelantiguoegipto.com\/wp-content\/uploads\/varios\/colegios\/2004\/02\/antonio_egipto.jpg\" alt=\"La vida en Egipto\" width=\"497\" height=\"700\" border=\"0\" hspace=\"6\" \/><p id=\"caption-attachment-269\" class=\"wp-caption-text\">La vida en Egipto<\/p><\/div>\n<\/div>\n<p class=\"centrar\" style=\"text-align: justify;\">Antonio L\u00f3pez 12 a\u00f1os (Granada &#8211; Espa\u00f1a)<\/p>\n<div class=\"mosimage\" style=\"text-align: center;\" align=\"center\">\n<div id=\"attachment_295\" style=\"width: 710px\" class=\"wp-caption aligncenter\"><img aria-describedby=\"caption-attachment-295\" decoding=\"async\" loading=\"lazy\" class=\"wp-image-295 size-full\" title=\"Ojo de Horus\" src=\"http:\/\/www.amigosdelantiguoegipto.com\/wp-content\/uploads\/varios\/colegios\/2003\/03\/antonio_lopez_3.jpg\" alt=\"Ojo de Horus\" width=\"700\" height=\"609\" border=\"0\" hspace=\"6\" \/><p id=\"caption-attachment-295\" class=\"wp-caption-text\">Ojo de Horus<\/p><\/div>\n<\/div>\n<p class=\"centrar\" style=\"text-align: justify;\">Antonio L\u00f3pez 11 a\u00f1os (Granada &#8211; Espa\u00f1a)<\/p>\n<div class=\"mosimage\" style=\"text-align: center;\" align=\"center\">\n<div id=\"attachment_296\" style=\"width: 710px\" class=\"wp-caption aligncenter\"><img aria-describedby=\"caption-attachment-296\" decoding=\"async\" loading=\"lazy\" class=\"wp-image-296 size-full\" title=\"El aut\u00e9ntico paisaje de Egipto\" src=\"http:\/\/www.amigosdelantiguoegipto.com\/wp-content\/uploads\/varios\/colegios\/2003\/03\/antonio_lopez.jpg\" alt=\"El aut\u00e9ntico paisaje de Egipto\" width=\"700\" height=\"505\" border=\"0\" hspace=\"6\" \/><p id=\"caption-attachment-296\" class=\"wp-caption-text\">El aut\u00e9ntico paisaje de Egipto<\/p><\/div>\n<\/div>\n<div class=\"mosimage\" style=\"text-align: center;\" align=\"center\">\n<div id=\"attachment_297\" style=\"width: 710px\" class=\"wp-caption aligncenter\"><img aria-describedby=\"caption-attachment-297\" decoding=\"async\" loading=\"lazy\" class=\"wp-image-297 size-full\" title=\"Pir\u00e1mides cerca del Nilo\" src=\"http:\/\/www.amigosdelantiguoegipto.com\/wp-content\/uploads\/varios\/colegios\/2003\/03\/antonio_lopez_2.jpg\" alt=\"Pir\u00e1mides cerca del Nilo\" width=\"700\" height=\"494\" border=\"0\" hspace=\"6\" \/><p id=\"caption-attachment-297\" class=\"wp-caption-text\">Pir\u00e1mides cerca del Nilo<\/p><\/div>\n<\/div>\n<p class=\"centrar\" style=\"text-align: justify;\">Benjam\u00edn P\u00e9rez 12 a\u00f1os (Granada &#8211; Espa\u00f1a)<\/p>\n<div class=\"mosimage\" style=\"text-align: center;\" align=\"center\">\n<div id=\"attachment_298\" style=\"width: 710px\" class=\"wp-caption aligncenter\"><img aria-describedby=\"caption-attachment-298\" decoding=\"async\" loading=\"lazy\" class=\"wp-image-298 size-full\" title=\"Ojo de Horus\" src=\"http:\/\/www.amigosdelantiguoegipto.com\/wp-content\/uploads\/varios\/colegios\/2003\/03\/benjamin_perez_3.jpg\" alt=\"Ojo de Horus\" width=\"700\" height=\"505\" border=\"0\" hspace=\"6\" \/><p id=\"caption-attachment-298\" class=\"wp-caption-text\">Ojo de Horus<\/p><\/div>\n<\/div>\n<div class=\"mosimage\" style=\"text-align: center;\" align=\"center\">\n<div id=\"attachment_299\" style=\"width: 518px\" class=\"wp-caption aligncenter\"><img aria-describedby=\"caption-attachment-299\" decoding=\"async\" loading=\"lazy\" class=\"wp-image-299 size-full\" title=\"El Fara\u00f3n\" src=\"http:\/\/www.amigosdelantiguoegipto.com\/wp-content\/uploads\/varios\/colegios\/2003\/03\/benjamin_perez.jpg\" alt=\"El Fara\u00f3n\" width=\"508\" height=\"700\" border=\"0\" hspace=\"6\" \/><p id=\"caption-attachment-299\" class=\"wp-caption-text\">El Fara\u00f3n<\/p><\/div>\n<\/div>\n<div class=\"mosimage\" style=\"text-align: center;\" align=\"center\">\n<div id=\"attachment_300\" style=\"width: 506px\" class=\"wp-caption aligncenter\"><img aria-describedby=\"caption-attachment-300\" decoding=\"async\" loading=\"lazy\" class=\"wp-image-300 size-full\" title=\"La estatua de Rams\u00e9s\" src=\"http:\/\/www.amigosdelantiguoegipto.com\/wp-content\/uploads\/varios\/colegios\/2003\/03\/benjamin_perez_2.jpg\" alt=\"La estatua de Rams\u00e9s\" width=\"496\" height=\"699\" border=\"0\" hspace=\"6\" \/><p id=\"caption-attachment-300\" class=\"wp-caption-text\">La estatua de Rams\u00e9s<\/p><\/div>\n<\/div>\n<p class=\"centrar\" style=\"text-align: left;\">Ivan Navarrete 12 a\u00f1os (Granada &#8211; Espa\u00f1a)<\/p>\n<div class=\"mosimage\" style=\"text-align: center;\" align=\"center\">\n<div id=\"attachment_301\" style=\"width: 710px\" class=\"wp-caption aligncenter\"><img aria-describedby=\"caption-attachment-301\" decoding=\"async\" loading=\"lazy\" class=\"wp-image-301 size-full\" title=\"Ojo de Horus\" src=\"http:\/\/www.amigosdelantiguoegipto.com\/wp-content\/uploads\/varios\/colegios\/2003\/03\/ivan_navarrete_3.jpg\" alt=\"Ojo de Horus\" width=\"700\" height=\"503\" border=\"0\" hspace=\"6\" \/><p id=\"caption-attachment-301\" class=\"wp-caption-text\">Ojo de Horus<\/p><\/div>\n<\/div>\n<div class=\"mosimage\" style=\"text-align: center;\" align=\"center\">\n<div id=\"attachment_302\" style=\"width: 513px\" class=\"wp-caption aligncenter\"><img aria-describedby=\"caption-attachment-302\" decoding=\"async\" loading=\"lazy\" class=\"wp-image-302 size-full\" title=\"La pir\u00e1mide Marr\u00f3n\" src=\"http:\/\/www.amigosdelantiguoegipto.com\/wp-content\/uploads\/varios\/colegios\/2003\/03\/ivan_navarrete.jpg\" alt=\"La pir\u00e1mide Marr\u00f3n\" width=\"503\" height=\"700\" border=\"0\" hspace=\"6\" \/><p id=\"caption-attachment-302\" class=\"wp-caption-text\">La pir\u00e1mide Marr\u00f3n<\/p><\/div>\n<\/div>\n<div class=\"mosimage\" style=\"text-align: center;\" align=\"center\">\n<div id=\"attachment_303\" style=\"width: 503px\" class=\"wp-caption aligncenter\"><img aria-describedby=\"caption-attachment-303\" decoding=\"async\" loading=\"lazy\" class=\"wp-image-303 size-full\" title=\"Las piramides del desierto\" src=\"http:\/\/www.amigosdelantiguoegipto.com\/wp-content\/uploads\/varios\/colegios\/2003\/03\/ivan_navarrete_2.jpg\" alt=\"Las piramides del desierto\" width=\"493\" height=\"700\" border=\"0\" hspace=\"6\" \/><p id=\"caption-attachment-303\" class=\"wp-caption-text\">Las piramides del desierto<\/p><\/div>\n<\/div>\n<p class=\"centrar\" style=\"text-align: justify;\">Jennifer Castro 11 a\u00f1os (Granada &#8211; Espa\u00f1a)<\/p>\n<div class=\"mosimage\" style=\"text-align: center;\" align=\"center\">\n<div id=\"attachment_304\" style=\"width: 710px\" class=\"wp-caption aligncenter\"><img aria-describedby=\"caption-attachment-304\" decoding=\"async\" loading=\"lazy\" class=\"wp-image-304 size-full\" title=\"Ojo de Horus\" src=\"http:\/\/www.amigosdelantiguoegipto.com\/wp-content\/uploads\/varios\/colegios\/2003\/03\/jennifer_castro_3.jpg\" alt=\"Ojo de Horus\" width=\"700\" height=\"395\" border=\"0\" hspace=\"6\" \/><p id=\"caption-attachment-304\" class=\"wp-caption-text\">Ojo de Horus<\/p><\/div>\n<\/div>\n<div class=\"mosimage\" style=\"text-align: center;\" align=\"center\">\n<div id=\"attachment_305\" style=\"width: 710px\" class=\"wp-caption aligncenter\"><img aria-describedby=\"caption-attachment-305\" decoding=\"async\" loading=\"lazy\" class=\"wp-image-305 size-full\" title=\"La Pir\u00e1mide y el Fara\u00f3n\" src=\"http:\/\/www.amigosdelantiguoegipto.com\/wp-content\/uploads\/varios\/colegios\/2003\/03\/jennifer_castro.jpg\" alt=\"La Pir\u00e1mide y el Fara\u00f3n\" width=\"700\" height=\"471\" border=\"0\" hspace=\"6\" \/><p id=\"caption-attachment-305\" class=\"wp-caption-text\">La Pir\u00e1mide y el Fara\u00f3n<\/p><\/div>\n<\/div>\n<div class=\"mosimage\" style=\"text-align: center;\" align=\"center\">\n<div id=\"attachment_306\" style=\"width: 504px\" class=\"wp-caption aligncenter\"><img aria-describedby=\"caption-attachment-306\" decoding=\"async\" loading=\"lazy\" class=\"wp-image-306 size-full\" title=\"La Gran Pir\u00e1mide de Egipto\" src=\"http:\/\/www.amigosdelantiguoegipto.com\/wp-content\/uploads\/varios\/colegios\/2003\/03\/jennifer_castro_2.jpg\" alt=\"La Gran Pir\u00e1mide de Egipto\" width=\"494\" height=\"701\" border=\"0\" hspace=\"6\" \/><p id=\"caption-attachment-306\" class=\"wp-caption-text\">La Gran Pir\u00e1mide de Egipto<\/p><\/div>\n<\/div>\n<p class=\"centrar\" style=\"text-align: justify;\">Mar\u00eda Garc\u00eda Ru\u00edz de Adana 6 a\u00f1os (Granada &#8211; Espa\u00f1a)<\/p>\n<div class=\"mosimage\" style=\"float: center;\" align=\"center\">\n<div id=\"attachment_307\" style=\"width: 710px\" class=\"wp-caption aligncenter\"><img aria-describedby=\"caption-attachment-307\" decoding=\"async\" loading=\"lazy\" class=\"wp-image-307 size-full\" title=\"Egipto\" src=\"http:\/\/www.amigosdelantiguoegipto.com\/wp-content\/uploads\/varios\/colegios\/2003\/03\/maria_garcia_egipto.jpg\" alt=\"Egipto\" width=\"700\" height=\"506\" border=\"0\" hspace=\"6\" \/><p id=\"caption-attachment-307\" class=\"wp-caption-text\">Egipto<\/p><\/div>\n<\/div>\n","protected":false},"excerpt":{"rendered":"<p>Trabajos en Colegios e Instituciones Francisco Garc\u00eda Jim\u00e9nez &#8211; Marzo de 2003 Colegio P\u00fablico Parapanda (Ob\u00e9ilar &#8211; Granada) &#8211; Sitio web de C.P.R. Parapanda Dibujos sobre el Antiguo Egipto realizados por los alumnos durante el curso escolar 2002-2003. Francisco Javier Montero Valero 12 a\u00f1os (Granada &#8211; Espa\u00f1a) Sergio Montero 12 a\u00f1os (Granada &#8211; Espa\u00f1a) Antonio Garc\u00eda 11 a\u00f1os (Granada &#8211;&#8230;<\/p>\n<p class=\"continue-reading-button\"> <a class=\"continue-reading-link\" href=\"http:\/\/amigosdelantiguoegipto.com\/?page_id=8594\">Seguir leyendo<i class=\"crycon-right-dir\"><\/i><\/a><\/p>\n","protected":false},"author":1,"featured_media":0,"parent":0,"menu_order":16,"comment_status":"closed","ping_status":"closed","template":"","meta":{"ngg_post_thumbnail":0},"_links":{"self":[{"href":"http:\/\/amigosdelantiguoegipto.com\/index.php?rest_route=\/wp\/v2\/pages\/8594"}],"collection":[{"href":"http:\/\/amigosdelantiguoegipto.com\/index.php?rest_route=\/wp\/v2\/pages"}],"about":[{"href":"http:\/\/amigosdelantiguoegipto.com\/index.php?rest_route=\/wp\/v2\/types\/page"}],"author":[{"embeddable":true,"href":"http:\/\/amigosdelantiguoegipto.com\/index.php?rest_route=\/wp\/v2\/users\/1"}],"replies":[{"embeddable":true,"href":"http:\/\/amigosdelantiguoegipto.com\/index.php?rest_route=%2Fwp%2Fv2%2Fcomments&post=8594"}],"version-history":[{"count":0,"href":"http:\/\/amigosdelantiguoegipto.com\/index.php?rest_route=\/wp\/v2\/pages\/8594\/revisions"}],"wp:attachment":[{"href":"http:\/\/amigosdelantiguoegipto.com\/index.php?rest_route=%2Fwp%2Fv2%2Fmedia&parent=8594"}],"curies":[{"name":"wp","href":"https:\/\/api.w.org\/{rel}","templated":true}]}}