{"id":8593,"date":"2004-11-17T01:00:00","date_gmt":"2004-11-17T01:00:00","guid":{"rendered":"http:\/\/www.amigosdelantiguoegipto.com\/jardin-kinder-school\/"},"modified":"2014-06-29T08:45:03","modified_gmt":"2014-06-29T08:45:03","slug":"jardin-kinder-school","status":"publish","type":"page","link":"http:\/\/amigosdelantiguoegipto.com\/?page_id=8593","title":{"rendered":"Jard\u00edn Kinder School"},"content":{"rendered":"<h3><a href=\"http:\/\/amigosdelantiguoegipto.com\/?p=8580%20\">Trabajos en Colegios e Instituciones<\/a><\/h3>\n<h3 style=\"text-align: right;\"><span class=\"createby\">Mar\u00eda Ang\u00e9lica Kaisseri\u00e1n &#8211; Noviembre de 2004 <\/span><\/h3>\n<h3>Jard\u00edn Kinder School. Buenos Aires (Rep\u00fablica Argentina)<\/h3>\n<p>Mi nombre es Mar\u00eda Ang\u00e9lica Kaisseri\u00e1n, soy licenciada en Educaci\u00f3n Inicial. Trabajo en el jard\u00edn KINDER SCHOOL en Buenos Aires, Rep\u00fablica Argentina. Tengo a cargo la sala de Preescolar (cinco a\u00f1os).<\/p>\n<p class=\"img\"><img decoding=\"async\" loading=\"lazy\" class=\" size-full wp-image-244 aligncenter\" title=\"Jard\u00edn Kinder School\" src=\"http:\/\/www.amigosdelantiguoegipto.com\/wp-content\/uploads\/varios\/colegios\/kinder\/00.jpg\" alt=\"Jard\u00edn Kinder School\" width=\"400\" height=\"300\" align=\"middle\" border=\"0\" hspace=\"6\" \/><\/p>\n<p>El proyecto propuesto para el inicio de actividades fue <strong>\u201cEl antiguo Imperio Egipcio\u201d<\/strong>. Se me ocurri\u00f3 porque el a\u00f1o pasado en sala de 4 hab\u00edamos desarrollado el proyecto \u201cAbor\u00edgenes de nuestra tierra\u201d y los nenes se hab\u00edan interesado much\u00edsimo en \u00e9l.<\/p>\n<p>La verdad estoy muy sorprendida de la aceptaci\u00f3n que tuvo el mismo no s\u00f3lo por los nenes, sino tambi\u00e9n por los pap\u00e1s, que enviaban libros, leyendas, notas de Internet, preguntaban diariamente si necesit\u00e1bamos otras cosas\u2026<\/p>\n<p class=\"img\"><img decoding=\"async\" loading=\"lazy\" class=\" size-full wp-image-134 aligncenter\" title=\"Jard\u00edn Kinder School\" src=\"http:\/\/www.amigosdelantiguoegipto.com\/wp-content\/uploads\/varios\/colegios\/kinder\/01.jpg\" alt=\"Jard\u00edn Kinder School\" width=\"400\" height=\"300\" align=\"middle\" border=\"0\" hspace=\"6\" \/><\/p>\n<p class=\"img\"><img decoding=\"async\" loading=\"lazy\" class=\" size-full wp-image-135 aligncenter\" title=\"Jard\u00edn Kinder School\" src=\"http:\/\/www.amigosdelantiguoegipto.com\/wp-content\/uploads\/varios\/colegios\/kinder\/02.jpg\" alt=\"Jard\u00edn Kinder School\" width=\"400\" height=\"300\" align=\"middle\" border=\"0\" hspace=\"6\" \/><\/p>\n<p class=\"img\"><img decoding=\"async\" loading=\"lazy\" class=\" size-full wp-image-136 aligncenter\" title=\"Jard\u00edn Kinder School\" src=\"http:\/\/www.amigosdelantiguoegipto.com\/wp-content\/uploads\/varios\/colegios\/kinder\/03.jpg\" alt=\"Jard\u00edn Kinder School\" width=\"400\" height=\"299\" align=\"middle\" border=\"0\" hspace=\"6\" \/><\/p>\n<p class=\"img\"><img decoding=\"async\" loading=\"lazy\" class=\" size-full wp-image-137 aligncenter\" title=\"Jard\u00edn Kinder School\" src=\"http:\/\/www.amigosdelantiguoegipto.com\/wp-content\/uploads\/varios\/colegios\/kinder\/04.jpg\" alt=\"Jard\u00edn Kinder School\" width=\"400\" height=\"300\" align=\"middle\" border=\"0\" hspace=\"6\" \/><\/p>\n<p style=\"text-align: justify;\">Algunas de las actividades que realizamos durante el mes fueron: leer leyendas, hacer dibujos sobre cartulina los cuales recortamos y con ellos confeccionamos una maqueta, pintamos la cara de Tutankhamon con t\u00e9mperas sobre una bandejita de papel aluminio,confeccionamos collares, brazaletes, la cruz egipcia, conversamos sobre la escritura de los egipcios, los jerogl\u00edficos, e inventamos un propio alfabeto, con el cual cada uno escribi\u00f3 su nombre, sobre hojas de papel quemadas, como si fuesen papiros.<\/p>\n<p class=\"img\"><img decoding=\"async\" loading=\"lazy\" class=\" size-full wp-image-138 aligncenter\" title=\"Jard\u00edn Kinder School\" src=\"http:\/\/www.amigosdelantiguoegipto.com\/wp-content\/uploads\/varios\/colegios\/kinder\/05.jpg\" alt=\"Jard\u00edn Kinder School\" width=\"400\" height=\"300\" align=\"middle\" border=\"0\" hspace=\"6\" \/><\/p>\n<p style=\"text-align: justify;\">Tambi\u00e9n hablamos de las costumbres, religi\u00f3n, la vestimenta, alimentaci\u00f3n, dioses. Sobre la ubicaci\u00f3n geogr\u00e1fica de Egipto, lo cual debo destacar porque un d\u00eda Micaela (una de las nenas) lleg\u00f3 con un mapa gigante de \u00c1frica y me mostr\u00f3 d\u00f3nde estaba ubicado Egipto; lo mismo sucedi\u00f3 con Vicky (quien apareci\u00f3 con un mapamundi para mostrarme tambi\u00e9n donde quedaba Egipto).<\/p>\n<p style=\"text-align: justify;\">Como forma de recordar todo lo aprendido inventamos un juego de reconocimiento, que consist\u00eda en responder, en grupo, preguntas relacionadas con el proyecto. Los nenes se entusiasmaron tanto que diariamente jug\u00e1bamos con los dos equipos: <em>Osiris <\/em>y <em>Faraones<\/em>, nombres que ellos mismos se pusieron.<\/p>\n<p style=\"text-align: justify;\">Como cierre del proyecto decoramos toda la sala con los materiales que fuimos elaborando durante todo el mes. Adem\u00e1s la ambientamos con los sectores de una t\u00edpica casa egipcia, el palacio del fara\u00f3n, donde los pap\u00e1s les sacaron fotos. La actividad consisti\u00f3 en realizar una clase abierta sobre los conocimientos adquiridos; adem\u00e1s preparamos una coreograf\u00eda con la canci\u00f3n <em>\u201cCleopatra la reina del Nilo\u201d<\/em>.<\/p>\n<p style=\"text-align: justify;\">La propuesta sinceramente super\u00f3 mis expectativas.<\/p>\n<p class=\"img\"><img decoding=\"async\" loading=\"lazy\" class=\" size-full wp-image-139 aligncenter\" title=\"Jard\u00edn Kinder School\" src=\"http:\/\/www.amigosdelantiguoegipto.com\/wp-content\/uploads\/varios\/colegios\/kinder\/06.jpg\" alt=\"Jard\u00edn Kinder School\" width=\"400\" height=\"274\" align=\"middle\" border=\"0\" hspace=\"6\" \/><\/p>\n<p class=\"img\"><img decoding=\"async\" loading=\"lazy\" class=\" size-full wp-image-140 aligncenter\" title=\"Jard\u00edn Kinder School\" src=\"http:\/\/www.amigosdelantiguoegipto.com\/wp-content\/uploads\/varios\/colegios\/kinder\/07.jpg\" alt=\"Jard\u00edn Kinder School\" width=\"269\" height=\"400\" align=\"middle\" border=\"0\" hspace=\"6\" \/><\/p>\n<p class=\"img\"><img decoding=\"async\" loading=\"lazy\" class=\" size-full wp-image-141 aligncenter\" title=\"Jard\u00edn Kinder School\" src=\"http:\/\/www.amigosdelantiguoegipto.com\/wp-content\/uploads\/varios\/colegios\/kinder\/08.jpg\" alt=\"Jard\u00edn Kinder School\" width=\"266\" height=\"400\" align=\"middle\" border=\"0\" hspace=\"6\" \/><\/p>\n<p><strong>Ahora compartimos un resumen de lo que aprendieron los nenes:<\/strong><\/p>\n<ul>\n<li>\u00bfQui\u00e9nes fueron los egipcios?<\/li>\n<li>\u00bfCu\u00e1l era la escritura que utilizaban?<\/li>\n<li>\u00bfCu\u00e1les eran sus medios de transporte?<\/li>\n<li>\u00bfC\u00f3mo estaba organizada la sociedad?<\/li>\n<li>\u00bfCu\u00e1les eran los alimentos que consum\u00edan?<\/li>\n<li>\u00bfPracticaban alg\u00fan deporte?<\/li>\n<li>\u00bfA qu\u00e9 se dedicaban?<\/li>\n<\/ul>\n<p>Mar\u00eda Ang\u00e9lica Kaisseri\u00e1n<br \/>\nKINDER SCHOOL<br \/>\nBuenos Aires, Argentina<br \/>\n<a href=\"mailto:kinderescuela@hotmail.com\">kinderescuela@hotmail.com<br \/>\n<\/a><a href=\"http:\/\/www.elportaleducativo.com.ar\" target=\"_blank\">http:\/\/www.elportaleducativo.com.ar<\/a><\/p>\n<p><img decoding=\"async\" loading=\"lazy\" class=\" size-full wp-image-245\" title=\"Jard\u00edn Kinder School\" src=\"http:\/\/www.amigosdelantiguoegipto.com\/wp-content\/uploads\/varios\/colegios\/kinder\/logo.gif\" alt=\"Jard\u00edn Kinder School\" width=\"100\" height=\"106\" border=\"0\" hspace=\"6\" \/><\/p>\n","protected":false},"excerpt":{"rendered":"<p>Trabajos en Colegios e Instituciones Mar\u00eda Ang\u00e9lica Kaisseri\u00e1n &#8211; Noviembre de 2004 Jard\u00edn Kinder School. Buenos Aires (Rep\u00fablica Argentina) Mi nombre es Mar\u00eda Ang\u00e9lica Kaisseri\u00e1n, soy licenciada en Educaci\u00f3n Inicial. Trabajo en el jard\u00edn KINDER SCHOOL en Buenos Aires, Rep\u00fablica Argentina. Tengo a cargo la sala de Preescolar (cinco a\u00f1os). El proyecto propuesto para el inicio de actividades fue \u201cEl&#8230;<\/p>\n<p class=\"continue-reading-button\"> <a class=\"continue-reading-link\" href=\"http:\/\/amigosdelantiguoegipto.com\/?page_id=8593\">Seguir leyendo<i class=\"crycon-right-dir\"><\/i><\/a><\/p>\n","protected":false},"author":1,"featured_media":0,"parent":0,"menu_order":12,"comment_status":"closed","ping_status":"closed","template":"","meta":{"ngg_post_thumbnail":0},"_links":{"self":[{"href":"http:\/\/amigosdelantiguoegipto.com\/index.php?rest_route=\/wp\/v2\/pages\/8593"}],"collection":[{"href":"http:\/\/amigosdelantiguoegipto.com\/index.php?rest_route=\/wp\/v2\/pages"}],"about":[{"href":"http:\/\/amigosdelantiguoegipto.com\/index.php?rest_route=\/wp\/v2\/types\/page"}],"author":[{"embeddable":true,"href":"http:\/\/amigosdelantiguoegipto.com\/index.php?rest_route=\/wp\/v2\/users\/1"}],"replies":[{"embeddable":true,"href":"http:\/\/amigosdelantiguoegipto.com\/index.php?rest_route=%2Fwp%2Fv2%2Fcomments&post=8593"}],"version-history":[{"count":0,"href":"http:\/\/amigosdelantiguoegipto.com\/index.php?rest_route=\/wp\/v2\/pages\/8593\/revisions"}],"wp:attachment":[{"href":"http:\/\/amigosdelantiguoegipto.com\/index.php?rest_route=%2Fwp%2Fv2%2Fmedia&parent=8593"}],"curies":[{"name":"wp","href":"https:\/\/api.w.org\/{rel}","templated":true}]}}