{"id":8590,"date":"2008-05-13T23:51:18","date_gmt":"2008-05-13T23:51:18","guid":{"rendered":"http:\/\/www.amigosdelantiguoegipto.com\/cp-poeta-anton-de-marirreguera\/"},"modified":"2014-06-29T07:49:32","modified_gmt":"2014-06-29T07:49:32","slug":"cp-poeta-anton-de-marirreguera","status":"publish","type":"page","link":"http:\/\/amigosdelantiguoegipto.com\/?page_id=8590","title":{"rendered":"C.P. Poeta Ant\u00f3n de Marirreguera"},"content":{"rendered":"<p class=\"img\"><a href=\"http:\/\/amigosdelantiguoegipto.com\/?p=8580%20\">Trabajos en Colegios e Instituciones<\/a><\/p>\n<p class=\"img\" style=\"text-align: right;\"><span class=\"createby\">Paloma Armada Collado &#8211; Mayo de 2008 <\/span><\/p>\n<p class=\"img\"><img decoding=\"async\" loading=\"lazy\" class=\" size-full wp-image-154\" title=\"C.P. Poeta Ant\u00f3n de Marirreguera\" src=\"http:\/\/amigosdelantiguoegipto.com\/wp-content\/uploads\/varios\/colegios\/2008\/05\/marirreguera-logotipopoeta.gif\" alt=\"C.P. Poeta Ant\u00f3n de Marirreguera\" width=\"100\" height=\"89\" align=\"middle\" border=\"0\" hspace=\"6\" \/><\/p>\n<p class=\"centrar\" style=\"text-align: center;\"><strong>C.P. Poeta Ant\u00f3n De Marirreguera. Cand\u00e1s. Carre\u00f1o (Asturias)<\/strong><br \/>\n<a href=\"http:\/\/web.educastur.princast.es\/cp\/poetaant\/\" target=\"_blank\">Sitio web C.P.Poeta Ant\u00f3n de Marirreguera<\/a><\/p>\n<p class=\"centrar\" style=\"text-align: center;\">Curso 2005-2006<br \/>\nTutora: Paloma Armada Collado \u2013 E. Infantil 4 a\u00f1os<\/p>\n<p class=\"centrar\" style=\"text-align: center;\"><strong>DESCUBRO EL ANTIGUO EGIPTO<\/strong><\/p>\n<div id=\"attachment_155\" style=\"width: 510px\" class=\"wp-caption aligncenter\"><img aria-describedby=\"caption-attachment-155\" decoding=\"async\" loading=\"lazy\" class=\"wp-image-155 size-full\" title=\"C.P. Poeta Ant\u00f3n de Marirreguera\" src=\"http:\/\/amigosdelantiguoegipto.com\/wp-content\/uploads\/varios\/colegios\/2008\/05\/marirreguera-01-portada.jpg\" alt=\"C.P. Poeta Ant\u00f3n de Marirreguera\" width=\"500\" height=\"374\" align=\"middle\" border=\"0\" hspace=\"6\" \/><p id=\"caption-attachment-155\" class=\"wp-caption-text\">C.P. Poeta Ant\u00f3n de Marirreguera\u00a0<\/p><\/div>\n<h3>Presentaci\u00f3n<\/h3>\n<p style=\"text-align: justify;\">Mi nombre es <strong>Paloma Armada<\/strong>, tutora de Infantil de 4 a\u00f1os y, junto con otros compa\u00f1eros, me encargo de la <strong>Biblioteca del Centro<\/strong>. En nuestro colegio todos los a\u00f1os desde la biblioteca se proponen temas, actividades, exposiciones, cuentacuentos&#8230; Todo lo que se nos ocurre para acercar el mundo de los libros a los ni\u00f1os. Participa todo el Centro.<\/p>\n<p style=\"text-align: justify;\">Este a\u00f1o el tema que hemos propuesto es <strong>EGIPTO<\/strong>. Durante el primer trimestre recopilamos material que seleccionamos para este proyecto y compramos libros sobre el tema (nos ha sido de mucha utilidad la bibliograf\u00eda que nos facilitaste).<br \/>\nComo se trata de un proyecto para todo el colegio, pensamos en actividades a proponer y procedimos a distribuir los contenidos m\u00e1s apropiados para trabajar en cada ciclo.<\/p>\n<p style=\"text-align: justify;\">Adem\u00e1s pedimos la colaboraci\u00f3n de las familias. Y as\u00ed empezamos a decorar el Centro con paneles y objetos del antiguo Egipto.<\/p>\n<p style=\"text-align: justify;\">La actividad se desarrollar\u00eda en el segundo trimestre para culminar con una exposici\u00f3n en el tercer trimestre. Por otro lado el equipo de Educaci\u00f3n Infantil nos hemos propuesto realizar durante el segundo trimestre un proyecto sobre Egipto.<\/p>\n<h3 style=\"text-align: justify;\">Fundamentaci\u00f3n y desarrollo del proyecto<\/h3>\n<p style=\"text-align: justify;\">El antiguo Egipto es una civilizaci\u00f3n que nos ofrece, de un modo atractivo, numerosos recursos para trabajar los contenidos del ciclo. Por otro lado, el inter\u00e9s hacia esa civilizaci\u00f3n est\u00e1 siempre de actualidad por lo que es f\u00e1cil acceder a muy diversos materiales para su estudio presentes en nuestra sociedad. Adem\u00e1s, es el tema escogido en el Centro para el carnaval y la exposici\u00f3n del d\u00eda del libro en la que participar\u00e1 todo el colegio con los trabajos elaborados sobre Egipto.<\/p>\n<p style=\"text-align: justify;\">Nuestro objetivo de trabajo se ha centrado en dos \u00e1reas:<\/p>\n<h3 style=\"text-align: justify;\">\u00c1rea de comunicaci\u00f3n y representaci\u00f3n<\/h3>\n<p style=\"text-align: justify;\">&#8211; Expresi\u00f3n matem\u00e1tica mediante el reconocimiento de representaciones de Egipto y situaci\u00f3n en ellas de distintos espacios: el r\u00edo Nilo, las pir\u00e1mides\u2026; y el reconocimiento y construcci\u00f3n del cuerpo geom\u00e9trico: pir\u00e1mide.<\/p>\n<p style=\"text-align: justify;\">&#8211; Expresi\u00f3n escrita y oral a trav\u00e9s de vocabulario tem\u00e1tico; cuentos, poes\u00edas y adivinanzas sobre Egipto; la obtenci\u00f3n de informaci\u00f3n a trav\u00e9s de conversaciones; o la producci\u00f3n de distintos textos (jerogl\u00edficos).<\/p>\n<p style=\"text-align: justify;\">&#8211; Expresi\u00f3n corporal representada a trav\u00e9s del movimiento y la m\u00fasica (egipcia) mediante el baile; o trabajando mediante juegos individuales y colectivos.<\/p>\n<p style=\"text-align: justify;\">&#8211; Expresi\u00f3n pl\u00e1stica: reconocer y valorar el arte egipcio descubriendo sus caracter\u00edsticas.<\/p>\n<h3 style=\"text-align: justify;\">\u00c1rea del medio f\u00edsico y social<\/h3>\n<p style=\"text-align: justify;\">La investigaci\u00f3n se centr\u00f3 en determinados puntos de la civilizaci\u00f3n egipcia:<\/p>\n<p style=\"text-align: justify;\">&#8211; Egipto, situaci\u00f3n y caracter\u00edsticas naturales.<br \/>\n&#8211; Pir\u00e1mides y monumentos. Momias y dioses m\u00e1s importantes.<br \/>\n&#8211; Faraones.<br \/>\n&#8211; El trabajo y la vida diaria de las personas que viv\u00edan en el antiguo Egipto.<\/p>\n<div id=\"attachment_156\" style=\"width: 490px\" class=\"wp-caption aligncenter\"><img aria-describedby=\"caption-attachment-156\" decoding=\"async\" loading=\"lazy\" class=\"wp-image-156 size-full\" title=\"Fundamentaci\u00f3n y desarrollo del proyecto\" src=\"http:\/\/amigosdelantiguoegipto.com\/wp-content\/uploads\/varios\/colegios\/2008\/05\/marirreguera-grafico.gif\" alt=\"Fundamentaci\u00f3n y desarrollo del proyecto\" width=\"480\" height=\"480\" align=\"middle\" border=\"0\" hspace=\"6\" \/><p id=\"caption-attachment-156\" class=\"wp-caption-text\">Fundamentaci\u00f3n y desarrollo del proyecto<\/p><\/div>\n<p style=\"text-align: justify;\">Y para ello se realizaron actividades que ayudaron a los alumnos a conocer los animales y las plantas propios del desierto. Aprendieron a escribir su propio nombre en escritura jerogl\u00edfica.\u00a0 Y trabajaron en la localizaci\u00f3n de manifestaciones de la cultura egipcia en su entorno. Adem\u00e1s disfrutaron mucho con la exploraci\u00f3n de materiales y objetos egipcios.<\/p>\n<h3 style=\"text-align: justify;\">Actividades realizadas<\/h3>\n<ul style=\"text-align: justify;\">\n<li>Conversaci\u00f3n sobre Egipto.<\/li>\n<li>\u00bfC\u00f3mo es Egipto? \u00bfQui\u00e9n est\u00e1 all\u00ed? (en la actualidad) \u00bfQui\u00e9n estuvo?<\/li>\n<li>Caracter\u00edsticas del desierto.<\/li>\n<li>Animales que podemos encontrar en Egipto.<\/li>\n<li>Costumbres de los egipcios.<\/li>\n<li>Comparaci\u00f3n de su cultura con la nuestra.<\/li>\n<li>Averiguar a qu\u00e9 jugaban los ni\u00f1os egipcios.<\/li>\n<li>Observaci\u00f3n y exploraci\u00f3n de fotos de Egipto, cuadernos, libros, etc.<\/li>\n<li>Actividades de la vida diaria en el antiguo Egipto.<\/li>\n<li>Orientaci\u00f3n en los mapas: el pa\u00eds propio, \u00c1frica, Egipto, el r\u00edo Nilo.<\/li>\n<li>Sentimientos que generan las momias, sensaciones. Escritura e ilustraci\u00f3n de los mismos.<\/li>\n<li>Funciones de cada uno en Egipto, faraones, sacerdotes, escribas, esclavos, etc<\/li>\n<li>Conocer los dioses m\u00e1s importantes del antiguo Egipto.<\/li>\n<li>\u00bfQu\u00e9 se sigue haciendo en el nuevo Egipto? \u00bfQu\u00e9 se deja de hacer?<\/li>\n<li>Confecci\u00f3n de un shaduf (aparato usado para sacar agua en el antiguo Egipto).<\/li>\n<li>Materiales utilizados en la construcci\u00f3n de las pir\u00e1mides y dem\u00e1s monumentos egipcios.<\/li>\n<li>Construcci\u00f3n de una pir\u00e1mide<\/li>\n<li>Maqueta de Egipto.<\/li>\n<li>Simular una momia con uno de los mu\u00f1ecos de clase y construir un sarc\u00f3fago para ella. Buscar los tesoros y objetos que necesitar\u00e1 nuestra momia en el mas all\u00e1.<\/li>\n<li>Juegos de mesa egipcios (senet y mancal\u00e1).<\/li>\n<li>Adornar la clase. Realizaci\u00f3n de carteles.<\/li>\n<li>Elaborar los disfraces de carnaval.<\/li>\n<li>Narraci\u00f3n y lectura de cuentos.<\/li>\n<li>Memorizaci\u00f3n de poes\u00edas, adivinanzas y canciones.<\/li>\n<li>Armar palabras, a partir de s\u00edlabas, y\/o de letras.<\/li>\n<li>Juegos con cantidades, individuales, por parejas, grupales.<\/li>\n<li>Juegos con letras y s\u00edlabas.<\/li>\n<li>B\u00fasqueda de material sobre Egipto. Exploraci\u00f3n.<\/li>\n<li>Reconocimiento del nombre propio en escritura jerogl\u00edfica.<\/li>\n<\/ul>\n<h3 style=\"text-align: justify;\">Preparados para el Carnaval<\/h3>\n<p style=\"text-align: justify;\">Todo empez\u00f3 antes del Carnaval y llegado el momento nos disfrazamos de egipcios.<\/p>\n<p style=\"text-align: justify;\">Prepar\u00e1ndonos en las aulas\u2026<\/p>\n<p><img decoding=\"async\" class=\"aligncenter wp-image-135 size-full\" title=\"Prepar\u00e1ndonos en las aulas\" src=\"http:\/\/amigosdelantiguoegipto.com\/wp-content\/uploads\/varios\/colegios\/2008\/05\/marirreguera-02.jpg\" alt=\"Prepar\u00e1ndonos en las aulas\" align=\"middle\" border=\"0\" hspace=\"6\" \/><\/p>\n<p><img decoding=\"async\" class=\"aligncenter wp-image-136 size-full\" title=\"Prepar\u00e1ndonos en las aulas\" src=\"http:\/\/amigosdelantiguoegipto.com\/wp-content\/uploads\/varios\/colegios\/2008\/05\/marirreguera-03.jpg\" alt=\"Prepar\u00e1ndonos en las aulas\" align=\"middle\" border=\"0\" hspace=\"6\" \/><\/p>\n<p style=\"text-align: justify;\">Posando antes de desfilar\u2026<\/p>\n<p><img decoding=\"async\" class=\"aligncenter wp-image-137 size-full\" title=\"Posando antes de desfilar\" src=\"http:\/\/amigosdelantiguoegipto.com\/wp-content\/uploads\/varios\/colegios\/2008\/05\/marirreguera-04.jpg\" alt=\"Posando antes de desfilar\" align=\"middle\" border=\"0\" hspace=\"6\" \/><\/p>\n<p class=\"img\"><img decoding=\"async\" class=\" size-full wp-image-138 aligncenter\" title=\"Posando antes de desfilar\" src=\"http:\/\/amigosdelantiguoegipto.com\/wp-content\/uploads\/varios\/colegios\/2008\/05\/marirreguera-05.jpg\" alt=\"Posando antes de desfilar\" align=\"middle\" border=\"0\" hspace=\"6\" \/><\/p>\n<p class=\"img\"><img decoding=\"async\" class=\" size-full wp-image-139 aligncenter\" title=\"Posando antes de desfilar\" src=\"http:\/\/amigosdelantiguoegipto.com\/wp-content\/uploads\/varios\/colegios\/2008\/05\/marirreguera-06.jpg\" alt=\"Posando antes de desfilar\" align=\"middle\" border=\"0\" hspace=\"6\" \/><\/p>\n<p style=\"text-align: justify;\">El sarc\u00f3fago del fara\u00f3n ya est\u00e1 preparado para el paseo procesional\u2026 \u00a1qu\u00e9 bien lo vamos a pasar!<\/p>\n<p class=\"img\"><img decoding=\"async\" class=\" size-full wp-image-140 aligncenter\" title=\"El sarc\u00f3fago del fara\u00f3n ya est\u00e1 preparado para el paseo procesional\" src=\"http:\/\/amigosdelantiguoegipto.com\/wp-content\/uploads\/varios\/colegios\/2008\/05\/marirreguera-07.jpg\" alt=\"El sarc\u00f3fago del fara\u00f3n ya est\u00e1 preparado para el paseo procesional\" align=\"middle\" border=\"0\" hspace=\"6\" \/><\/p>\n<p class=\"img\"><img decoding=\"async\" class=\" size-full wp-image-141 aligncenter\" title=\"El sarc\u00f3fago del fara\u00f3n ya est\u00e1 preparado para el paseo procesional\" src=\"http:\/\/amigosdelantiguoegipto.com\/wp-content\/uploads\/varios\/colegios\/2008\/05\/marirreguera-08.jpg\" alt=\"El sarc\u00f3fago del fara\u00f3n ya est\u00e1 preparado para el paseo procesional\" align=\"middle\" border=\"0\" hspace=\"6\" \/><\/p>\n<p class=\"img\"><img decoding=\"async\" class=\"aligncenter wp-image-142 size-full\" title=\"El sarc\u00f3fago del fara\u00f3n ya est\u00e1 preparado para el paseo procesional\" src=\"http:\/\/amigosdelantiguoegipto.com\/wp-content\/uploads\/varios\/colegios\/2008\/05\/marirreguera-09.jpg\" alt=\"El sarc\u00f3fago del fara\u00f3n ya est\u00e1 preparado para el paseo procesional\" align=\"middle\" border=\"0\" hspace=\"6\" \/><\/p>\n<p style=\"text-align: justify;\">Para finalizar a continuaci\u00f3n pod\u00e9is ver el resultado de este proyecto\u2026<\/p>\n<p style=\"text-align: justify;\">En abril decidimos convertir el colegio en Egipto y empezamos a trabajar\u2026 Trabajamos\u2026 Trabajamos\u2026 Seguimos trabajando\u2026 Un poco m\u00e1s\u2026 Grandes y peque\u00f1os\u2026<\/p>\n<p style=\"text-align: justify;\">\u00a1Y por fin estuvo listo! El colegio se llen\u00f3 de\u2026 dioses, momias, proceso de la momificaci\u00f3n, procesiones funerarias, guerreros, escribas, casas egipcias, animales de Egipto, el r\u00edo Nilo, maquetas de Egipto, poblaci\u00f3n de Egipto, bailes de Egipto\u2026, y una exposici\u00f3n con objetos,\u00a0 trabajos de clase y libros de Egipto.<\/p>\n<p style=\"text-align: justify;\">Nuestro museo tuvo muchas visitas.<\/p>\n<p style=\"text-align: justify;\">Este trabajo est\u00e1 realizado el formato PDF, para poder visualizarlo es necesario disponer del programa correspondiente.<\/p>\n<hr \/>\n<table border=\"0\" cellspacing=\"0\" cellpadding=\"0\" align=\"center\">\n<tbody>\n<tr>\n<td align=\"center\"><img decoding=\"async\" loading=\"lazy\" class=\" size-full wp-image-157\" title=\"Descargar Descubro el Antiguo Egipto \" src=\"http:\/\/amigosdelantiguoegipto.com\/wp-content\/uploads\/varios\/colegios\/2008\/05\/icopdf.gif\" alt=\"Descargar Descubro el Antiguo Egipto \" width=\"46\" height=\"47\" border=\"0\" hspace=\"6\" \/><\/td>\n<td><a href=\"http:\/\/amigosdelantiguoegipto.com\/wp-content\/uploads\/2008\/05\/museo-egipto-cp-poeta-anton.pdf\" target=\"_blank\"><strong>Descargar Descubro el Antiguo Egipto<\/strong><\/a><\/td>\n<\/tr>\n<tr>\n<td colspan=\"2\" align=\"center\"><\/td>\n<\/tr>\n<\/tbody>\n<\/table>\n<p style=\"text-align: justify;\">Para poder visualizar el archivo es necesario disponer del programa Acrobat Reader. Si no dispones de \u00e9l puedes descargarlo desde la <a href=\"http:\/\/www.adobe.com\/es\/products\/acrobat\/readstep2.html\" target=\"_blank\">web de Adobe<\/a>.<\/p>\n","protected":false},"excerpt":{"rendered":"<p>Trabajos en Colegios e Instituciones Paloma Armada Collado &#8211; Mayo de 2008 C.P. Poeta Ant\u00f3n De Marirreguera. Cand\u00e1s. Carre\u00f1o (Asturias) Sitio web C.P.Poeta Ant\u00f3n de Marirreguera Curso 2005-2006 Tutora: Paloma Armada Collado \u2013 E. Infantil 4 a\u00f1os DESCUBRO EL ANTIGUO EGIPTO Presentaci\u00f3n Mi nombre es Paloma Armada, tutora de Infantil de 4 a\u00f1os y, junto con otros compa\u00f1eros, me encargo&#8230;<\/p>\n<p class=\"continue-reading-button\"> <a class=\"continue-reading-link\" href=\"http:\/\/amigosdelantiguoegipto.com\/?page_id=8590\">Seguir leyendo<i class=\"crycon-right-dir\"><\/i><\/a><\/p>\n","protected":false},"author":1,"featured_media":0,"parent":0,"menu_order":5,"comment_status":"closed","ping_status":"closed","template":"","meta":{"ngg_post_thumbnail":0},"_links":{"self":[{"href":"http:\/\/amigosdelantiguoegipto.com\/index.php?rest_route=\/wp\/v2\/pages\/8590"}],"collection":[{"href":"http:\/\/amigosdelantiguoegipto.com\/index.php?rest_route=\/wp\/v2\/pages"}],"about":[{"href":"http:\/\/amigosdelantiguoegipto.com\/index.php?rest_route=\/wp\/v2\/types\/page"}],"author":[{"embeddable":true,"href":"http:\/\/amigosdelantiguoegipto.com\/index.php?rest_route=\/wp\/v2\/users\/1"}],"replies":[{"embeddable":true,"href":"http:\/\/amigosdelantiguoegipto.com\/index.php?rest_route=%2Fwp%2Fv2%2Fcomments&post=8590"}],"version-history":[{"count":0,"href":"http:\/\/amigosdelantiguoegipto.com\/index.php?rest_route=\/wp\/v2\/pages\/8590\/revisions"}],"wp:attachment":[{"href":"http:\/\/amigosdelantiguoegipto.com\/index.php?rest_route=%2Fwp%2Fv2%2Fmedia&parent=8590"}],"curies":[{"name":"wp","href":"https:\/\/api.w.org\/{rel}","templated":true}]}}