{"id":8526,"date":"2004-01-22T01:00:00","date_gmt":"2004-01-22T01:00:00","guid":{"rendered":"http:\/\/www.amigosdelantiguoegipto.com\/maria-salas-oraa\/"},"modified":"2014-06-28T12:45:12","modified_gmt":"2014-06-28T12:45:12","slug":"maria-salas-oraa","status":"publish","type":"page","link":"http:\/\/amigosdelantiguoegipto.com\/?page_id=8526","title":{"rendered":"Dibujos de Mar\u00eda Salas Ora\u00e1"},"content":{"rendered":"<p class=\"centrar\"><a href=\"http:\/\/amigosdelantiguoegipto.com\/?p=8324\">Tus dibujos de 8 a 12 a\u00f1os<\/a><\/p>\n<p class=\"centrar\" style=\"text-align: right;\">Mar\u00eda Salas Ora\u00e1 10 a\u00f1os (Madrid &#8211; Espa\u00f1a) &#8211;\u00a0<span class=\"createdate\">Enero de 2004<\/span><\/p>\n<div class=\"mosimage\" style=\"float: center;\" align=\"center\">\n<div id=\"attachment_25\" style=\"width: 535px\" class=\"wp-caption aligncenter\"><img aria-describedby=\"caption-attachment-25\" decoding=\"async\" loading=\"lazy\" class=\"wp-image-25 size-full\" title=\"Papiro de la diosa Maat\" src=\"http:\/\/www.amigosdelantiguoegipto.com\/wp-content\/uploads\/varios\/dibujos8-12\/2004\/01\/maria_egipto.jpg\" alt=\"Papiro de la diosa Maat\" width=\"525\" height=\"700\" border=\"0\" hspace=\"6\" \/><p id=\"caption-attachment-25\" class=\"wp-caption-text\">Papiro de la diosa Maat<\/p><\/div>\n<\/div>\n","protected":false},"excerpt":{"rendered":"<p>Tus dibujos de 8 a 12 a\u00f1os Mar\u00eda Salas Ora\u00e1 10 a\u00f1os (Madrid &#8211; Espa\u00f1a) &#8211;\u00a0Enero de 2004<\/p>\n<p class=\"continue-reading-button\"> <a class=\"continue-reading-link\" href=\"http:\/\/amigosdelantiguoegipto.com\/?page_id=8526\">Seguir leyendo<i class=\"crycon-right-dir\"><\/i><\/a><\/p>\n","protected":false},"author":1,"featured_media":0,"parent":0,"menu_order":11,"comment_status":"closed","ping_status":"closed","template":"","meta":{"ngg_post_thumbnail":0},"_links":{"self":[{"href":"http:\/\/amigosdelantiguoegipto.com\/index.php?rest_route=\/wp\/v2\/pages\/8526"}],"collection":[{"href":"http:\/\/amigosdelantiguoegipto.com\/index.php?rest_route=\/wp\/v2\/pages"}],"about":[{"href":"http:\/\/amigosdelantiguoegipto.com\/index.php?rest_route=\/wp\/v2\/types\/page"}],"author":[{"embeddable":true,"href":"http:\/\/amigosdelantiguoegipto.com\/index.php?rest_route=\/wp\/v2\/users\/1"}],"replies":[{"embeddable":true,"href":"http:\/\/amigosdelantiguoegipto.com\/index.php?rest_route=%2Fwp%2Fv2%2Fcomments&post=8526"}],"version-history":[{"count":0,"href":"http:\/\/amigosdelantiguoegipto.com\/index.php?rest_route=\/wp\/v2\/pages\/8526\/revisions"}],"wp:attachment":[{"href":"http:\/\/amigosdelantiguoegipto.com\/index.php?rest_route=%2Fwp%2Fv2%2Fmedia&parent=8526"}],"curies":[{"name":"wp","href":"https:\/\/api.w.org\/{rel}","templated":true}]}}