{"id":8525,"date":"2004-10-08T01:00:00","date_gmt":"2004-10-08T01:00:00","guid":{"rendered":"http:\/\/www.amigosdelantiguoegipto.com\/celia-permuy-romero\/"},"modified":"2014-06-28T12:54:05","modified_gmt":"2014-06-28T12:54:05","slug":"celia-permuy-romero","status":"publish","type":"page","link":"http:\/\/amigosdelantiguoegipto.com\/?page_id=8525","title":{"rendered":"Dibujos de Celia Permuy Romero"},"content":{"rendered":"<p class=\"centrar\"><a href=\"http:\/\/amigosdelantiguoegipto.com\/?p=8324%20\">Tus dibujos de 8 a 12 a\u00f1os<\/a><\/p>\n<p class=\"centrar\" style=\"text-align: right;\">Celia Permuy Romero 9 a\u00f1os &#8211; Pozuelo de Alarc\u00f3n (Madrid) &#8211;\u00a0<span class=\"createdate\">Octubre de 2004<\/span><\/p>\n<div class=\"mosimage\" style=\"float: center;\" align=\"center\">\n<div id=\"attachment_23\" style=\"width: 710px\" class=\"wp-caption aligncenter\"><img aria-describedby=\"caption-attachment-23\" decoding=\"async\" loading=\"lazy\" class=\"wp-image-23 size-full\" title=\"Pir\u00e1mides de Egipto\" src=\"http:\/\/www.amigosdelantiguoegipto.com\/wp-content\/uploads\/varios\/dibujos8-12\/2004\/10\/celia_egipto.jpg\" alt=\"Pir\u00e1mides de Egipto\" width=\"700\" height=\"506\" border=\"0\" hspace=\"6\" \/><p id=\"caption-attachment-23\" class=\"wp-caption-text\">Pir\u00e1mides de Egipto<\/p><\/div>\n<\/div>\n","protected":false},"excerpt":{"rendered":"<p>Tus dibujos de 8 a 12 a\u00f1os Celia Permuy Romero 9 a\u00f1os &#8211; Pozuelo de Alarc\u00f3n (Madrid) &#8211;\u00a0Octubre de 2004<\/p>\n<p class=\"continue-reading-button\"> <a class=\"continue-reading-link\" href=\"http:\/\/amigosdelantiguoegipto.com\/?page_id=8525\">Seguir leyendo<i class=\"crycon-right-dir\"><\/i><\/a><\/p>\n","protected":false},"author":1,"featured_media":0,"parent":0,"menu_order":9,"comment_status":"closed","ping_status":"closed","template":"","meta":{"ngg_post_thumbnail":0},"_links":{"self":[{"href":"http:\/\/amigosdelantiguoegipto.com\/index.php?rest_route=\/wp\/v2\/pages\/8525"}],"collection":[{"href":"http:\/\/amigosdelantiguoegipto.com\/index.php?rest_route=\/wp\/v2\/pages"}],"about":[{"href":"http:\/\/amigosdelantiguoegipto.com\/index.php?rest_route=\/wp\/v2\/types\/page"}],"author":[{"embeddable":true,"href":"http:\/\/amigosdelantiguoegipto.com\/index.php?rest_route=\/wp\/v2\/users\/1"}],"replies":[{"embeddable":true,"href":"http:\/\/amigosdelantiguoegipto.com\/index.php?rest_route=%2Fwp%2Fv2%2Fcomments&post=8525"}],"version-history":[{"count":0,"href":"http:\/\/amigosdelantiguoegipto.com\/index.php?rest_route=\/wp\/v2\/pages\/8525\/revisions"}],"wp:attachment":[{"href":"http:\/\/amigosdelantiguoegipto.com\/index.php?rest_route=%2Fwp%2Fv2%2Fmedia&parent=8525"}],"curies":[{"name":"wp","href":"https:\/\/api.w.org\/{rel}","templated":true}]}}