{"id":8524,"date":"2004-11-26T01:00:00","date_gmt":"2004-11-26T01:00:00","guid":{"rendered":"http:\/\/www.amigosdelantiguoegipto.com\/desiree-de-miguel-rosillo\/"},"modified":"2014-06-28T12:53:23","modified_gmt":"2014-06-28T12:53:23","slug":"desiree-de-miguel-rosillo","status":"publish","type":"page","link":"http:\/\/amigosdelantiguoegipto.com\/?page_id=8524","title":{"rendered":"Dibujos de Desir\u00e9e de Miguel Rosillo"},"content":{"rendered":"<p class=\"centrar\"><a href=\"http:\/\/amigosdelantiguoegipto.com\/?p=8324%20\">Tus dibujos de 8 a 12 a\u00f1os<\/a><\/p>\n<p class=\"centrar\" style=\"text-align: right;\">Desir\u00e9e de Miguel Rosillo 11 a\u00f1os &#8211; Lanjar\u00f3n (Granada) &#8211; <span class=\"createdate\">Noviembre de 2004<\/span><\/p>\n<div class=\"mosimage\" style=\"float: center;\" align=\"center\">\n<div id=\"attachment_20\" style=\"width: 499px\" class=\"wp-caption aligncenter\"><img aria-describedby=\"caption-attachment-20\" decoding=\"async\" loading=\"lazy\" class=\"wp-image-20 size-full\" title=\"La Mano de Horus protege a Egipto\" src=\"http:\/\/www.amigosdelantiguoegipto.com\/wp-content\/uploads\/varios\/dibujos8-12\/2004\/11\/desiree_egipto_01.jpg\" alt=\"La Mano de Horus protege a Egipto\" width=\"489\" height=\"700\" border=\"0\" hspace=\"6\" \/><p id=\"caption-attachment-20\" class=\"wp-caption-text\">La Mano de Horus protege a Egipto<\/p><\/div>\n<\/div>\n<div class=\"mosimage\" style=\"float: center;\" align=\"center\">\n<div id=\"attachment_21\" style=\"width: 495px\" class=\"wp-caption aligncenter\"><img aria-describedby=\"caption-attachment-21\" decoding=\"async\" loading=\"lazy\" class=\"wp-image-21 size-full\" title=\"Nilo\" src=\"http:\/\/www.amigosdelantiguoegipto.com\/wp-content\/uploads\/varios\/dibujos8-12\/2004\/11\/desiree_egipto_02.jpg\" alt=\"Nilo\" width=\"485\" height=\"701\" border=\"0\" hspace=\"6\" \/><p id=\"caption-attachment-21\" class=\"wp-caption-text\">Nilo<\/p><\/div>\n<\/div>\n","protected":false},"excerpt":{"rendered":"<p>Tus dibujos de 8 a 12 a\u00f1os Desir\u00e9e de Miguel Rosillo 11 a\u00f1os &#8211; Lanjar\u00f3n (Granada) &#8211; Noviembre de 2004<\/p>\n<p class=\"continue-reading-button\"> <a class=\"continue-reading-link\" href=\"http:\/\/amigosdelantiguoegipto.com\/?page_id=8524\">Seguir leyendo<i class=\"crycon-right-dir\"><\/i><\/a><\/p>\n","protected":false},"author":1,"featured_media":0,"parent":0,"menu_order":8,"comment_status":"closed","ping_status":"closed","template":"","meta":{"ngg_post_thumbnail":0},"_links":{"self":[{"href":"http:\/\/amigosdelantiguoegipto.com\/index.php?rest_route=\/wp\/v2\/pages\/8524"}],"collection":[{"href":"http:\/\/amigosdelantiguoegipto.com\/index.php?rest_route=\/wp\/v2\/pages"}],"about":[{"href":"http:\/\/amigosdelantiguoegipto.com\/index.php?rest_route=\/wp\/v2\/types\/page"}],"author":[{"embeddable":true,"href":"http:\/\/amigosdelantiguoegipto.com\/index.php?rest_route=\/wp\/v2\/users\/1"}],"replies":[{"embeddable":true,"href":"http:\/\/amigosdelantiguoegipto.com\/index.php?rest_route=%2Fwp%2Fv2%2Fcomments&post=8524"}],"version-history":[{"count":0,"href":"http:\/\/amigosdelantiguoegipto.com\/index.php?rest_route=\/wp\/v2\/pages\/8524\/revisions"}],"wp:attachment":[{"href":"http:\/\/amigosdelantiguoegipto.com\/index.php?rest_route=%2Fwp%2Fv2%2Fmedia&parent=8524"}],"curies":[{"name":"wp","href":"https:\/\/api.w.org\/{rel}","templated":true}]}}