{"id":8523,"date":"2005-02-11T01:00:00","date_gmt":"2005-02-11T01:00:00","guid":{"rendered":"http:\/\/www.amigosdelantiguoegipto.com\/natalia-garcia-sarmiento\/"},"modified":"2014-06-28T12:52:19","modified_gmt":"2014-06-28T12:52:19","slug":"natalia-garcia-sarmiento","status":"publish","type":"page","link":"http:\/\/amigosdelantiguoegipto.com\/?page_id=8523","title":{"rendered":"Dibujos de Natalia Garc\u00eda Sarmiento"},"content":{"rendered":"<p class=\"centrar\"><a href=\"http:\/\/amigosdelantiguoegipto.com\/?p=8324%20\">Tus dibujos de 8 a 12 a\u00f1os<\/a><\/p>\n<p class=\"centrar\" style=\"text-align: right;\">Natalia Garc\u00eda Sarmiento 8 a\u00f1os (Puebla &#8211; M\u00e9xico) &#8211;\u00a0<span class=\"createdate\">Febrero de 2005<\/span><\/p>\n<div class=\"mosimage\" style=\"float: center;\" align=\"center\">\n<div id=\"attachment_18\" style=\"width: 710px\" class=\"wp-caption aligncenter\"><img aria-describedby=\"caption-attachment-18\" decoding=\"async\" loading=\"lazy\" class=\"wp-image-18 size-full\" title=\"Rams\u00e9s El Grande\" src=\"http:\/\/www.amigosdelantiguoegipto.com\/wp-content\/uploads\/varios\/dibujos8-12\/2005\/02\/natalia_egipto.jpg\" alt=\"Rams\u00e9s El Grande\" width=\"700\" height=\"530\" border=\"0\" hspace=\"6\" \/><p id=\"caption-attachment-18\" class=\"wp-caption-text\">Rams\u00e9s El Grande<\/p><\/div>\n<\/div>\n","protected":false},"excerpt":{"rendered":"<p>Tus dibujos de 8 a 12 a\u00f1os Natalia Garc\u00eda Sarmiento 8 a\u00f1os (Puebla &#8211; M\u00e9xico) &#8211;\u00a0Febrero de 2005<\/p>\n<p class=\"continue-reading-button\"> <a class=\"continue-reading-link\" href=\"http:\/\/amigosdelantiguoegipto.com\/?page_id=8523\">Seguir leyendo<i class=\"crycon-right-dir\"><\/i><\/a><\/p>\n","protected":false},"author":1,"featured_media":0,"parent":0,"menu_order":7,"comment_status":"closed","ping_status":"closed","template":"","meta":{"ngg_post_thumbnail":0},"_links":{"self":[{"href":"http:\/\/amigosdelantiguoegipto.com\/index.php?rest_route=\/wp\/v2\/pages\/8523"}],"collection":[{"href":"http:\/\/amigosdelantiguoegipto.com\/index.php?rest_route=\/wp\/v2\/pages"}],"about":[{"href":"http:\/\/amigosdelantiguoegipto.com\/index.php?rest_route=\/wp\/v2\/types\/page"}],"author":[{"embeddable":true,"href":"http:\/\/amigosdelantiguoegipto.com\/index.php?rest_route=\/wp\/v2\/users\/1"}],"replies":[{"embeddable":true,"href":"http:\/\/amigosdelantiguoegipto.com\/index.php?rest_route=%2Fwp%2Fv2%2Fcomments&post=8523"}],"version-history":[{"count":0,"href":"http:\/\/amigosdelantiguoegipto.com\/index.php?rest_route=\/wp\/v2\/pages\/8523\/revisions"}],"wp:attachment":[{"href":"http:\/\/amigosdelantiguoegipto.com\/index.php?rest_route=%2Fwp%2Fv2%2Fmedia&parent=8523"}],"curies":[{"name":"wp","href":"https:\/\/api.w.org\/{rel}","templated":true}]}}