{"id":8520,"date":"2009-10-10T17:49:14","date_gmt":"2009-10-10T17:49:14","guid":{"rendered":"http:\/\/www.amigosdelantiguoegipto.com\/shantal-sanchez-sanchez\/"},"modified":"2014-06-28T13:03:24","modified_gmt":"2014-06-28T13:03:24","slug":"shantal-sanchez-sanchez","status":"publish","type":"page","link":"http:\/\/amigosdelantiguoegipto.com\/?page_id=8520","title":{"rendered":"Dibujos de Shantal S\u00e1nchez S\u00e1nchez"},"content":{"rendered":"<p class=\"centrar\"><a href=\"http:\/\/amigosdelantiguoegipto.com\/?p=8324%20\">Tus dibujos de 8 a 12 a\u00f1os<\/a><\/p>\n<p class=\"centrar\" style=\"text-align: right;\">Shantal S\u00e1nchez S\u00e1nchez 10 a\u00f1os Ciudad de M\u00e9xico &#8211;\u00a0<span class=\"createdate\">Octubre de 2009<\/span><\/p>\n<div style=\"width: 557px\" class=\"wp-caption aligncenter\"><img decoding=\"async\" loading=\"lazy\" class=\"caption\" title=\"Los Misterios de Egipto\" src=\"http:\/\/www.amigosdelantiguoegipto.com\/wp-content\/uploads\/varios\/dibujos8-12\/2009\/10\/shantal_sanchez_sanchez.jpg\" alt=\"Los Misterios de Egipto\" width=\"547\" height=\"700\" \/><p class=\"wp-caption-text\">Los Misterios de Egipto<\/p><\/div>\n","protected":false},"excerpt":{"rendered":"<p>Tus dibujos de 8 a 12 a\u00f1os Shantal S\u00e1nchez S\u00e1nchez 10 a\u00f1os Ciudad de M\u00e9xico &#8211;\u00a0Octubre de 2009<\/p>\n<p class=\"continue-reading-button\"> <a class=\"continue-reading-link\" href=\"http:\/\/amigosdelantiguoegipto.com\/?page_id=8520\">Seguir leyendo<i class=\"crycon-right-dir\"><\/i><\/a><\/p>\n","protected":false},"author":1,"featured_media":0,"parent":0,"menu_order":3,"comment_status":"closed","ping_status":"closed","template":"","meta":{"ngg_post_thumbnail":0},"_links":{"self":[{"href":"http:\/\/amigosdelantiguoegipto.com\/index.php?rest_route=\/wp\/v2\/pages\/8520"}],"collection":[{"href":"http:\/\/amigosdelantiguoegipto.com\/index.php?rest_route=\/wp\/v2\/pages"}],"about":[{"href":"http:\/\/amigosdelantiguoegipto.com\/index.php?rest_route=\/wp\/v2\/types\/page"}],"author":[{"embeddable":true,"href":"http:\/\/amigosdelantiguoegipto.com\/index.php?rest_route=\/wp\/v2\/users\/1"}],"replies":[{"embeddable":true,"href":"http:\/\/amigosdelantiguoegipto.com\/index.php?rest_route=%2Fwp%2Fv2%2Fcomments&post=8520"}],"version-history":[{"count":0,"href":"http:\/\/amigosdelantiguoegipto.com\/index.php?rest_route=\/wp\/v2\/pages\/8520\/revisions"}],"wp:attachment":[{"href":"http:\/\/amigosdelantiguoegipto.com\/index.php?rest_route=%2Fwp%2Fv2%2Fmedia&parent=8520"}],"curies":[{"name":"wp","href":"https:\/\/api.w.org\/{rel}","templated":true}]}}