{"id":8519,"date":"2010-03-28T17:23:46","date_gmt":"2010-03-28T17:23:46","guid":{"rendered":"http:\/\/www.amigosdelantiguoegipto.com\/jorge-lorenzo-rodriguez\/"},"modified":"2014-06-28T13:05:19","modified_gmt":"2014-06-28T13:05:19","slug":"jorge-lorenzo-rodriguez","status":"publish","type":"page","link":"http:\/\/amigosdelantiguoegipto.com\/?page_id=8519","title":{"rendered":"Dibujos de Jorge Lorenzo Rodr\u00edguez"},"content":{"rendered":"<p class=\"centrar\"><a href=\"http:\/\/amigosdelantiguoegipto.com\/?p=8324%20\">Tus dibujos de 8 a 12 a\u00f1os<\/a><\/p>\n<p class=\"centrar\" style=\"text-align: right;\">Jorge Lorenzo Rodr\u00edguez 8 a\u00f1os (M\u00e1laga) &#8211; <span class=\"createdate\">Marzo de 2010<\/span><\/p>\n<div style=\"width: 710px\" class=\"wp-caption aligncenter\"><img decoding=\"async\" loading=\"lazy\" class=\"caption\" title=\"Fara\u00f3n\" src=\"http:\/\/www.amigosdelantiguoegipto.com\/wp-content\/uploads\/varios\/dibujos8-12\/2010\/03\/faraon.jpg\" alt=\"Fara\u00f3n\" width=\"700\" height=\"843\" \/><p class=\"wp-caption-text\">Fara\u00f3n<\/p><\/div>\n<div style=\"width: 710px\" class=\"wp-caption aligncenter\"><img decoding=\"async\" loading=\"lazy\" class=\"caption\" title=\"Esfinge del antiguo Egipto\" src=\"http:\/\/www.amigosdelantiguoegipto.com\/wp-content\/uploads\/varios\/dibujos8-12\/2010\/03\/jorge_lorenzo_rodriguez.jpg\" alt=\"Esfinge del antiguo Egipto\" width=\"700\" height=\"1045\" \/><p class=\"wp-caption-text\">Esfinge del antiguo Egipto<\/p><\/div>\n","protected":false},"excerpt":{"rendered":"<p>Tus dibujos de 8 a 12 a\u00f1os Jorge Lorenzo Rodr\u00edguez 8 a\u00f1os (M\u00e1laga) &#8211; Marzo de 2010<\/p>\n<p class=\"continue-reading-button\"> <a class=\"continue-reading-link\" href=\"http:\/\/amigosdelantiguoegipto.com\/?page_id=8519\">Seguir leyendo<i class=\"crycon-right-dir\"><\/i><\/a><\/p>\n","protected":false},"author":1,"featured_media":0,"parent":0,"menu_order":2,"comment_status":"closed","ping_status":"closed","template":"","meta":{"ngg_post_thumbnail":0},"_links":{"self":[{"href":"http:\/\/amigosdelantiguoegipto.com\/index.php?rest_route=\/wp\/v2\/pages\/8519"}],"collection":[{"href":"http:\/\/amigosdelantiguoegipto.com\/index.php?rest_route=\/wp\/v2\/pages"}],"about":[{"href":"http:\/\/amigosdelantiguoegipto.com\/index.php?rest_route=\/wp\/v2\/types\/page"}],"author":[{"embeddable":true,"href":"http:\/\/amigosdelantiguoegipto.com\/index.php?rest_route=\/wp\/v2\/users\/1"}],"replies":[{"embeddable":true,"href":"http:\/\/amigosdelantiguoegipto.com\/index.php?rest_route=%2Fwp%2Fv2%2Fcomments&post=8519"}],"version-history":[{"count":0,"href":"http:\/\/amigosdelantiguoegipto.com\/index.php?rest_route=\/wp\/v2\/pages\/8519\/revisions"}],"wp:attachment":[{"href":"http:\/\/amigosdelantiguoegipto.com\/index.php?rest_route=%2Fwp%2Fv2%2Fmedia&parent=8519"}],"curies":[{"name":"wp","href":"https:\/\/api.w.org\/{rel}","templated":true}]}}