{"id":8515,"date":"2003-03-01T01:00:00","date_gmt":"2003-03-01T01:00:00","guid":{"rendered":"http:\/\/www.amigosdelantiguoegipto.com\/martina-graf\/"},"modified":"2014-06-28T12:45:06","modified_gmt":"2014-06-28T12:45:06","slug":"martina-graf","status":"publish","type":"page","link":"http:\/\/amigosdelantiguoegipto.com\/?page_id=8515","title":{"rendered":"Dibujos de  Martina Graf"},"content":{"rendered":"<p class=\"centrar\"><a href=\"http:\/\/amigosdelantiguoegipto.com\/?p=8324\">Tus dibujos de 8 a 12 a\u00f1os<\/a><\/p>\n<p class=\"centrar\" style=\"text-align: right;\">Martina Graf 12 a\u00f1os (Montevideo &#8211; Uruguay) &#8211;\u00a0<span class=\"createdate\">Marzo de 2003<\/span><\/p>\n<div class=\"mosimage\" style=\"float: center;\" align=\"center\">\n<div id=\"attachment_36\" style=\"width: 518px\" class=\"wp-caption aligncenter\"><img aria-describedby=\"caption-attachment-36\" decoding=\"async\" loading=\"lazy\" class=\"wp-image-36 size-full\" title=\"Collage Divino\" src=\"http:\/\/www.amigosdelantiguoegipto.com\/wp-content\/uploads\/varios\/dibujos8-12\/2003\/03\/martina_egipto.jpg\" alt=\"Collage Divino\" width=\"508\" height=\"700\" border=\"0\" hspace=\"6\" \/><p id=\"caption-attachment-36\" class=\"wp-caption-text\">Collage Divino<\/p><\/div>\n<\/div>\n<p style=\"text-align: justify;\">Ganadora del 2\u00b0 premio del concurso &#8220;Sue\u00f1os e im\u00e1genes de Egipto en la mente de los ni\u00f1os uruguayos (a\u00f1o 2002)&#8221; organizado por la Sociedad de Estudios de Historia Antigua y auspiciado (entre otros) por la Embajada de Egipto en Uruguay, con un total de m\u00e1s de 100 dibujos evaluados.<\/p>\n","protected":false},"excerpt":{"rendered":"<p>Tus dibujos de 8 a 12 a\u00f1os Martina Graf 12 a\u00f1os (Montevideo &#8211; Uruguay) &#8211;\u00a0Marzo de 2003 Ganadora del 2\u00b0 premio del concurso &#8220;Sue\u00f1os e im\u00e1genes de Egipto en la mente de los ni\u00f1os uruguayos (a\u00f1o 2002)&#8221; organizado por la Sociedad de Estudios de Historia Antigua y auspiciado (entre otros) por la Embajada de Egipto en Uruguay, con un total&#8230;<\/p>\n<p class=\"continue-reading-button\"> <a class=\"continue-reading-link\" href=\"http:\/\/amigosdelantiguoegipto.com\/?page_id=8515\">Seguir leyendo<i class=\"crycon-right-dir\"><\/i><\/a><\/p>\n","protected":false},"author":1,"featured_media":0,"parent":0,"menu_order":16,"comment_status":"closed","ping_status":"closed","template":"","meta":{"ngg_post_thumbnail":0},"_links":{"self":[{"href":"http:\/\/amigosdelantiguoegipto.com\/index.php?rest_route=\/wp\/v2\/pages\/8515"}],"collection":[{"href":"http:\/\/amigosdelantiguoegipto.com\/index.php?rest_route=\/wp\/v2\/pages"}],"about":[{"href":"http:\/\/amigosdelantiguoegipto.com\/index.php?rest_route=\/wp\/v2\/types\/page"}],"author":[{"embeddable":true,"href":"http:\/\/amigosdelantiguoegipto.com\/index.php?rest_route=\/wp\/v2\/users\/1"}],"replies":[{"embeddable":true,"href":"http:\/\/amigosdelantiguoegipto.com\/index.php?rest_route=%2Fwp%2Fv2%2Fcomments&post=8515"}],"version-history":[{"count":0,"href":"http:\/\/amigosdelantiguoegipto.com\/index.php?rest_route=\/wp\/v2\/pages\/8515\/revisions"}],"wp:attachment":[{"href":"http:\/\/amigosdelantiguoegipto.com\/index.php?rest_route=%2Fwp%2Fv2%2Fmedia&parent=8515"}],"curies":[{"name":"wp","href":"https:\/\/api.w.org\/{rel}","templated":true}]}}