{"id":8405,"date":"2000-07-11T01:00:00","date_gmt":"2000-07-11T01:00:00","guid":{"rendered":"http:\/\/www.amigosdelantiguoegipto.com\/virginia-garcia\/"},"modified":"2014-07-02T19:25:58","modified_gmt":"2014-07-02T19:25:58","slug":"virginia-garcia","status":"publish","type":"page","link":"http:\/\/amigosdelantiguoegipto.com\/?page_id=8405","title":{"rendered":"Dibujos de Virginia Garc\u00eda"},"content":{"rendered":"<p class=\"centrar\"><a href=\"http:\/\/amigosdelantiguoegipto.com\/?p=8325\">Tus dibujos de 0 a 7 a\u00f1os<\/a><\/p>\n<p class=\"centrar\" style=\"text-align: right;\">Virginia 7 a\u00f1os (Madrid &#8211; Espa\u00f1a) &#8211; <span class=\"createdate\">Julio de 2000 <\/span><\/p>\n<div class=\"mosimage\" align=\"center\">\n<div id=\"attachment_79\" style=\"width: 710px\" class=\"wp-caption aligncenter\"><img aria-describedby=\"caption-attachment-79\" decoding=\"async\" loading=\"lazy\" class=\"wp-image-79 size-full\" title=\"The Mummy \u00a1Quieren robar el anj!\" src=\"http:\/\/www.amigosdelantiguoegipto.com\/wp-content\/uploads\/varios\/2000\/07\/mummy_virginia.jpg\" alt=\"The Mummy \u00a1Quieren robar el anj!\" width=\"700\" height=\"495\" border=\"0\" hspace=\"6\" \/><p id=\"caption-attachment-79\" class=\"wp-caption-text\">The Mummy \u00a1Quieren robar el anj!<\/p><\/div>\n<\/div>\n<p class=\"centrar\" style=\"text-align: right;\">Virginia 6 a\u00f1os (Madrid &#8211; Espa\u00f1a)<\/p>\n<div class=\"mosimage\" align=\"center\">\n<div id=\"attachment_80\" style=\"width: 710px\" class=\"wp-caption aligncenter\"><img aria-describedby=\"caption-attachment-80\" decoding=\"async\" loading=\"lazy\" class=\"wp-image-80 size-full\" title=\"Horus vuela sobre las Pir\u00e1mides para dejar un anj en la c\u00e1mara del fara\u00f3n\" src=\"http:\/\/www.amigosdelantiguoegipto.com\/wp-content\/uploads\/varios\/2000\/07\/egipto_virginia.jpg\" alt=\"Horus vuela sobre las Pir\u00e1mides para dejar un anj en la c\u00e1mara del fara\u00f3n\" width=\"700\" height=\"498\" border=\"0\" hspace=\"6\" \/><p id=\"caption-attachment-80\" class=\"wp-caption-text\">Horus vuela sobre las Pir\u00e1mides para dejar un anj en la c\u00e1mara del fara\u00f3n<\/p><\/div>\n<\/div>\n<div class=\"mosimage\" align=\"center\">\n<div id=\"attachment_81\" style=\"width: 710px\" class=\"wp-caption aligncenter\"><img aria-describedby=\"caption-attachment-81\" decoding=\"async\" loading=\"lazy\" class=\"wp-image-81 size-full\" title=\"La Esfinge y las Pir\u00e1mides\" src=\"http:\/\/www.amigosdelantiguoegipto.com\/wp-content\/uploads\/varios\/2000\/07\/giza_virginia.jpg\" alt=\"La Esfinge y las Pir\u00e1mides\" width=\"700\" height=\"500\" border=\"0\" hspace=\"6\" \/><p id=\"caption-attachment-81\" class=\"wp-caption-text\">La Esfinge y las Pir\u00e1mides<\/p><\/div>\n<\/div>\n","protected":false},"excerpt":{"rendered":"<p>Tus dibujos de 0 a 7 a\u00f1os Virginia 7 a\u00f1os (Madrid &#8211; Espa\u00f1a) &#8211; Julio de 2000 Virginia 6 a\u00f1os (Madrid &#8211; Espa\u00f1a)<\/p>\n<p class=\"continue-reading-button\"> <a class=\"continue-reading-link\" href=\"http:\/\/amigosdelantiguoegipto.com\/?page_id=8405\">Seguir leyendo<i class=\"crycon-right-dir\"><\/i><\/a><\/p>\n","protected":false},"author":1,"featured_media":0,"parent":0,"menu_order":34,"comment_status":"closed","ping_status":"closed","template":"","meta":{"ngg_post_thumbnail":0},"_links":{"self":[{"href":"http:\/\/amigosdelantiguoegipto.com\/index.php?rest_route=\/wp\/v2\/pages\/8405"}],"collection":[{"href":"http:\/\/amigosdelantiguoegipto.com\/index.php?rest_route=\/wp\/v2\/pages"}],"about":[{"href":"http:\/\/amigosdelantiguoegipto.com\/index.php?rest_route=\/wp\/v2\/types\/page"}],"author":[{"embeddable":true,"href":"http:\/\/amigosdelantiguoegipto.com\/index.php?rest_route=\/wp\/v2\/users\/1"}],"replies":[{"embeddable":true,"href":"http:\/\/amigosdelantiguoegipto.com\/index.php?rest_route=%2Fwp%2Fv2%2Fcomments&post=8405"}],"version-history":[{"count":0,"href":"http:\/\/amigosdelantiguoegipto.com\/index.php?rest_route=\/wp\/v2\/pages\/8405\/revisions"}],"wp:attachment":[{"href":"http:\/\/amigosdelantiguoegipto.com\/index.php?rest_route=%2Fwp%2Fv2%2Fmedia&parent=8405"}],"curies":[{"name":"wp","href":"https:\/\/api.w.org\/{rel}","templated":true}]}}